{"id":21805,"date":"2022-11-15T22:38:41","date_gmt":"2022-11-16T06:38:41","guid":{"rendered":"https:\/\/www.bonelinks.com\/product\/rozdzielacz-abs-plc\/"},"modified":"2024-02-08T20:28:23","modified_gmt":"2024-02-09T04:28:23","slug":"abs-plc-splitter","status":"publish","type":"product","link":"https:\/\/www.bonelinks.com\/pl\/product\/abs-plc-splitter\/","title":{"rendered":"Rozdzielacz ABS PLC"},"content":{"rendered":"<h1 style=\"text-align: left; font-size: 18px;\"><strong>Rozdzielacz ABS PLC: Ochrona i wszechstronno\u015b\u0107 sieci \u015bwiat\u0142owodowej<\/strong><\/h1>\n<p>Rozdzielacz ABS PLC firmy Bonelinks zosta\u0142 zaprojektowany w celu zapewnienia ochrony chipu falowodu optycznego i p\u0142ytki \u015bwiat\u0142owodowej. Wykonany z wytrzyma\u0142ego tworzywa ABS, doskonale nadaje si\u0119 do u\u017cytku w wymagaj\u0105cych warunkach budowlanych. Mo\u017cna go \u0142atwo zainstalowa\u0107 w r\u00f3\u017cnych szafach i obudowach, w tym w <a href=\"https:\/\/www.bonelinks.com\/pl\/product\/server-room-data-center-rack-mount-fiber-optic-patch-panel\/\" target=\"_blank\" rel=\"noopener\">standardowych 19-calowych szafach rack<\/a><\/p>\n<p><img fetchpriority=\"high\" decoding=\"async\" class=\"alignleft wp-image-6455 size-full\" src=\"https:\/\/www.bonelinks.com\/wp-content\/uploads\/2022\/11\/abs-plc-splitter.jpg\" alt=\"rozdzielacz abs plc\" width=\"1024\" height=\"467\" srcset=\"https:\/\/www.bonelinks.com\/wp-content\/uploads\/2022\/11\/abs-plc-splitter.jpg 1024w, https:\/\/www.bonelinks.com\/wp-content\/uploads\/2022\/11\/abs-plc-splitter-300x137.jpg 300w, https:\/\/www.bonelinks.com\/wp-content\/uploads\/2022\/11\/abs-plc-splitter-768x350.jpg 768w, https:\/\/www.bonelinks.com\/wp-content\/uploads\/2022\/11\/abs-plc-splitter-650x296.jpg 650w\" sizes=\"(max-width: 1024px) 100vw, 1024px\" \/><\/p>\n<h2 style=\"text-align: left; font-size: 18px;\"><strong><span style=\"color: #000000;\"><br \/>\nCechy: Dlaczego warto wybra\u0107 ABS PLC Splitter?<\/span><\/strong><\/h2>\n<ul>\n<li>Plastikowe pude\u0142ko ABS: Materia\u0142 ABS charakteryzuje si\u0119 odporno\u015bci\u0105 na \u015bciskanie, uderzenia, ciep\u0142o i nisk\u0105 temperatur\u0119.<\/li>\n<li>Kompaktowy rozmiar: Jest ma\u0142y i kompaktowy, dzi\u0119ki czemu jest \u0142atwy w instalacji i obs\u0142udze.<\/li>\n<li>Wysoka stabilno\u015b\u0107: Rozga\u0142\u0119\u017aniki ABS PLC charakteryzuj\u0105 si\u0119 wysok\u0105 stabilno\u015bci\u0105, zapewniaj\u0105c sta\u0142\u0105 moc wyj\u015bciow\u0105 nawet przez d\u0142ugi czas.<\/li>\n<li>Niskie straty wtr\u0105ceniowe: Rozga\u0142\u0119\u017aniki PLC maj\u0105 niskie straty wtr\u0105ceniowe, co oznacza, \u017ce nie wp\u0142ywaj\u0105 znacz\u0105co na si\u0142\u0119 sygna\u0142u, gdy \u015bwiat\u0142o przez nie przechodzi.<\/li>\n<li>Niskie straty zale\u017cne od polaryzacji (PDL): Rozga\u0142\u0119\u017aniki maj\u0105 niski PDL, co oznacza, \u017ce nie wp\u0142ywa na nie orientacja spolaryzowanego \u015bwiat\u0142a.<\/li>\n<li>Niezale\u017cno\u015b\u0107 od d\u0142ugo\u015bci fali: Rozga\u0142\u0119\u017aniki ABS PLC s\u0105 niezale\u017cne od d\u0142ugo\u015bci fali, co oznacza, \u017ce pracuj\u0105 z szerokim zakresem d\u0142ugo\u015bci fal i mog\u0105 by\u0107 stosowane w r\u00f3\u017cnych systemach komunikacyjnych.<\/li>\n<li>Wysoka niezawodno\u015b\u0107: Jest wysoce niezawodny, co oznacza, \u017ce mo\u017ce wytrzyma\u0107 trudne warunki \u015brodowiskowe i jest mniej podatny na awarie.<\/li>\n<\/ul>\n<h2 style=\"text-align: left; font-size: 18px;\"><strong>Zastosowanie: Gdzie stosowa\u0107 rozdzielacz ABS PLC? <\/strong><\/h2>\n<ul>\n<li>Sieci \u015bwiat\u0142owodowe FTTH (Fiber to the Home): Rozdzielacze ABS PLC s\u0105 u\u017cywane do dystrybucji sygna\u0142\u00f3w optycznych z centralnego punktu do wielu abonent\u00f3w w sieciach FTTH.<\/li>\n<li>Optyczne sieci LAN (sieci lokalne): S\u0142u\u017cy do dystrybucji sygna\u0142\u00f3w ze \u015bwiat\u0142owod\u00f3w do r\u00f3\u017cnych urz\u0105dze\u0144 ko\u0144cowych w optycznych sieciach LAN.<\/li>\n<li>Centra danych: Rozdzielacze ABS PLC s\u0105 u\u017cywane do kierowania sygna\u0142\u00f3w optycznych mi\u0119dzy r\u00f3\u017cnymi komponentami centrum danych, takimi jak serwery, prze\u0142\u0105czniki i urz\u0105dzenia pami\u0119ci masowej.<\/li>\n<li>Sieci CATV: S\u0142u\u017cy do dystrybucji sygna\u0142\u00f3w optycznych ze stacji czo\u0142owej do wielu abonent\u00f3w w sieciach telewizji kablowej.<\/li>\n<li>Sieci metropolitalne i dost\u0119powe: Rozdzielacze ABS PLC s\u0105 u\u017cywane w sieciach metropolitalnych i dost\u0119powych do kierowania sygna\u0142\u00f3w optycznych mi\u0119dzy r\u00f3\u017cnymi elementami sieci.<\/li>\n<li>Sprz\u0119t testowy i pomiarowy: Jest stosowany w sprz\u0119cie testowym i pomiarowym, takim jak mierniki mocy optycznej i analizatory widma optycznego.<\/li>\n<\/ul>\n<h2 style=\"text-align: left; font-size: 18px;\"><strong><span style=\"color: #000000;\">Dlaczego nasz rozdzielacz ABS PLC?<\/span><\/strong><\/h2>\n<ul>\n<li>R\u00f3\u017cnorodno\u015b\u0107 wsp\u00f3\u0142czynnik\u00f3w podzia\u0142u i z\u0142\u0105czy \u015bwiat\u0142owodowych: Wybierz wsp\u00f3\u0142czynnik podzia\u0142u, kt\u00f3ry odpowiada Twoim konkretnym potrzebom, z naszej gamy opcji, w tym 1:4, 1:8, 1:16, 1:32 i innych. Rozumiemy, \u017ce wymagania dotycz\u0105ce \u0142\u0105czno\u015bci mog\u0105 si\u0119 r\u00f3\u017cni\u0107, dlatego oferujemy r\u00f3\u017cne wej\u015bciowe i wyj\u015bciowe z\u0142\u0105cza \u015bwiat\u0142owodowe, takie jak FC, SC, LC i ST. Dostosuj sw\u00f3j rozdzielacz ABS PLC do wymaga\u0144 swojej sieci.<\/li>\n<li>Dostosowanie do konkretnych zastosowa\u0144: Rozumiemy unikalne wymagania r\u00f3\u017cnych aplikacji. Dlatego te\u017c nasz rozdzielacz ABS PLC mo\u017ce by\u0107 dostosowany do kr\u00f3tkich d\u0142ugo\u015bci wej\u015bciowych i wyj\u015bciowych wynosz\u0105cych zaledwie 0,5 metra, co czyni go doskona\u0142ym wyborem dla CATV lub aktywnego sprz\u0119tu do komunikacji optycznej. Niezale\u017cnie od tego, czy chodzi o centra danych, centra serwerowe, kabiny FTTH czy pod\u0142ogowe skrzynki rozga\u0142\u0119\u017ane, nasz rozdzielacz ABS PLC zapewnia elastyczno\u015b\u0107, kt\u00f3rej potrzebujesz.<\/li>\n<li>Specyficzne zastosowania i rygorystyczne testy: W sieciach PON rozdzielacz 1&#215;8 s\u0142u\u017cy jako g\u0142\u00f3wny lub dodatkowy w\u0119ze\u0142 po\u0142\u0105czeniowy w okre\u015blonych urz\u0105dzeniach OLT. W przypadku centr\u00f3w danych lub centr\u00f3w serwerowych kran 1&#215;32 jest najlepszym wyborem i mo\u017cna go wygodnie zainstalowa\u0107 w szafach 1U lub 2U. Bonelinks oferuje r\u00f3wnie\u017c kompleksowe us\u0142ugi instalacji kran\u00f3w w stela\u017cach dla Twojej wygody. Odga\u0142\u0119\u017anik 1&#215;64 doskonale sprawdza si\u0119 w dystrybucji sygna\u0142u i \u0142\u0105czno\u015bci w kabinach FTTH i pod\u0142ogowych skrzynkach rozga\u0142\u0119\u017anych. Zapewniamy, \u017ce wszystkie nasze krany przechodz\u0105 rygorystyczne testy przed wysy\u0142k\u0105, aby zapewni\u0107 najwy\u017csz\u0105 wydajno\u015b\u0107. Ka\u017cdy rozdzielacz ABS PLC przechodzi dok\u0142adne testy fabryczne, aby zapewni\u0107 najwy\u017csz\u0105 jako\u015b\u0107 i wydajno\u015b\u0107. Wszystkie urz\u0105dzenia s\u0105 dostarczane z raportem z test\u00f3w i gwarancj\u0105, dzi\u0119ki czemu mo\u017cna polega\u0107 na niezawodno\u015bci i stabilno\u015bci sieci optycznej.<\/li>\n<\/ul>\n<p>Poznaj nasz wysokiej jako\u015bci rozdzielacz optyczny zapewniaj\u0105cy niezawodn\u0105 wydajno\u015b\u0107. Aby uzyska\u0107 szerok\u0105 gam\u0119 rozwi\u0105za\u0144 w zakresie \u0142\u0105czno\u015bci, warto rozwa\u017cy\u0107 wsp\u00f3\u0142prac\u0119 z <a href=\"https:\/\/www.bonelinks.com\/pl\/china-ftth-plc-splitter-supplier\/\" target=\"_blank\" rel=\"noopener\">zaufanym dostawc\u0105 splitter\u00f3w optycznych, takim jak Bonelinks<\/a><\/p>\n","protected":false},"excerpt":{"rendered":"<p>Rozga\u0142\u0119\u017anik ABS PLC to wysokowydajne urz\u0105dzenie zaprojektowane do u\u017cytku w pasywnych sieciach optycznych (PON). Ten rozdzielacz jest wyposa\u017cony w obudow\u0119 ABS (akrylonitryl-butadien-styren), dzi\u0119ki czemu jest trwa\u0142y i odporny na trudne warunki \u015brodowiskowe, zapewniaj\u0105c d\u0142ugotrwa\u0142e u\u017cytkowanie.<\/p>\n<p>Rozga\u0142\u0119\u017anik ABS PLC jest idealnym rozwi\u0105zaniem do zastosowa\u0144 FTTH (Fiber to the Home), FTTB (Fiber to the Building) i FTTC (Fiber to the Curb). Dzi\u0119ki kompaktowej konstrukcji rozga\u0142\u0119\u017anik ten mo\u017cna \u0142atwo zainstalowa\u0107 w r\u00f3\u017cnego rodzaju szafach optycznych i skrzynkach rozdzielczych. Rozga\u0142\u0119\u017anik mo\u017ce by\u0107 u\u017cywany do rozdzielania sygna\u0142u optycznego na wiele wyj\u015b\u0107, umo\u017cliwiaj\u0105c obs\u0142ug\u0119 wielu abonent\u00f3w z jednego terminala linii optycznej (OLT).<\/p>\n<p>Rozdzielacz ABS PLC jest \u0142atwy w obs\u0142udze i konserwacji, co czyni go doskona\u0142ym wyborem dla operator\u00f3w sieci, kt\u00f3rzy szukaj\u0105 niezawodnego i ekonomicznego rozwi\u0105zania. Roz\u0142upywarka wymaga niewielkiej konserwacji, dzi\u0119ki czemu b\u0119dzie dzia\u0142a\u0107 bezawaryjnie przez wiele lat. Charakteryzuje si\u0119 r\u00f3wnie\u017c prost\u0105 i intuicyjn\u0105 konstrukcj\u0105, dzi\u0119ki czemu jest \u0142atwy w instalacji i konserwacji.<\/p>\n","protected":false},"featured_media":15162,"template":"","meta":{"site-sidebar-layout":"default","site-content-layout":"default","ast-site-content-layout":"default","site-content-style":"default","site-sidebar-style":"default","ast-global-header-display":"","ast-banner-title-visibility":"","ast-main-header-display":"","ast-hfb-above-header-display":"","ast-hfb-below-header-display":"","ast-hfb-mobile-header-display":"","site-post-title":"","ast-breadcrumbs-content":"","ast-featured-img":"","footer-sml-layout":"","ast-disable-related-posts":"","theme-transparent-header-meta":"default","adv-header-id-meta":"","stick-header-meta":"default","header-above-stick-meta":"","header-main-stick-meta":"","header-below-stick-meta":"","astra-migrate-meta-layouts":"set","ast-page-background-enabled":"default","ast-page-background-meta":{"desktop":{"background-color":"","background-image":"","background-repeat":"repeat","background-position":"center center","background-size":"auto","background-attachment":"scroll","background-type":"","background-media":"","overlay-type":"","overlay-color":"","overlay-opacity":"","overlay-gradient":""},"tablet":{"background-color":"","background-image":"","background-repeat":"repeat","background-position":"center center","background-size":"auto","background-attachment":"scroll","background-type":"","background-media":"","overlay-type":"","overlay-color":"","overlay-opacity":"","overlay-gradient":""},"mobile":{"background-color":"","background-image":"","background-repeat":"repeat","background-position":"center center","background-size":"auto","background-attachment":"scroll","background-type":"","background-media":"","overlay-type":"","overlay-color":"","overlay-opacity":"","overlay-gradient":""}},"ast-content-background-meta":{"desktop":{"background-color":"var(--ast-global-color-5)","background-image":"","background-repeat":"repeat","background-position":"center center","background-size":"auto","background-attachment":"scroll","background-type":"","background-media":"","overlay-type":"","overlay-color":"","overlay-opacity":"","overlay-gradient":""},"tablet":{"background-color":"var(--ast-global-color-5)","background-image":"","background-repeat":"repeat","background-position":"center center","background-size":"auto","background-attachment":"scroll","background-type":"","background-media":"","overlay-type":"","overlay-color":"","overlay-opacity":"","overlay-gradient":""},"mobile":{"background-color":"var(--ast-global-color-5)","background-image":"","background-repeat":"repeat","background-position":"center center","background-size":"auto","background-attachment":"scroll","background-type":"","background-media":"","overlay-type":"","overlay-color":"","overlay-opacity":"","overlay-gradient":""}}},"product_brand":[],"product_cat":[284],"product_tag":[],"class_list":{"0":"post-21805","1":"product","2":"type-product","3":"status-publish","4":"has-post-thumbnail","6":"product_cat-plc-splitter-pl","7":"desktop-align-left","8":"tablet-align-left","9":"mobile-align-left","10":"ast-product-gallery-layout-vertical","11":"ast-product-gallery-with-no-image","12":"ast-product-tabs-layout-vertical","13":"ast-qv-on-image","15":"first","16":"instock","17":"shipping-taxable","18":"product-type-simple"},"_links":{"self":[{"href":"https:\/\/www.bonelinks.com\/pl\/wp-json\/wp\/v2\/product\/21805","targetHints":{"allow":["GET"]}}],"collection":[{"href":"https:\/\/www.bonelinks.com\/pl\/wp-json\/wp\/v2\/product"}],"about":[{"href":"https:\/\/www.bonelinks.com\/pl\/wp-json\/wp\/v2\/types\/product"}],"version-history":[{"count":3,"href":"https:\/\/www.bonelinks.com\/pl\/wp-json\/wp\/v2\/product\/21805\/revisions"}],"predecessor-version":[{"id":25980,"href":"https:\/\/www.bonelinks.com\/pl\/wp-json\/wp\/v2\/product\/21805\/revisions\/25980"}],"wp:featuredmedia":[{"embeddable":true,"href":"https:\/\/www.bonelinks.com\/pl\/wp-json\/wp\/v2\/media\/15162"}],"wp:attachment":[{"href":"https:\/\/www.bonelinks.com\/pl\/wp-json\/wp\/v2\/media?parent=21805"}],"wp:term":[{"taxonomy":"product_brand","embeddable":true,"href":"https:\/\/www.bonelinks.com\/pl\/wp-json\/wp\/v2\/product_brand?post=21805"},{"taxonomy":"product_cat","embeddable":true,"href":"https:\/\/www.bonelinks.com\/pl\/wp-json\/wp\/v2\/product_cat?post=21805"},{"taxonomy":"product_tag","embeddable":true,"href":"https:\/\/www.bonelinks.com\/pl\/wp-json\/wp\/v2\/product_tag?post=21805"}],"curies":[{"name":"wp","href":"https:\/\/api.w.org\/{rel}","templated":true}]}}