{"id":21801,"date":"2022-11-15T20:37:01","date_gmt":"2022-11-16T04:37:01","guid":{"rendered":"https:\/\/www.bonelinks.com\/product\/rozdzielacz-plc-z-golym-wloknem\/"},"modified":"2024-02-08T20:29:49","modified_gmt":"2024-02-09T04:29:49","slug":"bare-fiber-plc-splitter","status":"publish","type":"product","link":"https:\/\/www.bonelinks.com\/pl\/product\/bare-fiber-plc-splitter\/","title":{"rendered":"Rozdzielacz PLC z go\u0142ym w\u0142\u00f3knem"},"content":{"rendered":"<p>Splittery Bare Fiber PLC s\u0105 niezb\u0119dnym elementem optycznych sieci komunikacyjnych, kt\u00f3re wymagaj\u0105 niezawodnej i stabilnej dystrybucji sygna\u0142u. Dzi\u0119ki niewielkim rozmiarom, wysokiej wydajno\u015bci i wszechstronno\u015bci jest to preferowany wyb\u00f3r dla wielu operator\u00f3w telekomunikacyjnych, operator\u00f3w centr\u00f3w danych i dostawc\u00f3w us\u0142ug szerokopasmowych.<\/p>\n<p><strong>Cechy<\/strong><\/p>\n<ul>\n<li>Kompaktowy rozmiar: Rozga\u0142\u0119\u017aniki PLC z go\u0142ym w\u0142\u00f3knem maj\u0105 kompaktowy i ma\u0142y rozmiar, dzi\u0119ki czemu idealnie nadaj\u0105 si\u0119 do stosowania w systemach multipleksowania z g\u0119stym podzia\u0142em d\u0142ugo\u015bci fali (DWDM), gdzie przestrze\u0144 jest ograniczona.<\/li>\n<li>Wysoka niezawodno\u015b\u0107: Rozga\u0142\u0119\u017aniki PLC z go\u0142ym w\u0142\u00f3knem s\u0105 zbudowane przy u\u017cyciu technologii planarnych obwod\u00f3w fal \u015bwietlnych, co zapewnia wysok\u0105 niezawodno\u015b\u0107 i stabilno\u015b\u0107.<\/li>\n<li>Szeroki zakres d\u0142ugo\u015bci fal: Rozga\u0142\u0119\u017aniki PLC z go\u0142ym w\u0142\u00f3knem mog\u0105 by\u0107 zaprojektowane do obs\u0142ugi szerokiego zakresu d\u0142ugo\u015bci fal, dzi\u0119ki czemu nadaj\u0105 si\u0119 do stosowania w r\u00f3\u017cnych systemach komunikacji \u015bwiat\u0142owodowej.<\/li>\n<li>Niskie t\u0142umienie wtr\u0105ceniowe: Rozga\u0142\u0119\u017aniki PLC z go\u0142ym w\u0142\u00f3knem charakteryzuj\u0105 si\u0119 nisk\u0105 t\u0142umienno\u015bci\u0105 wtr\u0105ceniow\u0105, co oznacza, \u017ce straty sygna\u0142u s\u0105 minimalne, poniewa\u017c sygna\u0142 jest dzielony na wiele \u015bcie\u017cek.<\/li>\n<li>Wysoka jednorodno\u015b\u0107: Rozga\u0142\u0119\u017aniki PLC z go\u0142ym w\u0142\u00f3knem charakteryzuj\u0105 si\u0119 wysok\u0105 jednorodno\u015bci\u0105 pod wzgl\u0119dem wsp\u00f3\u0142czynnika podzia\u0142u, co oznacza, \u017ce sygna\u0142 jest r\u00f3wnomiernie rozdzielany mi\u0119dzy r\u00f3\u017cne w\u0142\u00f3kna wyj\u015bciowe.<\/li>\n<li>\u0141atwa integracja: Rozga\u0142\u0119\u017aniki \u015bwiat\u0142owodowe PLC mo\u017cna \u0142atwo zintegrowa\u0107 z istniej\u0105cymi systemami komunikacji \u015bwiat\u0142owodowej, co czyni je op\u0142acalnym rozwi\u0105zaniem do modernizacji sieci.<\/li>\n<\/ul>\n<p><strong>Zastosowanie: <\/strong><\/p>\n<ul>\n<li>Centra danych: Rozga\u0142\u0119\u017aniki Bare PLC s\u0105 u\u017cywane w centrach danych do \u0142\u0105czenia wielu serwer\u00f3w i urz\u0105dze\u0144 pami\u0119ci masowej z sieci\u0105 szkieletow\u0105.<\/li>\n<li>Sieci \u015bwiat\u0142owodowe FTTH (Fiber to the Home): W sieciach FTTH rozdzielacz PLC jest u\u017cywany do dystrybucji sygna\u0142\u00f3w szybkiego Internetu do wielu u\u017cytkownik\u00f3w w budynku mieszkalnym lub komercyjnym.<\/li>\n<li>Sieci centralne (CO): W sieciach CO rozdzielacz PLC jest u\u017cywany do dystrybucji sygna\u0142\u00f3w optycznych z centralnego koncentratora do wielu klient\u00f3w.<\/li>\n<li>Sieci CATV: W sieciach telewizji kablowej (CATV) rozdzielacz PLC jest u\u017cywany do dystrybucji sygna\u0142\u00f3w telewizyjnych do wielu abonent\u00f3w.<\/li>\n<li>Sieci metropolitalne i dalekosi\u0119\u017cne: Go\u0142e rozga\u0142\u0119\u017aniki PLC s\u0105 u\u017cywane w sieciach metropolitalnych i dalekosi\u0119\u017cnych do dystrybucji sygna\u0142\u00f3w optycznych na du\u017cych obszarach geograficznych.<\/li>\n<\/ul>\n","protected":false},"excerpt":{"rendered":"<p>Splitter Bare Fiber PLC jest kluczowym elementem optycznych system\u00f3w komunikacyjnych, kt\u00f3re dystrybuuj\u0105 sygna\u0142y optyczne z jednego \u017ar\u00f3d\u0142a do wielu miejsc docelowych. Dzia\u0142a jako pasywne urz\u0105dzenie optyczne, kt\u00f3re rozdziela przychodz\u0105cy sygna\u0142 optyczny na kilka wyj\u015b\u0107 z precyzyjnym rozk\u0142adem mocy optycznej.<\/p>\n<p>Ten typ rozga\u0142\u0119\u017anika nosi nazw\u0119 &#8222;Bare Fiber&#8221;, poniewa\u017c nie posiada \u017cadnej obudowy ochronnej ani z\u0142\u0105cza, dzi\u0119ki czemu nadaje si\u0119 do u\u017cytku w \u015brodowiskach o du\u017cej g\u0119sto\u015bci i wysokiej temperaturze. Technologia PLC zastosowana w tych rozga\u0142\u0119\u017anikach zapewnia wysok\u0105 niezawodno\u015b\u0107 i stabilno\u015b\u0107, co czyni je idealnymi do stosowania w optycznych sieciach komunikacyjnych.<\/p>\n<p>Splittery Bare Fiber PLC oferuj\u0105 liczne zalety, w tym niskie straty wtr\u0105ceniowe, niskie straty zale\u017cne od polaryzacji, wysok\u0105 jednorodno\u015b\u0107 i doskona\u0142\u0105 niezawodno\u015b\u0107. Maj\u0105 r\u00f3wnie\u017c niewielki rozmiar, dzi\u0119ki czemu idealnie nadaj\u0105 si\u0119 do u\u017cytku w \u015brodowiskach o ograniczonej przestrzeni.<\/p>\n","protected":false},"featured_media":15022,"template":"","meta":{"site-sidebar-layout":"default","site-content-layout":"default","ast-site-content-layout":"default","site-content-style":"default","site-sidebar-style":"default","ast-global-header-display":"","ast-banner-title-visibility":"","ast-main-header-display":"","ast-hfb-above-header-display":"","ast-hfb-below-header-display":"","ast-hfb-mobile-header-display":"","site-post-title":"","ast-breadcrumbs-content":"","ast-featured-img":"","footer-sml-layout":"","ast-disable-related-posts":"","theme-transparent-header-meta":"default","adv-header-id-meta":"","stick-header-meta":"default","header-above-stick-meta":"","header-main-stick-meta":"","header-below-stick-meta":"","astra-migrate-meta-layouts":"set","ast-page-background-enabled":"default","ast-page-background-meta":{"desktop":{"background-color":"","background-image":"","background-repeat":"repeat","background-position":"center center","background-size":"auto","background-attachment":"scroll","background-type":"","background-media":"","overlay-type":"","overlay-color":"","overlay-opacity":"","overlay-gradient":""},"tablet":{"background-color":"","background-image":"","background-repeat":"repeat","background-position":"center center","background-size":"auto","background-attachment":"scroll","background-type":"","background-media":"","overlay-type":"","overlay-color":"","overlay-opacity":"","overlay-gradient":""},"mobile":{"background-color":"","background-image":"","background-repeat":"repeat","background-position":"center center","background-size":"auto","background-attachment":"scroll","background-type":"","background-media":"","overlay-type":"","overlay-color":"","overlay-opacity":"","overlay-gradient":""}},"ast-content-background-meta":{"desktop":{"background-color":"var(--ast-global-color-5)","background-image":"","background-repeat":"repeat","background-position":"center center","background-size":"auto","background-attachment":"scroll","background-type":"","background-media":"","overlay-type":"","overlay-color":"","overlay-opacity":"","overlay-gradient":""},"tablet":{"background-color":"var(--ast-global-color-5)","background-image":"","background-repeat":"repeat","background-position":"center center","background-size":"auto","background-attachment":"scroll","background-type":"","background-media":"","overlay-type":"","overlay-color":"","overlay-opacity":"","overlay-gradient":""},"mobile":{"background-color":"var(--ast-global-color-5)","background-image":"","background-repeat":"repeat","background-position":"center center","background-size":"auto","background-attachment":"scroll","background-type":"","background-media":"","overlay-type":"","overlay-color":"","overlay-opacity":"","overlay-gradient":""}}},"product_brand":[],"product_cat":[284],"product_tag":[],"class_list":{"0":"post-21801","1":"product","2":"type-product","3":"status-publish","4":"has-post-thumbnail","6":"product_cat-plc-splitter-pl","7":"desktop-align-left","8":"tablet-align-left","9":"mobile-align-left","10":"ast-product-gallery-layout-vertical","11":"ast-product-gallery-with-no-image","12":"ast-product-tabs-layout-vertical","13":"ast-qv-on-image","15":"first","16":"instock","17":"shipping-taxable","18":"product-type-simple"},"_links":{"self":[{"href":"https:\/\/www.bonelinks.com\/pl\/wp-json\/wp\/v2\/product\/21801","targetHints":{"allow":["GET"]}}],"collection":[{"href":"https:\/\/www.bonelinks.com\/pl\/wp-json\/wp\/v2\/product"}],"about":[{"href":"https:\/\/www.bonelinks.com\/pl\/wp-json\/wp\/v2\/types\/product"}],"version-history":[{"count":1,"href":"https:\/\/www.bonelinks.com\/pl\/wp-json\/wp\/v2\/product\/21801\/revisions"}],"predecessor-version":[{"id":25423,"href":"https:\/\/www.bonelinks.com\/pl\/wp-json\/wp\/v2\/product\/21801\/revisions\/25423"}],"wp:featuredmedia":[{"embeddable":true,"href":"https:\/\/www.bonelinks.com\/pl\/wp-json\/wp\/v2\/media\/15022"}],"wp:attachment":[{"href":"https:\/\/www.bonelinks.com\/pl\/wp-json\/wp\/v2\/media?parent=21801"}],"wp:term":[{"taxonomy":"product_brand","embeddable":true,"href":"https:\/\/www.bonelinks.com\/pl\/wp-json\/wp\/v2\/product_brand?post=21801"},{"taxonomy":"product_cat","embeddable":true,"href":"https:\/\/www.bonelinks.com\/pl\/wp-json\/wp\/v2\/product_cat?post=21801"},{"taxonomy":"product_tag","embeddable":true,"href":"https:\/\/www.bonelinks.com\/pl\/wp-json\/wp\/v2\/product_tag?post=21801"}],"curies":[{"name":"wp","href":"https:\/\/api.w.org\/{rel}","templated":true}]}}