{"id":21793,"date":"2022-11-15T20:50:37","date_gmt":"2022-11-16T04:50:37","guid":{"rendered":"https:\/\/www.bonelinks.com\/product\/rozdzielacz-plc-do-montazu-w-szafie\/"},"modified":"2024-02-08T20:29:40","modified_gmt":"2024-02-09T04:29:40","slug":"rack-mount-plc-splitter","status":"publish","type":"product","link":"https:\/\/www.bonelinks.com\/pl\/product\/rack-mount-plc-splitter\/","title":{"rendered":"Rozdzielacz PLC do monta\u017cu w szafie"},"content":{"rendered":"<p>Splitter PLC do monta\u017cu w szafie Rack to rozdzielacz \u015bwiat\u0142owodowy przeznaczony do monta\u017cu w 19-calowej szafie sprz\u0119towej. S\u0142u\u017cy do dystrybucji sygna\u0142u optycznego z jednego \u017ar\u00f3d\u0142a do wielu miejsc docelowych w sieci \u015bwiat\u0142owodowej. Rozga\u0142\u0119\u017anik jest kompaktowy i zapewnia \u0142\u0105czno\u015b\u0107 o wysokiej g\u0119sto\u015bci, dzi\u0119ki czemu nadaje si\u0119 do centr\u00f3w danych i innych \u015brodowisk sieciowych o du\u017cej g\u0119sto\u015bci. Jest on zazwyczaj wykonany z metalu lub wysokoudarowego tworzywa sztucznego i charakteryzuje si\u0119 konstrukcj\u0105 oszcz\u0119dzaj\u0105c\u0105 miejsce, kt\u00f3ra pomaga zmniejszy\u0107 ba\u0142agan i zoptymalizowa\u0107 wykorzystanie przestrzeni w szafie.<\/p>\n<p><strong>Cechy<\/strong><\/p>\n<ul>\n<li>Kompaktowa konstrukcja: Kompaktowa konstrukcja rozdzielaczy PLC do monta\u017cu w szafie sprawia, \u017ce s\u0105 one idealne do stosowania w sieciach \u015bwiat\u0142owodowych, gdzie przestrze\u0144 jest ograniczona. Mo\u017cna je \u0142atwo zamontowa\u0107 w standardowej szafie rack 1U \/ 19 cali, co czyni je wygodnym rozwi\u0105zaniem do wdra\u017cania sieci optycznych.<\/li>\n<li>Niskie t\u0142umienie wtr\u0105ceniowe: Rozga\u0142\u0119\u017aniki PLC do monta\u017cu w szafie maj\u0105 nisk\u0105 t\u0142umienno\u015b\u0107 wtr\u0105ceniow\u0105, co oznacza, \u017ce nie pogarszaj\u0105 znacz\u0105co sygna\u0142u, gdy jest on dzielony na wiele wyj\u015b\u0107. Pomaga to zapewni\u0107, \u017ce jako\u015b\u0107 sygna\u0142u jest utrzymywana i \u017ce nie ma to wp\u0142ywu na wydajno\u015b\u0107 sieci.<\/li>\n<li>Wysoka niezawodno\u015b\u0107: Rozga\u0142\u0119\u017aniki PLC do monta\u017cu w stela\u017cu zosta\u0142y zaprojektowane z my\u015bl\u0105 o wysokiej niezawodno\u015bci i d\u0142ugotrwa\u0142ej wydajno\u015bci, dzi\u0119ki czemu idealnie nadaj\u0105 si\u0119 do u\u017cytku w krytycznych \u015brodowiskach sieciowych. S\u0105 one zazwyczaj wykonane z wysokiej jako\u015bci materia\u0142\u00f3w i zaprojektowane tak, aby wytrzyma\u0107 trudne warunki \u015brodowiskowe.<\/li>\n<li>Wysoki wsp\u00f3\u0142czynnik podzia\u0142u: Rozga\u0142\u0119\u017aniki PLC do monta\u017cu w szafie maj\u0105 wysoki wsp\u00f3\u0142czynnik podzia\u0142u, zwykle od 1&#215;2 do 1&#215;64. Pozwala to na rozdzielenie pojedynczego sygna\u0142u optycznego na wiele wyj\u015b\u0107, umo\u017cliwiaj\u0105c dystrybucj\u0119 sygna\u0142u do wielu urz\u0105dze\u0144.<\/li>\n<li>Niezale\u017cno\u015b\u0107 od d\u0142ugo\u015bci fali: Rozga\u0142\u0119\u017aniki PLC do monta\u017cu w szafie Rack s\u0105 niezale\u017cne od d\u0142ugo\u015bci fali, co oznacza, \u017ce mog\u0105 pracowa\u0107 z szerokim zakresem d\u0142ugo\u015bci fal, od 1260 nm do 1650 nm. Dzi\u0119ki temu mog\u0105 by\u0107 u\u017cywane z r\u00f3\u017cnymi sygna\u0142ami optycznymi i s\u0105 kompatybilne z r\u00f3\u017cnymi typami sieci optycznych.<\/li>\n<li>\u0141atwa instalacja: Rozga\u0142\u0119\u017aniki PLC do monta\u017cu w stela\u017cu zosta\u0142y zaprojektowane z my\u015bl\u0105 o \u0142atwej instalacji, dzi\u0119ki czemu idealnie nadaj\u0105 si\u0119 do stosowania we wdro\u017ceniach sieciowych, w kt\u00f3rych czas i koszty s\u0105 wa\u017cnymi czynnikami. Zazwyczaj s\u0105 one dostarczane ze wst\u0119pnie zako\u0144czonymi w\u0142\u00f3knami, dzi\u0119ki czemu proces instalacji jest szybki i prosty.<\/li>\n<\/ul>\n<p><strong>Zastosowanie<\/strong><\/p>\n<ul>\n<li>Pasywne sieci optyczne (PON): Rozga\u0142\u0119\u017aniki PLC s\u0105 u\u017cywane do dystrybucji sygna\u0142\u00f3w optycznych z centralnego biura do wielu lokalizacji u\u017cytkownik\u00f3w ko\u0144cowych w sieci PON.<\/li>\n<li>Sieci FTTx: Rozga\u0142\u0119\u017aniki PLC do monta\u017cu w szafie s\u0105 u\u017cywane w sieciach \u015bwiat\u0142owodowych (FTTx) do rozdzielania sygna\u0142\u00f3w optycznych z pojedynczego w\u0142\u00f3kna na wiele w\u0142\u00f3kien w celu dystrybucji do u\u017cytkownik\u00f3w ko\u0144cowych.<\/li>\n<li>Optyczne sieci LAN: Rozga\u0142\u0119\u017aniki PLC do monta\u017cu w szafie mog\u0105 by\u0107 u\u017cywane do dystrybucji sygna\u0142\u00f3w optycznych w sieci lokalnej (LAN) do wielu urz\u0105dze\u0144 u\u017cytkownik\u00f3w ko\u0144cowych.<\/li>\n<li>Optyczne ramy dystrybucyjne (ODF): Rozga\u0142\u0119\u017aniki PLC do monta\u017cu w szafie s\u0105 powszechnie stosowane w optycznych ramach dystrybucyjnych (ODF) do zarz\u0105dzania i dystrybucji sygna\u0142\u00f3w optycznych w centralnych biurach telekomunikacyjnych.<\/li>\n<li>Centra danych: Rozga\u0142\u0119\u017aniki PLC do monta\u017cu w szafie mog\u0105 by\u0107 u\u017cywane w centrach danych do dystrybucji sygna\u0142\u00f3w optycznych z sieci rdzeniowej do wielu szaf serwerowych.<\/li>\n<li>Sieci nadawcze i telewizji kablowej: Rozga\u0142\u0119\u017aniki PLC mog\u0105 by\u0107 wykorzystywane w sieciach telewizji kablowej i nadawczych do dystrybucji sygna\u0142\u00f3w optycznych do wielu u\u017cytkownik\u00f3w ko\u0144cowych.<\/li>\n<\/ul>\n","protected":false},"excerpt":{"rendered":"<p>Rozdzielacz PLC do monta\u017cu w szafie jest kluczowym elementem \u015bwiat\u0142owodowych system\u00f3w komunikacyjnych. S\u0142u\u017cy do dzielenia przychodz\u0105cego sygna\u0142u optycznego na wiele wyj\u015b\u0107, umo\u017cliwiaj\u0105c wielu urz\u0105dzeniom odbieranie i przesy\u0142anie danych za po\u015brednictwem tego samego kabla \u015bwiat\u0142owodowego. Rozga\u0142\u0119\u017anik jest przeznaczony do monta\u017cu w standardowej 19-calowej szafie sprz\u0119towej, dzi\u0119ki czemu jest wygodnym i oszcz\u0119dzaj\u0105cym miejsce rozwi\u0105zaniem dla instalacji wymagaj\u0105cych wielu optycznych punkt\u00f3w podzia\u0142u.<\/p>\n<p>Rozdzielacz PLC do monta\u017cu w szafie Rack jest dost\u0119pny w r\u00f3\u017cnych konfiguracjach, w tym 1xN, 2xN i 4xN, gdzie N oznacza liczb\u0119 wyj\u015b\u0107. Pozwala to na elastyczne opcje wdra\u017cania, dzi\u0119ki czemu nadaje si\u0119 do szeregu zastosowa\u0144, w tym \u015bwiat\u0142owodu do domu (FTTH), \u015bwiat\u0142owodu do budynku (FTTB) i \u015bwiat\u0142owodu do anteny (FTTA).<\/p>\n<p>Pod wzgl\u0119dem wydajno\u015bci optycznej, rozdzielacz PLC do monta\u017cu w szafie Rack charakteryzuje si\u0119 niskimi stratami wtr\u0105ceniowymi i wysokimi stratami odbiciowymi, zapewniaj\u0105c, \u017ce sygna\u0142 optyczny jest dok\u0142adnie dzielony i przesy\u0142any do ka\u017cdego portu wyj\u015bciowego. Charakteryzuje si\u0119 r\u00f3wnie\u017c wysok\u0105 niezawodno\u015bci\u0105, d\u0142ug\u0105 \u017cywotno\u015bci\u0105 i minimalnymi wymaganiami konserwacyjnymi.<\/p>\n","protected":false},"featured_media":15047,"template":"","meta":{"site-sidebar-layout":"default","site-content-layout":"default","ast-site-content-layout":"default","site-content-style":"default","site-sidebar-style":"default","ast-global-header-display":"","ast-banner-title-visibility":"","ast-main-header-display":"","ast-hfb-above-header-display":"","ast-hfb-below-header-display":"","ast-hfb-mobile-header-display":"","site-post-title":"","ast-breadcrumbs-content":"","ast-featured-img":"","footer-sml-layout":"","ast-disable-related-posts":"","theme-transparent-header-meta":"default","adv-header-id-meta":"","stick-header-meta":"default","header-above-stick-meta":"","header-main-stick-meta":"","header-below-stick-meta":"","astra-migrate-meta-layouts":"set","ast-page-background-enabled":"default","ast-page-background-meta":{"desktop":{"background-color":"","background-image":"","background-repeat":"repeat","background-position":"center center","background-size":"auto","background-attachment":"scroll","background-type":"","background-media":"","overlay-type":"","overlay-color":"","overlay-opacity":"","overlay-gradient":""},"tablet":{"background-color":"","background-image":"","background-repeat":"repeat","background-position":"center center","background-size":"auto","background-attachment":"scroll","background-type":"","background-media":"","overlay-type":"","overlay-color":"","overlay-opacity":"","overlay-gradient":""},"mobile":{"background-color":"","background-image":"","background-repeat":"repeat","background-position":"center center","background-size":"auto","background-attachment":"scroll","background-type":"","background-media":"","overlay-type":"","overlay-color":"","overlay-opacity":"","overlay-gradient":""}},"ast-content-background-meta":{"desktop":{"background-color":"var(--ast-global-color-5)","background-image":"","background-repeat":"repeat","background-position":"center center","background-size":"auto","background-attachment":"scroll","background-type":"","background-media":"","overlay-type":"","overlay-color":"","overlay-opacity":"","overlay-gradient":""},"tablet":{"background-color":"var(--ast-global-color-5)","background-image":"","background-repeat":"repeat","background-position":"center center","background-size":"auto","background-attachment":"scroll","background-type":"","background-media":"","overlay-type":"","overlay-color":"","overlay-opacity":"","overlay-gradient":""},"mobile":{"background-color":"var(--ast-global-color-5)","background-image":"","background-repeat":"repeat","background-position":"center center","background-size":"auto","background-attachment":"scroll","background-type":"","background-media":"","overlay-type":"","overlay-color":"","overlay-opacity":"","overlay-gradient":""}}},"product_brand":[],"product_cat":[284],"product_tag":[],"class_list":{"0":"post-21793","1":"product","2":"type-product","3":"status-publish","4":"has-post-thumbnail","6":"product_cat-plc-splitter-pl","7":"desktop-align-left","8":"tablet-align-left","9":"mobile-align-left","10":"ast-product-gallery-layout-vertical","11":"ast-product-gallery-with-no-image","12":"ast-product-tabs-layout-vertical","13":"ast-qv-on-image","15":"first","16":"instock","17":"shipping-taxable","18":"product-type-simple"},"_links":{"self":[{"href":"https:\/\/www.bonelinks.com\/pl\/wp-json\/wp\/v2\/product\/21793","targetHints":{"allow":["GET"]}}],"collection":[{"href":"https:\/\/www.bonelinks.com\/pl\/wp-json\/wp\/v2\/product"}],"about":[{"href":"https:\/\/www.bonelinks.com\/pl\/wp-json\/wp\/v2\/types\/product"}],"version-history":[{"count":1,"href":"https:\/\/www.bonelinks.com\/pl\/wp-json\/wp\/v2\/product\/21793\/revisions"}],"predecessor-version":[{"id":25422,"href":"https:\/\/www.bonelinks.com\/pl\/wp-json\/wp\/v2\/product\/21793\/revisions\/25422"}],"wp:featuredmedia":[{"embeddable":true,"href":"https:\/\/www.bonelinks.com\/pl\/wp-json\/wp\/v2\/media\/15047"}],"wp:attachment":[{"href":"https:\/\/www.bonelinks.com\/pl\/wp-json\/wp\/v2\/media?parent=21793"}],"wp:term":[{"taxonomy":"product_brand","embeddable":true,"href":"https:\/\/www.bonelinks.com\/pl\/wp-json\/wp\/v2\/product_brand?post=21793"},{"taxonomy":"product_cat","embeddable":true,"href":"https:\/\/www.bonelinks.com\/pl\/wp-json\/wp\/v2\/product_cat?post=21793"},{"taxonomy":"product_tag","embeddable":true,"href":"https:\/\/www.bonelinks.com\/pl\/wp-json\/wp\/v2\/product_tag?post=21793"}],"curies":[{"name":"wp","href":"https:\/\/api.w.org\/{rel}","templated":true}]}}