{"id":21784,"date":"2022-11-15T23:53:13","date_gmt":"2022-11-16T07:53:13","guid":{"rendered":"https:\/\/www.bonelinks.com\/product\/wtykowy-rozdzielacz-plc\/"},"modified":"2024-02-08T20:27:38","modified_gmt":"2024-02-09T04:27:38","slug":"plug-in-plc-splitter","status":"publish","type":"product","link":"https:\/\/www.bonelinks.com\/pl\/product\/plug-in-plc-splitter\/","title":{"rendered":"Wtykowy rozdzielacz PLC"},"content":{"rendered":"<div class=\"elementor-element elementor-element-012735a elementor-widget elementor-widget-text-editor\" data-id=\"012735a\" data-element_type=\"widget\" data-widget_type=\"text-editor.default\">\n<div class=\"elementor-widget-container\">\n<p>Wtykowy rozdzielacz PLC to niezawodne, ekonomiczne i \u0142atwe w instalacji rozwi\u0105zanie do dystrybucji sygna\u0142u \u015bwiat\u0142owodowego w sieciach PON. Dzi\u0119ki doskona\u0142ej wydajno\u015bci i wszechstronno\u015bci jest to popularny wyb\u00f3r w\u015br\u00f3d operator\u00f3w sieci i dostawc\u00f3w us\u0142ug.<\/p>\n<p>Bonelinks oferuje rozga\u0142\u0119\u017aniki Plug-In PLC w konfiguracjach 1\u00d74, 1\u00d78, 1\u00d716 i 1\u00d732. Na przyk\u0142ad rozdzielacz 1\u00d74 ma jedno wej\u015bcie i cztery wyj\u015bcia. Rozga\u0142\u0119\u017aniki te posiadaj\u0105 mini krany ze wst\u0119pnie zako\u0144czonymi z\u0142\u0105czami, kt\u00f3re wsp\u00f3\u0142pracuj\u0105 ze \u015bwiatem zewn\u0119trznym za po\u015brednictwem adapter\u00f3w \u015bwiat\u0142owodowych.<\/p>\n<p>Aby zapewni\u0107 najwy\u017csz\u0105 jako\u015b\u0107 produkt\u00f3w, Bonelinks testuje wszystkie swoje rozga\u0142\u0119\u017aniki Plug-In PLC przed rozpocz\u0119ciem produkcji. Wbudowany stalowy rozdzielacz rurowy jest sprawdzany pod k\u0105tem \u015bwiat\u0142a przelotowego, powierzchni czo\u0142owej i wsp\u00f3\u0142czynnika podzia\u0142u po zainstalowaniu z\u0142\u0105czy. Ka\u017cdy port jest testowany pod k\u0105tem warto\u015bci t\u0142umienia, a wszystkie raporty z test\u00f3w s\u0105 do\u0142\u0105czane do ka\u017cdego produktu jako gwarancja jego jako\u015bci i wydajno\u015bci.<\/p>\n<\/div>\n<\/div>\n<div class=\"elementor-element elementor-element-3d44a7e elementor-widget elementor-widget-text-editor\" data-id=\"3d44a7e\" data-element_type=\"widget\" data-widget_type=\"text-editor.default\">\n<div class=\"elementor-widget-container\">\n<p><strong>Cechy<\/strong><\/p>\n<ul>\n<li>\u0141atwo\u015b\u0107 instalacji: Wtykowe rozga\u0142\u0119\u017aniki PLC s\u0105 zaprojektowane tak, aby mo\u017cna je by\u0142o \u0142atwo zainstalowa\u0107 w ONU lub OLT, co upraszcza wdra\u017canie i konserwacj\u0119 sieci.<\/li>\n<li>Kompaktowa konstrukcja: Wtykowe rozga\u0142\u0119\u017aniki PLC maj\u0105 niewielkie rozmiary, dzi\u0119ki czemu s\u0105 \u0142atwe w instalacji i zarz\u0105dzaniu w sieciach optycznych.<\/li>\n<li>Wysoka niezawodno\u015b\u0107: Wtykowe rozga\u0142\u0119\u017aniki PLC s\u0105 wykonane z wysokiej jako\u015bci materia\u0142\u00f3w i zbudowane zgodnie z surowymi normami, co zapewnia ich niezawodno\u015b\u0107 i trwa\u0142o\u015b\u0107.<\/li>\n<li>Niska t\u0142umienno\u015b\u0107 wtr\u0105ceniowa: Rozga\u0142\u0119\u017aniki PLC maj\u0105 nisk\u0105 t\u0142umienno\u015b\u0107 wtr\u0105ceniow\u0105, co oznacza, \u017ce nie zmniejszaj\u0105 znacz\u0105co si\u0142y sygna\u0142u optycznego.<\/li>\n<li>Niezale\u017cno\u015b\u0107 od d\u0142ugo\u015bci fali: Rozga\u0142\u0119\u017aniki PLC s\u0105 niezale\u017cne od d\u0142ugo\u015bci fali, co oznacza, \u017ce mog\u0105 dzieli\u0107 sygna\u0142 optyczny niezale\u017cnie od jego d\u0142ugo\u015bci fali.<\/li>\n<\/ul>\n<p><strong>Zastosowanie<\/strong><\/p>\n<ul>\n<li>Systemy komunikacji \u015bwiat\u0142owodowej: Wtykowe rozga\u0142\u0119\u017aniki PLC s\u0105 stosowane w optycznych systemach komunikacyjnych, takich jak pasywne sieci optyczne (PON), w kt\u00f3rych sygna\u0142 z pojedynczego \u017ar\u00f3d\u0142a optycznego musi by\u0107 podzielony na wiele ga\u0142\u0119zi, aby dotrze\u0107 do wielu u\u017cytkownik\u00f3w ko\u0144cowych.<\/li>\n<li>Centra danych: Wtykowe rozga\u0142\u0119\u017aniki PLC s\u0105 u\u017cywane w centrach danych do dystrybucji szybkich sygna\u0142\u00f3w optycznych do wielu serwer\u00f3w.<\/li>\n<li>Sieci CATV: Wtykowe rozga\u0142\u0119\u017aniki PLC s\u0105 u\u017cywane w sieciach telewizji kablowej (CATV) do dzielenia sygna\u0142u odbieranego ze stacji czo\u0142owej na wiele wyj\u015b\u0107 w celu dystrybucji do wielu abonent\u00f3w.<\/li>\n<li>Systemy wzmacniaczy optycznych: Wtykowe rozga\u0142\u0119\u017aniki PLC s\u0105 u\u017cywane w systemach wzmacniaczy optycznych do dystrybucji sygna\u0142u optycznego w celu wzmocnienia.<\/li>\n<li>Optyczne systemy pomiarowe: Wtykowe rozga\u0142\u0119\u017aniki PLC s\u0105 stosowane w optycznych systemach pomiarowych, takich jak optyczne mierniki mocy, analizatory widma optycznego itp.<\/li>\n<\/ul>\n<\/div>\n<\/div>\n","protected":false},"excerpt":{"rendered":"<p>Rozga\u0142\u0119\u017anik PLC typu Plug-In to rodzaj komponentu pasywnej sieci optycznej (PON), kt\u00f3ry s\u0142u\u017cy do dystrybucji sygna\u0142\u00f3w optycznych z jednego \u017ar\u00f3d\u0142a do wielu miejsc docelowych. Dzia\u0142a jako rozdzielacz mocy i jest zwykle u\u017cywany w aplikacjach \u015bwiat\u0142owodowych (FTTH) do dystrybucji sygna\u0142\u00f3w do wielu u\u017cytkownik\u00f3w w budynku lub s\u0105siedztwie.<\/p>\n<p>Jedn\u0105 z kluczowych zalet korzystania z rozdzielacza PLC typu Plug-In jest \u0142atwo\u015b\u0107 instalacji. W przeciwie\u0144stwie do tradycyjnych rozga\u0142\u0119\u017anik\u00f3w, kt\u00f3re wymagaj\u0105 \u0142\u0105czenia i spawania, rozga\u0142\u0119\u017aniki Plug-In PLC mo\u017cna po prostu pod\u0142\u0105czy\u0107 do optycznej sieci dystrybucyjnej (ODN) w celu szybkiej i bezproblemowej konfiguracji. Dzi\u0119ki temu idealnie nadaje si\u0119 do wdro\u017ce\u0144 na du\u017c\u0105 skal\u0119, gdzie oszcz\u0119dno\u015b\u0107 czasu i koszt\u00f3w ma kluczowe znaczenie.<\/p>\n<p>Pod wzgl\u0119dem wydajno\u015bci, rozga\u0142\u0119\u017aniki Plug-In PLC oferuj\u0105 nisk\u0105 t\u0142umienno\u015b\u0107 wtr\u0105ceniow\u0105 i wysok\u0105 t\u0142umienno\u015b\u0107 powrotn\u0105, zapewniaj\u0105c r\u00f3wnomiern\u0105 i dok\u0142adn\u0105 dystrybucj\u0119 sygna\u0142u do ka\u017cdego portu wyj\u015bciowego. Zapewniaj\u0105 r\u00f3wnie\u017c wysok\u0105 stabilno\u015b\u0107 i niezawodno\u015b\u0107, dzi\u0119ki czemu nadaj\u0105 si\u0119 do u\u017cytku w trudnych warunkach \u015brodowiskowych.<\/p>\n<p>Nale\u017cy zauwa\u017cy\u0107, \u017ce rozga\u0142\u0119\u017aniki Plug-In PLC s\u0105 dost\u0119pne w r\u00f3\u017cnych konfiguracjach, takich jak 1&#215;2, 1&#215;4, 1&#215;8 i 1&#215;16, aby spe\u0142ni\u0107 r\u00f3\u017cne wymagania sieciowe. S\u0105 one r\u00f3wnie\u017c kompatybilne z r\u00f3\u017cnymi typami \u015bwiat\u0142owod\u00f3w, w tym \u015bwiat\u0142owodami jednomodowymi i wielomodowymi.<\/p>\n","protected":false},"featured_media":15132,"template":"","meta":{"site-sidebar-layout":"default","site-content-layout":"default","ast-site-content-layout":"default","site-content-style":"default","site-sidebar-style":"default","ast-global-header-display":"","ast-banner-title-visibility":"","ast-main-header-display":"","ast-hfb-above-header-display":"","ast-hfb-below-header-display":"","ast-hfb-mobile-header-display":"","site-post-title":"","ast-breadcrumbs-content":"","ast-featured-img":"","footer-sml-layout":"","ast-disable-related-posts":"","theme-transparent-header-meta":"default","adv-header-id-meta":"","stick-header-meta":"default","header-above-stick-meta":"","header-main-stick-meta":"","header-below-stick-meta":"","astra-migrate-meta-layouts":"set","ast-page-background-enabled":"default","ast-page-background-meta":{"desktop":{"background-color":"","background-image":"","background-repeat":"repeat","background-position":"center center","background-size":"auto","background-attachment":"scroll","background-type":"","background-media":"","overlay-type":"","overlay-color":"","overlay-opacity":"","overlay-gradient":""},"tablet":{"background-color":"","background-image":"","background-repeat":"repeat","background-position":"center center","background-size":"auto","background-attachment":"scroll","background-type":"","background-media":"","overlay-type":"","overlay-color":"","overlay-opacity":"","overlay-gradient":""},"mobile":{"background-color":"","background-image":"","background-repeat":"repeat","background-position":"center center","background-size":"auto","background-attachment":"scroll","background-type":"","background-media":"","overlay-type":"","overlay-color":"","overlay-opacity":"","overlay-gradient":""}},"ast-content-background-meta":{"desktop":{"background-color":"var(--ast-global-color-5)","background-image":"","background-repeat":"repeat","background-position":"center center","background-size":"auto","background-attachment":"scroll","background-type":"","background-media":"","overlay-type":"","overlay-color":"","overlay-opacity":"","overlay-gradient":""},"tablet":{"background-color":"var(--ast-global-color-5)","background-image":"","background-repeat":"repeat","background-position":"center center","background-size":"auto","background-attachment":"scroll","background-type":"","background-media":"","overlay-type":"","overlay-color":"","overlay-opacity":"","overlay-gradient":""},"mobile":{"background-color":"var(--ast-global-color-5)","background-image":"","background-repeat":"repeat","background-position":"center center","background-size":"auto","background-attachment":"scroll","background-type":"","background-media":"","overlay-type":"","overlay-color":"","overlay-opacity":"","overlay-gradient":""}}},"product_brand":[],"product_cat":[284],"product_tag":[],"class_list":{"0":"post-21784","1":"product","2":"type-product","3":"status-publish","4":"has-post-thumbnail","6":"product_cat-plc-splitter-pl","7":"desktop-align-left","8":"tablet-align-left","9":"mobile-align-left","10":"ast-product-gallery-layout-vertical","11":"ast-product-gallery-with-no-image","12":"ast-product-tabs-layout-vertical","13":"ast-qv-on-image","15":"first","16":"instock","17":"shipping-taxable","18":"product-type-simple"},"_links":{"self":[{"href":"https:\/\/www.bonelinks.com\/pl\/wp-json\/wp\/v2\/product\/21784","targetHints":{"allow":["GET"]}}],"collection":[{"href":"https:\/\/www.bonelinks.com\/pl\/wp-json\/wp\/v2\/product"}],"about":[{"href":"https:\/\/www.bonelinks.com\/pl\/wp-json\/wp\/v2\/types\/product"}],"version-history":[{"count":1,"href":"https:\/\/www.bonelinks.com\/pl\/wp-json\/wp\/v2\/product\/21784\/revisions"}],"predecessor-version":[{"id":25419,"href":"https:\/\/www.bonelinks.com\/pl\/wp-json\/wp\/v2\/product\/21784\/revisions\/25419"}],"wp:featuredmedia":[{"embeddable":true,"href":"https:\/\/www.bonelinks.com\/pl\/wp-json\/wp\/v2\/media\/15132"}],"wp:attachment":[{"href":"https:\/\/www.bonelinks.com\/pl\/wp-json\/wp\/v2\/media?parent=21784"}],"wp:term":[{"taxonomy":"product_brand","embeddable":true,"href":"https:\/\/www.bonelinks.com\/pl\/wp-json\/wp\/v2\/product_brand?post=21784"},{"taxonomy":"product_cat","embeddable":true,"href":"https:\/\/www.bonelinks.com\/pl\/wp-json\/wp\/v2\/product_cat?post=21784"},{"taxonomy":"product_tag","embeddable":true,"href":"https:\/\/www.bonelinks.com\/pl\/wp-json\/wp\/v2\/product_tag?post=21784"}],"curies":[{"name":"wp","href":"https:\/\/api.w.org\/{rel}","templated":true}]}}