{"id":21783,"date":"2022-11-16T00:08:55","date_gmt":"2022-11-16T08:08:55","guid":{"rendered":"https:\/\/www.bonelinks.com\/product\/bezblokowy-rozdzielacz-plc\/"},"modified":"2024-02-08T20:27:27","modified_gmt":"2024-02-09T04:27:27","slug":"blockless-plc-splitter","status":"publish","type":"product","link":"https:\/\/www.bonelinks.com\/pl\/product\/blockless-plc-splitter\/","title":{"rendered":"Bezblokowy rozdzielacz PLC"},"content":{"rendered":"<h1 style=\"text-align: left; font-size: 18px;\"><span style=\"color: #000000;\"><strong>Bezblokowy rozdzielacz \u015bwiat\u0142owodowy PLC <\/strong><\/span><\/h1>\n<p>Bezblokowy rozdzielacz PLC zosta\u0142 zaprojektowany z my\u015bl\u0105 o maksymalnej trwa\u0142o\u015bci, z g\u0142\u00f3wnym chipem umieszczonym w wytrzyma\u0142ej obudowie ze stali nierdzewnej. Kompaktowy rozmiar i solidna konstrukcja sprawiaj\u0105, \u017ce idealnie nadaje si\u0119 zar\u00f3wno do instalacji wewn\u0119trznych, jak i zewn\u0119trznych, nawet w ciasnych przestrzeniach, takich jak optyczne skrzynki \u0142\u0105czeniowe i szafy dystrybucyjne. Bezblokowy rozdzielacz PLC mo\u017ce wygl\u0105da\u0107 podobnie do <a href=\"https:\/\/www.bonelinks.com\/pl\/product\/bare-fiber-plc-splitter\/\" target=\"_blank\" rel=\"noopener\">rozdzielacza \u015bwiat\u0142owodowego<\/a>, ale zapewnia lepsz\u0105 ochron\u0119 w\u0142\u00f3kien dzi\u0119ki kompaktowej obudowie ze stali nierdzewnej. Taka konstrukcja zapewnia dodatkow\u0105 trwa\u0142o\u015b\u0107 i zabezpiecza po\u0142\u0105czenia \u015bwiat\u0142owodowe w rozdzielaczu, zapewniaj\u0105c niezawodne dzia\u0142anie i d\u0142ug\u0105 \u017cywotno\u015b\u0107.<\/p>\n<p><img fetchpriority=\"high\" decoding=\"async\" class=\"alignleft wp-image-6395\" src=\"https:\/\/www.bonelinks.com\/wp-content\/uploads\/2022\/11\/blockless-spilitter-vs-bare-spitter.jpg\" alt=\"Spilitter bez blokady vs spilitter bez blokady\" width=\"600\" height=\"250\" srcset=\"https:\/\/www.bonelinks.com\/wp-content\/uploads\/2022\/11\/blockless-spilitter-vs-bare-spitter.jpg 960w, https:\/\/www.bonelinks.com\/wp-content\/uploads\/2022\/11\/blockless-spilitter-vs-bare-spitter-300x125.jpg 300w, https:\/\/www.bonelinks.com\/wp-content\/uploads\/2022\/11\/blockless-spilitter-vs-bare-spitter-768x320.jpg 768w, https:\/\/www.bonelinks.com\/wp-content\/uploads\/2022\/11\/blockless-spilitter-vs-bare-spitter-650x271.jpg 650w\" sizes=\"(max-width: 600px) 100vw, 600px\" \/><\/p>\n<p>&nbsp;<\/p>\n<p>&nbsp;<\/p>\n<p>&nbsp;<\/p>\n<p>&nbsp;<\/p>\n<p>&nbsp;<\/p>\n<p>&nbsp;<\/p>\n<p>Ten mini splitter PLC jest bardzo wszechstronny, z mo\u017cliwo\u015bci\u0105 zako\u0144czenia jego wej\u015bcia i wyj\u015bcia r\u00f3\u017cnymi z\u0142\u0105czami \u015bwiat\u0142owodowymi, w tym FC, SC, LC i ST. Bonelinks oferuje z\u0142\u0105cza wej\u015bciowe i wyj\u015bciowe o d\u0142ugo\u015bci do 5 metr\u00f3w, a tak\u017ce mo\u017ce dostarczy\u0107 niestandardowe d\u0142ugo\u015bci kabli, aby dopasowa\u0107 je do okre\u015blonej odleg\u0142o\u015bci instalacji. Oferujemy r\u00f3\u017cne bezblokowe rozdzielacze PLC 1xN i 2xN, w tym rozdzielacze PLC typu 1&#215;2, 1&#215;4, 1&#215;8, 1&#215;16, 1&#215;32, 1&#215;64 oraz rozdzielacze PLC typu 2&#215;2, 2&#215;4, 2&#215;8, 2&#215;16, 2&#215;32, 2&#215;64.<\/p>\n<p>Zmodernizuj swoj\u0105 sie\u0107 ju\u017c dzi\u015b dzi\u0119ki bezblokowemu rozdzielaczowi PLC i ciesz si\u0119 szybszymi, prostszymi i bardziej niezawodnymi wdro\u017ceniami optycznymi.<\/p>\n<h2 style=\"text-align: left; font-size: 18px;\"><strong>Cechy: Dlaczego warto wybra\u0107 bezblokowe rozdzielacze PLC? <\/strong><\/h2>\n<ul>\n<li>Ma\u0142y rozmiar: Kompaktowa konstrukcja bezblokowych rozdzielaczy PLC pozwala im by\u0107 znacznie mniejszymi w por\u00f3wnaniu do tradycyjnych rozdzielaczy blokowych, co czyni je idealnymi do zastosowa\u0144, w kt\u00f3rych przestrze\u0144 jest ograniczona.<\/li>\n<li>\u0141atwo\u015b\u0107 instalacji: Ze wzgl\u0119du na niewielkie rozmiary i prost\u0105 konstrukcj\u0119, bezblokowe rozdzielacze PLC s\u0105 \u0142atwe w instalacji i nie wymagaj\u0105 specjalnych narz\u0119dzi ani sprz\u0119tu.<\/li>\n<li>Niska t\u0142umienno\u015b\u0107 wtr\u0105ceniowa: Rozga\u0142\u0119\u017aniki PLC maj\u0105 nisk\u0105 t\u0142umienno\u015b\u0107 wtr\u0105ceniow\u0105, co oznacza, \u017ce nie pogarszaj\u0105 znacz\u0105co przechodz\u0105cego przez nie sygna\u0142u optycznego.<\/li>\n<li>Wysoka niezawodno\u015b\u0107: Wykonane s\u0105 z wysokiej jako\u015bci \u015bwiat\u0142owodu, co czyni je wysoce niezawodnymi i trwa\u0142ymi.<\/li>\n<li>Wysoka jednorodno\u015b\u0107: Charakteryzuje si\u0119 wysok\u0105 jednorodno\u015bci\u0105 dystrybucji mocy optycznej, co oznacza, \u017ce r\u00f3wnomiernie rozprowadza sygna\u0142 optyczny do ka\u017cdego portu wyj\u015bciowego.<\/li>\n<li>Op\u0142acalno\u015b\u0107: W por\u00f3wnaniu do innych typ\u00f3w rozdzielaczy optycznych, bezblokowe rozdzielacze PLC s\u0105 bardziej op\u0142acalne, co czyni je popularnym wyborem dla wielu zastosowa\u0144.<\/li>\n<\/ul>\n<h2 style=\"text-align: left; font-size: 18px;\"><strong>Zastosowanie: Kiedy wybra\u0107 bezblokowe rozdzielacze PLC? <\/strong><\/h2>\n<ul>\n<li>Sieci \u015bwiat\u0142owodowe FTTH (Fiber to the Home): Bezblokowe rozga\u0142\u0119\u017aniki PLC w kompaktowych obudowach z rur nierdzewnych s\u0105 wa\u017cnymi produktami wykorzystywanymi w projektach FTTx. Mo\u017cna go \u0142atwo zainstalowa\u0107 w z\u0142\u0105czu \u015bwiat\u0142owodowym, aby zapewni\u0107 dystrybucj\u0119 sygna\u0142u FTTH.<\/li>\n<li>Centra danych: Mo\u017ce by\u0107 stosowany w centrach danych do dystrybucji sygna\u0142\u00f3w optycznych do wielu serwer\u00f3w, prze\u0142\u0105cznik\u00f3w i urz\u0105dze\u0144 pami\u0119ci masowej.<\/li>\n<li>Sieci telewizji kablowej: Bezblokowe rozga\u0142\u0119\u017aniki PLC mog\u0105 by\u0107 u\u017cywane w sieciach telewizji kablowej do dzielenia sygna\u0142u optycznego ze stacji czo\u0142owej na wiele w\u0142\u00f3kien w celu dystrybucji do poszczeg\u00f3lnych dom\u00f3w.<\/li>\n<li>Mobilne sieci dosy\u0142owe: Bezblokowe rozga\u0142\u0119\u017aniki PLC mog\u0105 by\u0107 wykorzystywane w mobilnych sieciach typu backhaul do dystrybucji sygna\u0142\u00f3w optycznych ze stacji bazowej do wielu zdalnych g\u0142owic radiowych.<\/li>\n<li>Sieci przemys\u0142owe: Bezblokowe rozga\u0142\u0119\u017aniki PLC mog\u0105 by\u0107 u\u017cywane w sieciach przemys\u0142owych do dystrybucji sygna\u0142\u00f3w optycznych do wielu urz\u0105dze\u0144 w fabryce lub \u015brodowisku przemys\u0142owym.<\/li>\n<\/ul>\n<h2 style=\"text-align: left; font-size: 18px;\"><strong><img decoding=\"async\" class=\"alignleft wp-image-6392\" src=\"https:\/\/www.bonelinks.com\/wp-content\/uploads\/2022\/11\/blockless-plc-spitter.jpg\" alt=\"Bezblokowy rozdzielacz PLC\" width=\"600\" height=\"306\" srcset=\"https:\/\/www.bonelinks.com\/wp-content\/uploads\/2022\/11\/blockless-plc-spitter.jpg 557w, https:\/\/www.bonelinks.com\/wp-content\/uploads\/2022\/11\/blockless-plc-spitter-300x153.jpg 300w\" sizes=\"(max-width: 600px) 100vw, 600px\" \/><\/strong><\/h2>\n<h2 style=\"text-align: left; font-size: 18px;\"><strong><br \/>\nDlaczego nasze bezblokowe rozdzielacze PLC? <\/strong><\/h2>\n<p>Normy: Telcordia GR-1209 i GR-1221<\/p>\n<p>Ka\u017cdy bezblokowy rozdzielacz PLC przechodzi dok\u0142adne testy fabryczne, aby zapewni\u0107 najwy\u017csz\u0105 jako\u015b\u0107 i wydajno\u015b\u0107. Wszystkie urz\u0105dzenia s\u0105 dostarczane z raportem z test\u00f3w i gwarancj\u0105, dzi\u0119ki czemu mo\u017cna polega\u0107 na niezawodno\u015bci i stabilno\u015bci sieci optycznej.<\/p>\n<p>Je\u015bli chodzi o niezawodny rozdzielacz \u015bwiat\u0142owodowy do p\u0142ynnych po\u0142\u0105cze\u0144 \u015bwiat\u0142owodowych, zaufaj do\u015bwiadczeniu Bonelinks. Jako <strong><a href=\"https:\/\/www.bonelinks.com\/pl\/china-ftth-plc-splitter-supplier\/\" target=\"_blank\" rel=\"noopener\">wiod\u0105cy dostawca splitter\u00f3w \u015bwiat\u0142owodowych PLC <\/a><\/strong>oferujemy szerok\u0105 gam\u0119 wysokiej jako\u015bci rozwi\u0105za\u0144 po\u0142\u0105czeniowych dostosowanych do Twoich potrzeb. Zapoznaj si\u0119 z nasz\u0105 ofert\u0105 splitter\u00f3w \u015bwiat\u0142owodowych zaprojektowanych z my\u015bl\u0105 o najwy\u017cszej wydajno\u015bci i znajd\u017a idealne rozwi\u0105zanie dla swojej sieci.<\/p>\n<p><img decoding=\"async\" class=\"alignleft wp-image-6336\" src=\"https:\/\/www.bonelinks.com\/wp-content\/uploads\/2023\/05\/ILRL-test.jpg\" alt=\"\" width=\"600\" height=\"450\" srcset=\"https:\/\/www.bonelinks.com\/wp-content\/uploads\/2023\/05\/ILRL-test.jpg 1210w, https:\/\/www.bonelinks.com\/wp-content\/uploads\/2023\/05\/ILRL-test-300x225.jpg 300w, https:\/\/www.bonelinks.com\/wp-content\/uploads\/2023\/05\/ILRL-test-1030x772.jpg 1030w, https:\/\/www.bonelinks.com\/wp-content\/uploads\/2023\/05\/ILRL-test-768x576.jpg 768w, https:\/\/www.bonelinks.com\/wp-content\/uploads\/2023\/05\/ILRL-test-650x487.jpg 650w\" sizes=\"(max-width: 600px) 100vw, 600px\" \/><\/p>\n<p>&nbsp;<\/p>\n<p>&nbsp;<\/p>\n<p>&nbsp;<\/p>\n<p>&nbsp;<\/p>\n<p>&nbsp;<\/p>\n<p>&nbsp;<\/p>\n<p>&nbsp;<\/p>\n<p>&nbsp;<\/p>\n<p>&nbsp;<\/p>\n<p>&nbsp;<\/p>\n<p>&nbsp;<\/p>\n","protected":false},"excerpt":{"rendered":"<p>Bezblokowy rozdzielacz PLC to najnowocze\u015bniejsze rozwi\u0105zanie dla instalacji sieci optycznych. Dzi\u0119ki swojej unikalnej konstrukcji eliminuje potrzeb\u0119 stosowania oddzielnych blok\u00f3w optycznych, dzi\u0119ki czemu jego wdro\u017cenie jest szybsze, prostsze i bardziej niezawodne. Wykorzystuj\u0105c technologi\u0119 planarnego obwodu fal \u015bwietlnych (PLC), to kompaktowe urz\u0105dzenie mo\u017ce dystrybuowa\u0107 sygna\u0142y optyczne do wielu urz\u0105dze\u0144, takich jak ONT lub ONU. Pakowane w modu\u0142 ze stali nierdzewnej ze standardowym kablem 900um z lu\u017an\u0105 rurk\u0105, bezblokowe rozga\u0142\u0119\u017aniki PLC znajduj\u0105 szerokie zastosowanie w pasywnych sieciach optycznych FTTH, s\u0142u\u017c\u0105c jako pasywne rozga\u0142\u0119\u017aniki optyczne dla sieci EPON (EPON Splitter) i GPON (GPON Splitter).<\/p>\n","protected":false},"featured_media":15127,"template":"","meta":{"site-sidebar-layout":"default","site-content-layout":"default","ast-site-content-layout":"default","site-content-style":"default","site-sidebar-style":"default","ast-global-header-display":"","ast-banner-title-visibility":"","ast-main-header-display":"","ast-hfb-above-header-display":"","ast-hfb-below-header-display":"","ast-hfb-mobile-header-display":"","site-post-title":"","ast-breadcrumbs-content":"","ast-featured-img":"","footer-sml-layout":"","ast-disable-related-posts":"","theme-transparent-header-meta":"default","adv-header-id-meta":"","stick-header-meta":"default","header-above-stick-meta":"","header-main-stick-meta":"","header-below-stick-meta":"","astra-migrate-meta-layouts":"set","ast-page-background-enabled":"default","ast-page-background-meta":{"desktop":{"background-color":"","background-image":"","background-repeat":"repeat","background-position":"center center","background-size":"auto","background-attachment":"scroll","background-type":"","background-media":"","overlay-type":"","overlay-color":"","overlay-opacity":"","overlay-gradient":""},"tablet":{"background-color":"","background-image":"","background-repeat":"repeat","background-position":"center center","background-size":"auto","background-attachment":"scroll","background-type":"","background-media":"","overlay-type":"","overlay-color":"","overlay-opacity":"","overlay-gradient":""},"mobile":{"background-color":"","background-image":"","background-repeat":"repeat","background-position":"center center","background-size":"auto","background-attachment":"scroll","background-type":"","background-media":"","overlay-type":"","overlay-color":"","overlay-opacity":"","overlay-gradient":""}},"ast-content-background-meta":{"desktop":{"background-color":"var(--ast-global-color-5)","background-image":"","background-repeat":"repeat","background-position":"center center","background-size":"auto","background-attachment":"scroll","background-type":"","background-media":"","overlay-type":"","overlay-color":"","overlay-opacity":"","overlay-gradient":""},"tablet":{"background-color":"var(--ast-global-color-5)","background-image":"","background-repeat":"repeat","background-position":"center center","background-size":"auto","background-attachment":"scroll","background-type":"","background-media":"","overlay-type":"","overlay-color":"","overlay-opacity":"","overlay-gradient":""},"mobile":{"background-color":"var(--ast-global-color-5)","background-image":"","background-repeat":"repeat","background-position":"center center","background-size":"auto","background-attachment":"scroll","background-type":"","background-media":"","overlay-type":"","overlay-color":"","overlay-opacity":"","overlay-gradient":""}}},"product_brand":[],"product_cat":[284],"product_tag":[],"class_list":{"0":"post-21783","1":"product","2":"type-product","3":"status-publish","4":"has-post-thumbnail","6":"product_cat-plc-splitter-pl","7":"desktop-align-left","8":"tablet-align-left","9":"mobile-align-left","10":"ast-product-gallery-layout-vertical","11":"ast-product-gallery-with-no-image","12":"ast-product-tabs-layout-vertical","13":"ast-qv-on-image","15":"first","16":"instock","17":"shipping-taxable","18":"product-type-simple"},"_links":{"self":[{"href":"https:\/\/www.bonelinks.com\/pl\/wp-json\/wp\/v2\/product\/21783","targetHints":{"allow":["GET"]}}],"collection":[{"href":"https:\/\/www.bonelinks.com\/pl\/wp-json\/wp\/v2\/product"}],"about":[{"href":"https:\/\/www.bonelinks.com\/pl\/wp-json\/wp\/v2\/types\/product"}],"version-history":[{"count":2,"href":"https:\/\/www.bonelinks.com\/pl\/wp-json\/wp\/v2\/product\/21783\/revisions"}],"predecessor-version":[{"id":25978,"href":"https:\/\/www.bonelinks.com\/pl\/wp-json\/wp\/v2\/product\/21783\/revisions\/25978"}],"wp:featuredmedia":[{"embeddable":true,"href":"https:\/\/www.bonelinks.com\/pl\/wp-json\/wp\/v2\/media\/15127"}],"wp:attachment":[{"href":"https:\/\/www.bonelinks.com\/pl\/wp-json\/wp\/v2\/media?parent=21783"}],"wp:term":[{"taxonomy":"product_brand","embeddable":true,"href":"https:\/\/www.bonelinks.com\/pl\/wp-json\/wp\/v2\/product_brand?post=21783"},{"taxonomy":"product_cat","embeddable":true,"href":"https:\/\/www.bonelinks.com\/pl\/wp-json\/wp\/v2\/product_cat?post=21783"},{"taxonomy":"product_tag","embeddable":true,"href":"https:\/\/www.bonelinks.com\/pl\/wp-json\/wp\/v2\/product_tag?post=21783"}],"curies":[{"name":"wp","href":"https:\/\/api.w.org\/{rel}","templated":true}]}}