{"id":21782,"date":"2022-11-16T20:08:54","date_gmt":"2022-11-17T04:08:54","guid":{"rendered":"https:\/\/www.bonelinks.com\/product\/ftth-drop-cable-bow-type-access-network-wewnetrzny-kabel-swiatlowodowy\/"},"modified":"2024-02-08T20:26:20","modified_gmt":"2024-02-09T04:26:20","slug":"ftth-drop-cable-bow-type-access-network-indoor-fiber-optic-cable","status":"publish","type":"product","link":"https:\/\/www.bonelinks.com\/pl\/product\/ftth-drop-cable-bow-type-access-network-indoor-fiber-optic-cable\/","title":{"rendered":"FTTH Drop Cable Bow Type Access Network Wewn\u0119trzny kabel \u015bwiat\u0142owodowy"},"content":{"rendered":"<h2 style=\"text-align: left; font-size: 18px;\"><strong>Cechy<\/strong><\/h2>\n<ul>\n<li>Ma\u0142y rozmiar, lekko\u015b\u0107 i kompaktowa konstrukcja. Zastosowano w nim unikaln\u0105 konstrukcj\u0119 rowka 8, a kabel optyczny mo\u017cna odizolowa\u0107 bez u\u017cycia narz\u0119dzi, co jest wygodne w konstrukcji.<\/li>\n<li>Kabel optyczny jest specjalnie zaprojektowany pod wzgl\u0119dem elastyczno\u015bci, co jest odpowiednie dla instalacji wewn\u0119trznych i ko\u0144cowych, w kt\u00f3rych kabel optyczny cz\u0119sto musi by\u0107 zginany.<\/li>\n<li>\u015awiat\u0142ow\u00f3d jest umieszczony pomi\u0119dzy dwoma elementami wzmacniaj\u0105cymi, kt\u00f3re maj\u0105 doskona\u0142\u0105 odporno\u015b\u0107 na nacisk boczny i w\u0142a\u015bciwo\u015bci rozci\u0105gaj\u0105ce.<\/li>\n<li>Kabel \u0142ukowy wykorzystuj\u0105cy niewra\u017cliwy na zginanie \u015bwiat\u0142ow\u00f3d G.657 ma doskona\u0142\u0105 odporno\u015b\u0107 na zginanie i nie wp\u0142ywa na straty transmisji kabla, gdy jest on stosowany w naro\u017cnikach wewn\u0119trznych i ma\u0142ych przestrzeniach.<\/li>\n<li>Os\u0142ona kabla optycznego jest wykonana z materia\u0142u LSZH (low smoke, zero-halogen), kt\u00f3ry spe\u0142nia wymagania dotycz\u0105ce odporno\u015bci na p\u0142omienie dla kabli optycznych u\u017cywanych w pomieszczeniach.<\/li>\n<\/ul>\n<h2 style=\"text-align: left; font-size: 18px;\"><strong>Zastosowanie<\/strong><\/h2>\n<p>FTTH; FTTR; FTTB<\/p>\n<h2 style=\"text-align: left; font-size: 18px;\"><strong>Ochrona<\/strong><\/h2>\n<p>Odporno\u015b\u0107 na promieniowanie UV; Odporno\u015b\u0107 na p\u0142omienie<\/p>\n<h2 style=\"text-align: left; font-size: 18px;\"><strong>Szukasz wi\u0119cej kabli FTTH Drop do wyboru?<\/strong><\/h2>\n<p>Szukasz wi\u0119kszego wyboru kabli FTTH? Sprawd\u017a nasze<a href=\"https:\/\/www.bonelinks.com\/pl\/ftth-drop-cable\/\" target=\"_blank\" rel=\"noopener\"><strong><span style=\"color: #0054a6;\"> Kable \u015bwiat\u0142owodowe FTTH Drop <\/span><\/strong><\/a>dla p\u0142ynnego po\u0142\u0105czenia sieciowego. Je\u015bli potrzebujesz kabli \u015bwiat\u0142owodowych dostosowanych do Twoich potrzeb, zapoznaj si\u0119 z nasz\u0105 ofert\u0105<a href=\"https:\/\/www.bonelinks.com\/pl\/custom-fiber-optic-cables\/\" target=\"_blank\" rel=\"noopener\"><strong><span style=\"color: #0054a6;\"> Niestandardowe kable \u015bwiat\u0142owodowe <\/span><\/strong><\/a>w celu uzyskania spersonalizowanych rozwi\u0105za\u0144 w zakresie \u0142\u0105czno\u015bci.<\/p>\n","protected":false},"excerpt":{"rendered":"<p>Kabel \u015bwiat\u0142owodowy GJXFH typu Bow to sekcja wprowadzaj\u0105ca kabla \u015bwiat\u0142owodowego do doprowadzenia sygna\u0142u optycznego ze skrzynki rozdzielczej mi\u0119dzy budynkami do pomieszczenia klienta. \u0141\u0105czy w sobie cechy wewn\u0119trznego elastycznego kabla \u015bwiat\u0142owodowego, co czyni go najlepszym produktem dla sieci FTTX. Jednostka \u015bwiat\u0142owodowa jest umieszczona po\u015brodku. Dwa r\u00f3wnoleg\u0142e tworzywa sztuczne wzmocnione w\u0142\u00f3knami (FRP) s\u0105 umieszczone po obu stronach. Zastosowano r\u00f3wnie\u017c stalowy drut jako dodatkowy element wzmacniaj\u0105cy. Kabel zako\u0144czony jest czarn\u0105 lub kolorow\u0105 os\u0142on\u0105 LSZH.<\/p>\n","protected":false},"featured_media":13642,"template":"","meta":{"site-sidebar-layout":"default","site-content-layout":"default","ast-site-content-layout":"default","site-content-style":"default","site-sidebar-style":"default","ast-global-header-display":"","ast-banner-title-visibility":"","ast-main-header-display":"","ast-hfb-above-header-display":"","ast-hfb-below-header-display":"","ast-hfb-mobile-header-display":"","site-post-title":"","ast-breadcrumbs-content":"","ast-featured-img":"","footer-sml-layout":"","ast-disable-related-posts":"","theme-transparent-header-meta":"default","adv-header-id-meta":"","stick-header-meta":"default","header-above-stick-meta":"","header-main-stick-meta":"","header-below-stick-meta":"","astra-migrate-meta-layouts":"set","ast-page-background-enabled":"default","ast-page-background-meta":{"desktop":{"background-color":"","background-image":"","background-repeat":"repeat","background-position":"center center","background-size":"auto","background-attachment":"scroll","background-type":"","background-media":"","overlay-type":"","overlay-color":"","overlay-opacity":"","overlay-gradient":""},"tablet":{"background-color":"","background-image":"","background-repeat":"repeat","background-position":"center center","background-size":"auto","background-attachment":"scroll","background-type":"","background-media":"","overlay-type":"","overlay-color":"","overlay-opacity":"","overlay-gradient":""},"mobile":{"background-color":"","background-image":"","background-repeat":"repeat","background-position":"center center","background-size":"auto","background-attachment":"scroll","background-type":"","background-media":"","overlay-type":"","overlay-color":"","overlay-opacity":"","overlay-gradient":""}},"ast-content-background-meta":{"desktop":{"background-color":"var(--ast-global-color-5)","background-image":"","background-repeat":"repeat","background-position":"center center","background-size":"auto","background-attachment":"scroll","background-type":"","background-media":"","overlay-type":"","overlay-color":"","overlay-opacity":"","overlay-gradient":""},"tablet":{"background-color":"var(--ast-global-color-5)","background-image":"","background-repeat":"repeat","background-position":"center center","background-size":"auto","background-attachment":"scroll","background-type":"","background-media":"","overlay-type":"","overlay-color":"","overlay-opacity":"","overlay-gradient":""},"mobile":{"background-color":"var(--ast-global-color-5)","background-image":"","background-repeat":"repeat","background-position":"center center","background-size":"auto","background-attachment":"scroll","background-type":"","background-media":"","overlay-type":"","overlay-color":"","overlay-opacity":"","overlay-gradient":""}}},"product_brand":[],"product_cat":[241,581,242],"product_tag":[],"class_list":{"0":"post-21782","1":"product","2":"type-product","3":"status-publish","4":"has-post-thumbnail","6":"product_cat-ftth-cable-pl","7":"product_cat-lszh-fiber-cable-pl","8":"product_cat-indoor-fiber-optic-cable-pl","9":"desktop-align-left","10":"tablet-align-left","11":"mobile-align-left","12":"ast-product-gallery-layout-vertical","13":"ast-product-gallery-with-no-image","14":"ast-product-tabs-layout-vertical","15":"ast-qv-on-image","17":"first","18":"instock","19":"shipping-taxable","20":"product-type-simple"},"_links":{"self":[{"href":"https:\/\/www.bonelinks.com\/pl\/wp-json\/wp\/v2\/product\/21782","targetHints":{"allow":["GET"]}}],"collection":[{"href":"https:\/\/www.bonelinks.com\/pl\/wp-json\/wp\/v2\/product"}],"about":[{"href":"https:\/\/www.bonelinks.com\/pl\/wp-json\/wp\/v2\/types\/product"}],"version-history":[{"count":3,"href":"https:\/\/www.bonelinks.com\/pl\/wp-json\/wp\/v2\/product\/21782\/revisions"}],"predecessor-version":[{"id":25977,"href":"https:\/\/www.bonelinks.com\/pl\/wp-json\/wp\/v2\/product\/21782\/revisions\/25977"}],"wp:featuredmedia":[{"embeddable":true,"href":"https:\/\/www.bonelinks.com\/pl\/wp-json\/wp\/v2\/media\/13642"}],"wp:attachment":[{"href":"https:\/\/www.bonelinks.com\/pl\/wp-json\/wp\/v2\/media?parent=21782"}],"wp:term":[{"taxonomy":"product_brand","embeddable":true,"href":"https:\/\/www.bonelinks.com\/pl\/wp-json\/wp\/v2\/product_brand?post=21782"},{"taxonomy":"product_cat","embeddable":true,"href":"https:\/\/www.bonelinks.com\/pl\/wp-json\/wp\/v2\/product_cat?post=21782"},{"taxonomy":"product_tag","embeddable":true,"href":"https:\/\/www.bonelinks.com\/pl\/wp-json\/wp\/v2\/product_tag?post=21782"}],"curies":[{"name":"wp","href":"https:\/\/api.w.org\/{rel}","templated":true}]}}