{"id":21781,"date":"2022-11-16T21:27:44","date_gmt":"2022-11-17T05:27:44","guid":{"rendered":"https:\/\/www.bonelinks.com\/product\/kabel-swiatlowodowy-samonosny-kabel-optyczny\/"},"modified":"2024-02-08T20:25:48","modified_gmt":"2024-02-09T04:25:48","slug":"fiber-drop-cable-self-supporting-optical-cable","status":"publish","type":"product","link":"https:\/\/www.bonelinks.com\/pl\/product\/fiber-drop-cable-self-supporting-optical-cable\/","title":{"rendered":"Kabel \u015bwiat\u0142owodowy Samono\u015bny kabel optyczny"},"content":{"rendered":"<h2 style=\"text-align: left; font-size: 18px;\"><strong>Cechy<\/strong><\/h2>\n<ul>\n<li>Dwa r\u00f3wnoleg\u0142e elementy wzmacniaj\u0105ce FRP zapewniaj\u0105 dobr\u0105 odporno\u015b\u0107 na zgniatanie, chroni\u0105c w\u0142\u00f3kna.<\/li>\n<li>Specjalny \u015bwiat\u0142ow\u00f3d o niskiej czu\u0142o\u015bci na zginanie zapewnia wysok\u0105 przepustowo\u015b\u0107 i doskona\u0142e w\u0142a\u015bciwo\u015bci transmisji komunikacyjnej.<\/li>\n<li>Pojedynczy drut stalowy jako dodatkowy element wzmacniaj\u0105cy zapewnia dobr\u0105 wytrzyma\u0142o\u015b\u0107 na rozci\u0105ganie<\/li>\n<li>Prosta konstrukcja, niewielka waga i wysoka praktyczno\u015b\u0107<\/li>\n<li>Nowatorska konstrukcja fletu, \u0142atwe usuwanie i \u0142\u0105czenie, upraszcza instalacj\u0119 i konserwacj\u0119<\/li>\n<li>Os\u0142ona o niskiej emisji dymu, bezhalogenowa i trudnopalna.<\/li>\n<\/ul>\n<h2 style=\"text-align: left; font-size: 18px;\"><strong>Zastosowanie<\/strong><\/h2>\n<p>FTTH; FTTR; FTTB<\/p>\n<h2 style=\"text-align: left; font-size: 18px;\"><strong>Ochrona<\/strong><\/h2>\n<p>Odporno\u015b\u0107 na promieniowanie UV; Odporno\u015b\u0107 na zginanie<\/p>\n<h2 style=\"text-align: left; font-size: 18px;\"><strong>Szukasz wi\u0119cej opcji kabli \u015bwiat\u0142owodowych?<\/strong><\/h2>\n<p>Szukasz wi\u0119kszego wyboru kabli \u015bwiat\u0142owodowych? Sprawd\u017a nasze<a href=\"https:\/\/www.bonelinks.com\/pl\/ftth-drop-cable\/\" target=\"_blank\" rel=\"noopener\"><strong><span style=\"color: #0054a6;\"> Kable \u015bwiat\u0142owodowe <\/span><\/strong><\/a>zapewniaj\u0105ce p\u0142ynne po\u0142\u0105czenie sieciowe. Je\u015bli potrzebujesz kabli \u015bwiat\u0142owodowych dostosowanych do Twoich potrzeb, zapoznaj si\u0119 z nasz\u0105 ofert\u0105<a href=\"https:\/\/www.bonelinks.com\/pl\/custom-fiber-optic-cables\/\" target=\"_blank\" rel=\"noopener\"><strong><span style=\"color: #0054a6;\"> Niestandardowe kable \u015bwiat\u0142owodowe <\/span><\/strong><\/a>w celu uzyskania spersonalizowanych rozwi\u0105za\u0144 w zakresie \u0142\u0105czno\u015bci.<\/p>\n","protected":false},"excerpt":{"rendered":"<p>Samono\u015bny kabel \u015bwiat\u0142owodowy GJYXFCH posiada 2 r\u00f3wnoleg\u0142e elementy wzmacniaj\u0105ce FRP. W por\u00f3wnaniu ze zwyk\u0142ymi samono\u015bnymi kablami optycznymi, element FRP lub drut stalowy jest mocniejszy. Zazwyczaj wykorzystuje on \u015bwiat\u0142ow\u00f3d jednomodowy G652D, G657 lub nawet G655E, aby zwi\u0119kszy\u0107 przepustowo\u015b\u0107 i poprawi\u0107 wydajno\u015b\u0107 transmisji sieciowej. Samono\u015bny kabel spadowy ma unikaln\u0105 konstrukcj\u0119 rowka u\u0142atwiaj\u0105c\u0105 zdejmowanie izolacji i instalacj\u0119 oraz szybkie \u0142\u0105czenie.<\/p>\n","protected":false},"featured_media":13627,"template":"","meta":{"site-sidebar-layout":"default","site-content-layout":"default","ast-site-content-layout":"default","site-content-style":"default","site-sidebar-style":"default","ast-global-header-display":"","ast-banner-title-visibility":"","ast-main-header-display":"","ast-hfb-above-header-display":"","ast-hfb-below-header-display":"","ast-hfb-mobile-header-display":"","site-post-title":"","ast-breadcrumbs-content":"","ast-featured-img":"","footer-sml-layout":"","ast-disable-related-posts":"","theme-transparent-header-meta":"default","adv-header-id-meta":"","stick-header-meta":"default","header-above-stick-meta":"","header-main-stick-meta":"","header-below-stick-meta":"","astra-migrate-meta-layouts":"set","ast-page-background-enabled":"default","ast-page-background-meta":{"desktop":{"background-color":"","background-image":"","background-repeat":"repeat","background-position":"center center","background-size":"auto","background-attachment":"scroll","background-type":"","background-media":"","overlay-type":"","overlay-color":"","overlay-opacity":"","overlay-gradient":""},"tablet":{"background-color":"","background-image":"","background-repeat":"repeat","background-position":"center center","background-size":"auto","background-attachment":"scroll","background-type":"","background-media":"","overlay-type":"","overlay-color":"","overlay-opacity":"","overlay-gradient":""},"mobile":{"background-color":"","background-image":"","background-repeat":"repeat","background-position":"center center","background-size":"auto","background-attachment":"scroll","background-type":"","background-media":"","overlay-type":"","overlay-color":"","overlay-opacity":"","overlay-gradient":""}},"ast-content-background-meta":{"desktop":{"background-color":"var(--ast-global-color-5)","background-image":"","background-repeat":"repeat","background-position":"center center","background-size":"auto","background-attachment":"scroll","background-type":"","background-media":"","overlay-type":"","overlay-color":"","overlay-opacity":"","overlay-gradient":""},"tablet":{"background-color":"var(--ast-global-color-5)","background-image":"","background-repeat":"repeat","background-position":"center center","background-size":"auto","background-attachment":"scroll","background-type":"","background-media":"","overlay-type":"","overlay-color":"","overlay-opacity":"","overlay-gradient":""},"mobile":{"background-color":"var(--ast-global-color-5)","background-image":"","background-repeat":"repeat","background-position":"center center","background-size":"auto","background-attachment":"scroll","background-type":"","background-media":"","overlay-type":"","overlay-color":"","overlay-opacity":"","overlay-gradient":""}}},"product_brand":[],"product_cat":[510,213,241,581],"product_tag":[],"class_list":{"0":"post-21781","1":"product","2":"type-product","3":"status-publish","4":"has-post-thumbnail","6":"product_cat-aerial-fiber-optic-cable-pl","7":"product_cat-outdoor-fiber-optic-cable-pl","8":"product_cat-ftth-cable-pl","9":"product_cat-lszh-fiber-cable-pl","10":"desktop-align-left","11":"tablet-align-left","12":"mobile-align-left","13":"ast-product-gallery-layout-vertical","14":"ast-product-gallery-with-no-image","15":"ast-product-tabs-layout-vertical","16":"ast-qv-on-image","18":"first","19":"instock","20":"shipping-taxable","21":"product-type-simple"},"_links":{"self":[{"href":"https:\/\/www.bonelinks.com\/pl\/wp-json\/wp\/v2\/product\/21781","targetHints":{"allow":["GET"]}}],"collection":[{"href":"https:\/\/www.bonelinks.com\/pl\/wp-json\/wp\/v2\/product"}],"about":[{"href":"https:\/\/www.bonelinks.com\/pl\/wp-json\/wp\/v2\/types\/product"}],"version-history":[{"count":3,"href":"https:\/\/www.bonelinks.com\/pl\/wp-json\/wp\/v2\/product\/21781\/revisions"}],"predecessor-version":[{"id":25975,"href":"https:\/\/www.bonelinks.com\/pl\/wp-json\/wp\/v2\/product\/21781\/revisions\/25975"}],"wp:featuredmedia":[{"embeddable":true,"href":"https:\/\/www.bonelinks.com\/pl\/wp-json\/wp\/v2\/media\/13627"}],"wp:attachment":[{"href":"https:\/\/www.bonelinks.com\/pl\/wp-json\/wp\/v2\/media?parent=21781"}],"wp:term":[{"taxonomy":"product_brand","embeddable":true,"href":"https:\/\/www.bonelinks.com\/pl\/wp-json\/wp\/v2\/product_brand?post=21781"},{"taxonomy":"product_cat","embeddable":true,"href":"https:\/\/www.bonelinks.com\/pl\/wp-json\/wp\/v2\/product_cat?post=21781"},{"taxonomy":"product_tag","embeddable":true,"href":"https:\/\/www.bonelinks.com\/pl\/wp-json\/wp\/v2\/product_tag?post=21781"}],"curies":[{"name":"wp","href":"https:\/\/api.w.org\/{rel}","templated":true}]}}