{"id":21780,"date":"2022-11-16T23:21:41","date_gmt":"2022-11-17T07:21:41","guid":{"rendered":"https:\/\/www.bonelinks.com\/product\/podmorski-bezposrednio-zakopany-opancerzony-kabel-swiatlowodowy\/"},"modified":"2024-02-08T20:25:19","modified_gmt":"2024-02-09T04:25:19","slug":"submarine-direct-buried-armoured-optical-fiber-cable","status":"publish","type":"product","link":"https:\/\/www.bonelinks.com\/pl\/product\/submarine-direct-buried-armoured-optical-fiber-cable\/","title":{"rendered":"Podmorski bezpo\u015brednio zakopany opancerzony kabel \u015bwiat\u0142owodowy"},"content":{"rendered":"<h2 style=\"text-align: left; font-size: 18px;\"><strong>Cechy<\/strong><\/h2>\n<ul>\n<li data-spm-anchor-id=\"a2700.details.0.i18.149537415Q2t4S\">Dobra wydajno\u015b\u0107 mechaniczna i temperaturowa<\/li>\n<li data-spm-anchor-id=\"a2700.details.0.i18.149537415Q2t4S\">Lu\u017ana rurka o wysokiej wytrzyma\u0142o\u015bci, odporna na hydroliz\u0119<\/li>\n<li data-spm-anchor-id=\"a2700.details.0.i18.149537415Q2t4S\">Specjalne mieszanki do wype\u0142niania rur zapewniaj\u0105 krytyczn\u0105 ochron\u0119 w\u0142\u00f3kien<\/li>\n<li data-spm-anchor-id=\"a2700.details.0.i18.149537415Q2t4S\">Odporno\u015b\u0107 na zgniatanie i elastyczno\u015b\u0107<\/li>\n<li data-spm-anchor-id=\"a2700.details.0.i18.149537415Q2t4S\">Doskona\u0142a wodoszczelno\u015b\u0107: Drut stalowy u\u017cyty jako centralny element wytrzyma\u0142o\u015bciowy; Lu\u017ana masa wype\u0142niaj\u0105ca rury; 100% wype\u0142nienie rdzenia kabla; Bariera przeciwwilgociowa APL; PSP zwi\u0119kszaj\u0105ca odporno\u015b\u0107 na wilgo\u0107; Materia\u0142 blokuj\u0105cy wod\u0119<\/li>\n<\/ul>\n<div class=\"elementor-element elementor-element-5ac69eed elementor-widget elementor-widget-text-editor\" data-id=\"5ac69eed\" data-element_type=\"widget\" data-widget_type=\"text-editor.default\">\n<div class=\"elementor-widget-container\">\n<h2 style=\"text-align: left; font-size: 18px;\"><strong>Zastosowanie<\/strong><\/h2>\n<p>Rzeka; P\u0142ytkie wody; Bezpo\u015brednio zakopane<\/p>\n<\/div>\n<\/div>\n<div class=\"elementor-element elementor-element-419c9bb9 elementor-widget elementor-widget-text-editor\" data-id=\"419c9bb9\" data-element_type=\"widget\" data-widget_type=\"text-editor.default\">\n<div class=\"elementor-widget-container\">\n<h2 style=\"text-align: left; font-size: 18px;\"><strong>Szukasz wi\u0119cej opcji kabli \u015bwiat\u0142owodowych?<\/strong><\/h2>\n<p>Szukasz wi\u0119kszego wyboru kabli \u015bwiat\u0142owodowych? Sprawd\u017a nasze<a href=\"https:\/\/www.bonelinks.com\/pl\/submarine-fiber-optic-cable\/\" target=\"_blank\" rel=\"noopener\"><strong><span style=\"color: #0054a6;\"> Podmorskie kable \u015bwiat\u0142owodowe, <\/span><\/strong><\/a><a href=\"https:\/\/www.bonelinks.com\/pl\/direct-buried-fiber-optic-cable\/\" target=\"_blank\" rel=\"noopener\"><strong><span style=\"color: #0054a6;\">Bezpo\u015brednio zakopane kable \u015bwiat\u0142owodowe, <\/span><\/strong><\/a><a href=\"https:\/\/www.bonelinks.com\/pl\/armored-optical-fiber-cable\/\" target=\"_blank\" rel=\"noopener\"><strong><span style=\"color: #0054a6;\">Opancerzone kable \u015bwiat\u0142owodowe <\/span><\/strong><\/a>dla bezproblemowej pracy w sieci. Je\u015bli potrzebujesz kabli \u015bwiat\u0142owodowych dostosowanych do Twoich potrzeb, zapoznaj si\u0119 z nasz\u0105 ofert\u0105<a href=\"https:\/\/www.bonelinks.com\/pl\/custom-fiber-optic-cables\/\" target=\"_blank\" rel=\"noopener\"><strong><span style=\"color: #0054a6;\"> Niestandardowe kable \u015bwiat\u0142owodowe <\/span><\/strong><\/a>w celu uzyskania spersonalizowanych rozwi\u0105za\u0144 w zakresie \u0142\u0105czno\u015bci.<\/p>\n<\/div>\n<\/div>\n","protected":false},"excerpt":{"rendered":"<p>Opancerzony kabel \u015bwiat\u0142owodowy GYTA53 to kabel zewn\u0119trzny z podw\u00f3jnym p\u0142aszczem PE i wzmocnion\u0105 ochron\u0105 pancerza, nadaje si\u0119 do instalacji w trudnych warunkach, w kt\u00f3rych nale\u017cy spodziewa\u0107 si\u0119 mechanicznego uderzenia w kabel. np. w bezpo\u015brednio zakopanej aplikacji. Technologia skr\u0119cania w lu\u017ane tuby sprawia, \u017ce w\u0142\u00f3kna maj\u0105 dobr\u0105 wt\u00f3rn\u0105 nadmiarow\u0105 d\u0142ugo\u015b\u0107 i umo\u017cliwiaj\u0105 swobodny ruch w\u0142\u00f3kien w tubie, co utrzymuje w\u0142\u00f3kna bez napr\u0119\u017ce\u0144, gdy kabel jest poddawany napr\u0119\u017ceniom wzd\u0142u\u017cnym. Pancerz z falistej ta\u015bmy stalowej i podw\u00f3jna os\u0142ona PE zapewniaj\u0105 doskona\u0142\u0105 odporno\u015b\u0107 na zgniatanie i gryzonie. Metalowy element wzmacniaj\u0105cy zapewnia doskona\u0142\u0105 odporno\u015b\u0107 na odkszta\u0142cenia. Rdze\u0144 kabla jest wype\u0142niony wype\u0142niaczem blokuj\u0105cym wod\u0119, dzi\u0119ki czemu nadaje si\u0119 r\u00f3wnie\u017c do zastosowa\u0144 podwodnych.<\/p>\n","protected":false},"featured_media":13602,"template":"","meta":{"site-sidebar-layout":"default","site-content-layout":"default","ast-site-content-layout":"default","site-content-style":"default","site-sidebar-style":"default","ast-global-header-display":"","ast-banner-title-visibility":"","ast-main-header-display":"","ast-hfb-above-header-display":"","ast-hfb-below-header-display":"","ast-hfb-mobile-header-display":"","site-post-title":"","ast-breadcrumbs-content":"","ast-featured-img":"","footer-sml-layout":"","ast-disable-related-posts":"","theme-transparent-header-meta":"default","adv-header-id-meta":"","stick-header-meta":"default","header-above-stick-meta":"","header-main-stick-meta":"","header-below-stick-meta":"","astra-migrate-meta-layouts":"set","ast-page-background-enabled":"default","ast-page-background-meta":{"desktop":{"background-color":"","background-image":"","background-repeat":"repeat","background-position":"center center","background-size":"auto","background-attachment":"scroll","background-type":"","background-media":"","overlay-type":"","overlay-color":"","overlay-opacity":"","overlay-gradient":""},"tablet":{"background-color":"","background-image":"","background-repeat":"repeat","background-position":"center center","background-size":"auto","background-attachment":"scroll","background-type":"","background-media":"","overlay-type":"","overlay-color":"","overlay-opacity":"","overlay-gradient":""},"mobile":{"background-color":"","background-image":"","background-repeat":"repeat","background-position":"center center","background-size":"auto","background-attachment":"scroll","background-type":"","background-media":"","overlay-type":"","overlay-color":"","overlay-opacity":"","overlay-gradient":""}},"ast-content-background-meta":{"desktop":{"background-color":"var(--ast-global-color-5)","background-image":"","background-repeat":"repeat","background-position":"center center","background-size":"auto","background-attachment":"scroll","background-type":"","background-media":"","overlay-type":"","overlay-color":"","overlay-opacity":"","overlay-gradient":""},"tablet":{"background-color":"var(--ast-global-color-5)","background-image":"","background-repeat":"repeat","background-position":"center center","background-size":"auto","background-attachment":"scroll","background-type":"","background-media":"","overlay-type":"","overlay-color":"","overlay-opacity":"","overlay-gradient":""},"mobile":{"background-color":"var(--ast-global-color-5)","background-image":"","background-repeat":"repeat","background-position":"center center","background-size":"auto","background-attachment":"scroll","background-type":"","background-media":"","overlay-type":"","overlay-color":"","overlay-opacity":"","overlay-gradient":""}}},"product_brand":[],"product_cat":[213,525,514,582],"product_tag":[],"class_list":{"0":"post-21780","1":"product","2":"type-product","3":"status-publish","4":"has-post-thumbnail","6":"product_cat-outdoor-fiber-optic-cable-pl","7":"product_cat-direct-buried-fiber-optic-cable-pl","8":"product_cat-armored-optical-fiber-cable-pl","9":"product_cat-submarine-fiber-optic-cable-pl","10":"desktop-align-left","11":"tablet-align-left","12":"mobile-align-left","13":"ast-product-gallery-layout-vertical","14":"ast-product-gallery-with-no-image","15":"ast-product-tabs-layout-vertical","16":"ast-qv-on-image","18":"first","19":"instock","20":"shipping-taxable","21":"product-type-simple"},"_links":{"self":[{"href":"https:\/\/www.bonelinks.com\/pl\/wp-json\/wp\/v2\/product\/21780","targetHints":{"allow":["GET"]}}],"collection":[{"href":"https:\/\/www.bonelinks.com\/pl\/wp-json\/wp\/v2\/product"}],"about":[{"href":"https:\/\/www.bonelinks.com\/pl\/wp-json\/wp\/v2\/types\/product"}],"version-history":[{"count":3,"href":"https:\/\/www.bonelinks.com\/pl\/wp-json\/wp\/v2\/product\/21780\/revisions"}],"predecessor-version":[{"id":25973,"href":"https:\/\/www.bonelinks.com\/pl\/wp-json\/wp\/v2\/product\/21780\/revisions\/25973"}],"wp:featuredmedia":[{"embeddable":true,"href":"https:\/\/www.bonelinks.com\/pl\/wp-json\/wp\/v2\/media\/13602"}],"wp:attachment":[{"href":"https:\/\/www.bonelinks.com\/pl\/wp-json\/wp\/v2\/media?parent=21780"}],"wp:term":[{"taxonomy":"product_brand","embeddable":true,"href":"https:\/\/www.bonelinks.com\/pl\/wp-json\/wp\/v2\/product_brand?post=21780"},{"taxonomy":"product_cat","embeddable":true,"href":"https:\/\/www.bonelinks.com\/pl\/wp-json\/wp\/v2\/product_cat?post=21780"},{"taxonomy":"product_tag","embeddable":true,"href":"https:\/\/www.bonelinks.com\/pl\/wp-json\/wp\/v2\/product_tag?post=21780"}],"curies":[{"name":"wp","href":"https:\/\/api.w.org\/{rel}","templated":true}]}}