{"id":21778,"date":"2022-11-17T00:08:20","date_gmt":"2022-11-17T08:08:20","guid":{"rendered":"https:\/\/www.bonelinks.com\/product\/podwodny-opancerzony-drutem-stalowym-bezposrednio-zakopany-kabel-swiatlowodowy\/"},"modified":"2024-02-08T20:24:08","modified_gmt":"2024-02-09T04:24:08","slug":"underwater-steel-wire-armored-direct-buried-fiber-optic-cable","status":"publish","type":"product","link":"https:\/\/www.bonelinks.com\/pl\/product\/underwater-steel-wire-armored-direct-buried-fiber-optic-cable\/","title":{"rendered":"Podwodny, opancerzony drutem stalowym, bezpo\u015brednio zakopany kabel \u015bwiat\u0142owodowy"},"content":{"rendered":"<h2 style=\"text-align: left; font-size: 18px;\"><strong>Cechy<\/strong><\/h2>\n<ul>\n<li>Struktura blokuj\u0105ca wod\u0119 o pe\u0142nym przekroju zapewnia dobre blokowanie wody i odporno\u015b\u0107 na wilgo\u0107.<\/li>\n<li>Lu\u017ana tuba jest wype\u0142niona specjaln\u0105 ma\u015bci\u0105 dla kluczowej ochrony w\u0142\u00f3kna.<\/li>\n<li>\u015arodkowy element usztywniaj\u0105cy z drutu fosforanowego charakteryzuje si\u0119 wysokim modu\u0142em spr\u0119\u017cysto\u015bci i odporno\u015bci\u0105 na korozj\u0119.<\/li>\n<li>Dwustronnie laminowana, pionowo u\u0142o\u017cona, falista ta\u015bma aluminiowa z cienkim, okr\u0105g\u0142ym pancerzem z drutu stalowego zapewnia odporno\u015b\u0107 mechaniczn\u0105 na \u015bciskanie, rozci\u0105ganie i dzia\u0142anie balistyczne oraz spe\u0142nia wymagania aplikacji do bezpo\u015bredniego zakopywania i uk\u0142adania pod wod\u0105.<\/li>\n<\/ul>\n<div class=\"elementor-element elementor-element-1ebcfb elementor-widget elementor-widget-text-editor\" data-id=\"1ebcfb\" data-element_type=\"widget\" data-widget_type=\"text-editor.default\">\n<div class=\"elementor-widget-container\">\n<h2 style=\"text-align: left; font-size: 18px;\"><strong>Zastosowanie<\/strong><\/h2>\n<p>Rzeka; P\u0142ytkie wody; Bezpo\u015brednio zakopane<\/p>\n<h2 style=\"text-align: left; font-size: 18px;\"><strong>Szukasz wi\u0119cej opcji podmorskich kabli \u015bwiat\u0142owodowych?<\/strong><\/h2>\n<p>Szukasz wi\u0119kszego wyboru podmorskich kabli \u015bwiat\u0142owodowych? Sprawd\u017a nasze<a href=\"https:\/\/www.bonelinks.com\/pl\/submarine-fiber-optic-cable\/\" target=\"_blank\" rel=\"noopener\"><strong><span style=\"color: #0054a6;\"> Podmorskie kable \u015bwiat\u0142owodowe <\/span><\/strong><\/a>dla bezproblemowej pracy w sieci. Je\u015bli potrzebujesz kabli \u015bwiat\u0142owodowych dostosowanych do Twoich potrzeb, zapoznaj si\u0119 z nasz\u0105 ofert\u0105<a href=\"https:\/\/www.bonelinks.com\/pl\/custom-fiber-optic-cables\/\" target=\"_blank\" rel=\"noopener\"><strong><span style=\"color: #0054a6;\"> Niestandardowe kable \u015bwiat\u0142owodowe <\/span><\/strong><\/a>w celu uzyskania spersonalizowanych rozwi\u0105za\u0144 w zakresie \u0142\u0105czno\u015bci.<\/p>\n<\/div>\n<\/div>\n","protected":false},"excerpt":{"rendered":"<p>Kabel \u015bwiat\u0142owodowy z drutu stalowego GYTA33 jest przeznaczony nie tylko do bezpo\u015bredniego zakopywania, wspinaczki i innych trudnych warunk\u00f3w, ale tak\u017ce do uk\u0142adania \u0142\u0105czy komunikacyjnych w p\u0142ytkich rzekach i basenach oceanicznych. Opancerzony kabel \u015bwiat\u0142owodowy GYTA33 jest wykonany w technologii lu\u017anej tuby, kt\u00f3ra zapewnia w\u0142\u00f3knom dobr\u0105 wt\u00f3rn\u0105 nadmiarow\u0105 d\u0142ugo\u015b\u0107 i umo\u017cliwia swobodny ruch w\u0142\u00f3kien w tubie. Dzi\u0119ki tym cechom w\u0142\u00f3kna s\u0105 wolne od napr\u0119\u017ce\u0144, podczas gdy kabel jest poddawany napr\u0119\u017ceniom wzd\u0142u\u017cnym. Optymalna ochrona mechaniczna, taka jak wysoka odporno\u015b\u0107 na rozci\u0105ganie, zgniatanie i uderzenia, jest osi\u0105gana dzi\u0119ki pancerzowi z drutu stalowego i strukturze podw\u00f3jnego p\u0142aszcza.<\/p>\n","protected":false},"featured_media":15167,"template":"","meta":{"site-sidebar-layout":"default","site-content-layout":"default","ast-site-content-layout":"default","site-content-style":"default","site-sidebar-style":"default","ast-global-header-display":"","ast-banner-title-visibility":"","ast-main-header-display":"","ast-hfb-above-header-display":"","ast-hfb-below-header-display":"","ast-hfb-mobile-header-display":"","site-post-title":"","ast-breadcrumbs-content":"","ast-featured-img":"","footer-sml-layout":"","ast-disable-related-posts":"","theme-transparent-header-meta":"default","adv-header-id-meta":"","stick-header-meta":"default","header-above-stick-meta":"","header-main-stick-meta":"","header-below-stick-meta":"","astra-migrate-meta-layouts":"set","ast-page-background-enabled":"default","ast-page-background-meta":{"desktop":{"background-color":"","background-image":"","background-repeat":"repeat","background-position":"center center","background-size":"auto","background-attachment":"scroll","background-type":"","background-media":"","overlay-type":"","overlay-color":"","overlay-opacity":"","overlay-gradient":""},"tablet":{"background-color":"","background-image":"","background-repeat":"repeat","background-position":"center center","background-size":"auto","background-attachment":"scroll","background-type":"","background-media":"","overlay-type":"","overlay-color":"","overlay-opacity":"","overlay-gradient":""},"mobile":{"background-color":"","background-image":"","background-repeat":"repeat","background-position":"center center","background-size":"auto","background-attachment":"scroll","background-type":"","background-media":"","overlay-type":"","overlay-color":"","overlay-opacity":"","overlay-gradient":""}},"ast-content-background-meta":{"desktop":{"background-color":"var(--ast-global-color-5)","background-image":"","background-repeat":"repeat","background-position":"center center","background-size":"auto","background-attachment":"scroll","background-type":"","background-media":"","overlay-type":"","overlay-color":"","overlay-opacity":"","overlay-gradient":""},"tablet":{"background-color":"var(--ast-global-color-5)","background-image":"","background-repeat":"repeat","background-position":"center center","background-size":"auto","background-attachment":"scroll","background-type":"","background-media":"","overlay-type":"","overlay-color":"","overlay-opacity":"","overlay-gradient":""},"mobile":{"background-color":"var(--ast-global-color-5)","background-image":"","background-repeat":"repeat","background-position":"center center","background-size":"auto","background-attachment":"scroll","background-type":"","background-media":"","overlay-type":"","overlay-color":"","overlay-opacity":"","overlay-gradient":""}}},"product_brand":[],"product_cat":[213,525,514,582],"product_tag":[],"class_list":{"0":"post-21778","1":"product","2":"type-product","3":"status-publish","4":"has-post-thumbnail","6":"product_cat-outdoor-fiber-optic-cable-pl","7":"product_cat-direct-buried-fiber-optic-cable-pl","8":"product_cat-armored-optical-fiber-cable-pl","9":"product_cat-submarine-fiber-optic-cable-pl","10":"desktop-align-left","11":"tablet-align-left","12":"mobile-align-left","13":"ast-product-gallery-layout-vertical","14":"ast-product-gallery-with-no-image","15":"ast-product-tabs-layout-vertical","16":"ast-qv-on-image","18":"first","19":"instock","20":"shipping-taxable","21":"product-type-simple"},"_links":{"self":[{"href":"https:\/\/www.bonelinks.com\/pl\/wp-json\/wp\/v2\/product\/21778","targetHints":{"allow":["GET"]}}],"collection":[{"href":"https:\/\/www.bonelinks.com\/pl\/wp-json\/wp\/v2\/product"}],"about":[{"href":"https:\/\/www.bonelinks.com\/pl\/wp-json\/wp\/v2\/types\/product"}],"version-history":[{"count":3,"href":"https:\/\/www.bonelinks.com\/pl\/wp-json\/wp\/v2\/product\/21778\/revisions"}],"predecessor-version":[{"id":25971,"href":"https:\/\/www.bonelinks.com\/pl\/wp-json\/wp\/v2\/product\/21778\/revisions\/25971"}],"wp:featuredmedia":[{"embeddable":true,"href":"https:\/\/www.bonelinks.com\/pl\/wp-json\/wp\/v2\/media\/15167"}],"wp:attachment":[{"href":"https:\/\/www.bonelinks.com\/pl\/wp-json\/wp\/v2\/media?parent=21778"}],"wp:term":[{"taxonomy":"product_brand","embeddable":true,"href":"https:\/\/www.bonelinks.com\/pl\/wp-json\/wp\/v2\/product_brand?post=21778"},{"taxonomy":"product_cat","embeddable":true,"href":"https:\/\/www.bonelinks.com\/pl\/wp-json\/wp\/v2\/product_cat?post=21778"},{"taxonomy":"product_tag","embeddable":true,"href":"https:\/\/www.bonelinks.com\/pl\/wp-json\/wp\/v2\/product_tag?post=21778"}],"curies":[{"name":"wp","href":"https:\/\/api.w.org\/{rel}","templated":true}]}}