{"id":21756,"date":"2022-11-14T17:25:17","date_gmt":"2022-11-15T01:25:17","guid":{"rendered":"https:\/\/www.bonelinks.com\/product\/24-zylowy-kabel-swiatlowodowy-adss\/"},"modified":"2024-02-08T20:30:34","modified_gmt":"2024-02-09T04:30:34","slug":"adss-optical-fiber-cable-24-core","status":"publish","type":"product","link":"https:\/\/www.bonelinks.com\/pl\/product\/adss-optical-fiber-cable-24-core\/","title":{"rendered":"24-\u017cy\u0142owy kabel \u015bwiat\u0142owodowy ADSS"},"content":{"rendered":"<h1 style=\"text-align: left; font-size: 18px;\"><strong>Maksymalizacja \u0142\u0105czno\u015bci dzi\u0119ki 24-\u017cy\u0142owemu kablowi \u015bwiat\u0142owodowemu ADSS<\/strong><\/h1>\n<p>24-\u017cy\u0142owy kabel \u015bwiat\u0142owodowy ADSS to rozwi\u0105zanie o wysokiej przepustowo\u015bci przeznaczone dla sieci telekomunikacyjnych. Dzi\u0119ki 24 rdzeniom \u015bwiat\u0142owodowym oferuje doskona\u0142\u0105 przepustowo\u015b\u0107, dzi\u0119ki czemu idealnie nadaje si\u0119 do zastosowa\u0144 wymagaj\u0105cych niezawodnej i wydajnej transmisji danych na du\u017ce odleg\u0142o\u015bci. Jego samono\u015bna konstrukcja upraszcza instalacj\u0119 na s\u0142upach napowietrznych, a jego trwa\u0142o\u015b\u0107 zapewnia d\u0142ugotrwa\u0142\u0105 wydajno\u015b\u0107 w r\u00f3\u017cnych \u015brodowiskach.<\/p>\n<h2 style=\"text-align: left; font-size: 18px;\"><strong>Cechy<\/strong><\/h2>\n<ul>\n<li>Wi\u0119ksza liczba w\u0142\u00f3kien: Mo\u017ce pomie\u015bci\u0107 24 pojedyncze w\u0142\u00f3kna \u015bwiat\u0142owodowe w pojedynczej strukturze kablowej, zapewniaj\u0105c wi\u0119ksz\u0105 przepustowo\u015b\u0107 transmisji danych i \u0142\u0105czno\u015bci.<\/li>\n<li>Zwi\u0119kszona przepustowo\u015b\u0107: Wi\u0119ksza liczba w\u0142\u00f3kien pozwala na zwi\u0119kszenie przepustowo\u015bci, dzi\u0119ki czemu nadaje si\u0119 do zastosowa\u0144 o du\u017cym zapotrzebowaniu na dane.<\/li>\n<li>Samono\u015bna konstrukcja: Konstrukcja ADSS eliminuje potrzeb\u0119 stosowania dodatkowych wspornik\u00f3w, upraszczaj\u0105c instalacj\u0119 na s\u0142upach napowietrznych.<\/li>\n<li>Transmisja na du\u017ce odleg\u0142o\u015bci: Kabel zosta\u0142 zaprojektowany tak, aby zapewni\u0107 wydajn\u0105 transmisj\u0119 danych na du\u017ce odleg\u0142o\u015bci, wspieraj\u0105c \u0142\u0105czno\u015b\u0107 w du\u017cych sieciach.<\/li>\n<li>Trwa\u0142o\u015b\u0107: Materia\u0142y i konstrukcja kabla zapewniaj\u0105 odporno\u015b\u0107 na czynniki \u015brodowiskowe, takie jak promieniowanie UV i trudne warunki pogodowe, zapewniaj\u0105c d\u0142ugotrwa\u0142\u0105 niezawodno\u015b\u0107.<\/li>\n<\/ul>\n<h2 style=\"text-align: left; font-size: 18px;\"><strong>Ochrona<\/strong><\/h2>\n<p>Odporno\u015b\u0107 na promieniowanie UV; odporno\u015b\u0107 na wysokie i niskie temperatury; odporno\u015b\u0107 na oblodzenie<\/p>\n<h2 style=\"text-align: left; font-size: 18px;\"><strong>Zastosowanie<\/strong><\/h2>\n<ul>\n<li>Komunikacja na du\u017ce odleg\u0142o\u015bci: Kabel nadaje si\u0119 do d\u0142ugodystansowych sieci komunikacyjnych, zapewniaj\u0105c szybk\u0105 transmisj\u0119 danych na du\u017ce odleg\u0142o\u015bci.<\/li>\n<li>Sieci szkieletowe: S\u0142u\u017cy jako infrastruktura szkieletowa w sieciach telekomunikacyjnych, \u0142\u0105cz\u0105c wiele lokalizacji i u\u0142atwiaj\u0105c przesy\u0142anie danych mi\u0119dzy nimi.<\/li>\n<li>Obszary miejskie o du\u017cej g\u0119sto\u015bci zaludnienia: W g\u0119sto zaludnionych obszarach kabel zaspokaja zapotrzebowanie na zwi\u0119kszon\u0105 przepustowo\u015b\u0107 i \u0142\u0105czno\u015b\u0107 w zastosowaniach takich jak \u015bwiat\u0142ow\u00f3d do domu (FTTH) lub \u015bwiat\u0142ow\u00f3d do budynku (FTTB).<\/li>\n<li>Sieci kampusowe: Jest wykorzystywany w instytucjach edukacyjnych, kampusach korporacyjnych lub obiektach rz\u0105dowych do tworzenia infrastruktury sieciowej o wysokiej przepustowo\u015bci \u0142\u0105cz\u0105cej r\u00f3\u017cne budynki i lokalizacje.<\/li>\n<li>Sieci metropolitalne: Kabel jest wdra\u017cany w obszarach metropolitalnych w celu zapewnienia niezawodnej i szybkiej \u0142\u0105czno\u015bci dla firm, obszar\u00f3w mieszkalnych i instytucji publicznych.<\/li>\n<\/ul>\n<h2 style=\"text-align: left; font-size: 18px;\"><strong>Szukasz wi\u0119cej kabli \u015bwiat\u0142owodowych ADSS?<\/strong><\/h2>\n<p>Szukasz wi\u0119kszego wyboru kabli \u015bwiat\u0142owodowych ADSS? Sprawd\u017a nasze<a href=\"https:\/\/www.bonelinks.com\/pl\/adss-fiber-optic-cable\/\" target=\"_blank\" rel=\"noopener\"><strong><span style=\"color: #0054a6;\"> Kable \u015bwiat\u0142owodowe ADSS <\/span><\/strong><\/a>dla bezproblemowej pracy w sieci. Je\u015bli potrzebujesz kabli \u015bwiat\u0142owodowych dostosowanych do Twoich potrzeb, zapoznaj si\u0119 z nasz\u0105 ofert\u0105<a href=\"https:\/\/www.bonelinks.com\/pl\/custom-fiber-optic-cables\/\" target=\"_blank\" rel=\"noopener\"><strong><span style=\"color: #0054a6;\"> Niestandardowe kable \u015bwiat\u0142owodowe <\/span><\/strong><\/a>w celu uzyskania spersonalizowanych rozwi\u0105za\u0144 w zakresie \u0142\u0105czno\u015bci.<\/p>\n","protected":false},"excerpt":{"rendered":"<p>24-\u017cy\u0142owy kabel \u015bwiat\u0142owodowy ADSS to samono\u015bne rozwi\u0105zanie przeznaczone dla sieci telekomunikacyjnych. Dzi\u0119ki mo\u017cliwo\u015bci umieszczenia 24 pojedynczych w\u0142\u00f3kien \u015bwiat\u0142owodowych w jednej strukturze, zapewnia on \u0142\u0105czno\u015b\u0107 o wysokiej przepustowo\u015bci dla wymagaj\u0105cych aplikacji. Kabel ten jest idealny do zastosowa\u0144 wymagaj\u0105cych wysokiej przepustowo\u015bci, oferuj\u0105c niezawodn\u0105 i wydajn\u0105 transmisj\u0119 danych na du\u017ce odleg\u0142o\u015bci. Samono\u015bna konstrukcja eliminuje potrzeb\u0119 stosowania dodatkowego sprz\u0119tu, upraszczaj\u0105c instalacj\u0119 na istniej\u0105cych s\u0142upach napowietrznych. 24-\u017cy\u0142owy kabel \u015bwiat\u0142owodowy ADSS zapewnia solidn\u0105 i skalowaln\u0105 \u0142\u0105czno\u015b\u0107 dla infrastruktury telekomunikacyjnej.<\/p>\n","protected":false},"featured_media":15532,"template":"","meta":{"site-sidebar-layout":"default","site-content-layout":"default","ast-site-content-layout":"default","site-content-style":"default","site-sidebar-style":"default","ast-global-header-display":"","ast-banner-title-visibility":"","ast-main-header-display":"","ast-hfb-above-header-display":"","ast-hfb-below-header-display":"","ast-hfb-mobile-header-display":"","site-post-title":"","ast-breadcrumbs-content":"","ast-featured-img":"","footer-sml-layout":"","ast-disable-related-posts":"","theme-transparent-header-meta":"default","adv-header-id-meta":"","stick-header-meta":"default","header-above-stick-meta":"","header-main-stick-meta":"","header-below-stick-meta":"","astra-migrate-meta-layouts":"set","ast-page-background-enabled":"default","ast-page-background-meta":{"desktop":{"background-color":"","background-image":"","background-repeat":"repeat","background-position":"center center","background-size":"auto","background-attachment":"scroll","background-type":"","background-media":"","overlay-type":"","overlay-color":"","overlay-opacity":"","overlay-gradient":""},"tablet":{"background-color":"","background-image":"","background-repeat":"repeat","background-position":"center center","background-size":"auto","background-attachment":"scroll","background-type":"","background-media":"","overlay-type":"","overlay-color":"","overlay-opacity":"","overlay-gradient":""},"mobile":{"background-color":"","background-image":"","background-repeat":"repeat","background-position":"center center","background-size":"auto","background-attachment":"scroll","background-type":"","background-media":"","overlay-type":"","overlay-color":"","overlay-opacity":"","overlay-gradient":""}},"ast-content-background-meta":{"desktop":{"background-color":"var(--ast-global-color-5)","background-image":"","background-repeat":"repeat","background-position":"center center","background-size":"auto","background-attachment":"scroll","background-type":"","background-media":"","overlay-type":"","overlay-color":"","overlay-opacity":"","overlay-gradient":""},"tablet":{"background-color":"var(--ast-global-color-5)","background-image":"","background-repeat":"repeat","background-position":"center center","background-size":"auto","background-attachment":"scroll","background-type":"","background-media":"","overlay-type":"","overlay-color":"","overlay-opacity":"","overlay-gradient":""},"mobile":{"background-color":"var(--ast-global-color-5)","background-image":"","background-repeat":"repeat","background-position":"center center","background-size":"auto","background-attachment":"scroll","background-type":"","background-media":"","overlay-type":"","overlay-color":"","overlay-opacity":"","overlay-gradient":""}}},"product_brand":[],"product_cat":[510,213,549],"product_tag":[],"class_list":{"0":"post-21756","1":"product","2":"type-product","3":"status-publish","4":"has-post-thumbnail","6":"product_cat-aerial-fiber-optic-cable-pl","7":"product_cat-outdoor-fiber-optic-cable-pl","8":"product_cat-adss-fiber-optic-cable-pl","9":"desktop-align-left","10":"tablet-align-left","11":"mobile-align-left","12":"ast-product-gallery-layout-vertical","13":"ast-product-gallery-with-no-image","14":"ast-product-tabs-layout-vertical","15":"ast-qv-on-image","17":"first","18":"instock","19":"shipping-taxable","20":"product-type-simple"},"_links":{"self":[{"href":"https:\/\/www.bonelinks.com\/pl\/wp-json\/wp\/v2\/product\/21756","targetHints":{"allow":["GET"]}}],"collection":[{"href":"https:\/\/www.bonelinks.com\/pl\/wp-json\/wp\/v2\/product"}],"about":[{"href":"https:\/\/www.bonelinks.com\/pl\/wp-json\/wp\/v2\/types\/product"}],"version-history":[{"count":3,"href":"https:\/\/www.bonelinks.com\/pl\/wp-json\/wp\/v2\/product\/21756\/revisions"}],"predecessor-version":[{"id":25984,"href":"https:\/\/www.bonelinks.com\/pl\/wp-json\/wp\/v2\/product\/21756\/revisions\/25984"}],"wp:featuredmedia":[{"embeddable":true,"href":"https:\/\/www.bonelinks.com\/pl\/wp-json\/wp\/v2\/media\/15532"}],"wp:attachment":[{"href":"https:\/\/www.bonelinks.com\/pl\/wp-json\/wp\/v2\/media?parent=21756"}],"wp:term":[{"taxonomy":"product_brand","embeddable":true,"href":"https:\/\/www.bonelinks.com\/pl\/wp-json\/wp\/v2\/product_brand?post=21756"},{"taxonomy":"product_cat","embeddable":true,"href":"https:\/\/www.bonelinks.com\/pl\/wp-json\/wp\/v2\/product_cat?post=21756"},{"taxonomy":"product_tag","embeddable":true,"href":"https:\/\/www.bonelinks.com\/pl\/wp-json\/wp\/v2\/product_tag?post=21756"}],"curies":[{"name":"wp","href":"https:\/\/api.w.org\/{rel}","templated":true}]}}