{"id":21731,"date":"2022-11-17T17:49:56","date_gmt":"2022-11-18T01:49:56","guid":{"rendered":"https:\/\/www.bonelinks.com\/product\/antenowy-kabel-swiatlowodowy-unitube-pancerny-kabel-z-rysunkiem-8\/"},"modified":"2024-02-08T20:22:09","modified_gmt":"2024-02-09T04:22:09","slug":"aerial-fiber-optic-cable-unitube-armored-figure-8-cable","status":"publish","type":"product","link":"https:\/\/www.bonelinks.com\/pl\/product\/aerial-fiber-optic-cable-unitube-armored-figure-8-cable\/","title":{"rendered":"Antenowy kabel \u015bwiat\u0142owodowy Unitube Pancerny kabel z rysunkiem 8"},"content":{"rendered":"<h2 style=\"text-align: left; font-size: 18px;\"><strong>Cechy<\/strong><\/h2>\n<ul>\n<li>Lu\u017ana konstrukcja wype\u0142niona \u017celem zapewnia doskona\u0142\u0105 ochron\u0119 w\u0142\u00f3kien<\/li>\n<li>Pancerz CST chroni\u0105cy kabel przed atakiem gryzoni i uszkodzeniami mechanicznymi<\/li>\n<li>Niska dyspersja i t\u0142umienie<\/li>\n<li>Zwarta konstrukcja i lekko\u015b\u0107, elastyczno\u015b\u0107 i dobra odporno\u015b\u0107 na zginanie<\/li>\n<li>Ma\u0142a \u015brednica kabla, niewielka waga kabla, samono\u015bno\u015b\u0107<\/li>\n<\/ul>\n<h2 style=\"text-align: left; font-size: 18px;\"><strong>Zastosowanie<\/strong><\/h2>\n<p>FTTH; FTTB; Podwieszanie<\/p>\n<h2 style=\"text-align: left; font-size: 18px;\"><strong>Ochrona<\/strong><\/h2>\n<p>Odporno\u015b\u0107 na promieniowanie UV; Wodoodporno\u015b\u0107; Odporno\u015b\u0107 na wysokie temperatury<\/p>\n<h2 style=\"text-align: left; font-size: 18px;\"><strong>Szukasz wi\u0119cej opcji kabli \u015bwiat\u0142owodowych?<\/strong><\/h2>\n<p>Szukasz wi\u0119kszego wyboru kabli \u015bwiat\u0142owodowych? Sprawd\u017a nasze<a href=\"https:\/\/www.bonelinks.com\/pl\/aerial-fiber-optic-cable\/\" target=\"_blank\" rel=\"noopener\"><strong><span style=\"color: #0054a6;\"> Kable \u015bwiat\u0142owodowe<\/span><\/strong><\/a>, <span style=\"color: #0054a6;\"><a style=\"color: #0054a6;\" href=\"https:\/\/www.bonelinks.com\/pl\/figure-8-fiber-optic-cable\/\" target=\"_blank\" rel=\"noopener\"><strong>Kabel \u015bwiat\u0142owodowy Figure 8 <\/strong><\/a><\/span>do bezproblemowego tworzenia sieci. Je\u015bli potrzebujesz kabli \u015bwiat\u0142owodowych dostosowanych do Twoich potrzeb, zapoznaj si\u0119 z nasz\u0105 ofert\u0105<a href=\"https:\/\/www.bonelinks.com\/pl\/custom-fiber-optic-cables\/\" target=\"_blank\" rel=\"noopener\"><strong><span style=\"color: #0054a6;\"> Niestandardowe kable \u015bwiat\u0142owodowe <\/span><\/strong><\/a>w celu uzyskania spersonalizowanych rozwi\u0105za\u0144 w zakresie \u0142\u0105czno\u015bci.<\/p>\n","protected":false},"excerpt":{"rendered":"<p>Kabel \u015bwiat\u0142owodowy GYXTC8S Figure 8 to kabel \u015bwiat\u0142owodowy typu napowietrznego z wi\u0105zk\u0105 centraln\u0105, zaprojektowany i wyprodukowany specjalnie dla ma\u0142ej liczby w\u0119z\u0142\u00f3w dost\u0119powych i kr\u00f3tkiej odleg\u0142o\u015bci zawieszenia. Ten powietrzny kabel \u015bwiat\u0142owodowy jest jednym z pierwszych kabli branych pod uwag\u0119 w projektach komunikacji sieciowej w odleg\u0142ych obszarach, gdzie liczba u\u017cytkownik\u00f3w jest niewielka, a koszty budowy i uk\u0142adania musz\u0105 by\u0107 kontrolowane. Opancerzony kabel \u015bwiat\u0142owodowy Figure 8 zosta\u0142 zaprojektowany i wyprodukowany przez Bonelinks z co najmniej 2 rdzeniami i maksymalnie 24 rdzeniami i jest zaprojektowany tak, aby wytrzyma\u0107 nie tylko sw\u00f3j w\u0142asny ci\u0119\u017car, ale tak\u017ce skrzynk\u0119 \u015bwiat\u0142owodow\u0105 zawieszon\u0105 na kablu.<\/p>\n","protected":false},"featured_media":15172,"template":"","meta":{"site-sidebar-layout":"default","site-content-layout":"default","ast-site-content-layout":"default","site-content-style":"default","site-sidebar-style":"default","ast-global-header-display":"","ast-banner-title-visibility":"","ast-main-header-display":"","ast-hfb-above-header-display":"","ast-hfb-below-header-display":"","ast-hfb-mobile-header-display":"","site-post-title":"","ast-breadcrumbs-content":"","ast-featured-img":"","footer-sml-layout":"","ast-disable-related-posts":"","theme-transparent-header-meta":"default","adv-header-id-meta":"","stick-header-meta":"default","header-above-stick-meta":"","header-main-stick-meta":"","header-below-stick-meta":"","astra-migrate-meta-layouts":"set","ast-page-background-enabled":"default","ast-page-background-meta":{"desktop":{"background-color":"","background-image":"","background-repeat":"repeat","background-position":"center center","background-size":"auto","background-attachment":"scroll","background-type":"","background-media":"","overlay-type":"","overlay-color":"","overlay-opacity":"","overlay-gradient":""},"tablet":{"background-color":"","background-image":"","background-repeat":"repeat","background-position":"center center","background-size":"auto","background-attachment":"scroll","background-type":"","background-media":"","overlay-type":"","overlay-color":"","overlay-opacity":"","overlay-gradient":""},"mobile":{"background-color":"","background-image":"","background-repeat":"repeat","background-position":"center center","background-size":"auto","background-attachment":"scroll","background-type":"","background-media":"","overlay-type":"","overlay-color":"","overlay-opacity":"","overlay-gradient":""}},"ast-content-background-meta":{"desktop":{"background-color":"var(--ast-global-color-5)","background-image":"","background-repeat":"repeat","background-position":"center center","background-size":"auto","background-attachment":"scroll","background-type":"","background-media":"","overlay-type":"","overlay-color":"","overlay-opacity":"","overlay-gradient":""},"tablet":{"background-color":"var(--ast-global-color-5)","background-image":"","background-repeat":"repeat","background-position":"center center","background-size":"auto","background-attachment":"scroll","background-type":"","background-media":"","overlay-type":"","overlay-color":"","overlay-opacity":"","overlay-gradient":""},"mobile":{"background-color":"var(--ast-global-color-5)","background-image":"","background-repeat":"repeat","background-position":"center center","background-size":"auto","background-attachment":"scroll","background-type":"","background-media":"","overlay-type":"","overlay-color":"","overlay-opacity":"","overlay-gradient":""}}},"product_brand":[],"product_cat":[510,213,514,586],"product_tag":[],"class_list":{"0":"post-21731","1":"product","2":"type-product","3":"status-publish","4":"has-post-thumbnail","6":"product_cat-aerial-fiber-optic-cable-pl","7":"product_cat-outdoor-fiber-optic-cable-pl","8":"product_cat-armored-optical-fiber-cable-pl","9":"product_cat-figure-8-fiber-optic-cable-pl","10":"desktop-align-left","11":"tablet-align-left","12":"mobile-align-left","13":"ast-product-gallery-layout-vertical","14":"ast-product-gallery-with-no-image","15":"ast-product-tabs-layout-vertical","16":"ast-qv-on-image","18":"first","19":"instock","20":"shipping-taxable","21":"product-type-simple"},"_links":{"self":[{"href":"https:\/\/www.bonelinks.com\/pl\/wp-json\/wp\/v2\/product\/21731","targetHints":{"allow":["GET"]}}],"collection":[{"href":"https:\/\/www.bonelinks.com\/pl\/wp-json\/wp\/v2\/product"}],"about":[{"href":"https:\/\/www.bonelinks.com\/pl\/wp-json\/wp\/v2\/types\/product"}],"version-history":[{"count":3,"href":"https:\/\/www.bonelinks.com\/pl\/wp-json\/wp\/v2\/product\/21731\/revisions"}],"predecessor-version":[{"id":25968,"href":"https:\/\/www.bonelinks.com\/pl\/wp-json\/wp\/v2\/product\/21731\/revisions\/25968"}],"wp:featuredmedia":[{"embeddable":true,"href":"https:\/\/www.bonelinks.com\/pl\/wp-json\/wp\/v2\/media\/15172"}],"wp:attachment":[{"href":"https:\/\/www.bonelinks.com\/pl\/wp-json\/wp\/v2\/media?parent=21731"}],"wp:term":[{"taxonomy":"product_brand","embeddable":true,"href":"https:\/\/www.bonelinks.com\/pl\/wp-json\/wp\/v2\/product_brand?post=21731"},{"taxonomy":"product_cat","embeddable":true,"href":"https:\/\/www.bonelinks.com\/pl\/wp-json\/wp\/v2\/product_cat?post=21731"},{"taxonomy":"product_tag","embeddable":true,"href":"https:\/\/www.bonelinks.com\/pl\/wp-json\/wp\/v2\/product_tag?post=21731"}],"curies":[{"name":"wp","href":"https:\/\/api.w.org\/{rel}","templated":true}]}}