{"id":21730,"date":"2022-11-17T18:14:20","date_gmt":"2022-11-18T02:14:20","guid":{"rendered":"https:\/\/www.bonelinks.com\/product\/kabel-swiatlowodowy-antenowy-skretka-niemetaliczna-kabel-w-podwojnej-oslonie\/"},"modified":"2024-02-08T20:21:23","modified_gmt":"2024-02-09T04:21:23","slug":"aerial-fiber-optic-cable-stranded-non-metallic-double-sheath-cable","status":"publish","type":"product","link":"https:\/\/www.bonelinks.com\/pl\/product\/aerial-fiber-optic-cable-stranded-non-metallic-double-sheath-cable\/","title":{"rendered":"Kabel \u015bwiat\u0142owodowy antenowy Skr\u0119tka niemetaliczna Kabel w podw\u00f3jnej os\u0142onie"},"content":{"rendered":"<h2 style=\"text-align: left; font-size: 18px;\"><strong>Cechy<\/strong><\/h2>\n<ul>\n<li>Niemetalowa konstrukcja do instalacji antenowej<\/li>\n<li>Specjalne mieszanki do wype\u0142niania rur zapewniaj\u0105 krytyczn\u0105 ochron\u0119 w\u0142\u00f3kien<\/li>\n<li><span class=\"g-b3pt2span2\">Element wzmacniaj\u0105cy z prz\u0119dzy aramidowej zapewnia dobr\u0105 wytrzyma\u0142o\u015b\u0107 na rozci\u0105ganie<\/span><\/li>\n<li><span class=\"g-b3pt2span2\">Lu\u017ana rurka o wysokiej wytrzyma\u0142o\u015bci, odporna na hydroliz\u0119<\/span><\/li>\n<li><span class=\"g-b3pt2span2\">Masa wype\u0142niaj\u0105ca do lu\u017anych tubek<\/span><\/li>\n<li><span style=\"font-size: 16px;\">Odporno\u015b\u0107 na zgniatanie i elastyczno\u015b\u0107<\/span><\/li>\n<li>Dobra wydajno\u015b\u0107 mechaniczna i temperaturowa<\/li>\n<\/ul>\n<h2 style=\"text-align: left; font-size: 18px;\"><strong>Zastosowanie<\/strong><\/h2>\n<p>Bezpo\u015bredni poch\u00f3wek w \u015brodowisku mokrym; Zawieszenie antenowe<\/p>\n<h2 style=\"text-align: left; font-size: 18px;\"><strong>Ochrona<\/strong><\/h2>\n<p>Odporno\u015b\u0107 na promieniowanie UV, wodoodporno\u015b\u0107; odporno\u015b\u0107 na wysokie temperatury<\/p>\n<h2 style=\"text-align: left; font-size: 18px;\"><strong>Szukasz wi\u0119cej opcji kabli \u015bwiat\u0142owodowych?<\/strong><\/h2>\n<p>Szukasz wi\u0119kszego wyboru kabli \u015bwiat\u0142owodowych? Sprawd\u017a nasze<a href=\"https:\/\/www.bonelinks.com\/pl\/aerial-fiber-optic-cable\/\" target=\"_blank\" rel=\"noopener\"><strong><span style=\"color: #0054a6;\"> Kable \u015bwiat\u0142owodowe <\/span><\/strong><\/a>zapewniaj\u0105ce p\u0142ynne po\u0142\u0105czenie sieciowe. Je\u015bli potrzebujesz kabli \u015bwiat\u0142owodowych dostosowanych do Twoich potrzeb, zapoznaj si\u0119 z nasz\u0105 ofert\u0105<a href=\"https:\/\/www.bonelinks.com\/pl\/custom-fiber-optic-cables\/\" target=\"_blank\" rel=\"noopener\"><strong><span style=\"color: #0054a6;\"> Niestandardowe kable \u015bwiat\u0142owodowe <\/span><\/strong><\/a>w celu uzyskania spersonalizowanych rozwi\u0105za\u0144 w zakresie \u0142\u0105czno\u015bci.<\/p>\n","protected":false},"excerpt":{"rendered":"<p>Antenowy kabel \u015bwiat\u0142owodowy GYHTY to zewn\u0119trzny kabel w podw\u00f3jnym p\u0142aszczu PE z niemetalicznym wzmocnionym rdzeniem. Konstrukcja z podw\u00f3jnym p\u0142aszczem sprawia, \u017ce skr\u0119tka GYHTY nadaje si\u0119 do napowietrznych i podziemnych zastosowa\u0144 bezpo\u015bredniego zakopywania w kr\u00f3tkodystansowych odcinkach linii szkieletowych. Jednak laminowana zwarta struktura formuj\u0105ca pozwala na umieszczenie w kablu tylko 6 lu\u017anych tulei, ka\u017cda lu\u017ana tuleja mie\u015bci 6 w\u0142\u00f3kien, wi\u0119c minimalna liczba rdzeni lotniczego kabla \u015bwiat\u0142owodowego GYHTY wynosi 4, a maksymalna liczba rdzeni wynosi 36.<\/p>\n","protected":false},"featured_media":13322,"template":"","meta":{"site-sidebar-layout":"default","site-content-layout":"default","ast-site-content-layout":"default","site-content-style":"default","site-sidebar-style":"default","ast-global-header-display":"","ast-banner-title-visibility":"","ast-main-header-display":"","ast-hfb-above-header-display":"","ast-hfb-below-header-display":"","ast-hfb-mobile-header-display":"","site-post-title":"","ast-breadcrumbs-content":"","ast-featured-img":"","footer-sml-layout":"","ast-disable-related-posts":"","theme-transparent-header-meta":"default","adv-header-id-meta":"","stick-header-meta":"default","header-above-stick-meta":"","header-main-stick-meta":"","header-below-stick-meta":"","astra-migrate-meta-layouts":"set","ast-page-background-enabled":"default","ast-page-background-meta":{"desktop":{"background-color":"","background-image":"","background-repeat":"repeat","background-position":"center center","background-size":"auto","background-attachment":"scroll","background-type":"","background-media":"","overlay-type":"","overlay-color":"","overlay-opacity":"","overlay-gradient":""},"tablet":{"background-color":"","background-image":"","background-repeat":"repeat","background-position":"center center","background-size":"auto","background-attachment":"scroll","background-type":"","background-media":"","overlay-type":"","overlay-color":"","overlay-opacity":"","overlay-gradient":""},"mobile":{"background-color":"","background-image":"","background-repeat":"repeat","background-position":"center center","background-size":"auto","background-attachment":"scroll","background-type":"","background-media":"","overlay-type":"","overlay-color":"","overlay-opacity":"","overlay-gradient":""}},"ast-content-background-meta":{"desktop":{"background-color":"var(--ast-global-color-5)","background-image":"","background-repeat":"repeat","background-position":"center center","background-size":"auto","background-attachment":"scroll","background-type":"","background-media":"","overlay-type":"","overlay-color":"","overlay-opacity":"","overlay-gradient":""},"tablet":{"background-color":"var(--ast-global-color-5)","background-image":"","background-repeat":"repeat","background-position":"center center","background-size":"auto","background-attachment":"scroll","background-type":"","background-media":"","overlay-type":"","overlay-color":"","overlay-opacity":"","overlay-gradient":""},"mobile":{"background-color":"var(--ast-global-color-5)","background-image":"","background-repeat":"repeat","background-position":"center center","background-size":"auto","background-attachment":"scroll","background-type":"","background-media":"","overlay-type":"","overlay-color":"","overlay-opacity":"","overlay-gradient":""}}},"product_brand":[],"product_cat":[510,213],"product_tag":[],"class_list":{"0":"post-21730","1":"product","2":"type-product","3":"status-publish","4":"has-post-thumbnail","6":"product_cat-aerial-fiber-optic-cable-pl","7":"product_cat-outdoor-fiber-optic-cable-pl","8":"desktop-align-left","9":"tablet-align-left","10":"mobile-align-left","11":"ast-product-gallery-layout-vertical","12":"ast-product-gallery-with-no-image","13":"ast-product-tabs-layout-vertical","14":"ast-qv-on-image","16":"first","17":"instock","18":"shipping-taxable","19":"product-type-simple"},"_links":{"self":[{"href":"https:\/\/www.bonelinks.com\/pl\/wp-json\/wp\/v2\/product\/21730","targetHints":{"allow":["GET"]}}],"collection":[{"href":"https:\/\/www.bonelinks.com\/pl\/wp-json\/wp\/v2\/product"}],"about":[{"href":"https:\/\/www.bonelinks.com\/pl\/wp-json\/wp\/v2\/types\/product"}],"version-history":[{"count":2,"href":"https:\/\/www.bonelinks.com\/pl\/wp-json\/wp\/v2\/product\/21730\/revisions"}],"predecessor-version":[{"id":25966,"href":"https:\/\/www.bonelinks.com\/pl\/wp-json\/wp\/v2\/product\/21730\/revisions\/25966"}],"wp:featuredmedia":[{"embeddable":true,"href":"https:\/\/www.bonelinks.com\/pl\/wp-json\/wp\/v2\/media\/13322"}],"wp:attachment":[{"href":"https:\/\/www.bonelinks.com\/pl\/wp-json\/wp\/v2\/media?parent=21730"}],"wp:term":[{"taxonomy":"product_brand","embeddable":true,"href":"https:\/\/www.bonelinks.com\/pl\/wp-json\/wp\/v2\/product_brand?post=21730"},{"taxonomy":"product_cat","embeddable":true,"href":"https:\/\/www.bonelinks.com\/pl\/wp-json\/wp\/v2\/product_cat?post=21730"},{"taxonomy":"product_tag","embeddable":true,"href":"https:\/\/www.bonelinks.com\/pl\/wp-json\/wp\/v2\/product_tag?post=21730"}],"curies":[{"name":"wp","href":"https:\/\/api.w.org\/{rel}","templated":true}]}}