{"id":21729,"date":"2022-11-17T19:02:16","date_gmt":"2022-11-18T03:02:16","guid":{"rendered":"https:\/\/www.bonelinks.com\/product\/kabel-swiatlowodowy-skretka-niemetalowa-o-duzej-wytrzymalosci\/"},"modified":"2024-02-08T20:19:33","modified_gmt":"2024-02-09T04:19:33","slug":"fiber-optic-duct-cable-stranded-non-metallic-strength-member-cable","status":"publish","type":"product","link":"https:\/\/www.bonelinks.com\/pl\/product\/fiber-optic-duct-cable-stranded-non-metallic-strength-member-cable\/","title":{"rendered":"Kabel \u015bwiat\u0142owodowy Skr\u0119tka niemetalowa o du\u017cej wytrzyma\u0142o\u015bci"},"content":{"rendered":"<h2 style=\"text-align: left; font-size: 18px;\"><strong>Cechy<\/strong><\/h2>\n<ul>\n<li>Specjalna mieszanka wype\u0142niaj\u0105ca zapewniaj\u0105ca doskona\u0142\u0105 ochron\u0119 \u015bwiat\u0142owodu<\/li>\n<li>Niemetalowa wytrzyma\u0142o\u015b\u0107 centralna ma doskona\u0142\u0105 zdolno\u015b\u0107 antyelektromagnetyczn\u0105<\/li>\n<li>Systemy blokuj\u0105ce wod\u0119 zapewniaj\u0105 niezawodne dzia\u0142anie blokady przed wilgoci\u0105 i wod\u0105.<\/li>\n<li>Wzmocnione w\u0142\u00f3knem tworzywo sztuczne i lu\u017ana mieszanka wype\u0142niaj\u0105ca rurk\u0119 mog\u0105 zapewni\u0107 wodoszczelno\u015b\u0107 kabla<\/li>\n<li>Niewielka waga, ma\u0142a \u015brednica, \u0142atwo\u015b\u0107 uk\u0142adania<\/li>\n<li>Doskona\u0142a wydajno\u015b\u0107 mechaniczna i temperaturowa<\/li>\n<\/ul>\n<h2 style=\"text-align: left; font-size: 18px;\"><strong>Zastosowanie<\/strong><\/h2>\n<p>Systemy przesy\u0142u energii; Silne pola minowe; Obszary o wysokim nat\u0119\u017ceniu pola elektromagnetycznego<\/p>\n<h2 style=\"text-align: left; font-size: 18px;\"><strong>Ochrona<\/strong><\/h2>\n<p>Odporno\u015b\u0107 na promieniowanie UV; Wodoodporno\u015b\u0107; Ochrona kopalni<\/p>\n<h2 style=\"text-align: left; font-size: 18px;\"><strong>Szukasz wi\u0119cej opcji kabli \u015bwiat\u0142owodowych?<\/strong><\/h2>\n<p>Szukasz wi\u0119kszego wyboru kabli \u015bwiat\u0142owodowych? Sprawd\u017a nasze<a href=\"https:\/\/www.bonelinks.com\/pl\/duct-fiber-optic-cable\/\" target=\"_blank\" rel=\"noopener\"><strong><span style=\"color: #0054a6;\"> Kable \u015bwiat\u0142owodowe <\/span><\/strong><\/a>dla bezproblemowej pracy w sieci. Je\u015bli potrzebujesz kabli \u015bwiat\u0142owodowych dostosowanych do Twoich potrzeb, zapoznaj si\u0119 z nasz\u0105 ofert\u0105<a href=\"https:\/\/www.bonelinks.com\/pl\/custom-fiber-optic-cables\/\" target=\"_blank\" rel=\"noopener\"><strong><span style=\"color: #0054a6;\"> Niestandardowe kable \u015bwiat\u0142owodowe <\/span><\/strong><\/a>w celu uzyskania spersonalizowanych rozwi\u0105za\u0144 w zakresie \u0142\u0105czno\u015bci.<\/p>\n","protected":false},"excerpt":{"rendered":"<p>Kabel kana\u0142owy GYFTY to samono\u015bny kabel \u015bwiat\u0142owodowy bez pancerza i metalowego elementu wzmacniaj\u0105cego. Kompaktowa konstrukcja i wsparcie centralnego niemetalowego wzmocnienia pozwalaj\u0105 na roz\u0142o\u017cenie tego kabla \u015bwiat\u0142owodowego napowietrznego na du\u017ce odleg\u0142o\u015bci bez dodatkowego wsparcia i bez wp\u0142ywu p\u00f3l piorunowych. Dlatego te\u017c jest szeroko stosowany w systemach przesy\u0142u energii, silnych polach minowych i obszarach o wysokim polu elektromagnetycznym.<\/p>\n","protected":false},"featured_media":13257,"template":"","meta":{"site-sidebar-layout":"default","site-content-layout":"default","ast-site-content-layout":"default","site-content-style":"default","site-sidebar-style":"default","ast-global-header-display":"","ast-banner-title-visibility":"","ast-main-header-display":"","ast-hfb-above-header-display":"","ast-hfb-below-header-display":"","ast-hfb-mobile-header-display":"","site-post-title":"","ast-breadcrumbs-content":"","ast-featured-img":"","footer-sml-layout":"","ast-disable-related-posts":"","theme-transparent-header-meta":"default","adv-header-id-meta":"","stick-header-meta":"default","header-above-stick-meta":"","header-main-stick-meta":"","header-below-stick-meta":"","astra-migrate-meta-layouts":"set","ast-page-background-enabled":"default","ast-page-background-meta":{"desktop":{"background-color":"","background-image":"","background-repeat":"repeat","background-position":"center center","background-size":"auto","background-attachment":"scroll","background-type":"","background-media":"","overlay-type":"","overlay-color":"","overlay-opacity":"","overlay-gradient":""},"tablet":{"background-color":"","background-image":"","background-repeat":"repeat","background-position":"center center","background-size":"auto","background-attachment":"scroll","background-type":"","background-media":"","overlay-type":"","overlay-color":"","overlay-opacity":"","overlay-gradient":""},"mobile":{"background-color":"","background-image":"","background-repeat":"repeat","background-position":"center center","background-size":"auto","background-attachment":"scroll","background-type":"","background-media":"","overlay-type":"","overlay-color":"","overlay-opacity":"","overlay-gradient":""}},"ast-content-background-meta":{"desktop":{"background-color":"var(--ast-global-color-5)","background-image":"","background-repeat":"repeat","background-position":"center center","background-size":"auto","background-attachment":"scroll","background-type":"","background-media":"","overlay-type":"","overlay-color":"","overlay-opacity":"","overlay-gradient":""},"tablet":{"background-color":"var(--ast-global-color-5)","background-image":"","background-repeat":"repeat","background-position":"center center","background-size":"auto","background-attachment":"scroll","background-type":"","background-media":"","overlay-type":"","overlay-color":"","overlay-opacity":"","overlay-gradient":""},"mobile":{"background-color":"var(--ast-global-color-5)","background-image":"","background-repeat":"repeat","background-position":"center center","background-size":"auto","background-attachment":"scroll","background-type":"","background-media":"","overlay-type":"","overlay-color":"","overlay-opacity":"","overlay-gradient":""}}},"product_brand":[],"product_cat":[510,213,525,518],"product_tag":[],"class_list":{"0":"post-21729","1":"product","2":"type-product","3":"status-publish","4":"has-post-thumbnail","6":"product_cat-aerial-fiber-optic-cable-pl","7":"product_cat-outdoor-fiber-optic-cable-pl","8":"product_cat-direct-buried-fiber-optic-cable-pl","9":"product_cat-duct-fiber-optic-cable-pl","10":"desktop-align-left","11":"tablet-align-left","12":"mobile-align-left","13":"ast-product-gallery-layout-vertical","14":"ast-product-gallery-with-no-image","15":"ast-product-tabs-layout-vertical","16":"ast-qv-on-image","18":"first","19":"instock","20":"shipping-taxable","21":"product-type-simple"},"_links":{"self":[{"href":"https:\/\/www.bonelinks.com\/pl\/wp-json\/wp\/v2\/product\/21729","targetHints":{"allow":["GET"]}}],"collection":[{"href":"https:\/\/www.bonelinks.com\/pl\/wp-json\/wp\/v2\/product"}],"about":[{"href":"https:\/\/www.bonelinks.com\/pl\/wp-json\/wp\/v2\/types\/product"}],"version-history":[{"count":3,"href":"https:\/\/www.bonelinks.com\/pl\/wp-json\/wp\/v2\/product\/21729\/revisions"}],"predecessor-version":[{"id":25963,"href":"https:\/\/www.bonelinks.com\/pl\/wp-json\/wp\/v2\/product\/21729\/revisions\/25963"}],"wp:featuredmedia":[{"embeddable":true,"href":"https:\/\/www.bonelinks.com\/pl\/wp-json\/wp\/v2\/media\/13257"}],"wp:attachment":[{"href":"https:\/\/www.bonelinks.com\/pl\/wp-json\/wp\/v2\/media?parent=21729"}],"wp:term":[{"taxonomy":"product_brand","embeddable":true,"href":"https:\/\/www.bonelinks.com\/pl\/wp-json\/wp\/v2\/product_brand?post=21729"},{"taxonomy":"product_cat","embeddable":true,"href":"https:\/\/www.bonelinks.com\/pl\/wp-json\/wp\/v2\/product_cat?post=21729"},{"taxonomy":"product_tag","embeddable":true,"href":"https:\/\/www.bonelinks.com\/pl\/wp-json\/wp\/v2\/product_tag?post=21729"}],"curies":[{"name":"wp","href":"https:\/\/api.w.org\/{rel}","templated":true}]}}