{"id":21715,"date":"2022-11-18T17:49:29","date_gmt":"2022-11-19T01:49:29","guid":{"rendered":"https:\/\/www.bonelinks.com\/product\/kabel-swiatlowodowy-do-bezposredniego-zakopania-w-ziemi-skretka-z-luzna-rurka-kabel-pancerny\/"},"modified":"2024-02-08T20:18:30","modified_gmt":"2024-02-09T04:18:30","slug":"direct-burial-fiber-optic-cable-stranded-loose-tube-armored-cable","status":"publish","type":"product","link":"https:\/\/www.bonelinks.com\/pl\/product\/direct-burial-fiber-optic-cable-stranded-loose-tube-armored-cable\/","title":{"rendered":"Kabel \u015bwiat\u0142owodowy do bezpo\u015bredniego zakopania w ziemi Skr\u0119tka z lu\u017an\u0105 rurk\u0105 Kabel pancerny"},"content":{"rendered":"<h2 style=\"text-align: left; font-size: 18px;\"><strong>Cechy<\/strong><\/h2>\n<ul>\n<li>Dobra wydajno\u015b\u0107 mechaniczna i temperaturowa.<\/li>\n<li>Lu\u017ana rura o wysokiej wytrzyma\u0142o\u015bci, odporna na hydroliz\u0119.<\/li>\n<li>Specjalna mieszanka do wype\u0142niania rur zapewnia krytyczn\u0105 ochron\u0119 w\u0142\u00f3kna.<\/li>\n<li>Bariera przeciwwilgociowa APL<\/li>\n<li>PSP zwi\u0119kszaj\u0105ce odporno\u015b\u0107 na wilgo\u0107<\/li>\n<li>Materia\u0142 blokuj\u0105cy wod\u0119 do zastosowa\u0144 podziemnych<\/li>\n<li>Odporno\u015b\u0107 na zgniatanie i elastyczno\u015b\u0107 przy bezpo\u015brednim monta\u017cu w ziemi<\/li>\n<li>Dwa r\u00f3wnoleg\u0142e druty stalowe zapewniaj\u0105 wytrzyma\u0142o\u015b\u0107 na rozci\u0105ganie<\/li>\n<li>Ma\u0142a \u015brednica, lekko\u015b\u0107 i \u0142atwa instalacja<\/li>\n<li>D\u0142uga d\u0142ugo\u015b\u0107 dostawy<\/li>\n<\/ul>\n<h2 style=\"text-align: left; font-size: 18px;\"><strong>Zastosowanie<\/strong><\/h2>\n<p>Bezpo\u015bredni poch\u00f3wek w \u015brodowisku mokrym i ustawienie wst\u0119pne<\/p>\n<h2 style=\"text-align: left; font-size: 18px;\"><strong>Ochrona<\/strong><\/h2>\n<p>Odporno\u015b\u0107 na promieniowanie UV, wodoodporno\u015b\u0107, odporno\u015b\u0107 na wilgo\u0107, odporno\u015b\u0107 na rozdarcia<\/p>\n<h2 style=\"text-align: left; font-size: 18px;\"><strong>Szukasz wi\u0119cej opcji bezpo\u015brednich kabli \u015bwiat\u0142owodowych?<\/strong><\/h2>\n<p>Szukasz wi\u0119kszego wyboru kabli \u015bwiat\u0142owodowych do bezpo\u015bredniego uk\u0142adania w ziemi? Sprawd\u017a nasze<a href=\"https:\/\/www.bonelinks.com\/pl\/direct-buried-fiber-optic-cable\/\" target=\"_blank\" rel=\"noopener\"><strong><span style=\"color: #0054a6;\"> Bezpo\u015brednio zakopane kable \u015bwiat\u0142owodowe <\/span><\/strong><\/a>dla bezproblemowej pracy w sieci. Je\u015bli potrzebujesz kabli \u015bwiat\u0142owodowych dostosowanych do Twoich potrzeb, zapoznaj si\u0119 z nasz\u0105 ofert\u0105<a href=\"https:\/\/www.bonelinks.com\/pl\/custom-fiber-optic-cables\/\" target=\"_blank\" rel=\"noopener\"><strong><span style=\"color: #0054a6;\"> Niestandardowe kable \u015bwiat\u0142owodowe <\/span><\/strong><\/a>w celu uzyskania spersonalizowanych rozwi\u0105za\u0144 w zakresie \u0142\u0105czno\u015bci.<\/p>\n","protected":false},"excerpt":{"rendered":"<p>Kabel \u015bwiat\u0142owodowy GYFTY53 Direct Burial Armored to zewn\u0119trzny kabel \u015bwiat\u0142owodowy z podw\u00f3jnym p\u0142aszczem PE i falist\u0105 struktur\u0105 owijania ta\u015bm\u0105 stalow\u0105 i aluminiow\u0105. Podw\u00f3jna pow\u0142oka PE zosta\u0142a zaprojektowana w celu zwi\u0119kszenia odporno\u015bci kabla na zu\u017cycie i zwi\u0119kszenia ochrony wewn\u0119trznej struktury, falista ta\u015bma stalowa jest owini\u0119ta w celu zwi\u0119kszenia sztywno\u015bci kabla i zapobiegania nadmiernemu zginaniu, a ta\u015bma aluminiowa jest owini\u0119ta w celu ochrony przed wod\u0105 i wilgoci\u0105 jako bariera. Dlatego kabel \u015bwiat\u0142owodowy GYFTY53 jest powszechnie stosowany do bezpo\u015bredniego zakopywania sekcji dost\u0119pu, wst\u0119pnego ustawiania i promieniowania wilgotnego \u015brodowiska.<\/p>\n","protected":false},"featured_media":13277,"template":"","meta":{"site-sidebar-layout":"default","site-content-layout":"default","ast-site-content-layout":"default","site-content-style":"default","site-sidebar-style":"default","ast-global-header-display":"","ast-banner-title-visibility":"","ast-main-header-display":"","ast-hfb-above-header-display":"","ast-hfb-below-header-display":"","ast-hfb-mobile-header-display":"","site-post-title":"","ast-breadcrumbs-content":"","ast-featured-img":"","footer-sml-layout":"","ast-disable-related-posts":"","theme-transparent-header-meta":"default","adv-header-id-meta":"","stick-header-meta":"default","header-above-stick-meta":"","header-main-stick-meta":"","header-below-stick-meta":"","astra-migrate-meta-layouts":"set","ast-page-background-enabled":"default","ast-page-background-meta":{"desktop":{"background-color":"","background-image":"","background-repeat":"repeat","background-position":"center center","background-size":"auto","background-attachment":"scroll","background-type":"","background-media":"","overlay-type":"","overlay-color":"","overlay-opacity":"","overlay-gradient":""},"tablet":{"background-color":"","background-image":"","background-repeat":"repeat","background-position":"center center","background-size":"auto","background-attachment":"scroll","background-type":"","background-media":"","overlay-type":"","overlay-color":"","overlay-opacity":"","overlay-gradient":""},"mobile":{"background-color":"","background-image":"","background-repeat":"repeat","background-position":"center center","background-size":"auto","background-attachment":"scroll","background-type":"","background-media":"","overlay-type":"","overlay-color":"","overlay-opacity":"","overlay-gradient":""}},"ast-content-background-meta":{"desktop":{"background-color":"var(--ast-global-color-5)","background-image":"","background-repeat":"repeat","background-position":"center center","background-size":"auto","background-attachment":"scroll","background-type":"","background-media":"","overlay-type":"","overlay-color":"","overlay-opacity":"","overlay-gradient":""},"tablet":{"background-color":"var(--ast-global-color-5)","background-image":"","background-repeat":"repeat","background-position":"center center","background-size":"auto","background-attachment":"scroll","background-type":"","background-media":"","overlay-type":"","overlay-color":"","overlay-opacity":"","overlay-gradient":""},"mobile":{"background-color":"var(--ast-global-color-5)","background-image":"","background-repeat":"repeat","background-position":"center center","background-size":"auto","background-attachment":"scroll","background-type":"","background-media":"","overlay-type":"","overlay-color":"","overlay-opacity":"","overlay-gradient":""}}},"product_brand":[],"product_cat":[213,525,514],"product_tag":[],"class_list":{"0":"post-21715","1":"product","2":"type-product","3":"status-publish","4":"has-post-thumbnail","6":"product_cat-outdoor-fiber-optic-cable-pl","7":"product_cat-direct-buried-fiber-optic-cable-pl","8":"product_cat-armored-optical-fiber-cable-pl","9":"desktop-align-left","10":"tablet-align-left","11":"mobile-align-left","12":"ast-product-gallery-layout-vertical","13":"ast-product-gallery-with-no-image","14":"ast-product-tabs-layout-vertical","15":"ast-qv-on-image","17":"first","18":"instock","19":"shipping-taxable","20":"product-type-simple"},"_links":{"self":[{"href":"https:\/\/www.bonelinks.com\/pl\/wp-json\/wp\/v2\/product\/21715","targetHints":{"allow":["GET"]}}],"collection":[{"href":"https:\/\/www.bonelinks.com\/pl\/wp-json\/wp\/v2\/product"}],"about":[{"href":"https:\/\/www.bonelinks.com\/pl\/wp-json\/wp\/v2\/types\/product"}],"version-history":[{"count":3,"href":"https:\/\/www.bonelinks.com\/pl\/wp-json\/wp\/v2\/product\/21715\/revisions"}],"predecessor-version":[{"id":25959,"href":"https:\/\/www.bonelinks.com\/pl\/wp-json\/wp\/v2\/product\/21715\/revisions\/25959"}],"wp:featuredmedia":[{"embeddable":true,"href":"https:\/\/www.bonelinks.com\/pl\/wp-json\/wp\/v2\/media\/13277"}],"wp:attachment":[{"href":"https:\/\/www.bonelinks.com\/pl\/wp-json\/wp\/v2\/media?parent=21715"}],"wp:term":[{"taxonomy":"product_brand","embeddable":true,"href":"https:\/\/www.bonelinks.com\/pl\/wp-json\/wp\/v2\/product_brand?post=21715"},{"taxonomy":"product_cat","embeddable":true,"href":"https:\/\/www.bonelinks.com\/pl\/wp-json\/wp\/v2\/product_cat?post=21715"},{"taxonomy":"product_tag","embeddable":true,"href":"https:\/\/www.bonelinks.com\/pl\/wp-json\/wp\/v2\/product_tag?post=21715"}],"curies":[{"name":"wp","href":"https:\/\/api.w.org\/{rel}","templated":true}]}}