{"id":21713,"date":"2022-11-19T18:12:07","date_gmt":"2022-11-20T02:12:07","guid":{"rendered":"https:\/\/www.bonelinks.com\/product\/opancerzony-kabel-swiatlowodowy-z-tasma-aluminiowa-jednomodowy-wielomodowy-24-zylowy\/"},"modified":"2024-02-08T20:16:55","modified_gmt":"2024-02-09T04:16:55","slug":"armored-fiber-cable-stranded-aluminum-tape-single-mode-multimode-24-core","status":"publish","type":"product","link":"https:\/\/www.bonelinks.com\/pl\/product\/armored-fiber-cable-stranded-aluminum-tape-single-mode-multimode-24-core\/","title":{"rendered":"Opancerzony kabel \u015bwiat\u0142owodowy z ta\u015bm\u0105 aluminiow\u0105 Jednomodowy wielomodowy 24-\u017cy\u0142owy"},"content":{"rendered":"<h2 style=\"text-align: left; font-size: 18px;\"><strong>Cechy<\/strong><\/h2>\n<ul>\n<li>P\u0142aszcze z aluminium i PE sprawiaj\u0105, \u017ce kabel ma dobre w\u0142a\u015bciwo\u015bci odporno\u015bci na wilgo\u0107<\/li>\n<li>Specjalna wodoodporna mieszanka wype\u0142nia lu\u017an\u0105 rurk\u0119<\/li>\n<li>Drut stalowy u\u017cywany jako centralny element wzmacniaj\u0105cy<\/li>\n<li>PSP zwi\u0119kszaj\u0105ce odporno\u015b\u0107 na wilgo\u0107<\/li>\n<li>Lu\u017ana rurka o wysokiej wytrzyma\u0142o\u015bci, odporna na hydroliz\u0119<\/li>\n<li>Specjalnie zaprojektowana zwarta konstrukcja zapobiega kurczeniu si\u0119 lu\u017anej rurki.<\/li>\n<li>Os\u0142ona PE chroni kabel przed promieniowaniem ultrafioletowym<\/li>\n<li>Odporno\u015b\u0107 na zgniatanie i elastyczno\u015b\u0107<\/li>\n<\/ul>\n<h2 style=\"text-align: left; font-size: 18px;\"><strong>Zastosowanie<\/strong><\/h2>\n<p>Kana\u0142owy, antenowy, bezpo\u015bredni<\/p>\n<h2 style=\"text-align: left; font-size: 18px;\"><strong>Szukasz wi\u0119kszego wyboru kabli \u015bwiat\u0142owodowych?<\/strong><\/h2>\n<p>Szukasz wi\u0119kszego wyboru kabli \u015bwiat\u0142owodowych pancernych? Sprawd\u017a nasze<a href=\"https:\/\/www.bonelinks.com\/pl\/armored-optical-fiber-cable\/\" target=\"_blank\" rel=\"noopener\"><strong><span style=\"color: #0054a6;\"> Opancerzone kable \u015bwiat\u0142owodowe <\/span><\/strong><\/a>dla bezproblemowej pracy w sieci. Je\u015bli potrzebujesz kabli \u015bwiat\u0142owodowych dostosowanych do Twoich potrzeb, zapoznaj si\u0119 z nasz\u0105 ofert\u0105<a href=\"https:\/\/www.bonelinks.com\/pl\/custom-fiber-optic-cables\/\" target=\"_blank\" rel=\"noopener\"><strong><span style=\"color: #0054a6;\"> Niestandardowe kable \u015bwiat\u0142owodowe <\/span><\/strong><\/a>w celu uzyskania spersonalizowanych rozwi\u0105za\u0144 w zakresie \u0142\u0105czno\u015bci.<\/p>\n","protected":false},"excerpt":{"rendered":"<p>Opancerzony kabel \u015bwiat\u0142owodowy GYTA jest lu\u017anym kablem \u015bwiat\u0142owodowym, jest to jeden z rodzaj\u00f3w zewn\u0119trznych kabli \u015bwiat\u0142owodowych. Ten opancerzony kabel \u015bwiat\u0142owodowy ma ma\u0142\u0105 \u015brednic\u0119, jest lekki i \u0142atwy w uk\u0142adaniu. Materia\u0142y blokuj\u0105ce wod\u0119 s\u0105 rozprowadzane w szczelinach rdzenia kabla, a aluminiowy laminat polietylenowy (APL) jest nak\u0142adany wzd\u0142u\u017cnie wok\u00f3\u0142 rdzenia kabla przed wyt\u0142oczeniem na nim pow\u0142oki HDPE. Opancerzony kabel \u015bwiat\u0142owodowy GYTA mo\u017ce by\u0107 u\u017cywany do zastosowa\u0144 kana\u0142owych (rurowych) lub napowietrznych (napowietrznych).<\/p>\n","protected":false},"featured_media":13367,"template":"","meta":{"site-sidebar-layout":"default","site-content-layout":"default","ast-site-content-layout":"default","site-content-style":"default","site-sidebar-style":"default","ast-global-header-display":"","ast-banner-title-visibility":"","ast-main-header-display":"","ast-hfb-above-header-display":"","ast-hfb-below-header-display":"","ast-hfb-mobile-header-display":"","site-post-title":"","ast-breadcrumbs-content":"","ast-featured-img":"","footer-sml-layout":"","ast-disable-related-posts":"","theme-transparent-header-meta":"default","adv-header-id-meta":"","stick-header-meta":"default","header-above-stick-meta":"","header-main-stick-meta":"","header-below-stick-meta":"","astra-migrate-meta-layouts":"set","ast-page-background-enabled":"default","ast-page-background-meta":{"desktop":{"background-color":"","background-image":"","background-repeat":"repeat","background-position":"center center","background-size":"auto","background-attachment":"scroll","background-type":"","background-media":"","overlay-type":"","overlay-color":"","overlay-opacity":"","overlay-gradient":""},"tablet":{"background-color":"","background-image":"","background-repeat":"repeat","background-position":"center center","background-size":"auto","background-attachment":"scroll","background-type":"","background-media":"","overlay-type":"","overlay-color":"","overlay-opacity":"","overlay-gradient":""},"mobile":{"background-color":"","background-image":"","background-repeat":"repeat","background-position":"center center","background-size":"auto","background-attachment":"scroll","background-type":"","background-media":"","overlay-type":"","overlay-color":"","overlay-opacity":"","overlay-gradient":""}},"ast-content-background-meta":{"desktop":{"background-color":"var(--ast-global-color-5)","background-image":"","background-repeat":"repeat","background-position":"center center","background-size":"auto","background-attachment":"scroll","background-type":"","background-media":"","overlay-type":"","overlay-color":"","overlay-opacity":"","overlay-gradient":""},"tablet":{"background-color":"var(--ast-global-color-5)","background-image":"","background-repeat":"repeat","background-position":"center center","background-size":"auto","background-attachment":"scroll","background-type":"","background-media":"","overlay-type":"","overlay-color":"","overlay-opacity":"","overlay-gradient":""},"mobile":{"background-color":"var(--ast-global-color-5)","background-image":"","background-repeat":"repeat","background-position":"center center","background-size":"auto","background-attachment":"scroll","background-type":"","background-media":"","overlay-type":"","overlay-color":"","overlay-opacity":"","overlay-gradient":""}}},"product_brand":[],"product_cat":[510,213,525,514],"product_tag":[],"class_list":{"0":"post-21713","1":"product","2":"type-product","3":"status-publish","4":"has-post-thumbnail","6":"product_cat-aerial-fiber-optic-cable-pl","7":"product_cat-outdoor-fiber-optic-cable-pl","8":"product_cat-direct-buried-fiber-optic-cable-pl","9":"product_cat-armored-optical-fiber-cable-pl","10":"desktop-align-left","11":"tablet-align-left","12":"mobile-align-left","13":"ast-product-gallery-layout-vertical","14":"ast-product-gallery-with-no-image","15":"ast-product-tabs-layout-vertical","16":"ast-qv-on-image","18":"first","19":"instock","20":"shipping-taxable","21":"product-type-simple"},"_links":{"self":[{"href":"https:\/\/www.bonelinks.com\/pl\/wp-json\/wp\/v2\/product\/21713","targetHints":{"allow":["GET"]}}],"collection":[{"href":"https:\/\/www.bonelinks.com\/pl\/wp-json\/wp\/v2\/product"}],"about":[{"href":"https:\/\/www.bonelinks.com\/pl\/wp-json\/wp\/v2\/types\/product"}],"version-history":[{"count":3,"href":"https:\/\/www.bonelinks.com\/pl\/wp-json\/wp\/v2\/product\/21713\/revisions"}],"predecessor-version":[{"id":25955,"href":"https:\/\/www.bonelinks.com\/pl\/wp-json\/wp\/v2\/product\/21713\/revisions\/25955"}],"wp:featuredmedia":[{"embeddable":true,"href":"https:\/\/www.bonelinks.com\/pl\/wp-json\/wp\/v2\/media\/13367"}],"wp:attachment":[{"href":"https:\/\/www.bonelinks.com\/pl\/wp-json\/wp\/v2\/media?parent=21713"}],"wp:term":[{"taxonomy":"product_brand","embeddable":true,"href":"https:\/\/www.bonelinks.com\/pl\/wp-json\/wp\/v2\/product_brand?post=21713"},{"taxonomy":"product_cat","embeddable":true,"href":"https:\/\/www.bonelinks.com\/pl\/wp-json\/wp\/v2\/product_cat?post=21713"},{"taxonomy":"product_tag","embeddable":true,"href":"https:\/\/www.bonelinks.com\/pl\/wp-json\/wp\/v2\/product_tag?post=21713"}],"curies":[{"name":"wp","href":"https:\/\/api.w.org\/{rel}","templated":true}]}}