{"id":21712,"date":"2022-11-19T19:40:28","date_gmt":"2022-11-20T03:40:28","guid":{"rendered":"https:\/\/www.bonelinks.com\/product\/kabel-swiatlowodowy-ftth-typu-bow-z-kablem-rozdzielczym-z-drutu-stalowego\/"},"modified":"2024-02-08T20:16:16","modified_gmt":"2024-02-09T04:16:16","slug":"ftth-fiber-cable-bow-type-with-steel-wire-distribution-drop-cable","status":"publish","type":"product","link":"https:\/\/www.bonelinks.com\/pl\/product\/ftth-fiber-cable-bow-type-with-steel-wire-distribution-drop-cable\/","title":{"rendered":"Kabel \u015bwiat\u0142owodowy FTTH typu Bow z kablem rozdzielczym z drutu stalowego"},"content":{"rendered":"<h2 style=\"text-align: left; font-size: 18px;\"><strong>Cechy<\/strong><\/h2>\n<ul>\n<li>Dwa r\u00f3wnoleg\u0142e elementy wzmacniaj\u0105ce \/ drut stalowy zapewniaj\u0105 dobr\u0105 odporno\u015b\u0107 na zgniatanie w celu ochrony w\u0142\u00f3kien<\/li>\n<li>Trudnopalna kurtka LSZH do u\u017cytku wewn\u0105trz pomieszcze\u0144<\/li>\n<li>Ma\u0142y rozmiar, lekka, kompaktowa konstrukcja, \u0142atwa do usuni\u0119cia bez u\u017cycia narz\u0119dzi dzi\u0119ki specjalnej konstrukcji rowka, \u0142atwa do zainstalowania<\/li>\n<li>Specjalna elastyczna konstrukcja, odpowiednia do instalacji wewn\u0119trznych i ko\u0144cowych, gdzie kabel mo\u017ce by\u0107 wielokrotnie zginany<\/li>\n<li>Doskona\u0142a odporno\u015b\u0107 na zginanie po zastosowaniu w\u0142\u00f3kna niewra\u017cliwego na zginanie G.657, bez wp\u0142ywu na straty transmisji, gdy kabel jest instalowany na zakr\u0119tach w pomieszczeniach lub w ma\u0142ych przestrzeniach.<\/li>\n<\/ul>\n<h2 style=\"text-align: left; font-size: 18px;\"><strong>Zastosowanie<\/strong><\/h2>\n<p><span style=\"font-size: 16px;\">FTTH, Wewn\u0119trzna sie\u0107 dost\u0119powa<\/span><\/p>\n<h2 style=\"text-align: left; font-size: 18px;\"><strong>Szukasz wi\u0119cej kabli FTTH Drop do wyboru?<\/strong><\/h2>\n<p>Szukasz wi\u0119kszego wyboru kabli FTTH? Sprawd\u017a nasze<a href=\"https:\/\/www.bonelinks.com\/pl\/ftth-drop-cable\/\" target=\"_blank\" rel=\"noopener\"><strong><span style=\"color: #0054a6;\"> Kable \u015bwiat\u0142owodowe FTTH Drop <\/span><\/strong><\/a>dla p\u0142ynnego po\u0142\u0105czenia sieciowego. Je\u015bli potrzebujesz kabli \u015bwiat\u0142owodowych dostosowanych do Twoich potrzeb, zapoznaj si\u0119 z nasz\u0105 ofert\u0105<a href=\"https:\/\/www.bonelinks.com\/pl\/custom-fiber-optic-cables\/\" target=\"_blank\" rel=\"noopener\"><strong><span style=\"color: #0054a6;\"> Niestandardowe kable \u015bwiat\u0142owodowe <\/span><\/strong><\/a>w celu uzyskania spersonalizowanych rozwi\u0105za\u0144 w zakresie \u0142\u0105czno\u015bci.<\/p>\n","protected":false},"excerpt":{"rendered":"<p>Kabel dystrybucyjny GJXH jest lekki i ma niewielkie rozmiary i nadaje si\u0119 do odbierania terminali u\u017cytkownika z sieci FTTH. Wewn\u0119trzna jednostka \u015bwiat\u0142owodowa jest umieszczona po\u015brodku. Dwa r\u00f3wnoleg\u0142e elementy wzmacniaj\u0105ce s\u0105 umieszczone po obu stronach, a nast\u0119pnie kabel jest zako\u0144czony czarn\u0105 pow\u0142ok\u0105 LSZH. Charakteryzuje si\u0119 typem \u0142uku i p\u0142ask\u0105 konstrukcj\u0105, co oczywi\u015bcie sprawia, \u017ce konstrukcja kabla jest prosta i lekka. Specjalne w\u0142\u00f3kna o niskiej czu\u0142o\u015bci na zginanie zapewniaj\u0105 wysok\u0105 przepustowo\u015b\u0107 i doskona\u0142e w\u0142a\u015bciwo\u015bci transmisji komunikacyjnej.<\/p>\n","protected":false},"featured_media":13642,"template":"","meta":{"site-sidebar-layout":"default","site-content-layout":"default","ast-site-content-layout":"default","site-content-style":"default","site-sidebar-style":"default","ast-global-header-display":"","ast-banner-title-visibility":"","ast-main-header-display":"","ast-hfb-above-header-display":"","ast-hfb-below-header-display":"","ast-hfb-mobile-header-display":"","site-post-title":"","ast-breadcrumbs-content":"","ast-featured-img":"","footer-sml-layout":"","ast-disable-related-posts":"","theme-transparent-header-meta":"default","adv-header-id-meta":"","stick-header-meta":"default","header-above-stick-meta":"","header-main-stick-meta":"","header-below-stick-meta":"","astra-migrate-meta-layouts":"set","ast-page-background-enabled":"default","ast-page-background-meta":{"desktop":{"background-color":"","background-image":"","background-repeat":"repeat","background-position":"center center","background-size":"auto","background-attachment":"scroll","background-type":"","background-media":"","overlay-type":"","overlay-color":"","overlay-opacity":"","overlay-gradient":""},"tablet":{"background-color":"","background-image":"","background-repeat":"repeat","background-position":"center center","background-size":"auto","background-attachment":"scroll","background-type":"","background-media":"","overlay-type":"","overlay-color":"","overlay-opacity":"","overlay-gradient":""},"mobile":{"background-color":"","background-image":"","background-repeat":"repeat","background-position":"center center","background-size":"auto","background-attachment":"scroll","background-type":"","background-media":"","overlay-type":"","overlay-color":"","overlay-opacity":"","overlay-gradient":""}},"ast-content-background-meta":{"desktop":{"background-color":"var(--ast-global-color-5)","background-image":"","background-repeat":"repeat","background-position":"center center","background-size":"auto","background-attachment":"scroll","background-type":"","background-media":"","overlay-type":"","overlay-color":"","overlay-opacity":"","overlay-gradient":""},"tablet":{"background-color":"var(--ast-global-color-5)","background-image":"","background-repeat":"repeat","background-position":"center center","background-size":"auto","background-attachment":"scroll","background-type":"","background-media":"","overlay-type":"","overlay-color":"","overlay-opacity":"","overlay-gradient":""},"mobile":{"background-color":"var(--ast-global-color-5)","background-image":"","background-repeat":"repeat","background-position":"center center","background-size":"auto","background-attachment":"scroll","background-type":"","background-media":"","overlay-type":"","overlay-color":"","overlay-opacity":"","overlay-gradient":""}}},"product_brand":[],"product_cat":[241,581,242],"product_tag":[],"class_list":{"0":"post-21712","1":"product","2":"type-product","3":"status-publish","4":"has-post-thumbnail","6":"product_cat-ftth-cable-pl","7":"product_cat-lszh-fiber-cable-pl","8":"product_cat-indoor-fiber-optic-cable-pl","9":"desktop-align-left","10":"tablet-align-left","11":"mobile-align-left","12":"ast-product-gallery-layout-vertical","13":"ast-product-gallery-with-no-image","14":"ast-product-tabs-layout-vertical","15":"ast-qv-on-image","17":"first","18":"instock","19":"shipping-taxable","20":"product-type-simple"},"_links":{"self":[{"href":"https:\/\/www.bonelinks.com\/pl\/wp-json\/wp\/v2\/product\/21712","targetHints":{"allow":["GET"]}}],"collection":[{"href":"https:\/\/www.bonelinks.com\/pl\/wp-json\/wp\/v2\/product"}],"about":[{"href":"https:\/\/www.bonelinks.com\/pl\/wp-json\/wp\/v2\/types\/product"}],"version-history":[{"count":2,"href":"https:\/\/www.bonelinks.com\/pl\/wp-json\/wp\/v2\/product\/21712\/revisions"}],"predecessor-version":[{"id":25954,"href":"https:\/\/www.bonelinks.com\/pl\/wp-json\/wp\/v2\/product\/21712\/revisions\/25954"}],"wp:featuredmedia":[{"embeddable":true,"href":"https:\/\/www.bonelinks.com\/pl\/wp-json\/wp\/v2\/media\/13642"}],"wp:attachment":[{"href":"https:\/\/www.bonelinks.com\/pl\/wp-json\/wp\/v2\/media?parent=21712"}],"wp:term":[{"taxonomy":"product_brand","embeddable":true,"href":"https:\/\/www.bonelinks.com\/pl\/wp-json\/wp\/v2\/product_brand?post=21712"},{"taxonomy":"product_cat","embeddable":true,"href":"https:\/\/www.bonelinks.com\/pl\/wp-json\/wp\/v2\/product_cat?post=21712"},{"taxonomy":"product_tag","embeddable":true,"href":"https:\/\/www.bonelinks.com\/pl\/wp-json\/wp\/v2\/product_tag?post=21712"}],"curies":[{"name":"wp","href":"https:\/\/api.w.org\/{rel}","templated":true}]}}