{"id":21686,"date":"2022-11-19T23:56:52","date_gmt":"2022-11-20T07:56:52","guid":{"rendered":"https:\/\/www.bonelinks.com\/product\/dmuchany-kabel-swiatlowodowy-skretka-mikro-do-sieci-metropolitalnej\/"},"modified":"2024-02-08T20:10:13","modified_gmt":"2024-02-09T04:10:13","slug":"blown-fiber-optic-cable-stranded-micro-cable-for-metropolitan-network","status":"publish","type":"product","link":"https:\/\/www.bonelinks.com\/pl\/product\/blown-fiber-optic-cable-stranded-micro-cable-for-metropolitan-network\/","title":{"rendered":"Dmuchany kabel \u015bwiat\u0142owodowy Skr\u0119tka mikro do sieci metropolitalnej"},"content":{"rendered":"<h2 style=\"text-align: left; font-size: 18px;\"><strong> Funkcja dmuchanego kabla \u015bwiat\u0142owodowego <\/strong><\/h2>\n<ul>\n<li style=\"list-style-type: none;\">\n<ul>\n<li>Ma\u0142a \u015brednica, lekka, \u0142atwa do zginania podczas uk\u0142adania za pomoc\u0105 nadmuchu powietrza, \u0142atwa w obs\u0142udze<\/li>\n<li>Wszystkie konstrukcje niemetalowe, nie wymagaj\u0105 uziemienia, materia\u0142 os\u0142ony o niskim wsp\u00f3\u0142czynniku tarcia i konstrukcja konstrukcji, uk\u0142adanie z nadmuchem powietrza na du\u017ce odleg\u0142o\u015bci<\/li>\n<li>Pe\u0142ne wykorzystanie zasob\u00f3w otwor\u00f3w rurowych, du\u017ca pr\u0119dko\u015b\u0107 budowy<\/li>\n<li>Mo\u017cliwo\u015b\u0107 przepalenia i zast\u0105pienia nowymi kablami w celu zachowania przewagi technicznej<\/li>\n<li>Unikanie niszcz\u0105cych wykop\u00f3w i brak konieczno\u015bci uiszczania wysokich op\u0142at za pozwolenie na budow\u0119, co ma zastosowanie w przypadku konstrukcji w zat\u0142oczonych sieciach obszar\u00f3w metropolitalnych.<\/li>\n<li>Umo\u017cliwia ci\u0119cie mikrokana\u0142\u00f3w w dowolnym miejscu i czasie w celu rozga\u0142\u0119zienia bez wp\u0142ywu na inne kable, oszcz\u0119dzaj\u0105c studzienki, otwory r\u0119czne i z\u0142\u0105cza kablowe.<\/li>\n<li>Lu\u017ana tuba wype\u0142niona specjaln\u0105 wodoodporn\u0105 mieszank\u0105<\/li>\n<li>Zastosowanie suchego materia\u0142u blokuj\u0105cego wod\u0119, ca\u0142a sekcja wodoodporno\u015bci, aby zapobiec pionowemu przesi\u0105kaniu kabla optycznego&lt;<\/li>\n<\/ul>\n<\/li>\n<\/ul>\n<h2 style=\"text-align: left; font-size: 18px;\"><strong> Zastosowanie dmuchanego kabla \u015bwiat\u0142owodowego <\/strong><\/h2>\n<p>Sie\u0107 metropolitalna; sie\u0107 dost\u0119powa; FTTX, komunikacja LAN<\/p>\n<h2 style=\"text-align: left; font-size: 18px;\"><strong> Zastosowanie mikrokabla z nadmuchem powietrza<\/strong><\/h2>\n<p>Kabel dost\u0119powy FTTH<\/p>\n<h2 style=\"text-align: left; font-size: 18px;\"><strong>Szukasz wi\u0119cej opcji kabli z nadmuchem powietrza?<\/strong><\/h2>\n<p>Szukasz wi\u0119kszego wyboru kabli \u015bwiat\u0142owodowych Air Blown? Sprawd\u017a nasz<a title=\"Kabel \u015bwiat\u0142owodowy z nadmuchem powietrza\" href=\"https:\/\/www.bonelinks.com\/pl\/air-blown-fiber-optic-cable\/\" target=\"_blank\" rel=\"noopener\"><strong><span style=\"color: #0054a6;\"> Kabel \u015bwiat\u0142owodowy z nadmuchem powietrza <\/span><\/strong><\/a>zapewniaj\u0105cy p\u0142ynne po\u0142\u0105czenie sieciowe. Je\u015bli potrzebujesz kabli \u015bwiat\u0142owodowych dostosowanych do Twoich potrzeb, zapoznaj si\u0119 z nasz\u0105 ofert\u0105<a href=\"https:\/\/www.bonelinks.com\/pl\/custom-fiber-optic-cables\/\" target=\"_blank\" rel=\"noopener\"><strong><span style=\"color: #0054a6;\"> Niestandardowe kable \u015bwiat\u0142owodowe <\/span><\/strong><\/a>w celu uzyskania spersonalizowanych rozwi\u0105za\u0144 w zakresie \u0142\u0105czno\u015bci.<\/p>\n","protected":false},"excerpt":{"rendered":"<p>Dmuchany kabel \u015bwiat\u0142owodowy GCYFY nadaje si\u0119 do instalacji w zat\u0142oczonych ruroci\u0105gach sieci metropolitalnej. Dobrze sprawdza si\u0119 w poprawie wsp\u00f3\u0142czynnika wykorzystania otwor\u00f3w na rury i unikaniu niszcz\u0105cych wykop\u00f3w w przesz\u0142o\u015bci. Zosta\u0142 zaprojektowany z lu\u017an\u0105 konstrukcj\u0105 rurow\u0105. Rurka jest wype\u0142niona wodoodporn\u0105 mas\u0105 wype\u0142niaj\u0105c\u0105. Tworzywo sztuczne wzmacniaj\u0105ce w\u0142\u00f3kna znajduje si\u0119 w \u015brodku rdzenia jako niemetalowy element wzmacniaj\u0105cy. Rury (i wype\u0142niacze) s\u0105 splecione wok\u00f3\u0142 elementu wzmacniaj\u0105cego w zwarty i okr\u0105g\u0142y rdze\u0144. Kabel zako\u0144czony jest os\u0142on\u0105 PE.<\/p>\n","protected":false},"featured_media":15487,"template":"","meta":{"site-sidebar-layout":"default","site-content-layout":"default","ast-site-content-layout":"default","site-content-style":"default","site-sidebar-style":"default","ast-global-header-display":"","ast-banner-title-visibility":"","ast-main-header-display":"","ast-hfb-above-header-display":"","ast-hfb-below-header-display":"","ast-hfb-mobile-header-display":"","site-post-title":"","ast-breadcrumbs-content":"","ast-featured-img":"","footer-sml-layout":"","ast-disable-related-posts":"","theme-transparent-header-meta":"default","adv-header-id-meta":"","stick-header-meta":"default","header-above-stick-meta":"","header-main-stick-meta":"","header-below-stick-meta":"","astra-migrate-meta-layouts":"set","ast-page-background-enabled":"default","ast-page-background-meta":{"desktop":{"background-color":"","background-image":"","background-repeat":"repeat","background-position":"center center","background-size":"auto","background-attachment":"scroll","background-type":"","background-media":"","overlay-type":"","overlay-color":"","overlay-opacity":"","overlay-gradient":""},"tablet":{"background-color":"","background-image":"","background-repeat":"repeat","background-position":"center center","background-size":"auto","background-attachment":"scroll","background-type":"","background-media":"","overlay-type":"","overlay-color":"","overlay-opacity":"","overlay-gradient":""},"mobile":{"background-color":"","background-image":"","background-repeat":"repeat","background-position":"center center","background-size":"auto","background-attachment":"scroll","background-type":"","background-media":"","overlay-type":"","overlay-color":"","overlay-opacity":"","overlay-gradient":""}},"ast-content-background-meta":{"desktop":{"background-color":"var(--ast-global-color-5)","background-image":"","background-repeat":"repeat","background-position":"center center","background-size":"auto","background-attachment":"scroll","background-type":"","background-media":"","overlay-type":"","overlay-color":"","overlay-opacity":"","overlay-gradient":""},"tablet":{"background-color":"var(--ast-global-color-5)","background-image":"","background-repeat":"repeat","background-position":"center center","background-size":"auto","background-attachment":"scroll","background-type":"","background-media":"","overlay-type":"","overlay-color":"","overlay-opacity":"","overlay-gradient":""},"mobile":{"background-color":"var(--ast-global-color-5)","background-image":"","background-repeat":"repeat","background-position":"center center","background-size":"auto","background-attachment":"scroll","background-type":"","background-media":"","overlay-type":"","overlay-color":"","overlay-opacity":"","overlay-gradient":""}}},"product_brand":[],"product_cat":[213,520,518,521],"product_tag":[],"class_list":{"0":"post-21686","1":"product","2":"type-product","3":"status-publish","4":"has-post-thumbnail","6":"product_cat-outdoor-fiber-optic-cable-pl","7":"product_cat-air-blown-fiber-cable-pl","8":"product_cat-duct-fiber-optic-cable-pl","9":"product_cat-special-fiber-optic-cable-pl","10":"desktop-align-left","11":"tablet-align-left","12":"mobile-align-left","13":"ast-product-gallery-layout-vertical","14":"ast-product-gallery-with-no-image","15":"ast-product-tabs-layout-vertical","16":"ast-qv-on-image","18":"first","19":"instock","20":"shipping-taxable","21":"product-type-simple"},"_links":{"self":[{"href":"https:\/\/www.bonelinks.com\/pl\/wp-json\/wp\/v2\/product\/21686","targetHints":{"allow":["GET"]}}],"collection":[{"href":"https:\/\/www.bonelinks.com\/pl\/wp-json\/wp\/v2\/product"}],"about":[{"href":"https:\/\/www.bonelinks.com\/pl\/wp-json\/wp\/v2\/types\/product"}],"version-history":[{"count":3,"href":"https:\/\/www.bonelinks.com\/pl\/wp-json\/wp\/v2\/product\/21686\/revisions"}],"predecessor-version":[{"id":25943,"href":"https:\/\/www.bonelinks.com\/pl\/wp-json\/wp\/v2\/product\/21686\/revisions\/25943"}],"wp:featuredmedia":[{"embeddable":true,"href":"https:\/\/www.bonelinks.com\/pl\/wp-json\/wp\/v2\/media\/15487"}],"wp:attachment":[{"href":"https:\/\/www.bonelinks.com\/pl\/wp-json\/wp\/v2\/media?parent=21686"}],"wp:term":[{"taxonomy":"product_brand","embeddable":true,"href":"https:\/\/www.bonelinks.com\/pl\/wp-json\/wp\/v2\/product_brand?post=21686"},{"taxonomy":"product_cat","embeddable":true,"href":"https:\/\/www.bonelinks.com\/pl\/wp-json\/wp\/v2\/product_cat?post=21686"},{"taxonomy":"product_tag","embeddable":true,"href":"https:\/\/www.bonelinks.com\/pl\/wp-json\/wp\/v2\/product_tag?post=21686"}],"curies":[{"name":"wp","href":"https:\/\/api.w.org\/{rel}","templated":true}]}}