{"id":21684,"date":"2022-11-19T22:40:31","date_gmt":"2022-11-20T06:40:31","guid":{"rendered":"https:\/\/www.bonelinks.com\/product\/samonosny-kabel-swiatlowodowy-unitube-o-plaskim-ksztalcie\/"},"modified":"2024-02-08T20:12:12","modified_gmt":"2024-02-09T04:12:12","slug":"aerial-drop-cable-unitube-flat-shape-self-supporting-fiber-optic-cable","status":"publish","type":"product","link":"https:\/\/www.bonelinks.com\/pl\/product\/aerial-drop-cable-unitube-flat-shape-self-supporting-fiber-optic-cable\/","title":{"rendered":"Samono\u015bny kabel \u015bwiat\u0142owodowy Unitube o p\u0142askim kszta\u0142cie"},"content":{"rendered":"<h2 style=\"text-align: left; font-size: 18px;\"><strong>Cechy<\/strong><\/h2>\n<ul>\n<li>2 r\u00f3wnoleg\u0142e elementy wzmacniaj\u0105ce FRP w pobli\u017cu rury jednostkowej, zapewniaj\u0105ce samono\u015bno\u015b\u0107 i ochron\u0119<\/li>\n<li>Unikalny p\u0142aski kszta\u0142t zapewniaj\u0105cy doskona\u0142\u0105 odporno\u015b\u0107 na zgniatanie, stosowany do specjalnych zacisk\u00f3w klinowych do monta\u017cu<\/li>\n<li>Ca\u0142kowicie dielektryczna konstrukcja, maj\u0105ca zastosowanie w obszarach podatnych na wy\u0142adowania atmosferyczne<\/li>\n<li>Uni-rurka, ma\u0142y rozmiar i lekko\u015b\u0107, \u0142atwa instalacja<\/li>\n<\/ul>\n<h2 style=\"text-align: left; font-size: 18px;\"><strong>Zastosowanie<\/strong><\/h2>\n<p>Kabel dystrybucyjny, kabel dost\u0119pu antenowego<\/p>\n<h2 style=\"text-align: left; font-size: 18px;\"><strong>Szukasz wi\u0119cej opcji kabli \u015bwiat\u0142owodowych?<\/strong><\/h2>\n<p>Szukasz wi\u0119kszego wyboru kabli \u015bwiat\u0142owodowych? Sprawd\u017a nasze<a href=\"https:\/\/www.bonelinks.com\/pl\/aerial-fiber-optic-cable\/\" target=\"_blank\" rel=\"noopener\"><strong><span style=\"color: #0054a6;\"> Kable \u015bwiat\u0142owodowe <\/span><\/strong><\/a>zapewniaj\u0105ce p\u0142ynne po\u0142\u0105czenie sieciowe. Je\u015bli potrzebujesz kabli \u015bwiat\u0142owodowych dostosowanych do Twoich potrzeb, zapoznaj si\u0119 z nasz\u0105 ofert\u0105<a href=\"https:\/\/www.bonelinks.com\/pl\/custom-fiber-optic-cables\/\" target=\"_blank\" rel=\"noopener\"><strong><span style=\"color: #0054a6;\"> Niestandardowe kable \u015bwiat\u0142owodowe <\/span><\/strong><\/a>w celu uzyskania spersonalizowanych rozwi\u0105za\u0144 w zakresie \u0142\u0105czno\u015bci.<\/p>\n","protected":false},"excerpt":{"rendered":"<p>Zaprojektowany z my\u015bl\u0105 o szybkiej instalacji i \u0142atwej obs\u0142udze, p\u0142aski kabel \u015bwiat\u0142owodowy GYFXBY s\u0142u\u017cy jako ostatnie ogniwo sieci FTTx. Sk\u0142ada si\u0119 z 2-24 w\u0142\u00f3kien, 2 r\u00f3wnoleg\u0142ych element\u00f3w wzmacniaj\u0105cych FRP, prz\u0119dzy blokuj\u0105cej wod\u0119 i p\u0142askiego zewn\u0119trznego p\u0142aszcza PE. Dzi\u0119ki kompaktowym rozmiarom, ma\u0142ej \u015brednicy i \u0142atwym w monta\u017cu funkcjom, GYFXBY mo\u017ce dzia\u0142a\u0107 jako samono\u015bne rozwi\u0105zanie antenowe dla tych ostatnich mil do domu lub biura.<\/p>\n","protected":false},"featured_media":15567,"template":"","meta":{"site-sidebar-layout":"default","site-content-layout":"default","ast-site-content-layout":"default","site-content-style":"default","site-sidebar-style":"default","ast-global-header-display":"","ast-banner-title-visibility":"","ast-main-header-display":"","ast-hfb-above-header-display":"","ast-hfb-below-header-display":"","ast-hfb-mobile-header-display":"","site-post-title":"","ast-breadcrumbs-content":"","ast-featured-img":"","footer-sml-layout":"","ast-disable-related-posts":"","theme-transparent-header-meta":"default","adv-header-id-meta":"","stick-header-meta":"default","header-above-stick-meta":"","header-main-stick-meta":"","header-below-stick-meta":"","astra-migrate-meta-layouts":"set","ast-page-background-enabled":"default","ast-page-background-meta":{"desktop":{"background-color":"","background-image":"","background-repeat":"repeat","background-position":"center center","background-size":"auto","background-attachment":"scroll","background-type":"","background-media":"","overlay-type":"","overlay-color":"","overlay-opacity":"","overlay-gradient":""},"tablet":{"background-color":"","background-image":"","background-repeat":"repeat","background-position":"center center","background-size":"auto","background-attachment":"scroll","background-type":"","background-media":"","overlay-type":"","overlay-color":"","overlay-opacity":"","overlay-gradient":""},"mobile":{"background-color":"","background-image":"","background-repeat":"repeat","background-position":"center center","background-size":"auto","background-attachment":"scroll","background-type":"","background-media":"","overlay-type":"","overlay-color":"","overlay-opacity":"","overlay-gradient":""}},"ast-content-background-meta":{"desktop":{"background-color":"var(--ast-global-color-5)","background-image":"","background-repeat":"repeat","background-position":"center center","background-size":"auto","background-attachment":"scroll","background-type":"","background-media":"","overlay-type":"","overlay-color":"","overlay-opacity":"","overlay-gradient":""},"tablet":{"background-color":"var(--ast-global-color-5)","background-image":"","background-repeat":"repeat","background-position":"center center","background-size":"auto","background-attachment":"scroll","background-type":"","background-media":"","overlay-type":"","overlay-color":"","overlay-opacity":"","overlay-gradient":""},"mobile":{"background-color":"var(--ast-global-color-5)","background-image":"","background-repeat":"repeat","background-position":"center center","background-size":"auto","background-attachment":"scroll","background-type":"","background-media":"","overlay-type":"","overlay-color":"","overlay-opacity":"","overlay-gradient":""}}},"product_brand":[],"product_cat":[510,213,241],"product_tag":[],"class_list":{"0":"post-21684","1":"product","2":"type-product","3":"status-publish","4":"has-post-thumbnail","6":"product_cat-aerial-fiber-optic-cable-pl","7":"product_cat-outdoor-fiber-optic-cable-pl","8":"product_cat-ftth-cable-pl","9":"desktop-align-left","10":"tablet-align-left","11":"mobile-align-left","12":"ast-product-gallery-layout-vertical","13":"ast-product-gallery-with-no-image","14":"ast-product-tabs-layout-vertical","15":"ast-qv-on-image","17":"first","18":"instock","19":"shipping-taxable","20":"product-type-simple"},"_links":{"self":[{"href":"https:\/\/www.bonelinks.com\/pl\/wp-json\/wp\/v2\/product\/21684","targetHints":{"allow":["GET"]}}],"collection":[{"href":"https:\/\/www.bonelinks.com\/pl\/wp-json\/wp\/v2\/product"}],"about":[{"href":"https:\/\/www.bonelinks.com\/pl\/wp-json\/wp\/v2\/types\/product"}],"version-history":[{"count":2,"href":"https:\/\/www.bonelinks.com\/pl\/wp-json\/wp\/v2\/product\/21684\/revisions"}],"predecessor-version":[{"id":25948,"href":"https:\/\/www.bonelinks.com\/pl\/wp-json\/wp\/v2\/product\/21684\/revisions\/25948"}],"wp:featuredmedia":[{"embeddable":true,"href":"https:\/\/www.bonelinks.com\/pl\/wp-json\/wp\/v2\/media\/15567"}],"wp:attachment":[{"href":"https:\/\/www.bonelinks.com\/pl\/wp-json\/wp\/v2\/media?parent=21684"}],"wp:term":[{"taxonomy":"product_brand","embeddable":true,"href":"https:\/\/www.bonelinks.com\/pl\/wp-json\/wp\/v2\/product_brand?post=21684"},{"taxonomy":"product_cat","embeddable":true,"href":"https:\/\/www.bonelinks.com\/pl\/wp-json\/wp\/v2\/product_cat?post=21684"},{"taxonomy":"product_tag","embeddable":true,"href":"https:\/\/www.bonelinks.com\/pl\/wp-json\/wp\/v2\/product_tag?post=21684"}],"curies":[{"name":"wp","href":"https:\/\/api.w.org\/{rel}","templated":true}]}}