{"id":21682,"date":"2022-11-19T23:07:43","date_gmt":"2022-11-20T07:07:43","guid":{"rendered":"https:\/\/www.bonelinks.com\/product\/plaski-kabel-swiatlowodowy-samonosny-z-luzna-rura-srodkowa\/"},"modified":"2024-02-08T20:10:49","modified_gmt":"2024-02-09T04:10:49","slug":"flat-drop-fiber-cable-self-supporting-with-center-loose-tube","status":"publish","type":"product","link":"https:\/\/www.bonelinks.com\/pl\/product\/flat-drop-fiber-cable-self-supporting-with-center-loose-tube\/","title":{"rendered":"P\u0142aski kabel \u015bwiat\u0142owodowy samono\u015bny z lu\u017an\u0105 rur\u0105 \u015brodkow\u0105"},"content":{"rendered":"<h2 style=\"text-align: left; font-size: 18px;\"><strong>Cechy<\/strong><\/h2>\n<ul>\n<li>Dwie r\u00f3wnoleg\u0142e \u017cy\u0142y zapewniaj\u0105 wytrzyma\u0142o\u015b\u0107 kabla na rozci\u0105ganie<\/li>\n<li>Uni-rurka o ma\u0142ej \u015brednicy, \u0142atwa do usuni\u0119cia<\/li>\n<li>Nieopancerzone materia\u0142y dielektryczne, lekkie i \u0142atwe w uk\u0142adaniu<\/li>\n<li>Dobra wydajno\u015b\u0107 mechaniczna i temperaturowa<\/li>\n<li>Lu\u017ana rurka o wysokiej wytrzyma\u0142o\u015bci, odporna na hydroliz\u0119<\/li>\n<li>Specjalne mieszanki do wype\u0142niania rur zapewniaj\u0105 krytyczn\u0105 ochron\u0119 w\u0142\u00f3kien<\/li>\n<li>Odporno\u015b\u0107 na zgniatanie i elastyczno\u015b\u0107<\/li>\n<\/ul>\n<h2 style=\"text-align: left; font-size: 18px;\"><strong>Zastosowanie<\/strong><\/h2>\n<p>FTTx; FTTH; Budynki; Centrum handlowe<\/p>\n<h2 style=\"text-align: left; font-size: 18px;\"><strong>Ochrona<\/strong><\/h2>\n<p>Odporno\u015b\u0107 na promieniowanie UV; Wodoodporno\u015b\u0107; Odporno\u015b\u0107 na niskie temperatury<\/p>\n<h2 style=\"text-align: left; font-size: 18px;\"><strong>Szukasz wi\u0119cej kabli FTTH Drop do wyboru?<\/strong><\/h2>\n<p>Szukasz wi\u0119kszego wyboru kabli FTTH? Sprawd\u017a nasze<a href=\"https:\/\/www.bonelinks.com\/pl\/ftth-drop-cable\/\" target=\"_blank\" rel=\"noopener\"><strong><span style=\"color: #0054a6;\"> Kable \u015bwiat\u0142owodowe FTTH Drop <\/span><\/strong><\/a>dla p\u0142ynnego po\u0142\u0105czenia sieciowego. Je\u015bli potrzebujesz kabli \u015bwiat\u0142owodowych dostosowanych do Twoich potrzeb, zapoznaj si\u0119 z nasz\u0105 ofert\u0105<a href=\"https:\/\/www.bonelinks.com\/pl\/custom-fiber-optic-cables\/\" target=\"_blank\" rel=\"noopener\"><strong><span style=\"color: #0054a6;\"> Niestandardowe kable \u015bwiat\u0142owodowe <\/span><\/strong><\/a>w celu uzyskania spersonalizowanych rozwi\u0105za\u0144 w zakresie \u0142\u0105czno\u015bci.<\/p>\n","protected":false},"excerpt":{"rendered":"<p>Samono\u015bny kabel \u015bwiat\u0142owodowy GYXTPY zosta\u0142 zaprojektowany specjalnie dla obszar\u00f3w o niskiej liczbie abonent\u00f3w i stosunkowo stabilnych warunkach pogodowych. Kabel \u015bwiat\u0142owodowy zrzutowy to wygodne i niedrogie rozwi\u0105zanie dost\u0119pu napowietrznego dla projekt\u00f3w FTTH w odleg\u0142ych obszarach wiejskich w celu osi\u0105gni\u0119cia zasi\u0119gu sieci. Ze wzgl\u0119du na pojedyncz\u0105 obudow\u0119 i prost\u0105 konstrukcj\u0119, Bonelinks zaprojektowa\u0142 i wyprodukowa\u0142 nieopancerzony kabel GYXTPY unitube z minimaln\u0105 liczb\u0105 rdzeni wynosz\u0105c\u0105 2 i maksymaln\u0105 liczb\u0105 rdzeni wynosz\u0105c\u0105 12. W zale\u017cno\u015bci od \u015brodowiska napowietrznego i koszt\u00f3w, kabel mo\u017ce by\u0107 produkowany w owalnych kszta\u0142tach, aby sprosta\u0107 zapotrzebowaniu.<\/p>\n","protected":false},"featured_media":13512,"template":"","meta":{"site-sidebar-layout":"default","site-content-layout":"default","ast-site-content-layout":"default","site-content-style":"default","site-sidebar-style":"default","ast-global-header-display":"","ast-banner-title-visibility":"","ast-main-header-display":"","ast-hfb-above-header-display":"","ast-hfb-below-header-display":"","ast-hfb-mobile-header-display":"","site-post-title":"","ast-breadcrumbs-content":"","ast-featured-img":"","footer-sml-layout":"","ast-disable-related-posts":"","theme-transparent-header-meta":"default","adv-header-id-meta":"","stick-header-meta":"default","header-above-stick-meta":"","header-main-stick-meta":"","header-below-stick-meta":"","astra-migrate-meta-layouts":"set","ast-page-background-enabled":"default","ast-page-background-meta":{"desktop":{"background-color":"","background-image":"","background-repeat":"repeat","background-position":"center center","background-size":"auto","background-attachment":"scroll","background-type":"","background-media":"","overlay-type":"","overlay-color":"","overlay-opacity":"","overlay-gradient":""},"tablet":{"background-color":"","background-image":"","background-repeat":"repeat","background-position":"center center","background-size":"auto","background-attachment":"scroll","background-type":"","background-media":"","overlay-type":"","overlay-color":"","overlay-opacity":"","overlay-gradient":""},"mobile":{"background-color":"","background-image":"","background-repeat":"repeat","background-position":"center center","background-size":"auto","background-attachment":"scroll","background-type":"","background-media":"","overlay-type":"","overlay-color":"","overlay-opacity":"","overlay-gradient":""}},"ast-content-background-meta":{"desktop":{"background-color":"var(--ast-global-color-5)","background-image":"","background-repeat":"repeat","background-position":"center center","background-size":"auto","background-attachment":"scroll","background-type":"","background-media":"","overlay-type":"","overlay-color":"","overlay-opacity":"","overlay-gradient":""},"tablet":{"background-color":"var(--ast-global-color-5)","background-image":"","background-repeat":"repeat","background-position":"center center","background-size":"auto","background-attachment":"scroll","background-type":"","background-media":"","overlay-type":"","overlay-color":"","overlay-opacity":"","overlay-gradient":""},"mobile":{"background-color":"var(--ast-global-color-5)","background-image":"","background-repeat":"repeat","background-position":"center center","background-size":"auto","background-attachment":"scroll","background-type":"","background-media":"","overlay-type":"","overlay-color":"","overlay-opacity":"","overlay-gradient":""}}},"product_brand":[],"product_cat":[510,213,241],"product_tag":[],"class_list":{"0":"post-21682","1":"product","2":"type-product","3":"status-publish","4":"has-post-thumbnail","6":"product_cat-aerial-fiber-optic-cable-pl","7":"product_cat-outdoor-fiber-optic-cable-pl","8":"product_cat-ftth-cable-pl","9":"desktop-align-left","10":"tablet-align-left","11":"mobile-align-left","12":"ast-product-gallery-layout-vertical","13":"ast-product-gallery-with-no-image","14":"ast-product-tabs-layout-vertical","15":"ast-qv-on-image","17":"first","18":"instock","19":"shipping-taxable","20":"product-type-simple"},"_links":{"self":[{"href":"https:\/\/www.bonelinks.com\/pl\/wp-json\/wp\/v2\/product\/21682","targetHints":{"allow":["GET"]}}],"collection":[{"href":"https:\/\/www.bonelinks.com\/pl\/wp-json\/wp\/v2\/product"}],"about":[{"href":"https:\/\/www.bonelinks.com\/pl\/wp-json\/wp\/v2\/types\/product"}],"version-history":[{"count":3,"href":"https:\/\/www.bonelinks.com\/pl\/wp-json\/wp\/v2\/product\/21682\/revisions"}],"predecessor-version":[{"id":25945,"href":"https:\/\/www.bonelinks.com\/pl\/wp-json\/wp\/v2\/product\/21682\/revisions\/25945"}],"wp:featuredmedia":[{"embeddable":true,"href":"https:\/\/www.bonelinks.com\/pl\/wp-json\/wp\/v2\/media\/13512"}],"wp:attachment":[{"href":"https:\/\/www.bonelinks.com\/pl\/wp-json\/wp\/v2\/media?parent=21682"}],"wp:term":[{"taxonomy":"product_brand","embeddable":true,"href":"https:\/\/www.bonelinks.com\/pl\/wp-json\/wp\/v2\/product_brand?post=21682"},{"taxonomy":"product_cat","embeddable":true,"href":"https:\/\/www.bonelinks.com\/pl\/wp-json\/wp\/v2\/product_cat?post=21682"},{"taxonomy":"product_tag","embeddable":true,"href":"https:\/\/www.bonelinks.com\/pl\/wp-json\/wp\/v2\/product_tag?post=21682"}],"curies":[{"name":"wp","href":"https:\/\/api.w.org\/{rel}","templated":true}]}}