{"id":21680,"date":"2022-11-20T18:45:47","date_gmt":"2022-11-21T02:45:47","guid":{"rendered":"https:\/\/www.bonelinks.com\/product\/adss-antenowy-kabel-swiatlowodowy-48-zylowy\/"},"modified":"2024-02-08T20:07:59","modified_gmt":"2024-02-09T04:07:59","slug":"adss-aerial-fiber-optic-cable-48-core","status":"publish","type":"product","link":"https:\/\/www.bonelinks.com\/pl\/product\/adss-aerial-fiber-optic-cable-48-core\/","title":{"rendered":"ADSS Antenowy kabel \u015bwiat\u0142owodowy 48-\u017cy\u0142owy"},"content":{"rendered":"<h2 style=\"text-align: left; font-size: 18px;\"><strong>Cechy 48-\u017cy\u0142owego \u015bwiat\u0142owodowego kabla antenowego ADSS<\/strong><\/h2>\n<ul>\n<li>FRP jako centralny element wytrzyma\u0142o\u015bciowy, konstrukcja niemetalowa<\/li>\n<li>Nieprzewodno\u015b\u0107, ma\u0142a \u015brednica i lekko\u015b\u0107<\/li>\n<li>Lu\u017ana tuba z mieszank\u0105 galaretki w\u0142\u00f3knistej zapewnia ochron\u0119 w\u0142\u00f3kien<\/li>\n<li>Sznurek do \u0142atwego wi\u0105zania i konstrukcji<\/li>\n<li>Zewn\u0119trzna pow\u0142oka z PE, MDPE i HDPE zapewniaj\u0105ca doskona\u0142e w\u0142a\u015bciwo\u015bci mechaniczne w \u015brodowisku<\/li>\n<li>Rozpi\u0119to\u015b\u0107 80 metr\u00f3w i 120 metr\u00f3w, dost\u0119pna jest r\u00f3wnie\u017c personalizacja<\/li>\n<\/ul>\n<h2 style=\"text-align: left; font-size: 18px;\"><strong>Zastosowania 48-\u017cy\u0142owego kabla \u015bwiat\u0142owodowego ADSS Aerial<\/strong><\/h2>\n<p>Sie\u0107 optyczna FTTH, konstrukcja samono\u015bna z powietrza<\/p>\n<h2 style=\"text-align: left; font-size: 18px;\"><strong>Szukasz wi\u0119cej kabli \u015bwiat\u0142owodowych ADSS?<\/strong><\/h2>\n<p>Szukasz wi\u0119kszego wyboru kabli \u015bwiat\u0142owodowych ADSS? Sprawd\u017a nasze<a href=\"https:\/\/www.bonelinks.com\/pl\/adss-fiber-optic-cable\/\" target=\"_blank\" rel=\"noopener\"><strong><span style=\"color: #0054a6;\"> Kable \u015bwiat\u0142owodowe ADSS <\/span><\/strong><\/a>dla bezproblemowej pracy w sieci. Je\u015bli potrzebujesz kabli \u015bwiat\u0142owodowych dostosowanych do Twoich potrzeb, zapoznaj si\u0119 z nasz\u0105 ofert\u0105<a href=\"https:\/\/www.bonelinks.com\/pl\/custom-fiber-optic-cables\/\" target=\"_blank\" rel=\"noopener\"><strong><span style=\"color: #0054a6;\"> Niestandardowe kable \u015bwiat\u0142owodowe <\/span><\/strong><\/a>w celu uzyskania spersonalizowanych rozwi\u0105za\u0144 w zakresie \u0142\u0105czno\u015bci.<\/p>\n","protected":false},"excerpt":{"rendered":"<p>Antenowy kabel \u015bwiat\u0142owodowy ADSS jest idealny do instalacji antenowych ze wzgl\u0119du na ma\u0142\u0105 \u015brednic\u0119 i niewielk\u0105 wag\u0119. Nadaje si\u0119 r\u00f3wnie\u017c do linii energetycznych ze wzgl\u0119du na nieprzewodz\u0105ce materia\u0142y kabli. Standardowy kabel \u015bwiat\u0142owodowy ADSS sk\u0142ada si\u0119 z rdzenia \u015bwiat\u0142owodowego, prz\u0119dzy aramidowej jako wzmocnienia i os\u0142ony zewn\u0119trznej. Podw\u00f3jna os\u0142ona lub os\u0142ona AT jest wymagana w przypadku du\u017cych rozpi\u0119to\u015bci lub w pobli\u017cu linii elektronicznych.<\/p>\n","protected":false},"featured_media":15537,"template":"","meta":{"site-sidebar-layout":"default","site-content-layout":"default","ast-site-content-layout":"default","site-content-style":"default","site-sidebar-style":"default","ast-global-header-display":"","ast-banner-title-visibility":"","ast-main-header-display":"","ast-hfb-above-header-display":"","ast-hfb-below-header-display":"","ast-hfb-mobile-header-display":"","site-post-title":"","ast-breadcrumbs-content":"","ast-featured-img":"","footer-sml-layout":"","ast-disable-related-posts":"","theme-transparent-header-meta":"default","adv-header-id-meta":"","stick-header-meta":"default","header-above-stick-meta":"","header-main-stick-meta":"","header-below-stick-meta":"","astra-migrate-meta-layouts":"set","ast-page-background-enabled":"default","ast-page-background-meta":{"desktop":{"background-color":"","background-image":"","background-repeat":"repeat","background-position":"center center","background-size":"auto","background-attachment":"scroll","background-type":"","background-media":"","overlay-type":"","overlay-color":"","overlay-opacity":"","overlay-gradient":""},"tablet":{"background-color":"","background-image":"","background-repeat":"repeat","background-position":"center center","background-size":"auto","background-attachment":"scroll","background-type":"","background-media":"","overlay-type":"","overlay-color":"","overlay-opacity":"","overlay-gradient":""},"mobile":{"background-color":"","background-image":"","background-repeat":"repeat","background-position":"center center","background-size":"auto","background-attachment":"scroll","background-type":"","background-media":"","overlay-type":"","overlay-color":"","overlay-opacity":"","overlay-gradient":""}},"ast-content-background-meta":{"desktop":{"background-color":"var(--ast-global-color-5)","background-image":"","background-repeat":"repeat","background-position":"center center","background-size":"auto","background-attachment":"scroll","background-type":"","background-media":"","overlay-type":"","overlay-color":"","overlay-opacity":"","overlay-gradient":""},"tablet":{"background-color":"var(--ast-global-color-5)","background-image":"","background-repeat":"repeat","background-position":"center center","background-size":"auto","background-attachment":"scroll","background-type":"","background-media":"","overlay-type":"","overlay-color":"","overlay-opacity":"","overlay-gradient":""},"mobile":{"background-color":"var(--ast-global-color-5)","background-image":"","background-repeat":"repeat","background-position":"center center","background-size":"auto","background-attachment":"scroll","background-type":"","background-media":"","overlay-type":"","overlay-color":"","overlay-opacity":"","overlay-gradient":""}}},"product_brand":[],"product_cat":[510,213,549],"product_tag":[],"class_list":{"0":"post-21680","1":"product","2":"type-product","3":"status-publish","4":"has-post-thumbnail","6":"product_cat-aerial-fiber-optic-cable-pl","7":"product_cat-outdoor-fiber-optic-cable-pl","8":"product_cat-adss-fiber-optic-cable-pl","9":"desktop-align-left","10":"tablet-align-left","11":"mobile-align-left","12":"ast-product-gallery-layout-vertical","13":"ast-product-gallery-with-no-image","14":"ast-product-tabs-layout-vertical","15":"ast-qv-on-image","17":"first","18":"instock","19":"shipping-taxable","20":"product-type-simple"},"_links":{"self":[{"href":"https:\/\/www.bonelinks.com\/pl\/wp-json\/wp\/v2\/product\/21680","targetHints":{"allow":["GET"]}}],"collection":[{"href":"https:\/\/www.bonelinks.com\/pl\/wp-json\/wp\/v2\/product"}],"about":[{"href":"https:\/\/www.bonelinks.com\/pl\/wp-json\/wp\/v2\/types\/product"}],"version-history":[{"count":2,"href":"https:\/\/www.bonelinks.com\/pl\/wp-json\/wp\/v2\/product\/21680\/revisions"}],"predecessor-version":[{"id":25939,"href":"https:\/\/www.bonelinks.com\/pl\/wp-json\/wp\/v2\/product\/21680\/revisions\/25939"}],"wp:featuredmedia":[{"embeddable":true,"href":"https:\/\/www.bonelinks.com\/pl\/wp-json\/wp\/v2\/media\/15537"}],"wp:attachment":[{"href":"https:\/\/www.bonelinks.com\/pl\/wp-json\/wp\/v2\/media?parent=21680"}],"wp:term":[{"taxonomy":"product_brand","embeddable":true,"href":"https:\/\/www.bonelinks.com\/pl\/wp-json\/wp\/v2\/product_brand?post=21680"},{"taxonomy":"product_cat","embeddable":true,"href":"https:\/\/www.bonelinks.com\/pl\/wp-json\/wp\/v2\/product_cat?post=21680"},{"taxonomy":"product_tag","embeddable":true,"href":"https:\/\/www.bonelinks.com\/pl\/wp-json\/wp\/v2\/product_tag?post=21680"}],"curies":[{"name":"wp","href":"https:\/\/api.w.org\/{rel}","templated":true}]}}