{"id":21648,"date":"2022-11-20T19:21:55","date_gmt":"2022-11-21T03:21:55","guid":{"rendered":"https:\/\/www.bonelinks.com\/product\/dostawcy-kabli-swiatlowodowych-adss-o-duzej-rozpietosci\/"},"modified":"2024-02-08T20:06:14","modified_gmt":"2024-02-09T04:06:14","slug":"adss-aerial-fiber-optic-cable-suppliers-long-span","status":"publish","type":"product","link":"https:\/\/www.bonelinks.com\/pl\/product\/adss-aerial-fiber-optic-cable-suppliers-long-span\/","title":{"rendered":"Dostawcy kabli \u015bwiat\u0142owodowych ADSS o du\u017cej rozpi\u0119to\u015bci"},"content":{"rendered":"<h2 style=\"text-align: left; font-size: 18px;\"><strong>Cechy \u015bwiat\u0142owodowego kabla antenowego ADSS o du\u017cej rozpi\u0119to\u015bci<\/strong><\/h2>\n<ul>\n<li>Kabel \u015bwiat\u0142owodowy ADSS jest konstrukcj\u0105 niemetaliczn\u0105<\/li>\n<li>Prz\u0119dza aramidowa zapewnia odporno\u015b\u0107 na rozci\u0105ganie i w\u0142a\u015bciwo\u015bci samono\u015bne<\/li>\n<li>Pojedyncza lub podw\u00f3jna os\u0142ona zapewnia wysok\u0105 izolacj\u0119 i ochron\u0119 w\u0142\u00f3kien ADSS<\/li>\n<li>Ma\u0142a \u015brednica i niewielka waga, co sprawia, \u017ce jest \u0142atwy w budowie i ekonomiczny<\/li>\n<li>D\u0142uga rozpi\u0119to\u015b\u0107 mo\u017ce osi\u0105gn\u0105\u0107 ponad 1000 m dla kabla ADSS<\/li>\n<li>Dobra wytrzyma\u0142o\u015b\u0107 na rozci\u0105ganie i temperatur\u0119<\/li>\n<\/ul>\n<h2 style=\"text-align: left; font-size: 18px;\"><strong>Zastosowania antenowego kabla \u015bwiat\u0142owodowego ADSS o du\u017cej rozpi\u0119to\u015bci<\/strong><\/h2>\n<p>Sie\u0107 optyczna FTTH, konstrukcja samono\u015bna z powietrza<\/p>\n<h2 style=\"text-align: left; font-size: 18px;\"><strong>Szukasz wi\u0119cej kabli \u015bwiat\u0142owodowych ADSS?<\/strong><\/h2>\n<p>Szukasz wi\u0119kszego wyboru kabli \u015bwiat\u0142owodowych ADSS? Sprawd\u017a nasze<a href=\"https:\/\/www.bonelinks.com\/pl\/adss-fiber-optic-cable\/\" target=\"_blank\" rel=\"noopener\"><strong><span style=\"color: #0054a6;\"> Kable \u015bwiat\u0142owodowe ADSS <\/span><\/strong><\/a>dla bezproblemowej pracy w sieci. Je\u015bli potrzebujesz kabli \u015bwiat\u0142owodowych dostosowanych do Twoich potrzeb, zapoznaj si\u0119 z nasz\u0105 ofert\u0105<a href=\"https:\/\/www.bonelinks.com\/pl\/custom-fiber-optic-cables\/\" target=\"_blank\" rel=\"noopener\"><strong><span style=\"color: #0054a6;\"> Niestandardowe kable \u015bwiat\u0142owodowe <\/span><\/strong><\/a>w celu uzyskania spersonalizowanych rozwi\u0105za\u0144 w zakresie \u0142\u0105czno\u015bci.<\/p>\n","protected":false},"excerpt":{"rendered":"<p>Antenowy kabel \u015bwiat\u0142owodowy ADSS jest niemetaliczny, odporny na rozci\u0105ganie i samono\u015bny, przeznaczony do linii energetycznych i instalacji antenowych FTTH. W przypadku instalacji napowietrznej rozpi\u0119to\u015b\u0107 kabla jest najcz\u0119\u015bciej brana pod uwag\u0119 podczas ustawiania lub aktualizacji linii kablowej. Wraz ze wzrostem rozpi\u0119to\u015bci, zmieniaj\u0105 si\u0119 materia\u0142y i specyfikacje kabli. Bonelinks jest dostawc\u0105 kabli \u015bwiat\u0142owodowych ADSS, kt\u00f3ry oferuje wszystkie rodzaje kabli \u015bwiat\u0142owodowych ADSS i specyfikacje, pocz\u0105wszy od \u015bwiat\u0142owod\u00f3w, materia\u0142\u00f3w kablowych i rozpi\u0119to\u015bci. Wszystko to dla najlepszego rozwi\u0105zania dla linii komunikacyjnej w rzeczywistym miejscu.<\/p>\n","protected":false},"featured_media":15012,"template":"","meta":{"site-sidebar-layout":"default","site-content-layout":"default","ast-site-content-layout":"default","site-content-style":"default","site-sidebar-style":"default","ast-global-header-display":"","ast-banner-title-visibility":"","ast-main-header-display":"","ast-hfb-above-header-display":"","ast-hfb-below-header-display":"","ast-hfb-mobile-header-display":"","site-post-title":"","ast-breadcrumbs-content":"","ast-featured-img":"","footer-sml-layout":"","ast-disable-related-posts":"","theme-transparent-header-meta":"default","adv-header-id-meta":"","stick-header-meta":"default","header-above-stick-meta":"","header-main-stick-meta":"","header-below-stick-meta":"","astra-migrate-meta-layouts":"set","ast-page-background-enabled":"default","ast-page-background-meta":{"desktop":{"background-color":"","background-image":"","background-repeat":"repeat","background-position":"center center","background-size":"auto","background-attachment":"scroll","background-type":"","background-media":"","overlay-type":"","overlay-color":"","overlay-opacity":"","overlay-gradient":""},"tablet":{"background-color":"","background-image":"","background-repeat":"repeat","background-position":"center center","background-size":"auto","background-attachment":"scroll","background-type":"","background-media":"","overlay-type":"","overlay-color":"","overlay-opacity":"","overlay-gradient":""},"mobile":{"background-color":"","background-image":"","background-repeat":"repeat","background-position":"center center","background-size":"auto","background-attachment":"scroll","background-type":"","background-media":"","overlay-type":"","overlay-color":"","overlay-opacity":"","overlay-gradient":""}},"ast-content-background-meta":{"desktop":{"background-color":"var(--ast-global-color-5)","background-image":"","background-repeat":"repeat","background-position":"center center","background-size":"auto","background-attachment":"scroll","background-type":"","background-media":"","overlay-type":"","overlay-color":"","overlay-opacity":"","overlay-gradient":""},"tablet":{"background-color":"var(--ast-global-color-5)","background-image":"","background-repeat":"repeat","background-position":"center center","background-size":"auto","background-attachment":"scroll","background-type":"","background-media":"","overlay-type":"","overlay-color":"","overlay-opacity":"","overlay-gradient":""},"mobile":{"background-color":"var(--ast-global-color-5)","background-image":"","background-repeat":"repeat","background-position":"center center","background-size":"auto","background-attachment":"scroll","background-type":"","background-media":"","overlay-type":"","overlay-color":"","overlay-opacity":"","overlay-gradient":""}}},"product_brand":[],"product_cat":[510,213,549],"product_tag":[],"class_list":{"0":"post-21648","1":"product","2":"type-product","3":"status-publish","4":"has-post-thumbnail","6":"product_cat-aerial-fiber-optic-cable-pl","7":"product_cat-outdoor-fiber-optic-cable-pl","8":"product_cat-adss-fiber-optic-cable-pl","9":"desktop-align-left","10":"tablet-align-left","11":"mobile-align-left","12":"ast-product-gallery-layout-vertical","13":"ast-product-gallery-with-no-image","14":"ast-product-tabs-layout-vertical","15":"ast-qv-on-image","17":"first","18":"instock","19":"shipping-taxable","20":"product-type-simple"},"_links":{"self":[{"href":"https:\/\/www.bonelinks.com\/pl\/wp-json\/wp\/v2\/product\/21648","targetHints":{"allow":["GET"]}}],"collection":[{"href":"https:\/\/www.bonelinks.com\/pl\/wp-json\/wp\/v2\/product"}],"about":[{"href":"https:\/\/www.bonelinks.com\/pl\/wp-json\/wp\/v2\/types\/product"}],"version-history":[{"count":3,"href":"https:\/\/www.bonelinks.com\/pl\/wp-json\/wp\/v2\/product\/21648\/revisions"}],"predecessor-version":[{"id":25937,"href":"https:\/\/www.bonelinks.com\/pl\/wp-json\/wp\/v2\/product\/21648\/revisions\/25937"}],"wp:featuredmedia":[{"embeddable":true,"href":"https:\/\/www.bonelinks.com\/pl\/wp-json\/wp\/v2\/media\/15012"}],"wp:attachment":[{"href":"https:\/\/www.bonelinks.com\/pl\/wp-json\/wp\/v2\/media?parent=21648"}],"wp:term":[{"taxonomy":"product_brand","embeddable":true,"href":"https:\/\/www.bonelinks.com\/pl\/wp-json\/wp\/v2\/product_brand?post=21648"},{"taxonomy":"product_cat","embeddable":true,"href":"https:\/\/www.bonelinks.com\/pl\/wp-json\/wp\/v2\/product_cat?post=21648"},{"taxonomy":"product_tag","embeddable":true,"href":"https:\/\/www.bonelinks.com\/pl\/wp-json\/wp\/v2\/product_tag?post=21648"}],"curies":[{"name":"wp","href":"https:\/\/api.w.org\/{rel}","templated":true}]}}