{"id":21639,"date":"2022-11-21T00:55:45","date_gmt":"2022-11-21T08:55:45","guid":{"rendered":"https:\/\/www.bonelinks.com\/product\/wielozylowy-mikrokabel-swiatlowodowy-do-zastosowan-wewnetrznych\/"},"modified":"2024-02-08T20:02:42","modified_gmt":"2024-02-09T04:02:42","slug":"fiber-breakout-cable-indoor-multi-core-micro-optical-cable","status":"publish","type":"product","link":"https:\/\/www.bonelinks.com\/pl\/product\/fiber-breakout-cable-indoor-multi-core-micro-optical-cable\/","title":{"rendered":"Wielo\u017cy\u0142owy mikrokabel \u015bwiat\u0142owodowy do zastosowa\u0144 wewn\u0119trznych"},"content":{"rendered":"<h2 style=\"text-align: left; font-size: 18px;\"><strong>Cechy<\/strong><\/h2>\n<ul>\n<li>Niemetalowy centralny element wzmacniaj\u0105cy FRP, zak\u0142\u00f3cenia antyelektromagnetyczne<\/li>\n<li>P\u0142aszcz Riser \/ LSZH, u\u017cywany do linii szkieletowych, poziomych i wewn\u0105trzbudynkowych<\/li>\n<li>Idealny do poziomej dystrybucji \u015bwiat\u0142owodu do biurka<\/li>\n<li>Stosowane w po\u0142\u0105czeniach optycznych w urz\u0105dzeniach i sprz\u0119cie optycznym<\/li>\n<\/ul>\n<div class=\"elementor-element elementor-element-2f16c6cc elementor-widget elementor-widget-text-editor\" data-id=\"2f16c6cc\" data-element_type=\"widget\" data-widget_type=\"text-editor.default\">\n<div class=\"elementor-widget-container\">\n<h2 style=\"text-align: left; font-size: 18px;\"><strong>Zastosowanie<\/strong><\/h2>\n<p>S\u0142aby budynek, centrum danych, serwerownia<\/p>\n<h2 style=\"text-align: left; font-size: 18px;\"><strong>Ochrona<\/strong><\/h2>\n<p>Odporno\u015b\u0107 na promieniowanie UV; ognioodporno\u015b\u0107; wodoodporno\u015b\u0107<\/p>\n<h2 style=\"text-align: left; font-size: 18px;\"><strong>Szukasz wi\u0119kszego wyboru kabli \u015bwiat\u0142owodowych?<\/strong><\/h2>\n<p>Szukasz wi\u0119kszego wyboru kabli \u015bwiat\u0142owodowych? Sprawd\u017a nasze<a href=\"https:\/\/www.bonelinks.com\/pl\/products\/breakout-fiber-cable-pl\/\" target=\"_blank\" rel=\"noopener\"><strong><span style=\"color: #0054a6;\"> Kable \u015bwiat\u0142owodowe Breakout <\/span><\/strong><\/a>dla bezproblemowej pracy w sieci. Je\u015bli potrzebujesz kabli \u015bwiat\u0142owodowych dostosowanych do Twoich potrzeb, zapoznaj si\u0119 z nasz\u0105 ofert\u0105<a href=\"https:\/\/www.bonelinks.com\/pl\/custom-fiber-optic-cables\/\" target=\"_blank\" rel=\"noopener\"><strong><span style=\"color: #0054a6;\"> Niestandardowe kable \u015bwiat\u0142owodowe <\/span><\/strong><\/a>w celu uzyskania spersonalizowanych rozwi\u0105za\u0144 w zakresie \u0142\u0105czno\u015bci.<\/p>\n<\/div>\n<\/div>\n","protected":false},"excerpt":{"rendered":"<p>Kabel \u015bwiat\u0142owodowy GJBFJV to kabel rozga\u0142\u0119ziony sk\u0142adaj\u0105cy si\u0119 z wielu kabli podrz\u0119dnych wykonanych z w\u0142\u00f3kien wielomodowych lub jednomodowych, kt\u00f3ry jest cz\u0119sto u\u017cywany w centrach danych o du\u017cej przepustowo\u015bci i ogromnych wymaganiach dotycz\u0105cych przetwarzania danych, sieciach hierarchicznych FTTH. Wewn\u0119trzny kabel \u015bwiat\u0142owodowy Breakout zawiera kilka ciasno buforowanych w\u0142\u00f3kien oraz elementy wzmacniaj\u0105ce z kevlaru\/aramidu, kt\u00f3re usztywniaj\u0105 kabel i zapobiegaj\u0105 za\u0142amaniom. Bonelinks mo\u017ce wyprodukowa\u0107 wewn\u0119trzny kabel \u015bwiat\u0142owodowy z wysokiej jako\u015bci ognioodporn\u0105 os\u0142on\u0105, od 2 do 48 rdzeni, w zale\u017cno\u015bci od wymaga\u0144 u\u017cytkowych. Trzy klasy odporno\u015bci ogniowej kabli, Riser\/Plenum\/LSZH do wyboru, aby sprosta\u0107 r\u00f3\u017cnym \u015brodowiskom instalacyjnym.<\/p>\n","protected":false},"featured_media":13662,"template":"","meta":{"site-sidebar-layout":"default","site-content-layout":"default","ast-site-content-layout":"default","site-content-style":"default","site-sidebar-style":"default","ast-global-header-display":"","ast-banner-title-visibility":"","ast-main-header-display":"","ast-hfb-above-header-display":"","ast-hfb-below-header-display":"","ast-hfb-mobile-header-display":"","site-post-title":"","ast-breadcrumbs-content":"","ast-featured-img":"","footer-sml-layout":"","ast-disable-related-posts":"","theme-transparent-header-meta":"default","adv-header-id-meta":"","stick-header-meta":"default","header-above-stick-meta":"","header-main-stick-meta":"","header-below-stick-meta":"","astra-migrate-meta-layouts":"set","ast-page-background-enabled":"default","ast-page-background-meta":{"desktop":{"background-color":"","background-image":"","background-repeat":"repeat","background-position":"center center","background-size":"auto","background-attachment":"scroll","background-type":"","background-media":"","overlay-type":"","overlay-color":"","overlay-opacity":"","overlay-gradient":""},"tablet":{"background-color":"","background-image":"","background-repeat":"repeat","background-position":"center center","background-size":"auto","background-attachment":"scroll","background-type":"","background-media":"","overlay-type":"","overlay-color":"","overlay-opacity":"","overlay-gradient":""},"mobile":{"background-color":"","background-image":"","background-repeat":"repeat","background-position":"center center","background-size":"auto","background-attachment":"scroll","background-type":"","background-media":"","overlay-type":"","overlay-color":"","overlay-opacity":"","overlay-gradient":""}},"ast-content-background-meta":{"desktop":{"background-color":"var(--ast-global-color-5)","background-image":"","background-repeat":"repeat","background-position":"center center","background-size":"auto","background-attachment":"scroll","background-type":"","background-media":"","overlay-type":"","overlay-color":"","overlay-opacity":"","overlay-gradient":""},"tablet":{"background-color":"var(--ast-global-color-5)","background-image":"","background-repeat":"repeat","background-position":"center center","background-size":"auto","background-attachment":"scroll","background-type":"","background-media":"","overlay-type":"","overlay-color":"","overlay-opacity":"","overlay-gradient":""},"mobile":{"background-color":"var(--ast-global-color-5)","background-image":"","background-repeat":"repeat","background-position":"center center","background-size":"auto","background-attachment":"scroll","background-type":"","background-media":"","overlay-type":"","overlay-color":"","overlay-opacity":"","overlay-gradient":""}}},"product_brand":[],"product_cat":[564,563,242],"product_tag":[],"class_list":{"0":"post-21639","1":"product","2":"type-product","3":"status-publish","4":"has-post-thumbnail","6":"product_cat-breakout-fiber-cable-pl","7":"product_cat-tight-buffer-fiber-optic-cable-pl","8":"product_cat-indoor-fiber-optic-cable-pl","9":"desktop-align-left","10":"tablet-align-left","11":"mobile-align-left","12":"ast-product-gallery-layout-vertical","13":"ast-product-gallery-with-no-image","14":"ast-product-tabs-layout-vertical","15":"ast-qv-on-image","17":"first","18":"instock","19":"shipping-taxable","20":"product-type-simple"},"_links":{"self":[{"href":"https:\/\/www.bonelinks.com\/pl\/wp-json\/wp\/v2\/product\/21639","targetHints":{"allow":["GET"]}}],"collection":[{"href":"https:\/\/www.bonelinks.com\/pl\/wp-json\/wp\/v2\/product"}],"about":[{"href":"https:\/\/www.bonelinks.com\/pl\/wp-json\/wp\/v2\/types\/product"}],"version-history":[{"count":3,"href":"https:\/\/www.bonelinks.com\/pl\/wp-json\/wp\/v2\/product\/21639\/revisions"}],"predecessor-version":[{"id":25927,"href":"https:\/\/www.bonelinks.com\/pl\/wp-json\/wp\/v2\/product\/21639\/revisions\/25927"}],"wp:featuredmedia":[{"embeddable":true,"href":"https:\/\/www.bonelinks.com\/pl\/wp-json\/wp\/v2\/media\/13662"}],"wp:attachment":[{"href":"https:\/\/www.bonelinks.com\/pl\/wp-json\/wp\/v2\/media?parent=21639"}],"wp:term":[{"taxonomy":"product_brand","embeddable":true,"href":"https:\/\/www.bonelinks.com\/pl\/wp-json\/wp\/v2\/product_brand?post=21639"},{"taxonomy":"product_cat","embeddable":true,"href":"https:\/\/www.bonelinks.com\/pl\/wp-json\/wp\/v2\/product_cat?post=21639"},{"taxonomy":"product_tag","embeddable":true,"href":"https:\/\/www.bonelinks.com\/pl\/wp-json\/wp\/v2\/product_tag?post=21639"}],"curies":[{"name":"wp","href":"https:\/\/api.w.org\/{rel}","templated":true}]}}