{"id":21638,"date":"2022-11-20T23:41:05","date_gmt":"2022-11-21T07:41:05","guid":{"rendered":"https:\/\/www.bonelinks.com\/product\/przedmuchiwany-powietrzem-mikrokabel-unitube\/"},"modified":"2024-02-08T20:03:12","modified_gmt":"2024-02-09T04:03:12","slug":"air-blown-micro-cable-unitube","status":"publish","type":"product","link":"https:\/\/www.bonelinks.com\/pl\/product\/air-blown-micro-cable-unitube\/","title":{"rendered":"Przedmuchiwany powietrzem mikrokabel Unitube"},"content":{"rendered":"<h2 style=\"text-align: left; font-size: 18px;\"><strong> Funkcja mikrokabla z nadmuchem powietrza <\/strong><\/h2>\n<ul>\n<li>Doskona\u0142a struktura kabla o wysokiej g\u0119sto\u015bci w\u0142\u00f3kien<\/li>\n<li>Ma\u0142a \u015brednica i lekko\u015b\u0107<\/li>\n<li>Os\u0142ona z HDPE, zwi\u0119kszaj\u0105ca wydajno\u015b\u0107 wydmuchu<\/li>\n<li>Mo\u017cliwo\u015b\u0107 przepalenia i zast\u0105pienia nowymi kablami w celu zachowania przewagi technicznej<\/li>\n<li>Umo\u017cliwia ci\u0119cie mikrokana\u0142\u00f3w w dowolnym miejscu i czasie w celu rozga\u0142\u0119zienia bez wp\u0142ywu na inne kable, oszcz\u0119dzaj\u0105c studzienki, otwory r\u0119czne i z\u0142\u0105cza kablowe.<\/li>\n<\/ul>\n<h2 style=\"text-align: left; font-size: 18px;\"><strong> Zastosowanie mikrokabla z nadmuchem powietrza<\/strong><\/h2>\n<p>Kabel dost\u0119powy FTTH<\/p>\n<h2 style=\"text-align: left; font-size: 18px;\"><strong>Szukasz wi\u0119cej opcji kabli z nadmuchem powietrza?<\/strong><\/h2>\n<p>Szukasz wi\u0119kszego wyboru kabli \u015bwiat\u0142owodowych Air Blown? Sprawd\u017a nasz<a title=\"Kabel \u015bwiat\u0142owodowy z nadmuchem powietrza\" href=\"https:\/\/www.bonelinks.com\/pl\/air-blown-fiber-optic-cable\/\" target=\"_blank\" rel=\"noopener\"><strong><span style=\"color: #0054a6;\"> Kabel \u015bwiat\u0142owodowy z nadmuchem powietrza <\/span><\/strong><\/a>zapewniaj\u0105cy p\u0142ynne po\u0142\u0105czenie sieciowe. Je\u015bli potrzebujesz kabli \u015bwiat\u0142owodowych dostosowanych do Twoich potrzeb, zapoznaj si\u0119 z nasz\u0105 ofert\u0105<a href=\"https:\/\/www.bonelinks.com\/pl\/custom-fiber-optic-cables\/\" target=\"_blank\" rel=\"noopener\"><strong><span style=\"color: #0054a6;\"> Niestandardowe kable \u015bwiat\u0142owodowe <\/span><\/strong><\/a>w celu uzyskania spersonalizowanych rozwi\u0105za\u0144 w zakresie \u0142\u0105czno\u015bci.<\/p>\n","protected":false},"excerpt":{"rendered":"<p>Mikrokabel wdmuchiwany powietrzem jest ultralekki i ma ma\u0142\u0105 \u015brednic\u0119, dzi\u0119ki czemu mo\u017cna go wdmuchiwa\u0107 do mikrokanalizacji. Wi\u0105zka w\u0142\u00f3kien tego kabla jest formowana przez utwardzanie \u015bwiat\u0142owodu lub wype\u0142niaczy w \u015bwiat\u0142oczu\u0142ej \u017cywicy w okre\u015blonym uk\u0142adzie. Na zewn\u0105trz wyt\u0142aczana jest specjalna os\u0142ona o niskim wsp\u00f3\u0142czynniku tarcia. Jest przeznaczony do sieci metropolitalnych lub sieci dost\u0119powych. Mikrokabel zapewnia ni\u017csz\u0105 inwestycj\u0119 pocz\u0105tkow\u0105 oraz elastyczno\u015b\u0107 instalacji i modernizacji do najnowszych technologii \u015bwiat\u0142owodowych.<\/p>\n","protected":false},"featured_media":15487,"template":"","meta":{"site-sidebar-layout":"default","site-content-layout":"default","ast-site-content-layout":"default","site-content-style":"default","site-sidebar-style":"default","ast-global-header-display":"","ast-banner-title-visibility":"","ast-main-header-display":"","ast-hfb-above-header-display":"","ast-hfb-below-header-display":"","ast-hfb-mobile-header-display":"","site-post-title":"","ast-breadcrumbs-content":"","ast-featured-img":"","footer-sml-layout":"","ast-disable-related-posts":"","theme-transparent-header-meta":"default","adv-header-id-meta":"","stick-header-meta":"default","header-above-stick-meta":"","header-main-stick-meta":"","header-below-stick-meta":"","astra-migrate-meta-layouts":"set","ast-page-background-enabled":"default","ast-page-background-meta":{"desktop":{"background-color":"","background-image":"","background-repeat":"repeat","background-position":"center center","background-size":"auto","background-attachment":"scroll","background-type":"","background-media":"","overlay-type":"","overlay-color":"","overlay-opacity":"","overlay-gradient":""},"tablet":{"background-color":"","background-image":"","background-repeat":"repeat","background-position":"center center","background-size":"auto","background-attachment":"scroll","background-type":"","background-media":"","overlay-type":"","overlay-color":"","overlay-opacity":"","overlay-gradient":""},"mobile":{"background-color":"","background-image":"","background-repeat":"repeat","background-position":"center center","background-size":"auto","background-attachment":"scroll","background-type":"","background-media":"","overlay-type":"","overlay-color":"","overlay-opacity":"","overlay-gradient":""}},"ast-content-background-meta":{"desktop":{"background-color":"var(--ast-global-color-5)","background-image":"","background-repeat":"repeat","background-position":"center center","background-size":"auto","background-attachment":"scroll","background-type":"","background-media":"","overlay-type":"","overlay-color":"","overlay-opacity":"","overlay-gradient":""},"tablet":{"background-color":"var(--ast-global-color-5)","background-image":"","background-repeat":"repeat","background-position":"center center","background-size":"auto","background-attachment":"scroll","background-type":"","background-media":"","overlay-type":"","overlay-color":"","overlay-opacity":"","overlay-gradient":""},"mobile":{"background-color":"var(--ast-global-color-5)","background-image":"","background-repeat":"repeat","background-position":"center center","background-size":"auto","background-attachment":"scroll","background-type":"","background-media":"","overlay-type":"","overlay-color":"","overlay-opacity":"","overlay-gradient":""}}},"product_brand":[],"product_cat":[213,520,518,521],"product_tag":[],"class_list":{"0":"post-21638","1":"product","2":"type-product","3":"status-publish","4":"has-post-thumbnail","6":"product_cat-outdoor-fiber-optic-cable-pl","7":"product_cat-air-blown-fiber-cable-pl","8":"product_cat-duct-fiber-optic-cable-pl","9":"product_cat-special-fiber-optic-cable-pl","10":"desktop-align-left","11":"tablet-align-left","12":"mobile-align-left","13":"ast-product-gallery-layout-vertical","14":"ast-product-gallery-with-no-image","15":"ast-product-tabs-layout-vertical","16":"ast-qv-on-image","18":"first","19":"instock","20":"shipping-taxable","21":"product-type-simple"},"_links":{"self":[{"href":"https:\/\/www.bonelinks.com\/pl\/wp-json\/wp\/v2\/product\/21638","targetHints":{"allow":["GET"]}}],"collection":[{"href":"https:\/\/www.bonelinks.com\/pl\/wp-json\/wp\/v2\/product"}],"about":[{"href":"https:\/\/www.bonelinks.com\/pl\/wp-json\/wp\/v2\/types\/product"}],"version-history":[{"count":3,"href":"https:\/\/www.bonelinks.com\/pl\/wp-json\/wp\/v2\/product\/21638\/revisions"}],"predecessor-version":[{"id":25929,"href":"https:\/\/www.bonelinks.com\/pl\/wp-json\/wp\/v2\/product\/21638\/revisions\/25929"}],"wp:featuredmedia":[{"embeddable":true,"href":"https:\/\/www.bonelinks.com\/pl\/wp-json\/wp\/v2\/media\/15487"}],"wp:attachment":[{"href":"https:\/\/www.bonelinks.com\/pl\/wp-json\/wp\/v2\/media?parent=21638"}],"wp:term":[{"taxonomy":"product_brand","embeddable":true,"href":"https:\/\/www.bonelinks.com\/pl\/wp-json\/wp\/v2\/product_brand?post=21638"},{"taxonomy":"product_cat","embeddable":true,"href":"https:\/\/www.bonelinks.com\/pl\/wp-json\/wp\/v2\/product_cat?post=21638"},{"taxonomy":"product_tag","embeddable":true,"href":"https:\/\/www.bonelinks.com\/pl\/wp-json\/wp\/v2\/product_tag?post=21638"}],"curies":[{"name":"wp","href":"https:\/\/api.w.org\/{rel}","templated":true}]}}