{"id":21635,"date":"2022-11-21T02:54:20","date_gmt":"2022-11-21T10:54:20","guid":{"rendered":"https:\/\/www.bonelinks.com\/product\/kabel-swiatlowodowy-zipcord-kabel-dupleksowy-pelny-dupleks-poldupleks\/"},"modified":"2024-02-08T20:01:46","modified_gmt":"2024-02-09T04:01:46","slug":"fiber-optic-patch-cable-zipcord-duplex-cable-full-duplex-half-duplex","status":"publish","type":"product","link":"https:\/\/www.bonelinks.com\/pl\/product\/fiber-optic-patch-cable-zipcord-duplex-cable-full-duplex-half-duplex\/","title":{"rendered":"Kabel \u015bwiat\u0142owodowy Zipcord Kabel dupleksowy Pe\u0142ny dupleks P\u00f3\u0142dupleks"},"content":{"rendered":"<h2 style=\"text-align: left; font-size: 18px;\"><strong>Cechy<\/strong><\/h2>\n<ul>\n<li>Mo\u017cliwo\u015b\u0107 jednoczesnej komunikacji dwukierunkowej<\/li>\n<li>\u0141atwy do usuni\u0119cia<\/li>\n<li>Element wzmacniaj\u0105cy z prz\u0119dzy aramidowej zapewnia dobr\u0105 wytrzyma\u0142o\u015b\u0107 na rozci\u0105ganie<\/li>\n<li>Trudnopalny i przyjazny dla \u015brodowiska materia\u0142 os\u0142ony<\/li>\n<\/ul>\n<h2 style=\"text-align: left; font-size: 18px;\"><strong>Zastosowanie<\/strong><\/h2>\n<p>Komunikacja wewn\u0119trzna mi\u0119dzy urz\u0105dzeniami; Dupleksowy kabel \u015bwiat\u0142owodowy lub pigtail<\/p>\n","protected":false},"excerpt":{"rendered":"<p>Dupleksowe kable \u015bwiat\u0142owodowe maj\u0105 dwa w\u0142\u00f3kna po\u0142\u0105czone ze sob\u0105 za pomoc\u0105 cienkiej wst\u0119gi lub konstrukcji &#8222;zipcord&#8221;. Jedna ni\u0107 jest przesy\u0142ana z punktu A do punktu B, a druga z B do A. Oba ko\u0144ce maj\u0105 nadajnik i odbiornik. \u015awiat\u0142ow\u00f3d dupleksowy jest r\u00f3wnie\u017c dost\u0119pny w postaci jednomodowego dupleksowego kabla \u015bwiat\u0142owodowego i wielomodowego dupleksowego kabla \u015bwiat\u0142owodowego. Ten kabel \u015bwiat\u0142owodowy zipcord jest cz\u0119sto u\u017cywany jako dupleksowy kabel \u015bwiat\u0142owodowy lub pigtail. \u0141\u0105czy instrumenty wewn\u0119trzne i sprz\u0119t komunikacyjny.<\/p>\n","protected":false},"featured_media":15512,"template":"","meta":{"site-sidebar-layout":"default","site-content-layout":"default","ast-site-content-layout":"default","site-content-style":"default","site-sidebar-style":"default","ast-global-header-display":"","ast-banner-title-visibility":"","ast-main-header-display":"","ast-hfb-above-header-display":"","ast-hfb-below-header-display":"","ast-hfb-mobile-header-display":"","site-post-title":"","ast-breadcrumbs-content":"","ast-featured-img":"","footer-sml-layout":"","ast-disable-related-posts":"","theme-transparent-header-meta":"default","adv-header-id-meta":"","stick-header-meta":"default","header-above-stick-meta":"","header-main-stick-meta":"","header-below-stick-meta":"","astra-migrate-meta-layouts":"set","ast-page-background-enabled":"default","ast-page-background-meta":{"desktop":{"background-color":"","background-image":"","background-repeat":"repeat","background-position":"center center","background-size":"auto","background-attachment":"scroll","background-type":"","background-media":"","overlay-type":"","overlay-color":"","overlay-opacity":"","overlay-gradient":""},"tablet":{"background-color":"","background-image":"","background-repeat":"repeat","background-position":"center center","background-size":"auto","background-attachment":"scroll","background-type":"","background-media":"","overlay-type":"","overlay-color":"","overlay-opacity":"","overlay-gradient":""},"mobile":{"background-color":"","background-image":"","background-repeat":"repeat","background-position":"center center","background-size":"auto","background-attachment":"scroll","background-type":"","background-media":"","overlay-type":"","overlay-color":"","overlay-opacity":"","overlay-gradient":""}},"ast-content-background-meta":{"desktop":{"background-color":"var(--ast-global-color-5)","background-image":"","background-repeat":"repeat","background-position":"center center","background-size":"auto","background-attachment":"scroll","background-type":"","background-media":"","overlay-type":"","overlay-color":"","overlay-opacity":"","overlay-gradient":""},"tablet":{"background-color":"var(--ast-global-color-5)","background-image":"","background-repeat":"repeat","background-position":"center center","background-size":"auto","background-attachment":"scroll","background-type":"","background-media":"","overlay-type":"","overlay-color":"","overlay-opacity":"","overlay-gradient":""},"mobile":{"background-color":"var(--ast-global-color-5)","background-image":"","background-repeat":"repeat","background-position":"center center","background-size":"auto","background-attachment":"scroll","background-type":"","background-media":"","overlay-type":"","overlay-color":"","overlay-opacity":"","overlay-gradient":""}}},"product_brand":[],"product_cat":[566,563,242],"product_tag":[],"class_list":{"0":"post-21635","1":"product","2":"type-product","3":"status-publish","4":"has-post-thumbnail","6":"product_cat-duplex-fiber-optic-cable-pl","7":"product_cat-tight-buffer-fiber-optic-cable-pl","8":"product_cat-indoor-fiber-optic-cable-pl","9":"desktop-align-left","10":"tablet-align-left","11":"mobile-align-left","12":"ast-product-gallery-layout-vertical","13":"ast-product-gallery-with-no-image","14":"ast-product-tabs-layout-vertical","15":"ast-qv-on-image","17":"first","18":"instock","19":"shipping-taxable","20":"product-type-simple"},"_links":{"self":[{"href":"https:\/\/www.bonelinks.com\/pl\/wp-json\/wp\/v2\/product\/21635","targetHints":{"allow":["GET"]}}],"collection":[{"href":"https:\/\/www.bonelinks.com\/pl\/wp-json\/wp\/v2\/product"}],"about":[{"href":"https:\/\/www.bonelinks.com\/pl\/wp-json\/wp\/v2\/types\/product"}],"version-history":[{"count":1,"href":"https:\/\/www.bonelinks.com\/pl\/wp-json\/wp\/v2\/product\/21635\/revisions"}],"predecessor-version":[{"id":25384,"href":"https:\/\/www.bonelinks.com\/pl\/wp-json\/wp\/v2\/product\/21635\/revisions\/25384"}],"wp:featuredmedia":[{"embeddable":true,"href":"https:\/\/www.bonelinks.com\/pl\/wp-json\/wp\/v2\/media\/15512"}],"wp:attachment":[{"href":"https:\/\/www.bonelinks.com\/pl\/wp-json\/wp\/v2\/media?parent=21635"}],"wp:term":[{"taxonomy":"product_brand","embeddable":true,"href":"https:\/\/www.bonelinks.com\/pl\/wp-json\/wp\/v2\/product_brand?post=21635"},{"taxonomy":"product_cat","embeddable":true,"href":"https:\/\/www.bonelinks.com\/pl\/wp-json\/wp\/v2\/product_cat?post=21635"},{"taxonomy":"product_tag","embeddable":true,"href":"https:\/\/www.bonelinks.com\/pl\/wp-json\/wp\/v2\/product_tag?post=21635"}],"curies":[{"name":"wp","href":"https:\/\/api.w.org\/{rel}","templated":true}]}}