{"id":21634,"date":"2022-11-21T04:57:16","date_gmt":"2022-11-21T12:57:16","guid":{"rendered":"https:\/\/www.bonelinks.com\/product\/wielozylowy-kabel-swiatlowodowy\/"},"modified":"2024-02-08T20:01:03","modified_gmt":"2024-02-09T04:01:03","slug":"multi-core-breakout-armored-fiber-cable","status":"publish","type":"product","link":"https:\/\/www.bonelinks.com\/pl\/product\/multi-core-breakout-armored-fiber-cable\/","title":{"rendered":"Wielo\u017cy\u0142owy kabel \u015bwiat\u0142owodowy"},"content":{"rendered":"<h2 style=\"text-align: left; font-size: 18px;\"><strong>Cechy<\/strong><\/h2>\n<ul>\n<li>Spiralny stalowy pancerz zapewnia kablowi wytrzyma\u0142o\u015b\u0107 na nacisk<\/li>\n<li>Mo\u017cliwo\u015b\u0107 dodania siatki ze stali nierdzewnej w celu zwi\u0119kszenia wydajno\u015bci<\/li>\n<li>Spiralna stalowa rura i prz\u0119dza aramidowa zapewniaj\u0105 doskona\u0142\u0105 ochron\u0119 przed gryzieniem przez szczury.<\/li>\n<li>Mi\u0119kkie, elastyczne, \u0142atwe do \u0142\u0105czenia i o du\u017cej przepustowo\u015bci transmisji danych<\/li>\n<li>Materia\u0142 z prz\u0119dzy kevlarowej zapewnia dobr\u0105 wytrzyma\u0142o\u015b\u0107 na rozci\u0105ganie<\/li>\n<\/ul>\n<h2 style=\"text-align: left; font-size: 18px;\"><strong>Zastosowanie<\/strong><\/h2>\n<p>Kable wewn\u0119trzne; Kable krosowe i pigtaile; Sprz\u0119t komunikacyjny<\/p>\n<h2 style=\"text-align: left; font-size: 18px;\"><strong>Szukasz wi\u0119cej opcji kabli \u015bwiat\u0142owodowych?<\/strong><\/h2>\n<p>Szukasz wi\u0119kszego wyboru kabli \u015bwiat\u0142owodowych? Sprawd\u017a nasze<a href=\"https:\/\/www.bonelinks.com\/pl\/products\/breakout-fiber-cable-pl\/\" target=\"_blank\" rel=\"noopener\"><strong><span style=\"color: #0054a6;\"> Kable \u015bwiat\u0142owodowe Breakout, <\/span><\/strong><\/a><a href=\"https:\/\/www.bonelinks.com\/pl\/products\/indoor-armored-fiber-cable-pl\/\" target=\"_blank\" rel=\"noopener\"><strong><span style=\"color: #0054a6;\">Wewn\u0119trzne opancerzone kable \u015bwiat\u0142owodowe <\/span><\/strong><\/a>zapewniaj\u0105ce p\u0142ynne po\u0142\u0105czenie sieciowe. Je\u015bli potrzebujesz kabli \u015bwiat\u0142owodowych dostosowanych do Twoich potrzeb, zapoznaj si\u0119 z nasz\u0105 ofert\u0105<a href=\"https:\/\/www.bonelinks.com\/pl\/custom-fiber-optic-cables\/\" target=\"_blank\" rel=\"noopener\"><strong><span style=\"color: #0054a6;\"> Niestandardowe kable \u015bwiat\u0142owodowe <\/span><\/strong><\/a>w celu uzyskania spersonalizowanych rozwi\u0105za\u0144 w zakresie \u0142\u0105czno\u015bci.<\/p>\n","protected":false},"excerpt":{"rendered":"<p>Wielo\u017cy\u0142owy opancerzony kabel \u015bwiat\u0142owodowy jest idealny do okablowania wewn\u0119trznego i po\u0142\u0105cze\u0144 mi\u0119dzy urz\u0105dzeniami. Kabel \u015bwiat\u0142owodowy z zewn\u0119trzn\u0105 os\u0142on\u0105 z PVC i ciasne w\u0142\u00f3kno buforowe s\u0105 wypaczone przez Kevlar. Materia\u0142 z prz\u0119dzy kevlarowej zapewnia dobr\u0105 wytrzyma\u0142o\u015b\u0107 na rozci\u0105ganie. Zewn\u0119trzny p\u0142aszcz ognioodporny mo\u017ce by\u0107 stosowany w przewodach pionowych, LSZH lub plenum.<\/p>\n","protected":false},"featured_media":15502,"template":"","meta":{"site-sidebar-layout":"default","site-content-layout":"default","ast-site-content-layout":"default","site-content-style":"default","site-sidebar-style":"default","ast-global-header-display":"","ast-banner-title-visibility":"","ast-main-header-display":"","ast-hfb-above-header-display":"","ast-hfb-below-header-display":"","ast-hfb-mobile-header-display":"","site-post-title":"","ast-breadcrumbs-content":"","ast-featured-img":"","footer-sml-layout":"","ast-disable-related-posts":"","theme-transparent-header-meta":"default","adv-header-id-meta":"","stick-header-meta":"default","header-above-stick-meta":"","header-main-stick-meta":"","header-below-stick-meta":"","astra-migrate-meta-layouts":"set","ast-page-background-enabled":"default","ast-page-background-meta":{"desktop":{"background-color":"","background-image":"","background-repeat":"repeat","background-position":"center center","background-size":"auto","background-attachment":"scroll","background-type":"","background-media":"","overlay-type":"","overlay-color":"","overlay-opacity":"","overlay-gradient":""},"tablet":{"background-color":"","background-image":"","background-repeat":"repeat","background-position":"center center","background-size":"auto","background-attachment":"scroll","background-type":"","background-media":"","overlay-type":"","overlay-color":"","overlay-opacity":"","overlay-gradient":""},"mobile":{"background-color":"","background-image":"","background-repeat":"repeat","background-position":"center center","background-size":"auto","background-attachment":"scroll","background-type":"","background-media":"","overlay-type":"","overlay-color":"","overlay-opacity":"","overlay-gradient":""}},"ast-content-background-meta":{"desktop":{"background-color":"var(--ast-global-color-5)","background-image":"","background-repeat":"repeat","background-position":"center center","background-size":"auto","background-attachment":"scroll","background-type":"","background-media":"","overlay-type":"","overlay-color":"","overlay-opacity":"","overlay-gradient":""},"tablet":{"background-color":"var(--ast-global-color-5)","background-image":"","background-repeat":"repeat","background-position":"center center","background-size":"auto","background-attachment":"scroll","background-type":"","background-media":"","overlay-type":"","overlay-color":"","overlay-opacity":"","overlay-gradient":""},"mobile":{"background-color":"var(--ast-global-color-5)","background-image":"","background-repeat":"repeat","background-position":"center center","background-size":"auto","background-attachment":"scroll","background-type":"","background-media":"","overlay-type":"","overlay-color":"","overlay-opacity":"","overlay-gradient":""}}},"product_brand":[],"product_cat":[564,563,242,565],"product_tag":[],"class_list":{"0":"post-21634","1":"product","2":"type-product","3":"status-publish","4":"has-post-thumbnail","6":"product_cat-breakout-fiber-cable-pl","7":"product_cat-tight-buffer-fiber-optic-cable-pl","8":"product_cat-indoor-fiber-optic-cable-pl","9":"product_cat-indoor-armored-fiber-cable-pl","10":"desktop-align-left","11":"tablet-align-left","12":"mobile-align-left","13":"ast-product-gallery-layout-vertical","14":"ast-product-gallery-with-no-image","15":"ast-product-tabs-layout-vertical","16":"ast-qv-on-image","18":"first","19":"instock","20":"shipping-taxable","21":"product-type-simple"},"_links":{"self":[{"href":"https:\/\/www.bonelinks.com\/pl\/wp-json\/wp\/v2\/product\/21634","targetHints":{"allow":["GET"]}}],"collection":[{"href":"https:\/\/www.bonelinks.com\/pl\/wp-json\/wp\/v2\/product"}],"about":[{"href":"https:\/\/www.bonelinks.com\/pl\/wp-json\/wp\/v2\/types\/product"}],"version-history":[{"count":3,"href":"https:\/\/www.bonelinks.com\/pl\/wp-json\/wp\/v2\/product\/21634\/revisions"}],"predecessor-version":[{"id":25925,"href":"https:\/\/www.bonelinks.com\/pl\/wp-json\/wp\/v2\/product\/21634\/revisions\/25925"}],"wp:featuredmedia":[{"embeddable":true,"href":"https:\/\/www.bonelinks.com\/pl\/wp-json\/wp\/v2\/media\/15502"}],"wp:attachment":[{"href":"https:\/\/www.bonelinks.com\/pl\/wp-json\/wp\/v2\/media?parent=21634"}],"wp:term":[{"taxonomy":"product_brand","embeddable":true,"href":"https:\/\/www.bonelinks.com\/pl\/wp-json\/wp\/v2\/product_brand?post=21634"},{"taxonomy":"product_cat","embeddable":true,"href":"https:\/\/www.bonelinks.com\/pl\/wp-json\/wp\/v2\/product_cat?post=21634"},{"taxonomy":"product_tag","embeddable":true,"href":"https:\/\/www.bonelinks.com\/pl\/wp-json\/wp\/v2\/product_tag?post=21634"}],"curies":[{"name":"wp","href":"https:\/\/api.w.org\/{rel}","templated":true}]}}