{"id":21609,"date":"2023-01-07T23:01:36","date_gmt":"2023-01-08T07:01:36","guid":{"rendered":"https:\/\/www.bonelinks.com\/product\/kabel-krosowy-swiatlowodowy-st-fc-jednomodowy\/"},"modified":"2024-02-08T19:54:31","modified_gmt":"2024-02-09T03:54:31","slug":"fc-to-st-fiber-optic-patch-cables","status":"publish","type":"product","link":"https:\/\/www.bonelinks.com\/pl\/product\/fc-to-st-fiber-optic-patch-cables\/","title":{"rendered":"Kabel krosowy \u015bwiat\u0142owodowy ST-FC jednomodowy"},"content":{"rendered":"<h1 style=\"text-align: left; font-size: 18px;\"><strong>Wysokiej jako\u015bci kabel krosowy \u015bwiat\u0142owodowy ST-FC do niezawodnej transmisji sygna\u0142u optycznego<\/strong><\/h1>\n<p>Bonelinks prezentuje szerok\u0105 gam\u0119 wysokiej jako\u015bci kabli \u015bwiat\u0142owodowych ST do FC 9\/125\u00b5m OS2 jednomodowych simplex. Kable te s\u0105 przeznaczone do transmisji sygna\u0142u optycznego w pa\u015bmie 1310\/1550nm, \u0142\u0105cz\u0105c port FC z panelem \u015bwiat\u0142owodowym portu ST i innymi urz\u0105dzeniami sieciowymi. Dost\u0119pne w opcjach elastycznych (PVC) i trudnopalnych (LSZH), jednomodowe kable \u015bwiat\u0142owodowe G65D lub G657A maj\u0105 \u017c\u00f3\u0142te p\u0142aszcze kablowe i mog\u0105 by\u0107 \u0142\u0105czone z r\u00f3\u017cnokolorowymi os\u0142onami z\u0142\u0105czy \u015bwiat\u0142owodowych w zale\u017cno\u015bci od typu powierzchni styku. Dzi\u0119ki zaokr\u0105glonym ko\u0144c\u00f3wkom styk\u00f3w UPC i optymalnemu wyko\u0144czeniu powierzchni, z\u0142\u0105cza \u015bwiat\u0142owodowe FC i ST minimalizuj\u0105 straty sygna\u0142u, maksymalizuj\u0105 odbicie zwrotne i zapewniaj\u0105 niezawodne i stabilne pr\u0119dko\u015bci sieci.<\/p>\n<h2 style=\"text-align: left; font-size: 18px;\"><strong><img fetchpriority=\"high\" decoding=\"async\" class=\"alignnone size-full wp-image-7122\" src=\"https:\/\/www.bonelinks.com\/wp-content\/uploads\/2023\/01\/st-connector.jpg\" alt=\"z\u0142\u0105cze st\" width=\"324\" height=\"207\" srcset=\"https:\/\/www.bonelinks.com\/wp-content\/uploads\/2023\/01\/st-connector.jpg 324w, https:\/\/www.bonelinks.com\/wp-content\/uploads\/2023\/01\/st-connector-300x192.jpg 300w\" sizes=\"(max-width: 324px) 100vw, 324px\" \/><img decoding=\"async\" class=\"alignnone size-full wp-image-7136\" src=\"https:\/\/www.bonelinks.com\/wp-content\/uploads\/2023\/01\/FC-connector.jpg\" alt=\"Z\u0142\u0105cze FC\" width=\"300\" height=\"227\" \/><br \/>\nCechy kabla krosowego \u015bwiat\u0142owodowego ST-FC<\/strong><\/h2>\n<ul>\n<li>Niska t\u0142umienno\u015b\u0107 wtr\u0105ceniowa<\/li>\n<li>Wysoka utrata odbicia wstecznego<\/li>\n<li>Stabilne mo\u017cliwo\u015bci i wysoka niezawodno\u015b\u0107<\/li>\n<li>Doskona\u0142e w\u0142a\u015bciwo\u015bci mechaniczne<\/li>\n<li>Idealne rozwi\u0105zanie do szybkiej transmisji danych<\/li>\n<li>100% kontrola w\u0142a\u015bciwo\u015bci optycznych przed wysy\u0142k\u0105<\/li>\n<\/ul>\n<h2 style=\"text-align: left; font-size: 18px;\"><strong>Zastosowania kabla krosowego \u015bwiat\u0142owodowego ST do FC<\/strong><\/h2>\n<ul>\n<li>Wdro\u017cenia sieci \u015bwiat\u0142owodowych<\/li>\n<li>Fast Ethernet<\/li>\n<li>Gigabit Ethernet<\/li>\n<li>Farmy serwer\u00f3w<\/li>\n<li>FTTX<\/li>\n<\/ul>\n<h2 style=\"text-align: left; font-size: 18px;\"><strong>Szukasz wi\u0119cej opcji kabli \u015bwiat\u0142owodowych?<\/strong><\/h2>\n<p>Potrzebujesz wi\u0119cej opcji kabli \u015bwiat\u0142owodowych? Zapoznaj si\u0119 z nasz\u0105 ofert\u0105 <span style=\"color: #0054a6;\"><strong><a style=\"color: #0054a6;\" href=\"https:\/\/www.bonelinks.com\/pl\/fc-fiber-cable\/\" target=\"_blank\" rel=\"noopener\">Kable \u015bwiat\u0142owodowe FC, <\/a><\/strong><\/span><strong><span style=\"color: #0054a6;\"><a style=\"color: #0054a6;\" href=\"https:\/\/www.bonelinks.com\/pl\/st-fibre-patch-leads\/\" target=\"_blank\" rel=\"noopener\">Kable \u015bwiat\u0142owodowe ST, <\/a><\/span><\/strong><strong><span style=\"color: #0054a6;\"><a style=\"color: #0054a6;\" href=\"https:\/\/www.bonelinks.com\/pl\/products\/single-mode-fiber-patch-cord-pl\/\" target=\"_blank\" rel=\"noopener\">Kable krosowe \u015bwiat\u0142owodowe jednomodowe <\/a><\/span><\/strong>zapewniaj\u0105ce p\u0142ynn\u0105 prac\u0119 w sieci.<\/p>\n<p>Szukasz niestandardowych i specjalnie zaprojektowanych kabli \u015bwiat\u0142owodowych? Zapoznaj si\u0119 z nasz\u0105 dedykowan\u0105 sekcj\u0105<a href=\"https:\/\/www.bonelinks.com\/pl\/custom-fiber-optic-cables\/\" target=\"_blank\" rel=\"noopener\"><span style=\"color: #0054a6;\"><strong> Niestandardowe kable \u015bwiat\u0142owodowe <\/strong><\/span><\/a>w celu uzyskania dopasowanych rozwi\u0105za\u0144 w zakresie \u0142\u0105czno\u015bci.<\/p>\n<ul>\n<li>Sprzeda\u017c detaliczna lub hurtowa &#8211; mamy wszystko pod kontrol\u0105!<\/li>\n<li>Nie wiesz co kupi\u0107? Oferujemy porady ekspert\u00f3w.<\/li>\n<li>Ma\u0142e MOQ: Nie musisz kupowa\u0107 wi\u0119cej ni\u017c chcesz.<\/li>\n<li>Konkurencyjne ceny: Uzyskaj \u015bwietn\u0105 warto\u015b\u0107 za ka\u017cdym razem.<\/li>\n<li>Szybka dostawa: Twoja szybko\u015b\u0107, nasz priorytet.<\/li>\n<li>Zorientowanie na klienta: Dostosowujemy nasze us\u0142ugi do Twoich potrzeb.<\/li>\n<\/ul>\n<p><strong>Po\u0142\u0105cz si\u0119 z nami!<\/strong><br \/>\nJe\u015bli masz problem ze znalezieniem odpowiedniego <span style=\"color: #0054a6;\"><strong><a style=\"color: #0054a6;\" href=\"https:\/\/www.bonelinks.com\/pl\/fiber-optic-patch-cord-supplier\/\" target=\"_blank\" rel=\"noopener\">\u015bwiat\u0142owodowego kabla krosowego <\/a><\/strong><\/span>do swoich potrzeb lub potrzebujesz porady eksperta, wystarczy jedno klikni\u0119cie i mo\u017cesz<a href=\"https:\/\/www.bonelinks.com\/pl\/contact-us\/\" target=\"_blank\" rel=\"noopener\"><strong><span style=\"color: #0054a6;\"> porozmawia\u0107 z nami <\/span><\/strong><\/a>w kilka sekund. Twoje zadowolenie jest naszym priorytetem. Jeste\u015bmy gotowi pom\u00f3c Ci pod ka\u017cdym wzgl\u0119dem. <strong>Nie martw si\u0119, nadmierne my\u015blenie nie jest wymagane. Jeste\u015bmy tutaj, gotowi do pomocy.<\/strong><\/p>\n","protected":false},"excerpt":{"rendered":"<p>Bonelinks oferuje wysokiej jako\u015bci \u015bwiat\u0142owodowy kabel krosowy ST-FC. Kable te, dost\u0119pne w r\u00f3\u017cnych d\u0142ugo\u015bciach, materia\u0142ach p\u0142aszcza, polerowaniach i \u015brednicach kabli, obs\u0142uguj\u0105 d\u0142ugie odleg\u0142o\u015bci transmisji przy niskich stratach. Produkowane przy u\u017cyciu wysokiej jako\u015bci materia\u0142\u00f3w i rygorystycznych test\u00f3w, zapewniaj\u0105 doskona\u0142\u0105 wydajno\u015b\u0107 i jako\u015b\u0107 w konkurencyjnej cenie dla sieci transmisji danych i telekomunikacyjnych.<\/p>\n","protected":false},"featured_media":16412,"template":"","meta":{"site-sidebar-layout":"default","site-content-layout":"default","ast-site-content-layout":"default","site-content-style":"default","site-sidebar-style":"default","ast-global-header-display":"","ast-banner-title-visibility":"","ast-main-header-display":"","ast-hfb-above-header-display":"","ast-hfb-below-header-display":"","ast-hfb-mobile-header-display":"","site-post-title":"","ast-breadcrumbs-content":"","ast-featured-img":"","footer-sml-layout":"","ast-disable-related-posts":"","theme-transparent-header-meta":"default","adv-header-id-meta":"","stick-header-meta":"default","header-above-stick-meta":"","header-main-stick-meta":"","header-below-stick-meta":"","astra-migrate-meta-layouts":"set","ast-page-background-enabled":"default","ast-page-background-meta":{"desktop":{"background-color":"","background-image":"","background-repeat":"repeat","background-position":"center center","background-size":"auto","background-attachment":"scroll","background-type":"","background-media":"","overlay-type":"","overlay-color":"","overlay-opacity":"","overlay-gradient":""},"tablet":{"background-color":"","background-image":"","background-repeat":"repeat","background-position":"center center","background-size":"auto","background-attachment":"scroll","background-type":"","background-media":"","overlay-type":"","overlay-color":"","overlay-opacity":"","overlay-gradient":""},"mobile":{"background-color":"","background-image":"","background-repeat":"repeat","background-position":"center center","background-size":"auto","background-attachment":"scroll","background-type":"","background-media":"","overlay-type":"","overlay-color":"","overlay-opacity":"","overlay-gradient":""}},"ast-content-background-meta":{"desktop":{"background-color":"var(--ast-global-color-5)","background-image":"","background-repeat":"repeat","background-position":"center center","background-size":"auto","background-attachment":"scroll","background-type":"","background-media":"","overlay-type":"","overlay-color":"","overlay-opacity":"","overlay-gradient":""},"tablet":{"background-color":"var(--ast-global-color-5)","background-image":"","background-repeat":"repeat","background-position":"center center","background-size":"auto","background-attachment":"scroll","background-type":"","background-media":"","overlay-type":"","overlay-color":"","overlay-opacity":"","overlay-gradient":""},"mobile":{"background-color":"var(--ast-global-color-5)","background-image":"","background-repeat":"repeat","background-position":"center center","background-size":"auto","background-attachment":"scroll","background-type":"","background-media":"","overlay-type":"","overlay-color":"","overlay-opacity":"","overlay-gradient":""}}},"product_brand":[],"product_cat":[445,236,246,264],"product_tag":[],"class_list":{"0":"post-21609","1":"product","2":"type-product","3":"status-publish","4":"has-post-thumbnail","6":"product_cat-fc-fiber-patch-cord-pl","7":"product_cat-fiber-patch-cord-pl","8":"product_cat-single-mode-fiber-patch-cord-pl","9":"product_cat-st-fiber-patch-cord-pl","10":"pa_connector-type-st-fc-pl","11":"pa_fiber-type-jednomodowy","12":"desktop-align-left","13":"tablet-align-left","14":"mobile-align-left","15":"ast-product-gallery-layout-vertical","16":"ast-product-gallery-with-no-image","17":"ast-product-tabs-layout-vertical","18":"ast-qv-on-image","20":"first","21":"instock","22":"shipping-taxable","23":"product-type-simple"},"_links":{"self":[{"href":"https:\/\/www.bonelinks.com\/pl\/wp-json\/wp\/v2\/product\/21609","targetHints":{"allow":["GET"]}}],"collection":[{"href":"https:\/\/www.bonelinks.com\/pl\/wp-json\/wp\/v2\/product"}],"about":[{"href":"https:\/\/www.bonelinks.com\/pl\/wp-json\/wp\/v2\/types\/product"}],"version-history":[{"count":3,"href":"https:\/\/www.bonelinks.com\/pl\/wp-json\/wp\/v2\/product\/21609\/revisions"}],"predecessor-version":[{"id":25914,"href":"https:\/\/www.bonelinks.com\/pl\/wp-json\/wp\/v2\/product\/21609\/revisions\/25914"}],"wp:featuredmedia":[{"embeddable":true,"href":"https:\/\/www.bonelinks.com\/pl\/wp-json\/wp\/v2\/media\/16412"}],"wp:attachment":[{"href":"https:\/\/www.bonelinks.com\/pl\/wp-json\/wp\/v2\/media?parent=21609"}],"wp:term":[{"taxonomy":"product_brand","embeddable":true,"href":"https:\/\/www.bonelinks.com\/pl\/wp-json\/wp\/v2\/product_brand?post=21609"},{"taxonomy":"product_cat","embeddable":true,"href":"https:\/\/www.bonelinks.com\/pl\/wp-json\/wp\/v2\/product_cat?post=21609"},{"taxonomy":"product_tag","embeddable":true,"href":"https:\/\/www.bonelinks.com\/pl\/wp-json\/wp\/v2\/product_tag?post=21609"}],"curies":[{"name":"wp","href":"https:\/\/api.w.org\/{rel}","templated":true}]}}