{"id":21600,"date":"2022-11-20T20:05:37","date_gmt":"2022-11-21T04:05:37","guid":{"rendered":"https:\/\/www.bonelinks.com\/product\/kable-microduct\/"},"modified":"2024-02-08T20:05:15","modified_gmt":"2024-02-09T04:05:15","slug":"microduct-fiber-optic-cable","status":"publish","type":"product","link":"https:\/\/www.bonelinks.com\/pl\/product\/microduct-fiber-optic-cable\/","title":{"rendered":"Kable Microduct"},"content":{"rendered":"<h1 style=\"text-align: left; font-size: 18px;\"><strong>Kable Microduct: Kompaktowy kabel optyczny zaprojektowany jako cz\u0119\u015b\u0107 systemu Microduct<\/strong><\/h1>\n<p>Mikrokana\u0142y s\u0105 cz\u0119sto u\u017cywane do dzielenia wi\u0119kszych przewod\u00f3w na mniejsze. Zapewnia wiele kana\u0142\u00f3w w jednej strukturze dla przysz\u0142ej rozbudowy sieci. Kable Microduct zosta\u0142y opracowane jako rozwi\u0105zanie dla kabli \u015bwiat\u0142owodowych, kt\u00f3re by\u0142y mniejsze, ale nadal mia\u0142y znaczn\u0105 pojemno\u015b\u0107. Mog\u0105 by\u0107 u\u017cywane do zast\u0119powania istniej\u0105cych przewod\u00f3w i sieci, co zmniejsza zak\u0142\u00f3cenia w sieci oraz kosztowne koszty wykop\u00f3w i pozwole\u0144 podczas instalacji. Dost\u0119pne z liczb\u0105 w\u0142\u00f3kien od 2 do 288.<\/p>\n<h2 style=\"text-align: left; font-size: 18px;\"><strong>Cechy kabla \u015bwiat\u0142owodowego Microduct <\/strong><\/h2>\n<ul class=\"c-specifications__list\">\n<li>Wykorzystanie przestrzeni w zaj\u0119tym kanale. Uszczelnienie o wysokiej g\u0119sto\u015bci zapewnia rozwi\u0105zanie maksymalizuj\u0105ce wykorzystanie istniej\u0105cego kana\u0142u.<\/li>\n<li>Znaczne obni\u017cenie koszt\u00f3w budowy i skr\u00f3cenie czasu wdro\u017cenia<\/li>\n<li>Ma\u0142a \u015brednica zewn\u0119trzna, lekki materia\u0142 os\u0142ony o niskim wsp\u00f3\u0142czynniku tarcia<\/li>\n<\/ul>\n<h2 style=\"text-align: left; font-size: 18px;\"><strong> Zastosowanie kabli \u015bwiat\u0142owodowych Microduct <\/strong><\/h2>\n<p>Kable mikrokanalizacyjne zosta\u0142y zaprojektowane z my\u015bl\u0105 o zastosowaniach i potrzebach zwi\u0105zanych z mikrokanalizacj\u0105, od sieci szkieletowych po FTTx.<\/p>\n<h2 style=\"text-align: left; font-size: 18px;\"><strong> Ochrona kabli \u015bwiat\u0142owodowych Microduct <\/strong><\/h2>\n<p>Odporno\u015b\u0107 na promieniowanie UV; Odporno\u015b\u0107 na wysokie temperatury; Odporno\u015b\u0107 na wilgo\u0107<\/p>\n<h2 style=\"text-align: left; font-size: 18px;\"><strong>Szukasz wi\u0119cej opcji kabli z nadmuchem powietrza?<\/strong><\/h2>\n<p>Szukasz wi\u0119kszego wyboru kabli \u015bwiat\u0142owodowych Air Blown? Sprawd\u017a nasz<a title=\"Kabel \u015bwiat\u0142owodowy z nadmuchem powietrza\" href=\"https:\/\/www.bonelinks.com\/pl\/air-blown-fiber-optic-cable\/\" target=\"_blank\" rel=\"noopener\"><strong><span style=\"color: #0054a6;\"> Kabel \u015bwiat\u0142owodowy z nadmuchem powietrza <\/span><\/strong><\/a>zapewniaj\u0105cy p\u0142ynne po\u0142\u0105czenie sieciowe. Je\u015bli potrzebujesz kabli \u015bwiat\u0142owodowych dostosowanych do Twoich potrzeb, zapoznaj si\u0119 z nasz\u0105 ofert\u0105<a href=\"https:\/\/www.bonelinks.com\/pl\/custom-fiber-optic-cables\/\" target=\"_blank\" rel=\"noopener\"><strong><span style=\"color: #0054a6;\"> Niestandardowe kable \u015bwiat\u0142owodowe <\/span><\/strong><\/a>w celu uzyskania spersonalizowanych rozwi\u0105za\u0144 w zakresie \u0142\u0105czno\u015bci.<\/p>\n","protected":false},"excerpt":{"rendered":"<p>Kabel Microduct jest u\u017cywany g\u0142\u00f3wnie w technologii okablowania mikrokablowego z nadmuchem powietrza, kabel \u015bwiat\u0142owodowy mo\u017ce porusza\u0107 si\u0119 w kierunku strumienia powietrza w mikrorurce HDPE z jednolit\u0105 pr\u0119dko\u015bci\u0105, co nie tylko zmniejsza koszty uk\u0142adania okablowania, ale tak\u017ce poprawia wydajno\u015b\u0107 konstrukcji. Ze wzgl\u0119du na ma\u0142\u0105 \u015brednic\u0119 mikrokanalizacji \u015bwiat\u0142owodowej i du\u017c\u0105 pojemno\u015b\u0107 \u015bwiat\u0142owodu, mo\u017ce on by\u0107 transportowany w mikrokanalizacji podjednostkowej o r\u00f3\u017cnych otworach, co r\u00f3wnie\u017c poprawia wykorzystanie rur komunikacyjnych. W przypadku uk\u0142adania sieci szkieletowej kabel \u015bwiat\u0142owodowy z mikrokanalizacji powietrznej jest jednym z najbardziej ekonomicznych i wydajnych kabli \u015bwiat\u0142owodowych.<\/p>\n","protected":false},"featured_media":15217,"template":"","meta":{"site-sidebar-layout":"default","site-content-layout":"default","ast-site-content-layout":"default","site-content-style":"default","site-sidebar-style":"default","ast-global-header-display":"","ast-banner-title-visibility":"","ast-main-header-display":"","ast-hfb-above-header-display":"","ast-hfb-below-header-display":"","ast-hfb-mobile-header-display":"","site-post-title":"","ast-breadcrumbs-content":"","ast-featured-img":"","footer-sml-layout":"","ast-disable-related-posts":"","theme-transparent-header-meta":"default","adv-header-id-meta":"","stick-header-meta":"default","header-above-stick-meta":"","header-main-stick-meta":"","header-below-stick-meta":"","astra-migrate-meta-layouts":"set","ast-page-background-enabled":"default","ast-page-background-meta":{"desktop":{"background-color":"","background-image":"","background-repeat":"repeat","background-position":"center center","background-size":"auto","background-attachment":"scroll","background-type":"","background-media":"","overlay-type":"","overlay-color":"","overlay-opacity":"","overlay-gradient":""},"tablet":{"background-color":"","background-image":"","background-repeat":"repeat","background-position":"center center","background-size":"auto","background-attachment":"scroll","background-type":"","background-media":"","overlay-type":"","overlay-color":"","overlay-opacity":"","overlay-gradient":""},"mobile":{"background-color":"","background-image":"","background-repeat":"repeat","background-position":"center center","background-size":"auto","background-attachment":"scroll","background-type":"","background-media":"","overlay-type":"","overlay-color":"","overlay-opacity":"","overlay-gradient":""}},"ast-content-background-meta":{"desktop":{"background-color":"var(--ast-global-color-5)","background-image":"","background-repeat":"repeat","background-position":"center center","background-size":"auto","background-attachment":"scroll","background-type":"","background-media":"","overlay-type":"","overlay-color":"","overlay-opacity":"","overlay-gradient":""},"tablet":{"background-color":"var(--ast-global-color-5)","background-image":"","background-repeat":"repeat","background-position":"center center","background-size":"auto","background-attachment":"scroll","background-type":"","background-media":"","overlay-type":"","overlay-color":"","overlay-opacity":"","overlay-gradient":""},"mobile":{"background-color":"var(--ast-global-color-5)","background-image":"","background-repeat":"repeat","background-position":"center center","background-size":"auto","background-attachment":"scroll","background-type":"","background-media":"","overlay-type":"","overlay-color":"","overlay-opacity":"","overlay-gradient":""}}},"product_brand":[],"product_cat":[213,520,518,521],"product_tag":[],"class_list":{"0":"post-21600","1":"product","2":"type-product","3":"status-publish","4":"has-post-thumbnail","6":"product_cat-outdoor-fiber-optic-cable-pl","7":"product_cat-air-blown-fiber-cable-pl","8":"product_cat-duct-fiber-optic-cable-pl","9":"product_cat-special-fiber-optic-cable-pl","10":"desktop-align-left","11":"tablet-align-left","12":"mobile-align-left","13":"ast-product-gallery-layout-vertical","14":"ast-product-gallery-with-no-image","15":"ast-product-tabs-layout-vertical","16":"ast-qv-on-image","18":"first","19":"instock","20":"shipping-taxable","21":"product-type-simple"},"_links":{"self":[{"href":"https:\/\/www.bonelinks.com\/pl\/wp-json\/wp\/v2\/product\/21600","targetHints":{"allow":["GET"]}}],"collection":[{"href":"https:\/\/www.bonelinks.com\/pl\/wp-json\/wp\/v2\/product"}],"about":[{"href":"https:\/\/www.bonelinks.com\/pl\/wp-json\/wp\/v2\/types\/product"}],"version-history":[{"count":3,"href":"https:\/\/www.bonelinks.com\/pl\/wp-json\/wp\/v2\/product\/21600\/revisions"}],"predecessor-version":[{"id":25934,"href":"https:\/\/www.bonelinks.com\/pl\/wp-json\/wp\/v2\/product\/21600\/revisions\/25934"}],"wp:featuredmedia":[{"embeddable":true,"href":"https:\/\/www.bonelinks.com\/pl\/wp-json\/wp\/v2\/media\/15217"}],"wp:attachment":[{"href":"https:\/\/www.bonelinks.com\/pl\/wp-json\/wp\/v2\/media?parent=21600"}],"wp:term":[{"taxonomy":"product_brand","embeddable":true,"href":"https:\/\/www.bonelinks.com\/pl\/wp-json\/wp\/v2\/product_brand?post=21600"},{"taxonomy":"product_cat","embeddable":true,"href":"https:\/\/www.bonelinks.com\/pl\/wp-json\/wp\/v2\/product_cat?post=21600"},{"taxonomy":"product_tag","embeddable":true,"href":"https:\/\/www.bonelinks.com\/pl\/wp-json\/wp\/v2\/product_tag?post=21600"}],"curies":[{"name":"wp","href":"https:\/\/api.w.org\/{rel}","templated":true}]}}