{"id":21582,"date":"2023-01-07T23:28:28","date_gmt":"2023-01-08T07:28:28","guid":{"rendered":"https:\/\/www.bonelinks.com\/product\/kabel-krosowy-lc-lc\/"},"modified":"2024-02-08T19:49:56","modified_gmt":"2024-02-09T03:49:56","slug":"lc-to-lc-fiber-patch-cables","status":"publish","type":"product","link":"https:\/\/www.bonelinks.com\/pl\/product\/lc-to-lc-fiber-patch-cables\/","title":{"rendered":"Kabel krosowy LC LC"},"content":{"rendered":"<h1 style=\"text-align: left; font-size: 18px;\"><strong>Kabel \u015bwiat\u0142owodowy LC do LC<\/strong><\/h1>\n<p>Kabel krosowy LC LC wyst\u0119puje w dw\u00f3ch rodzajach: simplex i duplex. Kabel krosowy LC LC simplex jest u\u017cywany do po\u0142\u0105cze\u0144 jednokana\u0142owych, podczas gdy kabel krosowy LC LC duplex jest u\u017cywany do po\u0142\u0105cze\u0144 dwukana\u0142owych, aby zapewni\u0107 stabiln\u0105 transmisj\u0119 i odbi\u00f3r sygna\u0142u.<\/p>\n<p><img fetchpriority=\"high\" decoding=\"async\" class=\"alignnone wp-image-7117\" src=\"https:\/\/www.bonelinks.com\/wp-content\/uploads\/2023\/01\/simplex-duplex-LC-patch-cord.jpg\" alt=\"Kabel krosowy LC simplex duplex\" width=\"400\" height=\"234\" srcset=\"https:\/\/www.bonelinks.com\/wp-content\/uploads\/2023\/01\/simplex-duplex-LC-patch-cord.jpg 1024w, https:\/\/www.bonelinks.com\/wp-content\/uploads\/2023\/01\/simplex-duplex-LC-patch-cord-300x176.jpg 300w, https:\/\/www.bonelinks.com\/wp-content\/uploads\/2023\/01\/simplex-duplex-LC-patch-cord-768x450.jpg 768w, https:\/\/www.bonelinks.com\/wp-content\/uploads\/2023\/01\/simplex-duplex-LC-patch-cord-650x381.jpg 650w\" sizes=\"(max-width: 400px) 100vw, 400px\" \/><\/p>\n<p>W przypadku po\u0142\u0105cze\u0144 jednomodowych, konwencjonalny kabel krosowy LC LC wykorzystuje kabel \u015bwiat\u0142owodowy G652D lub G657 i wst\u0119pnie zaka\u0144cza powierzchni\u0119 ko\u0144cow\u0105 LCUPC niebiesk\u0105 obudow\u0105 lub LCAPC zielon\u0105 obudow\u0105. W przypadku po\u0142\u0105cze\u0144 wielomodowych kable krosowe LC LC wykorzystuj\u0105 kabel \u015bwiat\u0142owodowy OM2, OM3 lub OM4 i wst\u0119pnie zaka\u0144czaj\u0105 powierzchni\u0119 ko\u0144cow\u0105 LCUPC be\u017cow\u0105, zielon\u0105 lub r\u00f3\u017cowoczerwon\u0105 obudow\u0105, w zale\u017cno\u015bci od zastosowania.<\/p>\n<p><img decoding=\"async\" class=\"alignnone wp-image-7097\" src=\"https:\/\/www.bonelinks.com\/wp-content\/uploads\/2023\/06\/LC-UPC.jpg\" alt=\"LC UPC\" width=\"400\" height=\"197\" srcset=\"https:\/\/www.bonelinks.com\/wp-content\/uploads\/2023\/06\/LC-UPC.jpg 581w, https:\/\/www.bonelinks.com\/wp-content\/uploads\/2023\/06\/LC-UPC-300x148.jpg 300w\" sizes=\"(max-width: 400px) 100vw, 400px\" \/><img decoding=\"async\" class=\"alignnone wp-image-7115\" src=\"https:\/\/www.bonelinks.com\/wp-content\/uploads\/2023\/01\/LC-APC.jpg\" alt=\"LC APC\" width=\"400\" height=\"208\" srcset=\"https:\/\/www.bonelinks.com\/wp-content\/uploads\/2023\/01\/LC-APC.jpg 370w, https:\/\/www.bonelinks.com\/wp-content\/uploads\/2023\/01\/LC-APC-300x156.jpg 300w\" sizes=\"(max-width: 400px) 100vw, 400px\" \/><\/p>\n<p>Bonelinks stosuje rygorystyczny proces kontroli, aby zapewni\u0107 najlepsze odbicie \u015bwiat\u0142a i transmisj\u0119 sygna\u0142u, z rygorystycznymi testami warto\u015bci t\u0142umienia w\u0142\u00f3kien, napr\u0119\u017cenia kabla i odporno\u015bci ogniowej os\u0142ony. Wyniki test\u00f3w s\u0105 rejestrowane i drukowane na opakowaniu kabla krosowego w celu \u0142atwego odniesienia podczas instalacji. Dost\u0119pne s\u0105 r\u00f3wnie\u017c niestandardowe opcje nadruku i koloru os\u0142ony kabla, aby spe\u0142ni\u0107 wymagania dotycz\u0105ce rozpoznawalno\u015bci marki.<\/p>\n<table>\n<tbody>\n<tr>\n<th class=\"header\">Kabel krosowy LC LC<\/th>\n<th class=\"header\">OS2 \u015awiat\u0142ow\u00f3d LC do LC<\/th>\n<th class=\"header\">OM3 \u015awiat\u0142ow\u00f3d LC do LC<\/th>\n<th class=\"header\">OM4 \u015awiat\u0142ow\u00f3d LC do LC<\/th>\n<\/tr>\n<tr>\n<td>Liczba w\u0142\u00f3kien<\/td>\n<td>simpleks, dupleks<\/td>\n<td>simpleks, dupleks<\/td>\n<td>simpleks, dupleks<\/td>\n<\/tr>\n<tr>\n<td>Tryb \u015bwiat\u0142owodowy<\/td>\n<td>SingleMode<\/td>\n<td>Wielomodowy<\/td>\n<td>Wielomodowy<\/td>\n<\/tr>\n<tr>\n<td>Szybko\u015b\u0107 transmisji danych<\/td>\n<td>1G\/10GB<\/td>\n<td>10G\/40G\/100GB<\/td>\n<td>10G\/40G\/100GB<\/td>\n<\/tr>\n<tr>\n<td>Z\u0142\u0105cze<\/td>\n<td>LC UPC\/APC do LC UPC\/APC<\/td>\n<td>LC UPC do LC UPC<\/td>\n<td>LC UPC do LC UPC<\/td>\n<\/tr>\n<tr>\n<td>Strata wtr\u0105ceniowa<\/td>\n<td>\u22640,3dB<\/td>\n<td>\u22640,3dB<\/td>\n<td>\u22640,3dB<\/td>\n<\/tr>\n<tr>\n<td>Straty odbiciowe<\/td>\n<td>UPC\u226550dB, APC\u226560dB<\/td>\n<td>UPC\u226530dB<\/td>\n<td>UPC\u226530dB<\/td>\n<\/tr>\n<tr>\n<td>D\u0142ugo\u015b\u0107<\/td>\n<td>1m, 2m, 3m, 5m, 10m lub niestandardowe<\/td>\n<td>1m, 2m, 3m, 5m, 10m lub niestandardowe<\/td>\n<td>1m, 2m, 3m, 5m, 10m lub niestandardowe<\/td>\n<\/tr>\n<tr>\n<td>Kurtka<\/td>\n<td>LSZH, OFNR, PVC<\/td>\n<td>LSZH, OFNR, PVC<\/td>\n<td>LSZH, OFNR, PVC<\/td>\n<\/tr>\n<\/tbody>\n<\/table>\n<p><img loading=\"lazy\" decoding=\"async\" class=\"alignnone wp-image-7118\" src=\"https:\/\/www.bonelinks.com\/wp-content\/uploads\/2023\/01\/OS2-OM3-OM4-LC-LC-fiber-patch-cord.jpg\" alt=\"Patchcord \u015bwiat\u0142owodowy OS2 OM3 OM4 LC LC\" width=\"500\" height=\"336\" srcset=\"https:\/\/www.bonelinks.com\/wp-content\/uploads\/2023\/01\/OS2-OM3-OM4-LC-LC-fiber-patch-cord.jpg 688w, https:\/\/www.bonelinks.com\/wp-content\/uploads\/2023\/01\/OS2-OM3-OM4-LC-LC-fiber-patch-cord-300x201.jpg 300w, https:\/\/www.bonelinks.com\/wp-content\/uploads\/2023\/01\/OS2-OM3-OM4-LC-LC-fiber-patch-cord-650x436.jpg 650w\" sizes=\"(max-width: 500px) 100vw, 500px\" \/><\/p>\n<h2 style=\"text-align: left; font-size: 18px;\"><strong>Cechy kabla krosowego LC LC<\/strong><\/h2>\n<ul>\n<li>Kompaktowy rozmiar: Z\u0142\u0105cza LC maj\u0105 mniejszy rozmiar w por\u00f3wnaniu z innymi typami z\u0142\u0105czy \u015bwiat\u0142owodowych, dzi\u0119ki czemu kabel krosowy LC LC jest bardziej kompaktowy i nadaje si\u0119 do \u015brodowisk sieciowych o du\u017cej g\u0119sto\u015bci.<\/li>\n<li>\u0141atwo\u015b\u0107 u\u017cytkowania: Z\u0142\u0105cza LC s\u0105 \u0142atwe w instalacji i obs\u0142udze, u\u0142atwiaj\u0105c technikom pod\u0142\u0105czanie i od\u0142\u0105czanie urz\u0105dze\u0144.<\/li>\n<li>Szybki transfer danych: Kable krosowe LC LC obs\u0142uguj\u0105 szybki transfer danych, dzi\u0119ki czemu idealnie nadaj\u0105 si\u0119 do u\u017cytku w centrach danych i \u015brodowiskach LAN.<\/li>\n<li>Niskie straty wtr\u0105ceniowe: Z\u0142\u0105cza LC charakteryzuj\u0105 si\u0119 niskimi stratami wtr\u0105ceniowymi, co pomaga zminimalizowa\u0107 straty sygna\u0142u i utrzyma\u0107 jego jako\u015b\u0107 na ca\u0142ej d\u0142ugo\u015bci kabla.<\/li>\n<li>Trwa\u0142o\u015b\u0107: Z\u0142\u0105cza LC zosta\u0142y zaprojektowane z my\u015bl\u0105 o trwa\u0142o\u015bci i niezawodno\u015bci, dzi\u0119ki czemu mog\u0105 wytrzyma\u0107 cz\u0119ste pod\u0142\u0105czanie i od\u0142\u0105czanie.<\/li>\n<li>Wszechstronno\u015b\u0107: Kable krosowe LC s\u0105 dost\u0119pne zar\u00f3wno w wersji jednomodowej, jak i wielomodowej, dzi\u0119ki czemu nadaj\u0105 si\u0119 do stosowania w szerokim zakresie sieci \u015bwiat\u0142owodowych.<\/li>\n<li>Op\u0142acalno\u015b\u0107: Kable krosowe LC LC s\u0105 stosunkowo niedrogie w por\u00f3wnaniu z innymi typami kabli \u015bwiat\u0142owodowych, co czyni je op\u0142acalnym rozwi\u0105zaniem do pod\u0142\u0105czania urz\u0105dze\u0144 \u015bwiat\u0142owodowych.<\/li>\n<\/ul>\n<h2 style=\"text-align: left; font-size: 18px;\"><strong>Zastosowania kabla krosowego LC LC<\/strong><\/h2>\n<ul>\n<li>Centra danych: Kable krosowe LC LC s\u0105 powszechnie stosowane w centrach danych do \u0142\u0105czenia prze\u0142\u0105cznik\u00f3w, serwer\u00f3w i urz\u0105dze\u0144 pami\u0119ci masowej.<\/li>\n<li>Sieci lokalne (LAN): Kable krosowe LC do LC s\u0105 u\u017cywane w sieciach LAN do \u0142\u0105czenia prze\u0142\u0105cznik\u00f3w, router\u00f3w i innych urz\u0105dze\u0144 sieciowych.<\/li>\n<li>Sieci \u015bwiat\u0142owodowe FTTH (Fiber to the Home) i FTTx (Fiber to the x): Kable krosowe LC do LC s\u0105 u\u017cywane w sieciach FTTH i FTTx do \u0142\u0105czenia optycznych terminali sieciowych (ONT) i innych urz\u0105dze\u0144 \u015bwiat\u0142owodowych.<\/li>\n<li>Sieci metropolitalne (MAN): Kable krosowe LC LC s\u0105 u\u017cywane w sieciach MAN do \u0142\u0105czenia prze\u0142\u0105cznik\u00f3w, router\u00f3w i innych urz\u0105dze\u0144 sieciowych.<\/li>\n<li>Sprz\u0119t testowy i pomiarowy: Kable krosowe LC do LC s\u0105 u\u017cywane do \u0142\u0105czenia sprz\u0119tu testowego i pomiarowego w laboratorium lub w terenie.<\/li>\n<\/ul>\n<p><img loading=\"lazy\" decoding=\"async\" class=\"alignnone wp-image-7119\" src=\"https:\/\/www.bonelinks.com\/wp-content\/uploads\/2023\/01\/LC-LC-patch-cord-application.jpg\" alt=\"Zastosowanie kabla krosowego LC LC\" width=\"500\" height=\"500\" srcset=\"https:\/\/www.bonelinks.com\/wp-content\/uploads\/2023\/01\/LC-LC-patch-cord-application.jpg 466w, https:\/\/www.bonelinks.com\/wp-content\/uploads\/2023\/01\/LC-LC-patch-cord-application-300x300.jpg 300w, https:\/\/www.bonelinks.com\/wp-content\/uploads\/2023\/01\/LC-LC-patch-cord-application-80x80.jpg 80w, https:\/\/www.bonelinks.com\/wp-content\/uploads\/2023\/01\/LC-LC-patch-cord-application-100x100.jpg 100w\" sizes=\"(max-width: 500px) 100vw, 500px\" \/><\/p>\n<h2 style=\"text-align: left; font-size: 18px;\"><strong>Szukasz wi\u0119cej opcji kabli \u015bwiat\u0142owodowych?<\/strong><\/h2>\n<p>Potrzebujesz wi\u0119cej opcji kabli \u015bwiat\u0142owodowych? Zapoznaj si\u0119 z nasz\u0105 ofert\u0105 <span style=\"color: #0054a6;\"><strong><a style=\"color: #0054a6;\" href=\"https:\/\/www.bonelinks.com\/pl\/lc-fibre-patch-leads\/\" target=\"_blank\" rel=\"noopener\">Kable krosowe \u015bwiat\u0142owodowe LC, <\/a><\/strong><\/span><a title=\"Kable \u015bwiat\u0142owodowe LC do LC\" href=\"https:\/\/www.bonelinks.com\/pl\/lc-to-lc-fiber-patch-cable\/\" target=\"_blank\" rel=\"noopener\"><strong><span style=\"color: #0054a6;\">Kable \u015bwiat\u0142owodowe LC do LC <\/span><\/strong><\/a>zapewniaj\u0105cych p\u0142ynn\u0105 prac\u0119 w sieci.<\/p>\n<p>Szukasz niestandardowych i specjalnie zaprojektowanych kabli \u015bwiat\u0142owodowych? Zapoznaj si\u0119 z nasz\u0105 dedykowan\u0105 sekcj\u0105<a href=\"https:\/\/www.bonelinks.com\/pl\/custom-fiber-optic-cables\/\" target=\"_blank\" rel=\"noopener\"><span style=\"color: #0054a6;\"><strong> Niestandardowe kable \u015bwiat\u0142owodowe <\/strong><\/span><\/a>w celu uzyskania dopasowanych rozwi\u0105za\u0144 w zakresie \u0142\u0105czno\u015bci.<\/p>\n<ul>\n<li>Sprzeda\u017c detaliczna lub hurtowa &#8211; mamy wszystko pod kontrol\u0105!<\/li>\n<li>Nie wiesz co kupi\u0107? Oferujemy porady ekspert\u00f3w.<\/li>\n<li>Ma\u0142e MOQ: Nie musisz kupowa\u0107 wi\u0119cej ni\u017c chcesz.<\/li>\n<li>Konkurencyjne ceny: Uzyskaj \u015bwietn\u0105 warto\u015b\u0107 za ka\u017cdym razem.<\/li>\n<li>Szybka dostawa: Twoja szybko\u015b\u0107, nasz priorytet.<\/li>\n<li>Zorientowanie na klienta: Dostosowujemy nasze us\u0142ugi do Twoich potrzeb.<\/li>\n<\/ul>\n<p><strong>Po\u0142\u0105cz si\u0119 z nami!<\/strong><br \/>\nJe\u015bli masz problem ze znalezieniem odpowiedniego <span style=\"color: #0054a6;\"><strong><a style=\"color: #0054a6;\" href=\"https:\/\/www.bonelinks.com\/pl\/fiber-optic-patch-cord-supplier\/\" target=\"_blank\" rel=\"noopener\">\u015bwiat\u0142owodowego kabla krosowego <\/a><\/strong><\/span>do swoich potrzeb lub potrzebujesz porady eksperta, wystarczy jedno klikni\u0119cie i mo\u017cesz<a href=\"https:\/\/www.bonelinks.com\/pl\/contact-us\/\" target=\"_blank\" rel=\"noopener\"><strong><span style=\"color: #0054a6;\"> porozmawia\u0107 z nami <\/span><\/strong><\/a>w kilka sekund. Twoje zadowolenie jest naszym priorytetem. Jeste\u015bmy gotowi pom\u00f3c Ci pod ka\u017cdym wzgl\u0119dem. <strong>Nie martw si\u0119, nadmierne my\u015blenie nie jest wymagane. Jeste\u015bmy tutaj, gotowi do pomocy.<\/strong><\/p>\n","protected":false},"excerpt":{"rendered":"<p>Patchcord LC LC to kabel \u015bwiat\u0142owodowy u\u017cywany do \u0142\u0105czenia urz\u0105dze\u0144 komunikacyjnych. Zosta\u0142y one zaprojektowane w celu zapewnienia niezawodnego po\u0142\u0105czenia mi\u0119dzy dwoma portami LC (Lucent Connector), kt\u00f3re s\u0105 powszechnie stosowane w sieciach \u015bwiat\u0142owodowych. Z\u0142\u0105cze LC to niewielkie z\u0142\u0105cze, kt\u00f3re jest powszechnie stosowane w aplikacjach \u015bwiat\u0142owodowych o du\u017cej g\u0119sto\u015bci.<\/p>\n","protected":false},"featured_media":17867,"template":"","meta":{"site-sidebar-layout":"default","site-content-layout":"default","ast-site-content-layout":"default","site-content-style":"default","site-sidebar-style":"default","ast-global-header-display":"","ast-banner-title-visibility":"","ast-main-header-display":"","ast-hfb-above-header-display":"","ast-hfb-below-header-display":"","ast-hfb-mobile-header-display":"","site-post-title":"","ast-breadcrumbs-content":"","ast-featured-img":"","footer-sml-layout":"","ast-disable-related-posts":"","theme-transparent-header-meta":"default","adv-header-id-meta":"","stick-header-meta":"default","header-above-stick-meta":"","header-main-stick-meta":"","header-below-stick-meta":"","astra-migrate-meta-layouts":"set","ast-page-background-enabled":"default","ast-page-background-meta":{"desktop":{"background-color":"","background-image":"","background-repeat":"repeat","background-position":"center center","background-size":"auto","background-attachment":"scroll","background-type":"","background-media":"","overlay-type":"","overlay-color":"","overlay-opacity":"","overlay-gradient":""},"tablet":{"background-color":"","background-image":"","background-repeat":"repeat","background-position":"center center","background-size":"auto","background-attachment":"scroll","background-type":"","background-media":"","overlay-type":"","overlay-color":"","overlay-opacity":"","overlay-gradient":""},"mobile":{"background-color":"","background-image":"","background-repeat":"repeat","background-position":"center center","background-size":"auto","background-attachment":"scroll","background-type":"","background-media":"","overlay-type":"","overlay-color":"","overlay-opacity":"","overlay-gradient":""}},"ast-content-background-meta":{"desktop":{"background-color":"var(--ast-global-color-5)","background-image":"","background-repeat":"repeat","background-position":"center center","background-size":"auto","background-attachment":"scroll","background-type":"","background-media":"","overlay-type":"","overlay-color":"","overlay-opacity":"","overlay-gradient":""},"tablet":{"background-color":"var(--ast-global-color-5)","background-image":"","background-repeat":"repeat","background-position":"center center","background-size":"auto","background-attachment":"scroll","background-type":"","background-media":"","overlay-type":"","overlay-color":"","overlay-opacity":"","overlay-gradient":""},"mobile":{"background-color":"var(--ast-global-color-5)","background-image":"","background-repeat":"repeat","background-position":"center center","background-size":"auto","background-attachment":"scroll","background-type":"","background-media":"","overlay-type":"","overlay-color":"","overlay-opacity":"","overlay-gradient":""}}},"product_brand":[],"product_cat":[236,243],"product_tag":[],"class_list":{"0":"post-21582","1":"product","2":"type-product","3":"status-publish","4":"has-post-thumbnail","6":"product_cat-fiber-patch-cord-pl","7":"product_cat-lc-fiber-patch-cord-pl","8":"pa_connector-type-lc-lc-pl","9":"desktop-align-left","10":"tablet-align-left","11":"mobile-align-left","12":"ast-product-gallery-layout-vertical","13":"ast-product-gallery-with-no-image","14":"ast-product-tabs-layout-vertical","15":"ast-qv-on-image","17":"first","18":"instock","19":"shipping-taxable","20":"product-type-simple"},"_links":{"self":[{"href":"https:\/\/www.bonelinks.com\/pl\/wp-json\/wp\/v2\/product\/21582","targetHints":{"allow":["GET"]}}],"collection":[{"href":"https:\/\/www.bonelinks.com\/pl\/wp-json\/wp\/v2\/product"}],"about":[{"href":"https:\/\/www.bonelinks.com\/pl\/wp-json\/wp\/v2\/types\/product"}],"version-history":[{"count":3,"href":"https:\/\/www.bonelinks.com\/pl\/wp-json\/wp\/v2\/product\/21582\/revisions"}],"predecessor-version":[{"id":25910,"href":"https:\/\/www.bonelinks.com\/pl\/wp-json\/wp\/v2\/product\/21582\/revisions\/25910"}],"wp:featuredmedia":[{"embeddable":true,"href":"https:\/\/www.bonelinks.com\/pl\/wp-json\/wp\/v2\/media\/17867"}],"wp:attachment":[{"href":"https:\/\/www.bonelinks.com\/pl\/wp-json\/wp\/v2\/media?parent=21582"}],"wp:term":[{"taxonomy":"product_brand","embeddable":true,"href":"https:\/\/www.bonelinks.com\/pl\/wp-json\/wp\/v2\/product_brand?post=21582"},{"taxonomy":"product_cat","embeddable":true,"href":"https:\/\/www.bonelinks.com\/pl\/wp-json\/wp\/v2\/product_cat?post=21582"},{"taxonomy":"product_tag","embeddable":true,"href":"https:\/\/www.bonelinks.com\/pl\/wp-json\/wp\/v2\/product_tag?post=21582"}],"curies":[{"name":"wp","href":"https:\/\/api.w.org\/{rel}","templated":true}]}}