{"id":21581,"date":"2023-01-07T23:45:36","date_gmt":"2023-01-08T07:45:36","guid":{"rendered":"https:\/\/www.bonelinks.com\/product\/patchcord-swiatlowodowy-lc-sc\/"},"modified":"2024-02-08T19:48:28","modified_gmt":"2024-02-09T03:48:28","slug":"lc-to-sc-fiber-optic-jumpers","status":"publish","type":"product","link":"https:\/\/www.bonelinks.com\/pl\/product\/lc-to-sc-fiber-optic-jumpers\/","title":{"rendered":"Patchcord \u015bwiat\u0142owodowy LC-SC"},"content":{"rendered":"<h1 style=\"text-align: left; font-size: 18px;\"><strong>Patchcord \u015bwiat\u0142owodowy LC-SC do niezawodnej komunikacji danych<\/strong><\/h1>\n<p>Szukasz niezawodnego i wysokiej jako\u015bci kabla \u015bwiat\u0142owodowego? Nie ma nic lepszego ni\u017c \u015bwiat\u0142owodowy kabel krosowy LC-SC firmy Bonelinks. Wykonany z najwy\u017cszej jako\u015bci w\u0142\u00f3kien \u015bwiat\u0142owodowych, ten patchcord posiada wytrzyma\u0142\u0105 pow\u0142ok\u0119 zewn\u0119trzn\u0105, kt\u00f3ra chroni w\u0142\u00f3kna przed uszkodzeniem. Z\u0142\u0105cza s\u0105 fachowo wykonane, aby zapewni\u0107 mocne i stabilne po\u0142\u0105czenie, minimalizuj\u0105c ryzyko utraty sygna\u0142u i gwarantuj\u0105c sta\u0142\u0105 wydajno\u015b\u0107.<\/p>\n<p>Dost\u0119pne w dw\u00f3ch r\u00f3\u017cnych pasmach cz\u0119stotliwo\u015bci &#8211; 1310\/1550nm i 850nm &#8211; kable krosowe LC-SC s\u0105 dostarczane w r\u00f3\u017cnych os\u0142onach. Kable krosowe 1310\/1550nm posiadaj\u0105 elastyczn\u0105 \u017c\u00f3\u0142t\u0105 os\u0142on\u0119 z PVC lub LSZH, kt\u00f3ra jest trudnopalna. Kable krosowe 850 nm maj\u0105 wysokiej jako\u015bci p\u0142aszcz OM3 lub OM4 LSZH lub OFNP, kt\u00f3ry jest trudnopalny i nadaje si\u0119 do u\u017cytku w pomieszczeniach.<\/p>\n<p>Wybieraj\u0105c \u015bwiat\u0142owodowy kabel krosowy LC-SC, wa\u017cne jest, aby wybra\u0107 kabel zgodny ze standardami bran\u017cowymi, takimi jak TIA\/EIA-568-C.3. Nasz \u015bwiat\u0142owodowy kabel krosowy zapewnia kompatybilno\u015b\u0107 z szerok\u0105 gam\u0105 urz\u0105dze\u0144 i pozwala na pe\u0142ne wykorzystanie potencja\u0142u kabla.<\/p>\n<p>\u0141atwa identyfikacja potrzebnego kabla dzi\u0119ki typowi kabla, d\u0142ugo\u015bci i materia\u0142owi nadrukowanemu na kablach krosowych. W razie potrzeby Bonelinks mo\u017ce dostosowa\u0107 nadruk, aby zawiera\u0142 nazw\u0119 firmy lub marki.<\/p>\n<h2 style=\"text-align: left; font-size: 18px;\"><strong>Najlepiej sprzedaj\u0105cy si\u0119 kabel \u015bwiat\u0142owodowy LC-SC w Bonelinks<\/strong><\/h2>\n<table width=\"896\">\n<tbody>\n<tr>\n<td width=\"124\"><strong>Patchcord \u015bwiat\u0142owodowy LC-SC<\/strong><\/td>\n<td width=\"193\"><strong>OS2 \u015awiat\u0142ow\u00f3d LC do SC<\/strong><\/td>\n<td width=\"193\"><strong>OM2 \u015awiat\u0142ow\u00f3d LC do SC<\/strong><\/td>\n<td width=\"193\"><strong>OM3 \u015awiat\u0142ow\u00f3d LC do SC<\/strong><\/td>\n<td width=\"193\"><strong>OM4 \u015awiat\u0142ow\u00f3d LC do SC<\/strong><\/td>\n<\/tr>\n<tr>\n<td width=\"124\">Tryb \u015bwiat\u0142owodowy<\/td>\n<td width=\"193\">SingleMode<\/td>\n<td width=\"193\">Wielomodowy<\/td>\n<td width=\"193\">Wielomodowy<\/td>\n<td width=\"193\">Wielomodowy<\/td>\n<\/tr>\n<tr>\n<td width=\"124\">Szybko\u015b\u0107 transmisji danych<\/td>\n<td width=\"193\">1G\/10GB<\/td>\n<td width=\"193\">1G\/10GB<\/td>\n<td width=\"193\">10G\/40G\/100GB<\/td>\n<td width=\"193\">10G\/40G\/100GB<\/td>\n<\/tr>\n<tr>\n<td width=\"124\">Z\u0142\u0105cze<\/td>\n<td width=\"193\">LC\/UPC do SC\/UPC<\/td>\n<td width=\"193\">LC\/UPC do SC\/UPC<\/td>\n<td width=\"193\">LC\/UPC do SC\/UPC<\/td>\n<td width=\"193\">LC\/UPC do SC\/UPC<\/td>\n<\/tr>\n<tr>\n<td width=\"124\">Strata wtr\u0105ceniowa<\/td>\n<td width=\"193\">\u22640,3dB<\/td>\n<td width=\"193\">\u22640,3dB<\/td>\n<td width=\"193\">\u22640,3dB<\/td>\n<td width=\"193\">\u22640,3dB<\/td>\n<\/tr>\n<tr>\n<td width=\"124\">Straty odbiciowe<\/td>\n<td width=\"193\">\u226550dB<\/td>\n<td width=\"193\">\u226530dB<\/td>\n<td width=\"193\">\u226530dB<\/td>\n<td width=\"193\">\u226530dB<\/td>\n<\/tr>\n<tr>\n<td width=\"124\">Kurtka LSZH<\/td>\n<td width=\"193\">\u2713<\/td>\n<td width=\"193\">\u2713<\/td>\n<td width=\"193\">\u2713<\/td>\n<td width=\"193\">\u2713<\/td>\n<\/tr>\n<\/tbody>\n<\/table>\n<h2 style=\"text-align: left; font-size: 18px;\"><strong><img fetchpriority=\"high\" decoding=\"async\" class=\"alignnone size-full wp-image-7283\" src=\"https:\/\/www.bonelinks.com\/wp-content\/uploads\/2023\/01\/sc-lc-patch-cord.jpg\" alt=\"kabel krosowy sc lc\" width=\"702\" height=\"351\" srcset=\"https:\/\/www.bonelinks.com\/wp-content\/uploads\/2023\/01\/sc-lc-patch-cord.jpg 702w, https:\/\/www.bonelinks.com\/wp-content\/uploads\/2023\/01\/sc-lc-patch-cord-300x150.jpg 300w, https:\/\/www.bonelinks.com\/wp-content\/uploads\/2023\/01\/sc-lc-patch-cord-650x325.jpg 650w\" sizes=\"(max-width: 702px) 100vw, 702px\" \/><\/strong><\/h2>\n<h2 style=\"text-align: left; font-size: 18px;\"><strong><br \/>\nCechy kabla krosowego \u015bwiat\u0142owodowego LC-SC<\/strong><\/h2>\n<ul>\n<li>Szybka transmisja danych: \u015awiat\u0142owodowe kable krosowe LC-SC oferuj\u0105 szybk\u0105 transmisj\u0119 danych, zapewniaj\u0105c szybki i wydajny transfer danych w sieci \u015bwiat\u0142owodowej.<\/li>\n<li>Trwa\u0142o\u015b\u0107: Z\u0142\u0105cza \u015bwiat\u0142owodowego kabla krosowego LC-SC s\u0105 wykonane z wysokiej jako\u015bci materia\u0142\u00f3w, kt\u00f3re zapewniaj\u0105 trwa\u0142o\u015b\u0107 i d\u0142ugowieczno\u015b\u0107 kabla.<\/li>\n<li>Niskie straty: Patchcord \u015bwiat\u0142owodowy LC-SC zosta\u0142 zaprojektowany z my\u015bl\u0105 o niskich stratach wtr\u0105ceniowych, co minimalizuje straty sygna\u0142u podczas transmisji danych.<\/li>\n<li>Wysokiej jako\u015bci optyka: \u015awiat\u0142owody zastosowane w kablu krosowym LC-SC s\u0105 wysokiej jako\u015bci, zapewniaj\u0105c doskona\u0142\u0105 wydajno\u015b\u0107 optyczn\u0105 i niezawodno\u015b\u0107.<\/li>\n<\/ul>\n<h2 style=\"text-align: left; font-size: 18px;\"><strong>Zastosowania kabla \u015bwiat\u0142owodowego LC do SC<\/strong><\/h2>\n<ul>\n<li>Centra danych: \u015awiat\u0142owodowe kable krosowe LC-SC s\u0105 powszechnie stosowane w centrach danych do \u0142\u0105czenia urz\u0105dze\u0144 optycznych, takich jak prze\u0142\u0105czniki i routery.<\/li>\n<li>Sieci telekomunikacyjne: \u015awiat\u0142owodowe kable krosowe LC-SC s\u0105 u\u017cywane w sieciach telekomunikacyjnych do \u0142\u0105czenia optycznych urz\u0105dze\u0144 nadawczo-odbiorczych i innych urz\u0105dze\u0144 optycznych.<\/li>\n<li>Sieci korporacyjne: \u015awiat\u0142owodowe kable krosowe LC-SC s\u0105 u\u017cywane w sieciach korporacyjnych do \u0142\u0105czenia urz\u0105dze\u0144 i zapewniania szybkiego transferu danych.<\/li>\n<li>Sieci \u015bwiat\u0142owodowe do domu (FTTH): Kable \u015bwiat\u0142owodowe LC-SC s\u0105 u\u017cywane w sieciach FTTH do \u0142\u0105czenia urz\u0105dze\u0144 optycznych i zapewniania szybkiego dost\u0119pu do Internetu w domach.<\/li>\n<\/ul>\n<h2 style=\"text-align: left; font-size: 18px;\"><strong>Szukasz wi\u0119cej opcji kabli \u015bwiat\u0142owodowych?<\/strong><\/h2>\n<p>Potrzebujesz wi\u0119cej opcji kabli \u015bwiat\u0142owodowych? Zapoznaj si\u0119 z nasz\u0105 ofert\u0105 <span style=\"color: #0054a6;\"><strong><a style=\"color: #0054a6;\" href=\"https:\/\/www.bonelinks.com\/pl\/lc-fibre-patch-leads\/\" target=\"_blank\" rel=\"noopener\">Kable krosowe \u015bwiat\u0142owodowe LC, <\/a><\/strong><\/span><a title=\"Kable \u015bwiat\u0142owodowe SC\" href=\"https:\/\/www.bonelinks.com\/pl\/sc-fibre-patch-leads\/\" target=\"_blank\" rel=\"noopener\"><strong><span style=\"color: #0054a6;\">Kable \u015bwiat\u0142owodowe SC, <\/span><\/strong><\/a><strong><span style=\"color: #0054a6;\"><a style=\"color: #0054a6;\" href=\"https:\/\/www.bonelinks.com\/pl\/lc-to-sc-fiber-cables\/\" target=\"_blank\" rel=\"noopener\">Kable \u015bwiat\u0142owodowe SC LC <\/a><\/span><\/strong>zapewniaj\u0105ce p\u0142ynne po\u0142\u0105czenie sieciowe.<\/p>\n<p>Szukasz niestandardowych i specjalnie zaprojektowanych kabli \u015bwiat\u0142owodowych? Zapoznaj si\u0119 z nasz\u0105 dedykowan\u0105 sekcj\u0105<a href=\"https:\/\/www.bonelinks.com\/pl\/custom-fiber-optic-cables\/\" target=\"_blank\" rel=\"noopener\"><span style=\"color: #0054a6;\"><strong> Niestandardowe kable \u015bwiat\u0142owodowe <\/strong><\/span><\/a>w celu uzyskania dopasowanych rozwi\u0105za\u0144 w zakresie \u0142\u0105czno\u015bci.<\/p>\n<ul>\n<li>Sprzeda\u017c detaliczna lub hurtowa &#8211; mamy wszystko pod kontrol\u0105!<\/li>\n<li>Nie wiesz co kupi\u0107? Oferujemy porady ekspert\u00f3w.<\/li>\n<li>Ma\u0142e MOQ: Nie musisz kupowa\u0107 wi\u0119cej ni\u017c chcesz.<\/li>\n<li>Konkurencyjne ceny: Uzyskaj \u015bwietn\u0105 warto\u015b\u0107 za ka\u017cdym razem.<\/li>\n<li>Szybka dostawa: Twoja szybko\u015b\u0107, nasz priorytet.<\/li>\n<li>Zorientowanie na klienta: Dostosowujemy nasze us\u0142ugi do Twoich potrzeb.<\/li>\n<\/ul>\n<p><strong>Po\u0142\u0105cz si\u0119 z nami!<\/strong><br \/>\nJe\u015bli masz problem ze znalezieniem odpowiedniego <span style=\"color: #0054a6;\"><strong><a style=\"color: #0054a6;\" href=\"https:\/\/www.bonelinks.com\/pl\/fiber-optic-patch-cord-supplier\/\" target=\"_blank\" rel=\"noopener\">\u015bwiat\u0142owodowego kabla krosowego <\/a><\/strong><\/span>do swoich potrzeb lub potrzebujesz porady eksperta, wystarczy jedno klikni\u0119cie i mo\u017cesz<a href=\"https:\/\/www.bonelinks.com\/pl\/contact-us\/\" target=\"_blank\" rel=\"noopener\"><strong><span style=\"color: #0054a6;\"> porozmawia\u0107 z nami <\/span><\/strong><\/a>w kilka sekund. Twoje zadowolenie jest naszym priorytetem. Jeste\u015bmy gotowi pom\u00f3c Ci pod ka\u017cdym wzgl\u0119dem. <strong>Nie martw si\u0119, nadmierne my\u015blenie nie jest wymagane. Jeste\u015bmy tutaj, gotowi do pomocy.<\/strong><\/p>\n","protected":false},"excerpt":{"rendered":"<p>Patchcord \u015bwiat\u0142owodowy LC-SC to rodzaj kabla \u015bwiat\u0142owodowego, kt\u00f3ry s\u0142u\u017cy do \u0142\u0105czenia dw\u00f3ch urz\u0105dze\u0144 \u015bwiat\u0142owodowych. Kabel ten posiada z\u0142\u0105cze LC (Lucent Connector) na jednym ko\u0144cu i z\u0142\u0105cze SC (Subscriber Connector) na drugim ko\u0144cu, umo\u017cliwiaj\u0105c bezproblemow\u0105 \u0142\u0105czno\u015b\u0107 mi\u0119dzy dwoma r\u00f3\u017cnymi typami urz\u0105dze\u0144 \u015bwiat\u0142owodowych.<\/p>\n<p>Patchcord \u015bwiat\u0142owodowy LC-SC jest powszechnie stosowany w aplikacjach do szybkiego przesy\u0142ania danych, poniewa\u017c zapewnia wysok\u0105 przepustowo\u015b\u0107 i niskie op\u00f3\u017anienia. Jest to popularny wyb\u00f3r dla centr\u00f3w danych, sieci telekomunikacyjnych i innych aplikacji sieciowych, kt\u00f3re wymagaj\u0105 szybkiej transmisji danych.<\/p>\n","protected":false},"featured_media":16457,"template":"","meta":{"site-sidebar-layout":"default","site-content-layout":"default","ast-site-content-layout":"default","site-content-style":"default","site-sidebar-style":"default","ast-global-header-display":"","ast-banner-title-visibility":"","ast-main-header-display":"","ast-hfb-above-header-display":"","ast-hfb-below-header-display":"","ast-hfb-mobile-header-display":"","site-post-title":"","ast-breadcrumbs-content":"","ast-featured-img":"","footer-sml-layout":"","ast-disable-related-posts":"","theme-transparent-header-meta":"default","adv-header-id-meta":"","stick-header-meta":"default","header-above-stick-meta":"","header-main-stick-meta":"","header-below-stick-meta":"","astra-migrate-meta-layouts":"set","ast-page-background-enabled":"default","ast-page-background-meta":{"desktop":{"background-color":"","background-image":"","background-repeat":"repeat","background-position":"center center","background-size":"auto","background-attachment":"scroll","background-type":"","background-media":"","overlay-type":"","overlay-color":"","overlay-opacity":"","overlay-gradient":""},"tablet":{"background-color":"","background-image":"","background-repeat":"repeat","background-position":"center center","background-size":"auto","background-attachment":"scroll","background-type":"","background-media":"","overlay-type":"","overlay-color":"","overlay-opacity":"","overlay-gradient":""},"mobile":{"background-color":"","background-image":"","background-repeat":"repeat","background-position":"center center","background-size":"auto","background-attachment":"scroll","background-type":"","background-media":"","overlay-type":"","overlay-color":"","overlay-opacity":"","overlay-gradient":""}},"ast-content-background-meta":{"desktop":{"background-color":"var(--ast-global-color-5)","background-image":"","background-repeat":"repeat","background-position":"center center","background-size":"auto","background-attachment":"scroll","background-type":"","background-media":"","overlay-type":"","overlay-color":"","overlay-opacity":"","overlay-gradient":""},"tablet":{"background-color":"var(--ast-global-color-5)","background-image":"","background-repeat":"repeat","background-position":"center center","background-size":"auto","background-attachment":"scroll","background-type":"","background-media":"","overlay-type":"","overlay-color":"","overlay-opacity":"","overlay-gradient":""},"mobile":{"background-color":"var(--ast-global-color-5)","background-image":"","background-repeat":"repeat","background-position":"center center","background-size":"auto","background-attachment":"scroll","background-type":"","background-media":"","overlay-type":"","overlay-color":"","overlay-opacity":"","overlay-gradient":""}}},"product_brand":[],"product_cat":[236,243,269],"product_tag":[],"class_list":{"0":"post-21581","1":"product","2":"type-product","3":"status-publish","4":"has-post-thumbnail","6":"product_cat-fiber-patch-cord-pl","7":"product_cat-lc-fiber-patch-cord-pl","8":"product_cat-sc-fiber-patch-cord-pl-2","9":"pa_connector-type-lc-sc-pl","10":"desktop-align-left","11":"tablet-align-left","12":"mobile-align-left","13":"ast-product-gallery-layout-vertical","14":"ast-product-gallery-with-no-image","15":"ast-product-tabs-layout-vertical","16":"ast-qv-on-image","18":"first","19":"instock","20":"shipping-taxable","21":"product-type-simple"},"_links":{"self":[{"href":"https:\/\/www.bonelinks.com\/pl\/wp-json\/wp\/v2\/product\/21581","targetHints":{"allow":["GET"]}}],"collection":[{"href":"https:\/\/www.bonelinks.com\/pl\/wp-json\/wp\/v2\/product"}],"about":[{"href":"https:\/\/www.bonelinks.com\/pl\/wp-json\/wp\/v2\/types\/product"}],"version-history":[{"count":3,"href":"https:\/\/www.bonelinks.com\/pl\/wp-json\/wp\/v2\/product\/21581\/revisions"}],"predecessor-version":[{"id":25908,"href":"https:\/\/www.bonelinks.com\/pl\/wp-json\/wp\/v2\/product\/21581\/revisions\/25908"}],"wp:featuredmedia":[{"embeddable":true,"href":"https:\/\/www.bonelinks.com\/pl\/wp-json\/wp\/v2\/media\/16457"}],"wp:attachment":[{"href":"https:\/\/www.bonelinks.com\/pl\/wp-json\/wp\/v2\/media?parent=21581"}],"wp:term":[{"taxonomy":"product_brand","embeddable":true,"href":"https:\/\/www.bonelinks.com\/pl\/wp-json\/wp\/v2\/product_brand?post=21581"},{"taxonomy":"product_cat","embeddable":true,"href":"https:\/\/www.bonelinks.com\/pl\/wp-json\/wp\/v2\/product_cat?post=21581"},{"taxonomy":"product_tag","embeddable":true,"href":"https:\/\/www.bonelinks.com\/pl\/wp-json\/wp\/v2\/product_tag?post=21581"}],"curies":[{"name":"wp","href":"https:\/\/api.w.org\/{rel}","templated":true}]}}