{"id":21579,"date":"2023-01-08T00:10:02","date_gmt":"2023-01-08T08:10:02","guid":{"rendered":"https:\/\/www.bonelinks.com\/product\/kable-swiatlowodowe-scapc-do-scupc\/"},"modified":"2024-02-08T19:44:00","modified_gmt":"2024-02-09T03:44:00","slug":"scapc-to-scupc-fiber-patch-cords","status":"publish","type":"product","link":"https:\/\/www.bonelinks.com\/pl\/product\/scapc-to-scupc-fiber-patch-cords\/","title":{"rendered":"Kable \u015bwiat\u0142owodowe SCAPC do SCUPC"},"content":{"rendered":"<p>Bonelinks produkuje kable krosowe SC z oddzielnymi ko\u0144c\u00f3wkami APC i UPC od ponad 10 lat, koncentruj\u0105c si\u0119 na jako\u015bci i doskonaleniu. Kable te s\u0105 przeznaczone do stosowania w szafach, panelach krosowych, nadajnikach-odbiornikach i skrzynkach krosowych ze z\u0142\u0105czami \u015bwiat\u0142owodowymi SC lub portami adapter\u00f3w. Aby zapewni\u0107 \u0142atwo\u015b\u0107 u\u017cytkowania, z\u0142\u0105cze SCAPC ma zielon\u0105 obudow\u0119, podczas gdy z\u0142\u0105cze SCUPC ma niebiesk\u0105 obudow\u0119, aby unikn\u0105\u0107 niew\u0142a\u015bciwego umieszczenia i nieprawid\u0142owych strat powrotnych.<\/p>\n<p>Dzi\u0119ki kontroli jako\u015bci 6 Sigma i zaanga\u017cowaniu w odchudzon\u0105 produkcj\u0119, Bonelinks osi\u0105gn\u0105\u0142 wska\u017anik kwalifikacji 99,97% dla gotowych kabli krosowych i nie otrzyma\u0142 \u017cadnych reklamacji od klient\u00f3w przez trzy kolejne lata. Opr\u00f3cz kabli krosowych SC, Bonelinks oferuje r\u00f3wnie\u017c z\u0142\u0105cza LC, FC, ST, MTRJ i MPO. Naszym celem jest zapewnienie niezawodnego, wysokiej jako\u015bci wsparcia i us\u0142ug dla naszych in\u017cynier\u00f3w, wykonawc\u00f3w, operator\u00f3w, marek i dystrybutor\u00f3w oraz pomoc naszym klientom w osi\u0105gni\u0119ciu sukcesu w najlepszy mo\u017cliwy spos\u00f3b.<\/p>\n<p><strong>Cechy<\/strong><\/p>\n<ul>\n<li>Wysoka przepustowo\u015b\u0107: \u015bwiat\u0142owodowe kable krosowe SC do ST maj\u0105 du\u017c\u0105 przepustowo\u015b\u0107, co umo\u017cliwia im przesy\u0142anie du\u017cych ilo\u015bci danych z du\u017c\u0105 pr\u0119dko\u015bci\u0105.<\/li>\n<li>Niskie straty sygna\u0142u: W\u0142\u00f3kna \u015bwiat\u0142owodowe stosowane w tych kablach zosta\u0142y zaprojektowane tak, aby zminimalizowa\u0107 straty sygna\u0142u i zapewni\u0107 wyra\u017an\u0105 i dok\u0142adn\u0105 transmisj\u0119 danych.<\/li>\n<li>Trwa\u0142o\u015b\u0107: Kable \u015bwiat\u0142owodowe SC-ST zosta\u0142y zaprojektowane tak, aby wytrzyma\u0107 trudne warunki \u015brodowiskowe i s\u0105 odporne na temperatur\u0119, wilgo\u0107 i uszkodzenia fizyczne.<\/li>\n<li>\u0141atwa instalacja: Kable te s\u0105 stosunkowo \u0142atwe w instalacji i utrzymaniu, dzi\u0119ki czemu idealnie nadaj\u0105 si\u0119 do r\u00f3\u017cnych zastosowa\u0144.<\/li>\n<\/ul>\n<p><strong>Zastosowanie<\/strong><\/p>\n<ul>\n<li>Centra danych: Kable \u015bwiat\u0142owodowe SC do ST s\u0105 szeroko stosowane w centrach danych do \u0142\u0105czenia serwer\u00f3w, prze\u0142\u0105cznik\u00f3w i innego sprz\u0119tu sieciowego.<\/li>\n<li>Sieci lokalne (LAN): Kable te s\u0105 powszechnie u\u017cywane w sieciach LAN do \u0142\u0105czenia komputer\u00f3w i innych urz\u0105dze\u0144 sieciowych.<\/li>\n<li>Sieci pami\u0119ci masowych (SAN): Kable \u015bwiat\u0142owodowe SC do ST s\u0105 u\u017cywane w sieciach SAN do \u0142\u0105czenia urz\u0105dze\u0144 pami\u0119ci masowej z serwerami i prze\u0142\u0105cznikami.<\/li>\n<li>Zastosowania wideo i nadawcze: Kable te s\u0105 u\u017cywane w aplikacjach wideo i nadawczych do przesy\u0142ania sygna\u0142\u00f3w wideo o wysokiej rozdzielczo\u015bci na du\u017ce odleg\u0142o\u015bci.<\/li>\n<\/ul>\n<h2 style=\"text-align: left; font-size: 18px;\"><strong>Szukasz wi\u0119cej opcji kabli \u015bwiat\u0142owodowych?<\/strong><\/h2>\n<p>Potrzebujesz wi\u0119cej opcji kabli \u015bwiat\u0142owodowych? Zapoznaj si\u0119 z nasz\u0105 ofert\u0105<a title=\"Kable \u015bwiat\u0142owodowe SC\" href=\"https:\/\/www.bonelinks.com\/pl\/sc-fibre-patch-leads\/\" target=\"_blank\" rel=\"noopener\"><strong><span style=\"color: #0054a6;\"> Kable \u015bwiat\u0142owodowe SC <\/span><\/strong><\/a>dla p\u0142ynnej pracy w sieci.<\/p>\n<p>Szukasz niestandardowych i specjalnie zaprojektowanych kabli \u015bwiat\u0142owodowych? Zapoznaj si\u0119 z nasz\u0105 dedykowan\u0105 sekcj\u0105<a href=\"https:\/\/www.bonelinks.com\/pl\/custom-fiber-optic-cables\/\" target=\"_blank\" rel=\"noopener\"><span style=\"color: #0054a6;\"><strong> Niestandardowe kable \u015bwiat\u0142owodowe <\/strong><\/span><\/a>w celu uzyskania dopasowanych rozwi\u0105za\u0144 w zakresie \u0142\u0105czno\u015bci.<\/p>\n<ul>\n<li>Sprzeda\u017c detaliczna lub hurtowa &#8211; mamy wszystko pod kontrol\u0105!<\/li>\n<li>Nie wiesz co kupi\u0107? Oferujemy porady ekspert\u00f3w.<\/li>\n<li>Ma\u0142e MOQ: Nie musisz kupowa\u0107 wi\u0119cej ni\u017c chcesz.<\/li>\n<li>Konkurencyjne ceny: Uzyskaj \u015bwietn\u0105 warto\u015b\u0107 za ka\u017cdym razem.<\/li>\n<li>Szybka dostawa: Twoja szybko\u015b\u0107, nasz priorytet.<\/li>\n<li>Zorientowanie na klienta: Dostosowujemy nasze us\u0142ugi do Twoich potrzeb.<\/li>\n<\/ul>\n<p><strong>Po\u0142\u0105cz si\u0119 z nami!<\/strong><br \/>\nJe\u015bli masz problem ze znalezieniem odpowiedniego <span style=\"color: #0054a6;\"><strong><a style=\"color: #0054a6;\" href=\"https:\/\/www.bonelinks.com\/pl\/fiber-optic-patch-cord-supplier\/\" target=\"_blank\" rel=\"noopener\">\u015bwiat\u0142owodowego kabla krosowego <\/a><\/strong><\/span>do swoich potrzeb lub potrzebujesz porady eksperta, wystarczy jedno klikni\u0119cie i mo\u017cesz<a href=\"https:\/\/www.bonelinks.com\/pl\/contact-us\/\" target=\"_blank\" rel=\"noopener\"><strong><span style=\"color: #0054a6;\"> porozmawia\u0107 z nami <\/span><\/strong><\/a>w kilka sekund. Twoje zadowolenie jest naszym priorytetem. Jeste\u015bmy gotowi pom\u00f3c Ci pod ka\u017cdym wzgl\u0119dem. <strong>Nie martw si\u0119, nadmierne my\u015blenie nie jest wymagane. Jeste\u015bmy tutaj, gotowi do pomocy.<\/strong><\/p>\n","protected":false},"excerpt":{"rendered":"<p>\u015awiat\u0142owodowe kable krosowe SC APC &#8211; SC UPC s\u0105 niezb\u0119dnymi komponentami w sieciach \u015bwiat\u0142owodowych, zaprojektowanymi w celu zapewnienia szybkiej i niezawodnej \u0142\u0105czno\u015bci mi\u0119dzy urz\u0105dzeniami. Te kable krosowe maj\u0105 z\u0142\u0105cze SC (Subscriber Connector) na obu ko\u0144cach, przy czym jeden koniec ma tulej\u0119 APC (Angled Physical Contact), a drugi koniec ma tulej\u0119 UPC (Ultra Physical Contact).<\/p>\n<p>Z\u0142\u0105cza SC APC s\u0105 znane ze swojej precyzji, dzi\u0119ki czemu idealnie nadaj\u0105 si\u0119 do stosowania w jednomodowych sieciach \u015bwiat\u0142owodowych, w kt\u00f3rych sygna\u0142 musi by\u0107 tak precyzyjny, jak to tylko mo\u017cliwe. Z\u0142\u0105cza APC maj\u0105 k\u0105t 8 stopni na powierzchni czo\u0142owej, co zmniejsza odbicia wsteczne i poprawia jako\u015b\u0107 sygna\u0142u. Pomaga to zmniejszy\u0107 liczb\u0119 b\u0142\u0119d\u00f3w i poprawi\u0107 og\u00f3ln\u0105 wydajno\u015b\u0107 sieci.<\/p>\n<p>Z drugiej strony, z\u0142\u0105cza SC UPC dobrze nadaj\u0105 si\u0119 do stosowania w wielomodowych sieciach \u015bwiat\u0142owodowych, gdzie zapewniaj\u0105 niskie t\u0142umienie wtr\u0105ceniowe i wysokie straty odbiciowe. Z\u0142\u0105cza UPC maj\u0105 p\u0142ask\u0105 powierzchni\u0119 czo\u0142ow\u0105, co skutkuje ni\u017cszym poziomem odbi\u0107 wstecznych i lepsz\u0105 jako\u015bci\u0105 sygna\u0142u.<\/p>\n<p>\u015awiat\u0142owodowe kable krosowe SC APC &#8211; SC UPC s\u0105 niezb\u0119dnym elementem sieci \u015bwiat\u0142owodowych, zapewniaj\u0105c szybk\u0105 i niezawodn\u0105 \u0142\u0105czno\u015b\u0107. Te kable krosowe oferuj\u0105 optymaln\u0105 wydajno\u015b\u0107 zar\u00f3wno dla jednomodowych, jak i wielomodowych sieci \u015bwiat\u0142owodowych, co czyni je idealnym wyborem dla szerokiego zakresu zastosowa\u0144.<\/p>\n","protected":false},"featured_media":16477,"template":"","meta":{"site-sidebar-layout":"default","site-content-layout":"default","ast-site-content-layout":"default","site-content-style":"default","site-sidebar-style":"default","ast-global-header-display":"","ast-banner-title-visibility":"","ast-main-header-display":"","ast-hfb-above-header-display":"","ast-hfb-below-header-display":"","ast-hfb-mobile-header-display":"","site-post-title":"","ast-breadcrumbs-content":"","ast-featured-img":"","footer-sml-layout":"","ast-disable-related-posts":"","theme-transparent-header-meta":"default","adv-header-id-meta":"","stick-header-meta":"default","header-above-stick-meta":"","header-main-stick-meta":"","header-below-stick-meta":"","astra-migrate-meta-layouts":"set","ast-page-background-enabled":"default","ast-page-background-meta":{"desktop":{"background-color":"","background-image":"","background-repeat":"repeat","background-position":"center center","background-size":"auto","background-attachment":"scroll","background-type":"","background-media":"","overlay-type":"","overlay-color":"","overlay-opacity":"","overlay-gradient":""},"tablet":{"background-color":"","background-image":"","background-repeat":"repeat","background-position":"center center","background-size":"auto","background-attachment":"scroll","background-type":"","background-media":"","overlay-type":"","overlay-color":"","overlay-opacity":"","overlay-gradient":""},"mobile":{"background-color":"","background-image":"","background-repeat":"repeat","background-position":"center center","background-size":"auto","background-attachment":"scroll","background-type":"","background-media":"","overlay-type":"","overlay-color":"","overlay-opacity":"","overlay-gradient":""}},"ast-content-background-meta":{"desktop":{"background-color":"var(--ast-global-color-5)","background-image":"","background-repeat":"repeat","background-position":"center center","background-size":"auto","background-attachment":"scroll","background-type":"","background-media":"","overlay-type":"","overlay-color":"","overlay-opacity":"","overlay-gradient":""},"tablet":{"background-color":"var(--ast-global-color-5)","background-image":"","background-repeat":"repeat","background-position":"center center","background-size":"auto","background-attachment":"scroll","background-type":"","background-media":"","overlay-type":"","overlay-color":"","overlay-opacity":"","overlay-gradient":""},"mobile":{"background-color":"var(--ast-global-color-5)","background-image":"","background-repeat":"repeat","background-position":"center center","background-size":"auto","background-attachment":"scroll","background-type":"","background-media":"","overlay-type":"","overlay-color":"","overlay-opacity":"","overlay-gradient":""}}},"product_brand":[],"product_cat":[236,246,269],"product_tag":[],"class_list":{"0":"post-21579","1":"product","2":"type-product","3":"status-publish","4":"has-post-thumbnail","6":"product_cat-fiber-patch-cord-pl","7":"product_cat-single-mode-fiber-patch-cord-pl","8":"product_cat-sc-fiber-patch-cord-pl-2","9":"pa_connector-type-sc-sc-pl","10":"pa_fiber-type-jednomodowy","11":"desktop-align-left","12":"tablet-align-left","13":"mobile-align-left","14":"ast-product-gallery-layout-vertical","15":"ast-product-gallery-with-no-image","16":"ast-product-tabs-layout-vertical","17":"ast-qv-on-image","19":"first","20":"instock","21":"shipping-taxable","22":"product-type-simple"},"_links":{"self":[{"href":"https:\/\/www.bonelinks.com\/pl\/wp-json\/wp\/v2\/product\/21579","targetHints":{"allow":["GET"]}}],"collection":[{"href":"https:\/\/www.bonelinks.com\/pl\/wp-json\/wp\/v2\/product"}],"about":[{"href":"https:\/\/www.bonelinks.com\/pl\/wp-json\/wp\/v2\/types\/product"}],"version-history":[{"count":3,"href":"https:\/\/www.bonelinks.com\/pl\/wp-json\/wp\/v2\/product\/21579\/revisions"}],"predecessor-version":[{"id":25904,"href":"https:\/\/www.bonelinks.com\/pl\/wp-json\/wp\/v2\/product\/21579\/revisions\/25904"}],"wp:featuredmedia":[{"embeddable":true,"href":"https:\/\/www.bonelinks.com\/pl\/wp-json\/wp\/v2\/media\/16477"}],"wp:attachment":[{"href":"https:\/\/www.bonelinks.com\/pl\/wp-json\/wp\/v2\/media?parent=21579"}],"wp:term":[{"taxonomy":"product_brand","embeddable":true,"href":"https:\/\/www.bonelinks.com\/pl\/wp-json\/wp\/v2\/product_brand?post=21579"},{"taxonomy":"product_cat","embeddable":true,"href":"https:\/\/www.bonelinks.com\/pl\/wp-json\/wp\/v2\/product_cat?post=21579"},{"taxonomy":"product_tag","embeddable":true,"href":"https:\/\/www.bonelinks.com\/pl\/wp-json\/wp\/v2\/product_tag?post=21579"}],"curies":[{"name":"wp","href":"https:\/\/api.w.org\/{rel}","templated":true}]}}