{"id":21541,"date":"2023-01-08T00:56:48","date_gmt":"2023-01-08T08:56:48","guid":{"rendered":"https:\/\/www.bonelinks.com\/product\/kable-swiatlowodowe-st-do-st\/"},"modified":"2024-02-08T19:31:31","modified_gmt":"2024-02-09T03:31:31","slug":"st-to-st-fiber-optical-patch-leads","status":"publish","type":"product","link":"https:\/\/www.bonelinks.com\/pl\/product\/st-to-st-fiber-optical-patch-leads\/","title":{"rendered":"Kable \u015bwiat\u0142owodowe ST do ST"},"content":{"rendered":"<h1 style=\"text-align: left; font-size: 18px;\"><strong>Niezawodne \u015bwiat\u0142owodowe przewody krosowe ST do ST o d\u0142ugo\u015bci 1 m zapewniaj\u0105ce optymaln\u0105 wydajno\u015b\u0107<\/strong><\/h1>\n<p>\u015awiat\u0142owodowe kable krosowe ST do ST zosta\u0142y zaprojektowane z metalowym z\u0142\u0105czem zatrzaskowym, aby zapewni\u0107 silne po\u0142\u0105czenie mi\u0119dzy kablem \u015bwiat\u0142owodowym a z\u0142\u0105czem. Podczas produkcji dwu\u017cy\u0142owych \u015bwiat\u0142owodowych kabli krosowych ST do dwukana\u0142owej transmisji danych, s\u0105 one oznaczone numerowanymi pier\u015bcieniami na z\u0142\u0105czach, aby zapobiec nieprawid\u0142owym po\u0142\u0105czeniom port\u00f3w podczas instalacji.<\/p>\n<p>Kabel krosowy ST do ST jest dost\u0119pny zar\u00f3wno w wersji wielomodowej, jak i jednomodowej, i mo\u017ce by\u0107 wst\u0119pnie zako\u0144czony w postaci simpleksu lub dupleksu, aby spe\u0142ni\u0107 r\u00f3\u017cne wymagania u\u017cytkowe. W wersjach wielomodowych kabel krosowy jest zwykle wykonany z wielomodowego kabla \u015bwiat\u0142owodowego z be\u017cowym lub pomara\u0144czowym p\u0142aszczem, podczas gdy wersje jednomodowe wykorzystuj\u0105 jednomodowy kabel \u015bwiat\u0142owodowy z niebieskim p\u0142aszczem. Kabel \u015bwiat\u0142owodowy stosowany w kablach krosowych ST jest zwykle wykonany z wysokiej jako\u015bci \u015bwiat\u0142owodu o niskiej charakterystyce strat, zapewniaj\u0105c niezawodn\u0105 i stabiln\u0105 transmisj\u0119 danych na du\u017ce odleg\u0142o\u015bci.<\/p>\n<p>Dzi\u0119ki ponad 10-letniemu do\u015bwiadczeniu w produkcji i przetwarzaniu patchcord\u00f3w, Bonelinks posiada bogate do\u015bwiadczenie i dedykowan\u0105 lini\u0119 produkcyjn\u0105 do obs\u0142ugi pilnych wymaga\u0144 produktowych, kr\u00f3tkich termin\u00f3w realizacji i z\u0142o\u017conych styl\u00f3w z\u0142\u0105czy. Firma d\u0105\u017cy do zapewnienia swoim klientom jako\u015bci i ilo\u015bci, gwarantuj\u0105c, \u017ce produkty dotr\u0105 na czas na place budowy. Dzi\u0119ki zaanga\u017cowaniu w zadowolenie klient\u00f3w, Bonelinks zbudowa\u0142 baz\u0119 lojalnych klient\u00f3w.<\/p>\n<h2 style=\"text-align: left; font-size: 18px;\"><strong>Cechy \u015bwiat\u0142owodowych przewod\u00f3w krosowych ST do ST<\/strong><\/h2>\n<ul>\n<li>Niska t\u0142umienno\u015b\u0107 wtr\u0105ceniowa: \u015awiat\u0142owodowe kable krosowe ST do ST maj\u0105 nisk\u0105 t\u0142umienno\u015b\u0107 wtr\u0105ceniow\u0105, co oznacza, \u017ce maj\u0105 minimaln\u0105 utrat\u0119 sygna\u0142u, dzi\u0119ki czemu idealnie nadaj\u0105 si\u0119 do zastosowa\u0144 o wysokiej przepustowo\u015bci.<\/li>\n<li>Wysokie straty odbiciowe: \u015awiat\u0142owodowe kable krosowe ST do ST maj\u0105 r\u00f3wnie\u017c wysok\u0105 strat\u0119 powrotn\u0105, co oznacza, \u017ce odbijaj\u0105 mniej \u015bwiat\u0142a z powrotem do \u017ar\u00f3d\u0142a, dzi\u0119ki czemu idealnie nadaj\u0105 si\u0119 do stosowania w systemach wymagaj\u0105cych niskiej bitowej stopy b\u0142\u0119d\u00f3w.<\/li>\n<li>Wytrzyma\u0142a konstrukcja: Z\u0142\u0105cze ST ma wytrzyma\u0142\u0105 i trwa\u0142\u0105 konstrukcj\u0119, dzi\u0119ki czemu idealnie nadaje si\u0119 do u\u017cytku w trudnych warunkach.<\/li>\n<\/ul>\n<h2 style=\"text-align: left; font-size: 18px;\"><strong>Cechy \u015bwiat\u0142owodowych przewod\u00f3w krosowych ST do ST<\/strong><\/h2>\n<ul>\n<li>Centra danych: \u015awiat\u0142owodowe kable krosowe ST do ST s\u0105 powszechnie stosowane w centrach danych do \u0142\u0105czenia ze sob\u0105 urz\u0105dze\u0144 sieciowych, takich jak prze\u0142\u0105czniki i routery.<\/li>\n<li>Sieci przemys\u0142owe: Wytrzyma\u0142a konstrukcja z\u0142\u0105czy ST sprawia, \u017ce s\u0105 one idealne do stosowania w sieciach przemys\u0142owych, gdzie trudne warunki i cz\u0119sty ruch mog\u0105 powodowa\u0107 awarie innych typ\u00f3w z\u0142\u0105czy.<\/li>\n<li>Sieci telekomunikacyjne: Kable \u015bwiat\u0142owodowe ST do ST s\u0105 r\u00f3wnie\u017c u\u017cywane w sieciach telekomunikacyjnych do \u0142\u0105czenia optycznych urz\u0105dze\u0144 transmisyjnych.<\/li>\n<li>Sieci LAN (Local Area Networks): Kable \u015bwiat\u0142owodowe ST do ST s\u0105 czasami u\u017cywane w sieciach LAN do \u0142\u0105czenia komputer\u00f3w, serwer\u00f3w i innych urz\u0105dze\u0144 z prze\u0142\u0105cznikiem sieciowym.<\/li>\n<\/ul>\n<h2 style=\"text-align: left; font-size: 18px;\"><strong>Szukasz wi\u0119cej opcji kabli \u015bwiat\u0142owodowych?<\/strong><\/h2>\n<p>Potrzebujesz wi\u0119cej opcji kabli \u015bwiat\u0142owodowych? Zapoznaj si\u0119 z nasz\u0105 ofert\u0105<a title=\"Kable krosowe \u015bwiat\u0142owodowe ST\" href=\"https:\/\/www.bonelinks.com\/pl\/st-fibre-patch-leads\/\" target=\"_blank\" rel=\"noopener\"><strong><span style=\"color: #0054a6;\"> Kable krosowe \u015bwiat\u0142owodowe ST <\/span><\/strong><\/a>dla p\u0142ynnej pracy w sieci.<\/p>\n<p>Szukasz niestandardowych i specjalnie zaprojektowanych kabli \u015bwiat\u0142owodowych? Zapoznaj si\u0119 z nasz\u0105 dedykowan\u0105 sekcj\u0105<a href=\"https:\/\/www.bonelinks.com\/pl\/custom-fiber-optic-cables\/\" target=\"_blank\" rel=\"noopener\"><span style=\"color: #0054a6;\"><strong> Niestandardowe kable \u015bwiat\u0142owodowe <\/strong><\/span><\/a>w celu uzyskania dopasowanych rozwi\u0105za\u0144 w zakresie \u0142\u0105czno\u015bci.<\/p>\n<ul>\n<li>Sprzeda\u017c detaliczna lub hurtowa &#8211; mamy wszystko pod kontrol\u0105!<\/li>\n<li>Nie wiesz co kupi\u0107? Oferujemy porady ekspert\u00f3w.<\/li>\n<li>Ma\u0142e MOQ: Nie musisz kupowa\u0107 wi\u0119cej ni\u017c chcesz.<\/li>\n<li>Konkurencyjne ceny: Uzyskaj \u015bwietn\u0105 warto\u015b\u0107 za ka\u017cdym razem.<\/li>\n<li>Szybka dostawa: Twoja szybko\u015b\u0107, nasz priorytet.<\/li>\n<li>Zorientowanie na klienta: Dostosowujemy nasze us\u0142ugi do Twoich potrzeb.<\/li>\n<\/ul>\n<p><strong>Po\u0142\u0105cz si\u0119 z nami!<\/strong><br \/>\nJe\u015bli masz problem ze znalezieniem odpowiedniego <span style=\"color: #0054a6;\"><strong><a style=\"color: #0054a6;\" href=\"https:\/\/www.bonelinks.com\/pl\/fiber-optic-patch-cord-supplier\/\" target=\"_blank\" rel=\"noopener\">\u015bwiat\u0142owodowego kabla krosowego <\/a><\/strong><\/span>do swoich potrzeb lub potrzebujesz porady eksperta, wystarczy jedno klikni\u0119cie i mo\u017cesz<a href=\"https:\/\/www.bonelinks.com\/pl\/contact-us\/\" target=\"_blank\" rel=\"noopener\"><strong><span style=\"color: #0054a6;\"> porozmawia\u0107 z nami <\/span><\/strong><\/a>w kilka sekund. Twoje zadowolenie jest naszym priorytetem. Jeste\u015bmy gotowi pom\u00f3c Ci pod ka\u017cdym wzgl\u0119dem. <strong>Nie martw si\u0119, nadmierne my\u015blenie nie jest wymagane. Jeste\u015bmy tutaj, gotowi do pomocy.<\/strong><\/p>\n","protected":false},"excerpt":{"rendered":"<p>Patchcord \u015bwiat\u0142owodowy ST do ST to rodzaj kabla \u015bwiat\u0142owodowego przeznaczonego do \u0142\u0105czenia optycznych urz\u0105dze\u0144 komunikacyjnych. Nazwa pochodzi od z\u0142\u0105cza ST (Straight Tip), kt\u00f3re jest u\u017cywane na obu ko\u0144cach kabla, kt\u00f3re jest popularnym i szeroko stosowanym z\u0142\u0105czem \u015bwiat\u0142owodowym, kt\u00f3re zapewnia proste i tanie rozwi\u0105zanie dla po\u0142\u0105cze\u0144 \u015bwiat\u0142owodowych.<\/p>\n<p>Patchcord \u015bwiat\u0142owodowy ST do ST to wszechstronne i niezawodne rozwi\u0105zanie do \u0142\u0105czenia optycznych urz\u0105dze\u0144 komunikacyjnych i zapewniania szybkiej, bezpiecznej i stabilnej transmisji danych w r\u00f3\u017cnych \u015brodowiskach.<\/p>\n","protected":false},"featured_media":16537,"template":"","meta":{"site-sidebar-layout":"default","site-content-layout":"default","ast-site-content-layout":"default","site-content-style":"default","site-sidebar-style":"default","ast-global-header-display":"","ast-banner-title-visibility":"","ast-main-header-display":"","ast-hfb-above-header-display":"","ast-hfb-below-header-display":"","ast-hfb-mobile-header-display":"","site-post-title":"","ast-breadcrumbs-content":"","ast-featured-img":"","footer-sml-layout":"","ast-disable-related-posts":"","theme-transparent-header-meta":"default","adv-header-id-meta":"","stick-header-meta":"default","header-above-stick-meta":"","header-main-stick-meta":"","header-below-stick-meta":"","astra-migrate-meta-layouts":"set","ast-page-background-enabled":"default","ast-page-background-meta":{"desktop":{"background-color":"","background-image":"","background-repeat":"repeat","background-position":"center center","background-size":"auto","background-attachment":"scroll","background-type":"","background-media":"","overlay-type":"","overlay-color":"","overlay-opacity":"","overlay-gradient":""},"tablet":{"background-color":"","background-image":"","background-repeat":"repeat","background-position":"center center","background-size":"auto","background-attachment":"scroll","background-type":"","background-media":"","overlay-type":"","overlay-color":"","overlay-opacity":"","overlay-gradient":""},"mobile":{"background-color":"","background-image":"","background-repeat":"repeat","background-position":"center center","background-size":"auto","background-attachment":"scroll","background-type":"","background-media":"","overlay-type":"","overlay-color":"","overlay-opacity":"","overlay-gradient":""}},"ast-content-background-meta":{"desktop":{"background-color":"var(--ast-global-color-5)","background-image":"","background-repeat":"repeat","background-position":"center center","background-size":"auto","background-attachment":"scroll","background-type":"","background-media":"","overlay-type":"","overlay-color":"","overlay-opacity":"","overlay-gradient":""},"tablet":{"background-color":"var(--ast-global-color-5)","background-image":"","background-repeat":"repeat","background-position":"center center","background-size":"auto","background-attachment":"scroll","background-type":"","background-media":"","overlay-type":"","overlay-color":"","overlay-opacity":"","overlay-gradient":""},"mobile":{"background-color":"var(--ast-global-color-5)","background-image":"","background-repeat":"repeat","background-position":"center center","background-size":"auto","background-attachment":"scroll","background-type":"","background-media":"","overlay-type":"","overlay-color":"","overlay-opacity":"","overlay-gradient":""}}},"product_brand":[],"product_cat":[236,264],"product_tag":[],"class_list":{"0":"post-21541","1":"product","2":"type-product","3":"status-publish","4":"has-post-thumbnail","6":"product_cat-fiber-patch-cord-pl","7":"product_cat-st-fiber-patch-cord-pl","8":"pa_connector-type-st-st-pl","9":"desktop-align-left","10":"tablet-align-left","11":"mobile-align-left","12":"ast-product-gallery-layout-vertical","13":"ast-product-gallery-with-no-image","14":"ast-product-tabs-layout-vertical","15":"ast-qv-on-image","17":"first","18":"instock","19":"shipping-taxable","20":"product-type-simple"},"_links":{"self":[{"href":"https:\/\/www.bonelinks.com\/pl\/wp-json\/wp\/v2\/product\/21541","targetHints":{"allow":["GET"]}}],"collection":[{"href":"https:\/\/www.bonelinks.com\/pl\/wp-json\/wp\/v2\/product"}],"about":[{"href":"https:\/\/www.bonelinks.com\/pl\/wp-json\/wp\/v2\/types\/product"}],"version-history":[{"count":3,"href":"https:\/\/www.bonelinks.com\/pl\/wp-json\/wp\/v2\/product\/21541\/revisions"}],"predecessor-version":[{"id":25896,"href":"https:\/\/www.bonelinks.com\/pl\/wp-json\/wp\/v2\/product\/21541\/revisions\/25896"}],"wp:featuredmedia":[{"embeddable":true,"href":"https:\/\/www.bonelinks.com\/pl\/wp-json\/wp\/v2\/media\/16537"}],"wp:attachment":[{"href":"https:\/\/www.bonelinks.com\/pl\/wp-json\/wp\/v2\/media?parent=21541"}],"wp:term":[{"taxonomy":"product_brand","embeddable":true,"href":"https:\/\/www.bonelinks.com\/pl\/wp-json\/wp\/v2\/product_brand?post=21541"},{"taxonomy":"product_cat","embeddable":true,"href":"https:\/\/www.bonelinks.com\/pl\/wp-json\/wp\/v2\/product_cat?post=21541"},{"taxonomy":"product_tag","embeddable":true,"href":"https:\/\/www.bonelinks.com\/pl\/wp-json\/wp\/v2\/product_tag?post=21541"}],"curies":[{"name":"wp","href":"https:\/\/api.w.org\/{rel}","templated":true}]}}