{"id":21539,"date":"2023-01-08T00:22:05","date_gmt":"2023-01-08T08:22:05","guid":{"rendered":"https:\/\/www.bonelinks.com\/product\/kable-swiatlowodowe-sc-upc-do-sc-upc\/"},"modified":"2024-02-08T19:35:48","modified_gmt":"2024-02-09T03:35:48","slug":"sc-to-sc-fiber-optic-patch-cords","status":"publish","type":"product","link":"https:\/\/www.bonelinks.com\/pl\/product\/sc-to-sc-fiber-optic-patch-cords\/","title":{"rendered":"Kable \u015bwiat\u0142owodowe SC\/UPC do SC\/UPC"},"content":{"rendered":"<p>Kable krosowe SC do SC dla pasm 1310nm i 1550nm maj\u0105 zazwyczaj niebiesk\u0105 obudow\u0119 i styki UPC, podczas gdy te dla pasma 850nm maj\u0105 zazwyczaj be\u017cow\u0105 lub r\u00f3\u017cowo-czerwon\u0105 obudow\u0119, aby odr\u00f3\u017cni\u0107 je jako wielomodowe kable \u015bwiat\u0142owodowe. W zale\u017cno\u015bci od liczby pod\u0142\u0105czanych kana\u0142\u00f3w, kable krosowe SC mog\u0105 by\u0107 wst\u0119pnie zako\u0144czone w formie simplex lub duplex.<\/p>\n<p>Kable krosowe SC s\u0105 wykonane z niskostratnego \u015bwiat\u0142owodu jednomodowego G652D lub G657A i frez\u00f3w stykowych UPC lub APC, dzi\u0119ki czemu straty w w\u0119\u017ale dost\u0119powym s\u0105 mniejsze ni\u017c 0,25 dB.<\/p>\n<p>Bonelinks oferuje szereg konfiguracji kabli krosowych SC do SC, dostosowanych do r\u00f3\u017cnych \u015brodowisk instalacyjnych. W centrach danych kable krosowe SC s\u0105 zwykle wykonane z wielomodowego kabla \u015bwiat\u0142owodowego o \u015brednicy zewn\u0119trznej 3,0 mm wype\u0142nionego wysokowytrzyma\u0142ym kevlarem i trudnopalnym p\u0142aszczem LSZH lub OFNP w celu poprawy stabilno\u015bci i bezpiecze\u0144stwa sygna\u0142u. W wewn\u0119trznych \u015brodowiskach dost\u0119pu do router\u00f3w kable krosowe SC s\u0105 cz\u0119sto wykonane z kabla \u015bwiat\u0142owodowego o \u015brednicy zewn\u0119trznej 2,0 mm wype\u0142nionego wysokowytrzyma\u0142ym kevlarem i p\u0142aszczem z PVC, aby spe\u0142ni\u0107 wymagania dotycz\u0105ce elastyczno\u015bci i podatno\u015bci na zginanie.<\/p>\n<p><strong>Cechy<\/strong><\/p>\n<ul>\n<li>\u0141\u0105czno\u015b\u0107: Te kable krosowe s\u0105 przeznaczone do \u0142\u0105czenia dw\u00f3ch urz\u0105dze\u0144 \u015bwiat\u0142owodowych, takich jak prze\u0142\u0105czniki, routery i panele krosowe.<\/li>\n<li>Trwa\u0142o\u015b\u0107: Z\u0142\u0105cza na obu ko\u0144cach kabla krosowego s\u0105 wykonane z wysokiej jako\u015bci materia\u0142\u00f3w, dzi\u0119ki czemu s\u0105 solidne i trwa\u0142e.<\/li>\n<li>Niskie straty wtr\u0105ceniowe: Niskie straty wtr\u0105ceniowe kabli \u015bwiat\u0142owodowych SC do SC zapewniaj\u0105 wydajn\u0105 transmisj\u0119 sygna\u0142u i niezawodn\u0105 \u0142\u0105czno\u015b\u0107.<\/li>\n<li>Wysoka strata powrotna: Wysoka strata powrotna kabli \u015bwiat\u0142owodowych SC do SC minimalizuje odbicie sygna\u0142u, zapewniaj\u0105c, \u017ce sygna\u0142 jest przesy\u0142any z maksymaln\u0105 moc\u0105.<\/li>\n<li>Wszechstronno\u015b\u0107: \u015awiat\u0142owodowe kable krosowe SC do SC s\u0105 dost\u0119pne w r\u00f3\u017cnych d\u0142ugo\u015bciach i typach w\u0142\u00f3kien, dzi\u0119ki czemu nadaj\u0105 si\u0119 do r\u00f3\u017cnych zastosowa\u0144.<\/li>\n<\/ul>\n<p><strong>Zastosowania<\/strong><\/p>\n<ul>\n<li>Centra danych: Te kable krosowe s\u0105 szeroko stosowane w centrach danych do \u0142\u0105czenia instalacji \u015bwiat\u0142owodowych o du\u017cej g\u0119sto\u015bci, takich jak prze\u0142\u0105czniki, routery i panele krosowe.<\/li>\n<li>Sieci LAN (Local Area Networks): Kable \u015bwiat\u0142owodowe SC do SC s\u0105 u\u017cywane w sieciach LAN do \u0142\u0105czenia komputer\u00f3w i innych urz\u0105dze\u0144, umo\u017cliwiaj\u0105c im wzajemn\u0105 komunikacj\u0119.<\/li>\n<li>Sieci metropolitalne: Te kable krosowe s\u0105 u\u017cywane w sieciach metropolitalnych do \u0142\u0105czenia prze\u0142\u0105cznik\u00f3w i router\u00f3w, zapewniaj\u0105c niezawodn\u0105 transmisj\u0119 sygna\u0142u na du\u017ce odleg\u0142o\u015bci.<\/li>\n<li>Sieci \u015bwiat\u0142owodowe: \u015awiat\u0142owodowe kable krosowe SC do SC s\u0105 u\u017cywane w sieciach \u015bwiat\u0142owodowych do \u0142\u0105czenia urz\u0105dze\u0144 \u015bwiat\u0142owodowych i zapewnienia wydajnej transmisji sygna\u0142u.<\/li>\n<li>Pomieszczenia telekomunikacyjne: Te kable krosowe s\u0105 u\u017cywane w pomieszczeniach telekomunikacyjnych do \u0142\u0105czenia urz\u0105dze\u0144 \u015bwiat\u0142owodowych, takich jak prze\u0142\u0105czniki i routery.<\/li>\n<\/ul>\n<h2 style=\"text-align: left; font-size: 18px;\"><strong>Szukasz wi\u0119cej opcji kabli \u015bwiat\u0142owodowych?<\/strong><\/h2>\n<p>Potrzebujesz wi\u0119cej opcji kabli \u015bwiat\u0142owodowych? Zapoznaj si\u0119 z nasz\u0105 ofert\u0105<a title=\"Kable \u015bwiat\u0142owodowe SC\" href=\"https:\/\/www.bonelinks.com\/pl\/sc-fibre-patch-leads\/\" target=\"_blank\" rel=\"noopener\"><strong><span style=\"color: #0054a6;\"> Kable \u015bwiat\u0142owodowe SC <\/span><\/strong><\/a>dla p\u0142ynnej pracy w sieci.<\/p>\n<p>Szukasz niestandardowych i specjalnie zaprojektowanych kabli \u015bwiat\u0142owodowych? Zapoznaj si\u0119 z nasz\u0105 dedykowan\u0105 sekcj\u0105<a href=\"https:\/\/www.bonelinks.com\/pl\/custom-fiber-optic-cables\/\" target=\"_blank\" rel=\"noopener\"><span style=\"color: #0054a6;\"><strong> Niestandardowe kable \u015bwiat\u0142owodowe <\/strong><\/span><\/a>w celu uzyskania dopasowanych rozwi\u0105za\u0144 w zakresie \u0142\u0105czno\u015bci.<\/p>\n<ul>\n<li>Sprzeda\u017c detaliczna lub hurtowa &#8211; mamy wszystko pod kontrol\u0105!<\/li>\n<li>Nie wiesz co kupi\u0107? Oferujemy porady ekspert\u00f3w.<\/li>\n<li>Ma\u0142e MOQ: Nie musisz kupowa\u0107 wi\u0119cej ni\u017c chcesz.<\/li>\n<li>Konkurencyjne ceny: Uzyskaj \u015bwietn\u0105 warto\u015b\u0107 za ka\u017cdym razem.<\/li>\n<li>Szybka dostawa: Twoja szybko\u015b\u0107, nasz priorytet.<\/li>\n<li>Zorientowanie na klienta: Dostosowujemy nasze us\u0142ugi do Twoich potrzeb.<\/li>\n<\/ul>\n<p><strong>Po\u0142\u0105cz si\u0119 z nami!<\/strong><br \/>\nJe\u015bli masz problem ze znalezieniem odpowiedniego <span style=\"color: #0054a6;\"><strong><a style=\"color: #0054a6;\" href=\"https:\/\/www.bonelinks.com\/pl\/fiber-optic-patch-cord-supplier\/\" target=\"_blank\" rel=\"noopener\">\u015bwiat\u0142owodowego kabla krosowego <\/a><\/strong><\/span>do swoich potrzeb lub potrzebujesz porady eksperta, wystarczy jedno klikni\u0119cie i mo\u017cesz<a href=\"https:\/\/www.bonelinks.com\/pl\/contact-us\/\" target=\"_blank\" rel=\"noopener\"><strong><span style=\"color: #0054a6;\"> porozmawia\u0107 z nami <\/span><\/strong><\/a>w kilka sekund. Twoje zadowolenie jest naszym priorytetem. Jeste\u015bmy gotowi pom\u00f3c Ci pod ka\u017cdym wzgl\u0119dem. <strong>Nie martw si\u0119, nadmierne my\u015blenie nie jest wymagane. Jeste\u015bmy tutaj, gotowi do pomocy.<\/strong><\/p>\n","protected":false},"excerpt":{"rendered":"<p>\u015awiat\u0142owodowe kable krosowe SC (Subscriber Connector) do SC to zespo\u0142y kabli u\u017cywane do \u0142\u0105czenia dw\u00f3ch urz\u0105dze\u0144 \u015bwiat\u0142owodowych, takich jak prze\u0142\u0105czniki, routery i panele krosowe. Sk\u0142adaj\u0105 si\u0119 one z kabla \u015bwiat\u0142owodowego zako\u0144czonego na obu ko\u0144cach z\u0142\u0105czami SC, kt\u00f3re s\u0105 nast\u0119pnie pod\u0142\u0105czane do port\u00f3w \u015bwiat\u0142owodowych w \u0142\u0105czonych urz\u0105dzeniach.<\/p>\n","protected":false},"featured_media":16482,"template":"","meta":{"site-sidebar-layout":"default","site-content-layout":"default","ast-site-content-layout":"default","site-content-style":"default","site-sidebar-style":"default","ast-global-header-display":"","ast-banner-title-visibility":"","ast-main-header-display":"","ast-hfb-above-header-display":"","ast-hfb-below-header-display":"","ast-hfb-mobile-header-display":"","site-post-title":"","ast-breadcrumbs-content":"","ast-featured-img":"","footer-sml-layout":"","ast-disable-related-posts":"","theme-transparent-header-meta":"default","adv-header-id-meta":"","stick-header-meta":"default","header-above-stick-meta":"","header-main-stick-meta":"","header-below-stick-meta":"","astra-migrate-meta-layouts":"set","ast-page-background-enabled":"default","ast-page-background-meta":{"desktop":{"background-color":"","background-image":"","background-repeat":"repeat","background-position":"center center","background-size":"auto","background-attachment":"scroll","background-type":"","background-media":"","overlay-type":"","overlay-color":"","overlay-opacity":"","overlay-gradient":""},"tablet":{"background-color":"","background-image":"","background-repeat":"repeat","background-position":"center center","background-size":"auto","background-attachment":"scroll","background-type":"","background-media":"","overlay-type":"","overlay-color":"","overlay-opacity":"","overlay-gradient":""},"mobile":{"background-color":"","background-image":"","background-repeat":"repeat","background-position":"center center","background-size":"auto","background-attachment":"scroll","background-type":"","background-media":"","overlay-type":"","overlay-color":"","overlay-opacity":"","overlay-gradient":""}},"ast-content-background-meta":{"desktop":{"background-color":"var(--ast-global-color-5)","background-image":"","background-repeat":"repeat","background-position":"center center","background-size":"auto","background-attachment":"scroll","background-type":"","background-media":"","overlay-type":"","overlay-color":"","overlay-opacity":"","overlay-gradient":""},"tablet":{"background-color":"var(--ast-global-color-5)","background-image":"","background-repeat":"repeat","background-position":"center center","background-size":"auto","background-attachment":"scroll","background-type":"","background-media":"","overlay-type":"","overlay-color":"","overlay-opacity":"","overlay-gradient":""},"mobile":{"background-color":"var(--ast-global-color-5)","background-image":"","background-repeat":"repeat","background-position":"center center","background-size":"auto","background-attachment":"scroll","background-type":"","background-media":"","overlay-type":"","overlay-color":"","overlay-opacity":"","overlay-gradient":""}}},"product_brand":[],"product_cat":[236,269],"product_tag":[],"class_list":{"0":"post-21539","1":"product","2":"type-product","3":"status-publish","4":"has-post-thumbnail","6":"product_cat-fiber-patch-cord-pl","7":"product_cat-sc-fiber-patch-cord-pl-2","8":"pa_connector-type-sc-sc-pl","9":"desktop-align-left","10":"tablet-align-left","11":"mobile-align-left","12":"ast-product-gallery-layout-vertical","13":"ast-product-gallery-with-no-image","14":"ast-product-tabs-layout-vertical","15":"ast-qv-on-image","17":"first","18":"instock","19":"shipping-taxable","20":"product-type-simple"},"_links":{"self":[{"href":"https:\/\/www.bonelinks.com\/pl\/wp-json\/wp\/v2\/product\/21539","targetHints":{"allow":["GET"]}}],"collection":[{"href":"https:\/\/www.bonelinks.com\/pl\/wp-json\/wp\/v2\/product"}],"about":[{"href":"https:\/\/www.bonelinks.com\/pl\/wp-json\/wp\/v2\/types\/product"}],"version-history":[{"count":3,"href":"https:\/\/www.bonelinks.com\/pl\/wp-json\/wp\/v2\/product\/21539\/revisions"}],"predecessor-version":[{"id":25902,"href":"https:\/\/www.bonelinks.com\/pl\/wp-json\/wp\/v2\/product\/21539\/revisions\/25902"}],"wp:featuredmedia":[{"embeddable":true,"href":"https:\/\/www.bonelinks.com\/pl\/wp-json\/wp\/v2\/media\/16482"}],"wp:attachment":[{"href":"https:\/\/www.bonelinks.com\/pl\/wp-json\/wp\/v2\/media?parent=21539"}],"wp:term":[{"taxonomy":"product_brand","embeddable":true,"href":"https:\/\/www.bonelinks.com\/pl\/wp-json\/wp\/v2\/product_brand?post=21539"},{"taxonomy":"product_cat","embeddable":true,"href":"https:\/\/www.bonelinks.com\/pl\/wp-json\/wp\/v2\/product_cat?post=21539"},{"taxonomy":"product_tag","embeddable":true,"href":"https:\/\/www.bonelinks.com\/pl\/wp-json\/wp\/v2\/product_tag?post=21539"}],"curies":[{"name":"wp","href":"https:\/\/api.w.org\/{rel}","templated":true}]}}