{"id":21538,"date":"2023-01-08T00:44:04","date_gmt":"2023-01-08T08:44:04","guid":{"rendered":"https:\/\/www.bonelinks.com\/product\/kabel-krosowy-swiatlowodowy-sc-st\/"},"modified":"2024-02-08T19:32:59","modified_gmt":"2024-02-09T03:32:59","slug":"sc-to-st-fiber-patch-cable","status":"publish","type":"product","link":"https:\/\/www.bonelinks.com\/pl\/product\/sc-to-st-fiber-patch-cable\/","title":{"rendered":"Kabel krosowy \u015bwiat\u0142owodowy SC-ST"},"content":{"rendered":"<h1 style=\"text-align: left; font-size: 18px;\"><strong>Kabel krosowy \u015bwiat\u0142owodowy SC-ST<\/strong><\/h1>\n<p>Kabel \u015bwiat\u0142owodowy SC do ST to specjalnie zaprojektowany i wyprodukowany kabel, kt\u00f3ry u\u0142atwia transmisj\u0119 sygna\u0142u mi\u0119dzy \u015bwiat\u0142owodowymi urz\u0105dzeniami komunikacyjnymi. Urz\u0105dzeniami tymi mog\u0105 by\u0107 terminale optyczne, transceivery i modu\u0142y optyczne wykorzystywane w systemach nadawczych, CATV lub systemach monitoringu CCTV.<\/p>\n<p>Jednordzeniowy kabel krosowy SC do ST to z\u0142\u0105cze \u015bwiat\u0142owodowe, kt\u00f3re jest wst\u0119pnie zako\u0144czone na obu ko\u0144cach jedno\u017cy\u0142owego kabla \u015bwiat\u0142owodowego, umo\u017cliwiaj\u0105c jednokana\u0142ow\u0105 transmisj\u0119 sygna\u0142u danych. Tymczasem dwu\u017cy\u0142owy kabel krosowy SC do ST posiada dwa z\u0142\u0105cza \u015bwiat\u0142owodowe (ze z\u0142\u0105czami SC, kt\u00f3re mo\u017cna \u0142atwo pod\u0142\u0105cza\u0107 i od\u0142\u0105cza\u0107 za pomoc\u0105 dwurdzeniowych klips\u00f3w) wst\u0119pnie zako\u0144czone na ka\u017cdym ko\u0144cu dw\u00f3ch jednordzeniowych kabli \u015bwiat\u0142owodowych do dwukana\u0142owego \u0142\u0105cza danych.<\/p>\n<p>W przypadku korzystania z kabla krosowego ST-SC do po\u0142\u0105cze\u0144 transmisji danych w pa\u015bmie 850nm, Bonelinks oferuje opancerzone kable \u015bwiat\u0142owodowe, kt\u00f3re poprawiaj\u0105 w\u0142a\u015bciwo\u015bci mechaniczne kabli krosowych. Zwi\u0119ksza to ich odporno\u015b\u0107 na ci\u0105gni\u0119cie i rozrywanie oraz czyni je bardziej trwa\u0142ymi, zapobiegaj\u0105c uszkodzeniom spowodowanym gryzieniem przez myszy w pomieszczeniach.<\/p>\n<p>Dost\u0119pne s\u0105 opcje dostosowywania d\u0142ugo\u015bci opancerzonego kabla krosowego, odporno\u015bci ogniowej p\u0142aszcza kabla, typu w\u0142\u00f3kna, w\u0142a\u015bciwo\u015bci fizycznych i warto\u015bci t\u0142umienia, aby spe\u0142ni\u0107 wymagania projektu. Skontaktuj si\u0119 z Bonelinks, aby rozpocz\u0105\u0107 podr\u00f3\u017c w kierunku udanego projektu.<\/p>\n<h2 style=\"text-align: left; font-size: 18px;\"><strong>Cechy kabla \u015bwiat\u0142owodowego SC do ST<\/strong><\/h2>\n<ul>\n<li>Trwa\u0142o\u015b\u0107: Kabel \u015bwiat\u0142owodowy SC ST jest wykonany z wysokiej jako\u015bci w\u0142\u00f3kien \u015bwiat\u0142owodowych i jest zamkni\u0119ty w p\u0142aszczu ochronnym, kt\u00f3ry chroni w\u0142\u00f3kna przed uszkodzeniem.<\/li>\n<li>Wysoka przepustowo\u015b\u0107: kabel krosowy ST-SC oferuje wysok\u0105 przepustowo\u015b\u0107, umo\u017cliwiaj\u0105c szybk\u0105 transmisj\u0119 danych.<\/li>\n<li>Niskie straty: Utrata transmisji \u015bwiat\u0142a w \u015bwiat\u0142owodzie jest znana jako t\u0142umienie. Kable \u015bwiat\u0142owodowe SC ST maj\u0105 niskie t\u0142umienie, dzi\u0119ki czemu sygna\u0142 pozostaje silny na d\u0142ugich dystansach.<\/li>\n<li>Odporno\u015b\u0107 na zak\u0142\u00f3cenia: Kable krosowe ST-SC s\u0105 odporne na zak\u0142\u00f3cenia elektromagnetyczne (EMI) i zak\u0142\u00f3cenia o cz\u0119stotliwo\u015bci radiowej (RFI), dzi\u0119ki czemu idealnie nadaj\u0105 si\u0119 do u\u017cytku w ha\u0142a\u015bliwym otoczeniu.<\/li>\n<\/ul>\n<h2 style=\"text-align: left; font-size: 18px;\"><strong>Zastosowanie kabla \u015bwiat\u0142owodowego SC do ST<\/strong><\/h2>\n<ul>\n<li>Centra danych: Kabel krosowy ST-SC jest szeroko stosowany w centrach danych do po\u0142\u0105cze\u0144 mi\u0119dzy urz\u0105dzeniami, takimi jak prze\u0142\u0105czniki, routery i serwery.<\/li>\n<li>Sieci LAN (Local Area Networks): Kable \u015bwiat\u0142owodowe SC ST s\u0105 u\u017cywane w sieciach lokalnych do szybkiej transmisji danych mi\u0119dzy komputerami i innymi urz\u0105dzeniami sieciowymi.<\/li>\n<li>WAN (sieci rozleg\u0142e): Kable krosowe ST-SC s\u0105 u\u017cywane w sieciach rozleg\u0142ych do po\u0142\u0105cze\u0144 mi\u0119dzy budynkami, poniewa\u017c mog\u0105 przesy\u0142a\u0107 dane na du\u017ce odleg\u0142o\u015bci bez degradacji sygna\u0142u.<\/li>\n<li>Telekomunikacja: Kable \u015bwiat\u0142owodowe SC ST s\u0105 u\u017cywane w systemach telekomunikacyjnych do przesy\u0142ania sygna\u0142\u00f3w g\u0142osowych, wideo i danych.<\/li>\n<\/ul>\n<h2 style=\"text-align: left; font-size: 18px;\"><strong>Szukasz wi\u0119cej opcji kabli \u015bwiat\u0142owodowych?<\/strong><\/h2>\n<p>Potrzebujesz wi\u0119cej opcji kabli \u015bwiat\u0142owodowych? Zapoznaj si\u0119 z nasz\u0105 ofert\u0105 <a title=\"Kable \u015bwiat\u0142owodowe SC\" href=\"https:\/\/www.bonelinks.com\/pl\/sc-fibre-patch-leads\/\" target=\"_blank\" rel=\"noopener\"><strong><span style=\"color: #0054a6;\">Kable \u015bwiat\u0142owodowe SC, <\/span><\/strong><\/a><strong><span style=\"color: #0054a6;\"><a style=\"color: #0054a6;\" href=\"https:\/\/www.bonelinks.com\/pl\/st-fibre-patch-leads\/\" target=\"_blank\" rel=\"noopener\">Kable \u015bwiat\u0142owodowe ST <\/a><\/span><\/strong>zapewniaj\u0105cych p\u0142ynn\u0105 prac\u0119 w sieci.<\/p>\n<p>Szukasz niestandardowych i specjalnie zaprojektowanych kabli \u015bwiat\u0142owodowych? Zapoznaj si\u0119 z nasz\u0105 dedykowan\u0105 sekcj\u0105<a href=\"https:\/\/www.bonelinks.com\/pl\/custom-fiber-optic-cables\/\" target=\"_blank\" rel=\"noopener\"><span style=\"color: #0054a6;\"><strong> Niestandardowe kable \u015bwiat\u0142owodowe <\/strong><\/span><\/a>w celu uzyskania dopasowanych rozwi\u0105za\u0144 w zakresie \u0142\u0105czno\u015bci.<\/p>\n<ul>\n<li>Sprzeda\u017c detaliczna lub hurtowa &#8211; mamy wszystko pod kontrol\u0105!<\/li>\n<li>Nie wiesz co kupi\u0107? Oferujemy porady ekspert\u00f3w.<\/li>\n<li>Ma\u0142e MOQ: Nie musisz kupowa\u0107 wi\u0119cej ni\u017c chcesz.<\/li>\n<li>Konkurencyjne ceny: Uzyskaj \u015bwietn\u0105 warto\u015b\u0107 za ka\u017cdym razem.<\/li>\n<li>Szybka dostawa: Twoja szybko\u015b\u0107, nasz priorytet.<\/li>\n<li>Zorientowanie na klienta: Dostosowujemy nasze us\u0142ugi do Twoich potrzeb.<\/li>\n<\/ul>\n<p><strong>Po\u0142\u0105cz si\u0119 z nami!<\/strong><br \/>\nJe\u015bli masz problem ze znalezieniem odpowiedniego <span style=\"color: #0054a6;\"><strong><a style=\"color: #0054a6;\" href=\"https:\/\/www.bonelinks.com\/pl\/fiber-optic-patch-cord-supplier\/\" target=\"_blank\" rel=\"noopener\">\u015bwiat\u0142owodowego kabla krosowego <\/a><\/strong><\/span>do swoich potrzeb lub potrzebujesz porady eksperta, wystarczy jedno klikni\u0119cie i mo\u017cesz<a href=\"https:\/\/www.bonelinks.com\/pl\/contact-us\/\" target=\"_blank\" rel=\"noopener\"><strong><span style=\"color: #0054a6;\"> porozmawia\u0107 z nami <\/span><\/strong><\/a>w kilka sekund. Twoje zadowolenie jest naszym priorytetem. Jeste\u015bmy gotowi pom\u00f3c Ci pod ka\u017cdym wzgl\u0119dem. <strong>Nie martw si\u0119, nadmierne my\u015blenie nie jest wymagane. Jeste\u015bmy tutaj, gotowi do pomocy.<\/strong><\/p>\n","protected":false},"excerpt":{"rendered":"<p>Kabel \u015bwiat\u0142owodowy SC do ST to szybki kabel optyczny, kt\u00f3ry s\u0142u\u017cy do \u0142\u0105czenia dw\u00f3ch optycznych urz\u0105dze\u0144 sieciowych, takich jak prze\u0142\u0105czniki, routery lub inne urz\u0105dzenia \u015bwiat\u0142owodowe. Ten typ kabla jest powszechnie stosowany w centrach danych, pomieszczeniach telekomunikacyjnych i innych \u015brodowiskach sieciowych, kt\u00f3re wymagaj\u0105 szybkiego i niezawodnego transferu danych.<\/p>\n<p>Z\u0142\u0105cze SC jest popularnym wyborem dla \u015bwiat\u0142owodowych kabli krosowych ze wzgl\u0119du na jego kompaktowy rozmiar, \u0142atwo\u015b\u0107 u\u017cycia i bezpieczne po\u0142\u0105czenie. Z drugiej strony, z\u0142\u0105cze ST to solidne z\u0142\u0105cze simpleksowe, kt\u00f3re idealnie nadaje si\u0119 do zastosowa\u0144 o du\u017cej g\u0119sto\u015bci. Kable krosowe ST-SC stanowi\u0105 niezawodne i ekonomiczne rozwi\u0105zanie do pod\u0142\u0105czania optycznych urz\u0105dze\u0144 sieciowych.<\/p>\n<p>Kabel krosowy ST-SC to niezawodny i niezb\u0119dny element ka\u017cdej sieci \u015bwiat\u0142owodowej. Kompaktowa konstrukcja, \u0142atwo\u015b\u0107 obs\u0142ugi i mo\u017cliwo\u015b\u0107 szybkiej transmisji danych sprawiaj\u0105, \u017ce jest to popularny wyb\u00f3r w\u015br\u00f3d administrator\u00f3w sieci i technik\u00f3w. Je\u015bli chcesz zmodernizowa\u0107 swoj\u0105 infrastruktur\u0119 sieciow\u0105 lub po\u0142\u0105czy\u0107 dwa urz\u0105dzenia optyczne, kabel krosowy ST-SC to niezawodne i ekonomiczne rozwi\u0105zanie, kt\u00f3remu mo\u017cesz zaufa\u0107.<\/p>\n","protected":false},"featured_media":16517,"template":"","meta":{"site-sidebar-layout":"default","site-content-layout":"default","ast-site-content-layout":"default","site-content-style":"default","site-sidebar-style":"default","ast-global-header-display":"","ast-banner-title-visibility":"","ast-main-header-display":"","ast-hfb-above-header-display":"","ast-hfb-below-header-display":"","ast-hfb-mobile-header-display":"","site-post-title":"","ast-breadcrumbs-content":"","ast-featured-img":"","footer-sml-layout":"","ast-disable-related-posts":"","theme-transparent-header-meta":"default","adv-header-id-meta":"","stick-header-meta":"default","header-above-stick-meta":"","header-main-stick-meta":"","header-below-stick-meta":"","astra-migrate-meta-layouts":"set","ast-page-background-enabled":"default","ast-page-background-meta":{"desktop":{"background-color":"","background-image":"","background-repeat":"repeat","background-position":"center center","background-size":"auto","background-attachment":"scroll","background-type":"","background-media":"","overlay-type":"","overlay-color":"","overlay-opacity":"","overlay-gradient":""},"tablet":{"background-color":"","background-image":"","background-repeat":"repeat","background-position":"center center","background-size":"auto","background-attachment":"scroll","background-type":"","background-media":"","overlay-type":"","overlay-color":"","overlay-opacity":"","overlay-gradient":""},"mobile":{"background-color":"","background-image":"","background-repeat":"repeat","background-position":"center center","background-size":"auto","background-attachment":"scroll","background-type":"","background-media":"","overlay-type":"","overlay-color":"","overlay-opacity":"","overlay-gradient":""}},"ast-content-background-meta":{"desktop":{"background-color":"var(--ast-global-color-5)","background-image":"","background-repeat":"repeat","background-position":"center center","background-size":"auto","background-attachment":"scroll","background-type":"","background-media":"","overlay-type":"","overlay-color":"","overlay-opacity":"","overlay-gradient":""},"tablet":{"background-color":"var(--ast-global-color-5)","background-image":"","background-repeat":"repeat","background-position":"center center","background-size":"auto","background-attachment":"scroll","background-type":"","background-media":"","overlay-type":"","overlay-color":"","overlay-opacity":"","overlay-gradient":""},"mobile":{"background-color":"var(--ast-global-color-5)","background-image":"","background-repeat":"repeat","background-position":"center center","background-size":"auto","background-attachment":"scroll","background-type":"","background-media":"","overlay-type":"","overlay-color":"","overlay-opacity":"","overlay-gradient":""}}},"product_brand":[],"product_cat":[236,269,264],"product_tag":[],"class_list":{"0":"post-21538","1":"product","2":"type-product","3":"status-publish","4":"has-post-thumbnail","6":"product_cat-fiber-patch-cord-pl","7":"product_cat-sc-fiber-patch-cord-pl-2","8":"product_cat-st-fiber-patch-cord-pl","9":"pa_connector-type-sc-st-pl","10":"desktop-align-left","11":"tablet-align-left","12":"mobile-align-left","13":"ast-product-gallery-layout-vertical","14":"ast-product-gallery-with-no-image","15":"ast-product-tabs-layout-vertical","16":"ast-qv-on-image","18":"first","19":"instock","20":"shipping-taxable","21":"product-type-simple"},"_links":{"self":[{"href":"https:\/\/www.bonelinks.com\/pl\/wp-json\/wp\/v2\/product\/21538","targetHints":{"allow":["GET"]}}],"collection":[{"href":"https:\/\/www.bonelinks.com\/pl\/wp-json\/wp\/v2\/product"}],"about":[{"href":"https:\/\/www.bonelinks.com\/pl\/wp-json\/wp\/v2\/types\/product"}],"version-history":[{"count":3,"href":"https:\/\/www.bonelinks.com\/pl\/wp-json\/wp\/v2\/product\/21538\/revisions"}],"predecessor-version":[{"id":25898,"href":"https:\/\/www.bonelinks.com\/pl\/wp-json\/wp\/v2\/product\/21538\/revisions\/25898"}],"wp:featuredmedia":[{"embeddable":true,"href":"https:\/\/www.bonelinks.com\/pl\/wp-json\/wp\/v2\/media\/16517"}],"wp:attachment":[{"href":"https:\/\/www.bonelinks.com\/pl\/wp-json\/wp\/v2\/media?parent=21538"}],"wp:term":[{"taxonomy":"product_brand","embeddable":true,"href":"https:\/\/www.bonelinks.com\/pl\/wp-json\/wp\/v2\/product_brand?post=21538"},{"taxonomy":"product_cat","embeddable":true,"href":"https:\/\/www.bonelinks.com\/pl\/wp-json\/wp\/v2\/product_cat?post=21538"},{"taxonomy":"product_tag","embeddable":true,"href":"https:\/\/www.bonelinks.com\/pl\/wp-json\/wp\/v2\/product_tag?post=21538"}],"curies":[{"name":"wp","href":"https:\/\/api.w.org\/{rel}","templated":true}]}}