{"id":21521,"date":"2023-01-08T01:34:33","date_gmt":"2023-01-08T09:34:33","guid":{"rendered":"https:\/\/www.bonelinks.com\/product\/wodoodporny-kabel-swiatlowodowy-ip65-lc-upc-z-2-rdzeniami\/"},"modified":"2024-02-08T19:27:42","modified_gmt":"2024-02-09T03:27:42","slug":"waterproof-ip65-lc-upc-2-cores-tactical-fiber-optic-patch-cable","status":"publish","type":"product","link":"https:\/\/www.bonelinks.com\/pl\/product\/waterproof-ip65-lc-upc-2-cores-tactical-fiber-optic-patch-cable\/","title":{"rendered":"Wodoodporny kabel \u015bwiat\u0142owodowy IP65 LC\/UPC z 2 rdzeniami"},"content":{"rendered":"<p>Zewn\u0119trzne komunikacyjne stacje bazowe zlokalizowane w obszarach, w kt\u00f3rych przez ca\u0142y rok panuj\u0105 wilgotne lub deszczowe warunki, wymagaj\u0105 wodoodpornych kabli po\u0142\u0105czeniowych o wysokiej wodoodporno\u015bci i mocnych w\u0142a\u015bciwo\u015bciach mechanicznych, aby spe\u0142ni\u0107 standardy g\u0142\u00f3wnych producent\u00f3w sprz\u0119tu komunikacyjnego, takich jak Nokia, Ericsson, Cisco i Huawei. Zapewnia to stabilne i niezawodne po\u0142\u0105czenia transmisji sygna\u0142u z BBU\/DU do modu\u0142\u00f3w komunikacyjnych stacji bazowej segmentu RRU\/AAU. Z tego powodu trudnopalne, nieopancerzone kable \u015bwiat\u0142owodowe o dobrych w\u0142a\u015bciwo\u015bciach mechanicznych i wst\u0119pnie zako\u0144czone wodoodporne z\u0142\u0105cza \u015bwiat\u0142owodowe IP65 s\u0105 przeznaczone do \u0142\u0105czenia modu\u0142\u00f3w optycznych lub innych port\u00f3w sprz\u0119towych w r\u00f3\u017cnych trybach BBU \/ DU.<\/p>\n<p>Wodoodporny taktyczny kabel \u015bwiat\u0142owodowy sk\u0142ada si\u0119 z wodoodpornych z\u0142\u0105czy \u015bwiat\u0142owodowych LC klasy IP65 i nieopancerzonego kabla \u015bwiat\u0142owodowego. Kabel krosowy jest wst\u0119pnie zako\u0144czony na obu ko\u0144cach wodoodpornymi z\u0142\u0105czami \u015bwiat\u0142owodowymi. W przeciwie\u0144stwie do zwyk\u0142ych z\u0142\u0105czy kabli krosowych, wst\u0119pnie zako\u0144czone z\u0142\u0105cze na kablu polowym wykorzystuje spiraln\u0105 tulej\u0119 z wodoodpornym pier\u015bcieniem uszczelniaj\u0105cym z tworzywa sztucznego. Aby u\u017cy\u0107 kabla krosowego ze sprz\u0119tem komunikacyjnej stacji bazowej, wystarczy otworzy\u0107 wodoodporn\u0105 os\u0142on\u0119 z\u0142\u0105cza, w\u0142o\u017cy\u0107 z\u0142\u0105cze do odpowiedniego otworu w sprz\u0119cie i dokr\u0119ci\u0107 wodoodporn\u0105 os\u0142on\u0119 z\u0142\u0105cza za pomoc\u0105 gwint\u00f3w wewn\u0119trznych, aby zabezpieczy\u0107 koniec sprz\u0119tu.<\/p>\n<p>Proces produkcji wodoodpornego kabla krosowego IP65 rozpoczyna si\u0119 od przyci\u0119cia kabla \u015bwiat\u0142owodowego do \u017c\u0105danej d\u0142ugo\u015bci i usuni\u0119cia kabla podrz\u0119dnego. Zewn\u0119trzna pow\u0142oka i warstwa pow\u0142oki s\u0105 usuwane, a go\u0142e w\u0142\u00f3kno jest wk\u0142adane do z\u0142\u0105cza \u015bwiat\u0142owodowego LC lub SC wype\u0142nionego sta\u0142ym klejem. Zako\u0144czenie kabla \u015bwiat\u0142owodowego i z\u0142\u0105cza odbywa si\u0119 poprzez utwardzanie, zaciskanie i szlifowanie. Przed wyprodukowaniem produktu ko\u0144cowego przeprowadzane s\u0105 testy w celu sprawdzenia zabrudzenia powierzchni czo\u0142owej z\u0142\u0105cza, transmisji sygna\u0142u przez \u015bwiat\u0142o, warto\u015bci strat kabla krosowego i warto\u015bci testu 3D. Je\u015bli kt\u00f3rykolwiek z wynik\u00f3w testu jest nieprawid\u0142owy, patchcord musi zosta\u0107 przerobiony lub nawet ponownie wyprodukowany. Gdy wszystkie parametry testowe spe\u0142niaj\u0105 normy, produkt jest pakowany, a do instalacji i u\u017cytkowania do\u0142\u0105czany jest raport z test\u00f3w. Raport z testu pozwala u\u017cytkownikom kabli \u015bwiat\u0142owodowych zrozumie\u0107 wydajno\u015b\u0107 gotowego produktu i przetestowa\u0107 ca\u0142\u0105 szybko\u015b\u0107 transmisji sieciowej.<\/p>\n<p>Cechy<\/p>\n<ul>\n<li>Wodoodporno\u015b\u0107: Kabel krosowy ma stopie\u0144 ochrony IP65, co oznacza, \u017ce jest wysoce odporny na wod\u0119 i kurz, dzi\u0119ki czemu nadaje si\u0119 do u\u017cytku na zewn\u0105trz w wilgotnych lub deszczowych warunkach.<\/li>\n<li><span style=\"font-size: 16px;\">Nieopancerzony polowy kabel \u015bwiat\u0142owodowy: Kabel krosowy jest wykonany z nieopancerzonego kabla \u015bwiat\u0142owodowego, kt\u00f3ry oferuje dobre w\u0142a\u015bciwo\u015bci mechaniczne i ognioodporno\u015b\u0107.<\/span><\/li>\n<li>Wst\u0119pnie zako\u0144czony: Dwa ko\u0144ce kabla krosowego s\u0105 wst\u0119pnie zako\u0144czone wodoodpornymi z\u0142\u0105czami \u015bwiat\u0142owodowymi, co u\u0142atwia instalacj\u0119 i u\u017cytkowanie z urz\u0105dzeniami komunikacyjnymi stacji bazowej.<\/li>\n<li>\u0141atwy w instalacji: Taktyczny wodoodporny \u015bwiat\u0142owodowy kabel krosowy mo\u017cna \u0142atwo zainstalowa\u0107, po prostu otwieraj\u0105c wodoodporn\u0105 os\u0142on\u0119 z\u0142\u0105cza, wk\u0142adaj\u0105c z\u0142\u0105cze do otworu urz\u0105dzenia i dokr\u0119caj\u0105c wodoodporn\u0105 os\u0142on\u0119 z\u0142\u0105cza za pomoc\u0105 gwint\u00f3w wewn\u0119trznych.<\/li>\n<\/ul>\n<p><strong>Zastosowanie<\/strong><\/p>\n<ul>\n<li>Wojsko i obrona: Taktyczne kable \u015bwiat\u0142owodowe s\u0105 u\u017cywane w zastosowaniach wojskowych i obronnych, aby zapewni\u0107 bezpieczn\u0105 i niezawodn\u0105 komunikacj\u0119 w terenie.<\/li>\n<li>Przemys\u0142 i produkcja: Kable te s\u0105 u\u017cywane w \u015brodowiskach przemys\u0142owych i produkcyjnych, gdzie s\u0105 nara\u017cone na ekstremalne temperatury, wysoki poziom wibracji i agresywne chemikalia.<\/li>\n<li>Do zastosowa\u0144 zewn\u0119trznych i antenowych: Wodoodporna konstrukcja tych kabli sprawia, \u017ce s\u0105 one idealne do zastosowa\u0144 zewn\u0119trznych i antenowych, takich jak sieci telekomunikacyjne i szerokopasmowe.<\/li>\n<li>Ropa i gaz: Kable te s\u0105 wykorzystywane na morskich platformach wiertniczych i poszukiwawczych, a tak\u017ce w l\u0105dowych zak\u0142adach wydobycia ropy naftowej i gazu.<\/li>\n<li>S\u0142u\u017cby ratunkowe: Taktyczne kable \u015bwiat\u0142owodowe s\u0105 u\u017cywane przez s\u0142u\u017cby ratunkowe, takie jak policja i stra\u017c po\u017carna, w celu zapewnienia niezawodnej komunikacji w sytuacjach awaryjnych.<\/li>\n<\/ul>\n<h2 style=\"text-align: left; font-size: 18px;\"><strong>Szukasz wi\u0119cej opcji kabli \u015bwiat\u0142owodowych?<\/strong><\/h2>\n<p>Potrzebujesz wi\u0119cej opcji kabli \u015bwiat\u0142owodowych? Zapoznaj si\u0119 z nasz\u0105 ofert\u0105 <span style=\"color: #0054a6;\"><strong><a style=\"color: #0054a6;\" href=\"https:\/\/www.bonelinks.com\/pl\/lc-fibre-patch-leads\/\" target=\"_blank\" rel=\"noopener\">Kable krosowe \u015bwiat\u0142owodowe LC, <\/a><\/strong><\/span><strong><span style=\"color: #0054a6;\"><a style=\"color: #0054a6;\" href=\"https:\/\/www.bonelinks.com\/pl\/ruggedised-fibre-patch-leads\/\" target=\"_blank\" rel=\"noopener\">Wzmocnione kable \u015bwiat\u0142owodowe, <\/a><a style=\"color: #0054a6;\" href=\"https:\/\/www.bonelinks.com\/pl\/products\/tactical-fiber-optic-cable-pl\/\" target=\"_blank\" rel=\"noopener\">Taktyczne kable \u015bwiat\u0142owodowe <\/a><\/span><\/strong>dla bezproblemowej pracy w sieci.<\/p>\n<p>Szukasz niestandardowych i specjalnie zaprojektowanych kabli \u015bwiat\u0142owodowych? Zapoznaj si\u0119 z nasz\u0105 dedykowan\u0105 sekcj\u0105<a href=\"https:\/\/www.bonelinks.com\/pl\/custom-fiber-optic-cables\/\" target=\"_blank\" rel=\"noopener\"><span style=\"color: #0054a6;\"><strong> Niestandardowe kable \u015bwiat\u0142owodowe <\/strong><\/span><\/a>w celu uzyskania dopasowanych rozwi\u0105za\u0144 w zakresie \u0142\u0105czno\u015bci.<\/p>\n<ul>\n<li>Sprzeda\u017c detaliczna lub hurtowa &#8211; mamy wszystko pod kontrol\u0105!<\/li>\n<li>Nie wiesz co kupi\u0107? Oferujemy porady ekspert\u00f3w.<\/li>\n<li>Ma\u0142e MOQ: Nie musisz kupowa\u0107 wi\u0119cej ni\u017c chcesz.<\/li>\n<li>Konkurencyjne ceny: Uzyskaj \u015bwietn\u0105 warto\u015b\u0107 za ka\u017cdym razem.<\/li>\n<li>Szybka dostawa: Twoja szybko\u015b\u0107, nasz priorytet.<\/li>\n<li>Zorientowanie na klienta: Dostosowujemy nasze us\u0142ugi do Twoich potrzeb.<\/li>\n<\/ul>\n<p><strong>Po\u0142\u0105cz si\u0119 z nami!<\/strong><br \/>\nJe\u015bli masz problem ze znalezieniem odpowiedniego <span style=\"color: #0054a6;\"><strong><a style=\"color: #0054a6;\" href=\"https:\/\/www.bonelinks.com\/pl\/fiber-optic-patch-cord-supplier\/\" target=\"_blank\" rel=\"noopener\">\u015bwiat\u0142owodowego kabla krosowego <\/a><\/strong><\/span>do swoich potrzeb lub potrzebujesz porady eksperta, wystarczy jedno klikni\u0119cie i mo\u017cesz<a href=\"https:\/\/www.bonelinks.com\/pl\/contact-us\/\" target=\"_blank\" rel=\"noopener\"><strong><span style=\"color: #0054a6;\"> porozmawia\u0107 z nami <\/span><\/strong><\/a>w kilka sekund. Twoje zadowolenie jest naszym priorytetem. Jeste\u015bmy gotowi pom\u00f3c Ci pod ka\u017cdym wzgl\u0119dem. <strong>Nie martw si\u0119, nadmierne my\u015blenie nie jest wymagane. Jeste\u015bmy tutaj, gotowi do pomocy.<\/strong><\/p>\n","protected":false},"excerpt":{"rendered":"<p>Wodoodporny taktyczny kabel \u015bwiat\u0142owodowy IP65 zosta\u0142 stworzony specjalnie z my\u015bl\u0105 o trudnych warunkach zewn\u0119trznych. Jego konstrukcja obejmuje zastosowanie wytrzyma\u0142ych, wodoodpornych materia\u0142\u00f3w, kt\u00f3re chroni\u0105 w\u0142\u00f3kna \u015bwiat\u0142owodowe w kablu przed wilgoci\u0105, kurzem i innymi czynnikami \u015brodowiskowymi. Taktyczny \u015bwiat\u0142owodowy kabel krosowy jest idealny do dynamicznych i szybko zmieniaj\u0105cych si\u0119 \u015brodowisk i mo\u017cna go szybko wdro\u017cy\u0107 w odleg\u0142ych lub trudno dost\u0119pnych lokalizacjach w celach komunikacyjnych. Dzi\u0119ki wodoodpornej i wytrzyma\u0142ej konstrukcji, ten wodoodporny taktyczny kabel \u015bwiat\u0142owodowy IP65 zapewnia niezawodn\u0105 i stabiln\u0105 komunikacj\u0119 nawet w najtrudniejszych warunkach.<\/p>\n","protected":false},"featured_media":16577,"template":"","meta":{"site-sidebar-layout":"default","site-content-layout":"default","ast-site-content-layout":"default","site-content-style":"default","site-sidebar-style":"default","ast-global-header-display":"","ast-banner-title-visibility":"","ast-main-header-display":"","ast-hfb-above-header-display":"","ast-hfb-below-header-display":"","ast-hfb-mobile-header-display":"","site-post-title":"","ast-breadcrumbs-content":"","ast-featured-img":"","footer-sml-layout":"","ast-disable-related-posts":"","theme-transparent-header-meta":"default","adv-header-id-meta":"","stick-header-meta":"default","header-above-stick-meta":"","header-main-stick-meta":"","header-below-stick-meta":"","astra-migrate-meta-layouts":"set","ast-page-background-enabled":"default","ast-page-background-meta":{"desktop":{"background-color":"","background-image":"","background-repeat":"repeat","background-position":"center center","background-size":"auto","background-attachment":"scroll","background-type":"","background-media":"","overlay-type":"","overlay-color":"","overlay-opacity":"","overlay-gradient":""},"tablet":{"background-color":"","background-image":"","background-repeat":"repeat","background-position":"center center","background-size":"auto","background-attachment":"scroll","background-type":"","background-media":"","overlay-type":"","overlay-color":"","overlay-opacity":"","overlay-gradient":""},"mobile":{"background-color":"","background-image":"","background-repeat":"repeat","background-position":"center center","background-size":"auto","background-attachment":"scroll","background-type":"","background-media":"","overlay-type":"","overlay-color":"","overlay-opacity":"","overlay-gradient":""}},"ast-content-background-meta":{"desktop":{"background-color":"var(--ast-global-color-5)","background-image":"","background-repeat":"repeat","background-position":"center center","background-size":"auto","background-attachment":"scroll","background-type":"","background-media":"","overlay-type":"","overlay-color":"","overlay-opacity":"","overlay-gradient":""},"tablet":{"background-color":"var(--ast-global-color-5)","background-image":"","background-repeat":"repeat","background-position":"center center","background-size":"auto","background-attachment":"scroll","background-type":"","background-media":"","overlay-type":"","overlay-color":"","overlay-opacity":"","overlay-gradient":""},"mobile":{"background-color":"var(--ast-global-color-5)","background-image":"","background-repeat":"repeat","background-position":"center center","background-size":"auto","background-attachment":"scroll","background-type":"","background-media":"","overlay-type":"","overlay-color":"","overlay-opacity":"","overlay-gradient":""}}},"product_brand":[],"product_cat":[236,246,243],"product_tag":[],"class_list":{"0":"post-21521","1":"product","2":"type-product","3":"status-publish","4":"has-post-thumbnail","6":"product_cat-fiber-patch-cord-pl","7":"product_cat-single-mode-fiber-patch-cord-pl","8":"product_cat-lc-fiber-patch-cord-pl","9":"pa_connector-type-lc-pl","10":"pa_fiber-type-jednomodowy","11":"desktop-align-left","12":"tablet-align-left","13":"mobile-align-left","14":"ast-product-gallery-layout-vertical","15":"ast-product-gallery-with-no-image","16":"ast-product-tabs-layout-vertical","17":"ast-qv-on-image","19":"first","20":"instock","21":"shipping-taxable","22":"product-type-simple"},"_links":{"self":[{"href":"https:\/\/www.bonelinks.com\/pl\/wp-json\/wp\/v2\/product\/21521","targetHints":{"allow":["GET"]}}],"collection":[{"href":"https:\/\/www.bonelinks.com\/pl\/wp-json\/wp\/v2\/product"}],"about":[{"href":"https:\/\/www.bonelinks.com\/pl\/wp-json\/wp\/v2\/types\/product"}],"version-history":[{"count":3,"href":"https:\/\/www.bonelinks.com\/pl\/wp-json\/wp\/v2\/product\/21521\/revisions"}],"predecessor-version":[{"id":25892,"href":"https:\/\/www.bonelinks.com\/pl\/wp-json\/wp\/v2\/product\/21521\/revisions\/25892"}],"wp:featuredmedia":[{"embeddable":true,"href":"https:\/\/www.bonelinks.com\/pl\/wp-json\/wp\/v2\/media\/16577"}],"wp:attachment":[{"href":"https:\/\/www.bonelinks.com\/pl\/wp-json\/wp\/v2\/media?parent=21521"}],"wp:term":[{"taxonomy":"product_brand","embeddable":true,"href":"https:\/\/www.bonelinks.com\/pl\/wp-json\/wp\/v2\/product_brand?post=21521"},{"taxonomy":"product_cat","embeddable":true,"href":"https:\/\/www.bonelinks.com\/pl\/wp-json\/wp\/v2\/product_cat?post=21521"},{"taxonomy":"product_tag","embeddable":true,"href":"https:\/\/www.bonelinks.com\/pl\/wp-json\/wp\/v2\/product_tag?post=21521"}],"curies":[{"name":"wp","href":"https:\/\/api.w.org\/{rel}","templated":true}]}}