{"id":21520,"date":"2023-01-08T02:09:35","date_gmt":"2023-01-08T10:09:35","guid":{"rendered":"https:\/\/www.bonelinks.com\/product\/om3-8-zylowe-kable-swiatlowodowe-mpo-do-lc\/"},"modified":"2024-02-08T19:24:33","modified_gmt":"2024-02-09T03:24:33","slug":"om3-8-cores-mpo-to-lc-fiber-patch-cords","status":"publish","type":"product","link":"https:\/\/www.bonelinks.com\/pl\/product\/om3-8-cores-mpo-to-lc-fiber-patch-cords\/","title":{"rendered":"OM3 8-\u017cy\u0142owe kable \u015bwiat\u0142owodowe MPO do LC"},"content":{"rendered":"<p>Kabel krosowy MPO-LC jest niezb\u0119dnym pasywnym kablem komunikacyjnym u\u017cywanym do \u0142\u0105czenia modu\u0142\u00f3w QSFP lub SFP w pomieszczeniach centr\u00f3w danych. Sk\u0142ada si\u0119 ze z\u0142\u0105cza MPO, wielo\u017cy\u0142owego kabla \u015bwiat\u0142owodowego mini 3,0 mmOD, tulei rozga\u0142\u0119ziaj\u0105cej i z\u0142\u0105cza LC. Podczas procesu produkcyjnego r\u00f3\u017cne rdzenie kabla \u015bwiat\u0142owodowego s\u0105 ci\u0119te w zale\u017cno\u015bci od wymaganej liczby port\u00f3w i d\u0142ugo\u015bci. Warstwy pow\u0142oki i ok\u0142adziny s\u0105 nast\u0119pnie odrywane, a rdzenie \u015bwiat\u0142owodowe o okre\u015blonej d\u0142ugo\u015bci s\u0105 wyci\u0105gane i wk\u0142adane do zmontowanego z\u0142\u0105cza MPO, kt\u00f3re jest utwardzane, uziemiane i testowane pod k\u0105tem dzia\u0142ania \u015bwiat\u0142a w celu zako\u0144czenia instalacji ko\u0144c\u00f3wki z\u0142\u0105cza MPO. Na drugim ko\u0144cu kabla, pewna d\u0142ugo\u015b\u0107 rdzenia \u015bwiat\u0142owodowego jest r\u00f3wnie\u017c wyci\u0105gana i pod\u0142\u0105czana do tulei rozga\u0142\u0119ziaj\u0105cej. Ta sama \u015brednica zewn\u0119trzna tulei kablowej i prz\u0119dzy aramidowej jest wprowadzana do odga\u0142\u0119zienia i mocowana w celu utworzenia warstwy ochronnej dla go\u0142ego w\u0142\u00f3kna. Z\u0142\u0105cza LC s\u0105 wst\u0119pnie zako\u0144czone, a ca\u0142a zworka kabla rozga\u0142\u0119ziaj\u0105cego jest produkowana. Po zako\u0144czeniu monta\u017cu i produkcji, powierzchnia czo\u0142owa z\u0142\u0105cza jest testowana, aby upewni\u0107 si\u0119, \u017ce jest czysta i \u017ce wszystkie kana\u0142y mog\u0105 przesy\u0142a\u0107 sygna\u0142y przez \u015bwiat\u0142o z wymagan\u0105 warto\u015bci\u0105 t\u0142umienia. Kompletny raport z test\u00f3w jest przymocowany do torby ka\u017cdego kabla krosowego, aby pokaza\u0107 zapewnienie jako\u015bci Bonelinks dla ka\u017cdego kabla krosowego.<\/p>\n<p><strong>Cechy<\/strong><\/p>\n<ul>\n<li>Szybki transfer danych: \u015awiat\u0142owodowe kable krosowe OM3 MPO do LC obs\u0142uguj\u0105 szybki transfer danych do 40 Gb\/s, dzi\u0119ki czemu idealnie nadaj\u0105 si\u0119 do zastosowa\u0144 wymagaj\u0105cych wysokiej przepustowo\u015bci i niezawodnej transmisji danych.<\/li>\n<li>Niska t\u0142umienno\u015b\u0107 wtr\u0105ceniowa: Kable te maj\u0105 maksymaln\u0105 t\u0142umienno\u015b\u0107 wtr\u0105ceniow\u0105 0,35 dB, co zapewnia wydajn\u0105 transmisj\u0119 sygna\u0142u i zmniejsza ryzyko degradacji sygna\u0142u lub utraty danych.<\/li>\n<li>Precyzyjne wyr\u00f3wnanie: Z\u0142\u0105cza tych kabli zosta\u0142y zaprojektowane z my\u015bl\u0105 o precyzyjnym wyr\u00f3wnaniu, zapewniaj\u0105c dok\u0142adny kontakt mi\u0119dzy w\u0142\u00f3knami, co minimalizuje straty sygna\u0142u i maksymalizuje wydajno\u015b\u0107 sieci.<\/li>\n<li>Trwa\u0142o\u015b\u0107: \u015awiat\u0142owodowe kable krosowe OM3 MPO do LC s\u0105 wykonane z wysokiej jako\u015bci materia\u0142\u00f3w, kt\u00f3re s\u0105 odporne na zu\u017cycie, dzi\u0119ki czemu nadaj\u0105 si\u0119 do cz\u0119stego u\u017cytkowania i obci\u0105\u017cenia fizycznego.<\/li>\n<li>\u0141atwa instalacja: Kable te s\u0105 \u0142atwe w instalacji i konserwacji dzi\u0119ki konstrukcji plug-and-play i znormalizowanym z\u0142\u0105czom.<\/li>\n<\/ul>\n<p><strong>Zastosowanie<\/strong><\/p>\n<ul>\n<li>Sieci centr\u00f3w danych: \u015awiat\u0142owodowe kable krosowe OM3 MPO do LC s\u0105 powszechnie stosowane w aplikacjach sieciowych w centrach danych, gdzie wysoka przepustowo\u015b\u0107 i niezawodno\u015b\u0107 s\u0105 niezb\u0119dne do obs\u0142ugi du\u017cych ilo\u015bci danych.<\/li>\n<li>Szybkie obliczenia: Kable te doskonale nadaj\u0105 si\u0119 r\u00f3wnie\u017c do szybkich zastosowa\u0144 obliczeniowych, takich jak superkomputery i chmury obliczeniowe, w kt\u00f3rych szybko\u015b\u0107 przesy\u0142ania danych ma kluczowe znaczenie dla wydajno\u015bci.<\/li>\n<li>Telekomunikacja: Kable krosowe \u015bwiat\u0142owodowe OM3 MPO do LC s\u0105 szeroko stosowane w sieciach telekomunikacyjnych w celu zapewnienia niezawodnej i wydajnej transmisji danych na du\u017ce odleg\u0142o\u015bci.<\/li>\n<li>Przetwarzanie w chmurze: Kable te s\u0105 niezb\u0119dne do szybkiego przesy\u0142ania danych w \u015brodowiskach przetwarzania w chmurze, gdzie du\u017ce ilo\u015bci danych musz\u0105 by\u0107 przesy\u0142ane szybko i wydajnie.<\/li>\n<\/ul>\n<h2 style=\"text-align: left; font-size: 18px;\"><strong>Szukasz wi\u0119cej opcji kabli MTP\/MPO?<\/strong><\/h2>\n<p>Potrzebujesz wi\u0119cej opcji kabli MTP\/MPO? Zapoznaj si\u0119 z nasz\u0105 ofert\u0105 <span style=\"color: #0054a6;\"><strong><a style=\"color: #0054a6;\" href=\"https:\/\/www.bonelinks.com\/pl\/8-fiber-mpo-cable\/\" target=\"_blank\" rel=\"noopener\">8-w\u0142\u00f3knowych kabli MTP\/MPO,<\/a><\/strong><\/span>\u00a0<a title=\"Kable MPO\/MTP do LC Breakout\" href=\"https:\/\/www.bonelinks.com\/pl\/mpo-breakout-cable\/\" target=\"_blank\" rel=\"noopener\"><strong><span style=\"color: #0054a6;\">Kable MPO\/MTP do LC Breakout<\/span><\/strong> <\/a>dla bezproblemowej pracy w sieci.<\/p>\n<p>Szukasz niestandardowych i specjalnie zaprojektowanych kabli krosowych MPO? Zapoznaj si\u0119 z nasz\u0105 dedykowan\u0105 sekcj\u0105<a href=\"https:\/\/www.bonelinks.com\/pl\/custom-fiber-optic-cables\/\" target=\"_blank\" rel=\"noopener\"><span style=\"color: #0054a6;\"><strong> Niestandardowe kable \u015bwiat\u0142owodowe <\/strong><\/span><\/a>w celu uzyskania dopasowanych rozwi\u0105za\u0144 w zakresie \u0142\u0105czno\u015bci.<\/p>\n<ul>\n<li>Sprzeda\u017c detaliczna lub hurtowa &#8211; mamy wszystko pod kontrol\u0105!<\/li>\n<li>Nie wiesz co kupi\u0107? Oferujemy porady ekspert\u00f3w.<\/li>\n<li>Ma\u0142e MOQ: Nie musisz kupowa\u0107 wi\u0119cej ni\u017c chcesz.<\/li>\n<li>Konkurencyjne ceny: Uzyskaj \u015bwietn\u0105 warto\u015b\u0107 za ka\u017cdym razem.<\/li>\n<li>Szybka dostawa: Twoja szybko\u015b\u0107, nasz priorytet.<\/li>\n<li>Zorientowanie na klienta: Dostosowujemy nasze us\u0142ugi do Twoich potrzeb.<\/li>\n<\/ul>\n<p><strong>Po\u0142\u0105cz si\u0119 z nami!<\/strong><br \/>\nJe\u015bli masz problem ze znalezieniem odpowiedniego <span style=\"color: #0054a6;\"><strong><a style=\"color: #0054a6;\" href=\"https:\/\/www.bonelinks.com\/pl\/fiber-optic-patch-cord-supplier\/\" target=\"_blank\" rel=\"noopener\">\u015bwiat\u0142owodowego kabla krosowego <\/a><\/strong><\/span>do swoich potrzeb lub potrzebujesz porady eksperta, wystarczy jedno klikni\u0119cie i mo\u017cesz<a href=\"https:\/\/www.bonelinks.com\/pl\/contact-us\/\" target=\"_blank\" rel=\"noopener\"><strong><span style=\"color: #0054a6;\"> porozmawia\u0107 z nami <\/span><\/strong><\/a>w kilka sekund. Twoje zadowolenie jest naszym priorytetem. Jeste\u015bmy gotowi pom\u00f3c Ci pod ka\u017cdym wzgl\u0119dem. <strong>Nie martw si\u0119, nadmierne my\u015blenie nie jest wymagane. Jeste\u015bmy tutaj, gotowi do pomocy.<\/strong><\/p>\n","protected":false},"excerpt":{"rendered":"<p>Kable \u015bwiat\u0142owodowe OM3 MPO do LC to wysokiej jako\u015bci kable \u015bwiat\u0142owodowe, kt\u00f3re zosta\u0142y zaprojektowane w celu zapewnienia niezawodnej, szybkiej transmisji danych na kr\u00f3tkie i \u015brednie odleg\u0142o\u015bci. Kable te s\u0105 wykonane z wysokiej jako\u015bci materia\u0142\u00f3w i przy u\u017cyciu zaawansowanych technik produkcyjnych, aby zapewni\u0107 optymaln\u0105 wydajno\u015b\u0107 i trwa\u0142o\u015b\u0107.<\/p>\n<p>Z\u0142\u0105cze MPO posiada wiele w\u0142\u00f3kien w jednym, kompaktowym interfejsie, podczas gdy z\u0142\u0105cze LC jest niewielkim z\u0142\u0105czem, kt\u00f3re jest powszechnie u\u017cywane w aplikacjach sieciowych o du\u017cej g\u0119sto\u015bci. Te kable krosowe s\u0105 przeznaczone do \u0142\u0105czenia interfejs\u00f3w MPO i LC, dzi\u0119ki czemu idealnie nadaj\u0105 si\u0119 do stosowania w centrach danych, sieciach telekomunikacyjnych i innych szybkich aplikacjach sieciowych.<\/p>\n<p>Oznaczenie OM3 wskazuje, \u017ce te kable krosowe s\u0105 zoptymalizowane do u\u017cytku w sieciach 10 Gigabit Ethernet i obs\u0142uguj\u0105 szybko\u015b\u0107 transmisji danych do 10 Gb\/s na odleg\u0142o\u015b\u0107 do 300 metr\u00f3w. S\u0105 one r\u00f3wnie\u017c wstecznie kompatybilne z sieciami 1 Gigabit Ethernet, co czyni je wszechstronnym i niezawodnym rozwi\u0105zaniem dla szerokiej gamy aplikacji sieciowych.<\/p>\n<p>Je\u015bli szukasz wysokiej jako\u015bci, niezawodnych i wydajnych \u015bwiat\u0142owodowych kabli krosowych do swojej sieci, \u015bwiat\u0142owodowe kable krosowe OM3 MPO do LC s\u0105 doskona\u0142ym wyborem. Zosta\u0142y one zaprojektowane i zbudowane tak, aby sprosta\u0107 potrzebom nowoczesnych, szybkich sieci i zapewni\u0107 godne zaufania i wiarygodne rozwi\u0105zanie dla Twoich potrzeb sieciowych.<\/p>\n","protected":false},"featured_media":16597,"template":"","meta":{"site-sidebar-layout":"default","site-content-layout":"default","ast-site-content-layout":"default","site-content-style":"default","site-sidebar-style":"default","ast-global-header-display":"","ast-banner-title-visibility":"","ast-main-header-display":"","ast-hfb-above-header-display":"","ast-hfb-below-header-display":"","ast-hfb-mobile-header-display":"","site-post-title":"","ast-breadcrumbs-content":"","ast-featured-img":"","footer-sml-layout":"","ast-disable-related-posts":"","theme-transparent-header-meta":"default","adv-header-id-meta":"","stick-header-meta":"default","header-above-stick-meta":"","header-main-stick-meta":"","header-below-stick-meta":"","astra-migrate-meta-layouts":"set","ast-page-background-enabled":"default","ast-page-background-meta":{"desktop":{"background-color":"","background-image":"","background-repeat":"repeat","background-position":"center center","background-size":"auto","background-attachment":"scroll","background-type":"","background-media":"","overlay-type":"","overlay-color":"","overlay-opacity":"","overlay-gradient":""},"tablet":{"background-color":"","background-image":"","background-repeat":"repeat","background-position":"center center","background-size":"auto","background-attachment":"scroll","background-type":"","background-media":"","overlay-type":"","overlay-color":"","overlay-opacity":"","overlay-gradient":""},"mobile":{"background-color":"","background-image":"","background-repeat":"repeat","background-position":"center center","background-size":"auto","background-attachment":"scroll","background-type":"","background-media":"","overlay-type":"","overlay-color":"","overlay-opacity":"","overlay-gradient":""}},"ast-content-background-meta":{"desktop":{"background-color":"var(--ast-global-color-5)","background-image":"","background-repeat":"repeat","background-position":"center center","background-size":"auto","background-attachment":"scroll","background-type":"","background-media":"","overlay-type":"","overlay-color":"","overlay-opacity":"","overlay-gradient":""},"tablet":{"background-color":"var(--ast-global-color-5)","background-image":"","background-repeat":"repeat","background-position":"center center","background-size":"auto","background-attachment":"scroll","background-type":"","background-media":"","overlay-type":"","overlay-color":"","overlay-opacity":"","overlay-gradient":""},"mobile":{"background-color":"var(--ast-global-color-5)","background-image":"","background-repeat":"repeat","background-position":"center center","background-size":"auto","background-attachment":"scroll","background-type":"","background-media":"","overlay-type":"","overlay-color":"","overlay-opacity":"","overlay-gradient":""}}},"product_brand":[],"product_cat":[236,243,238,259],"product_tag":[],"class_list":{"0":"post-21520","1":"product","2":"type-product","3":"status-publish","4":"has-post-thumbnail","6":"product_cat-fiber-patch-cord-pl","7":"product_cat-lc-fiber-patch-cord-pl","8":"product_cat-multimode-fiber-patch-cord-pl","9":"product_cat-mpo-patch-cord-pl","10":"pa_connector-type-mpo-lc-pl","11":"pa_fiber-type-50-125-om3-pl","12":"desktop-align-left","13":"tablet-align-left","14":"mobile-align-left","15":"ast-product-gallery-layout-vertical","16":"ast-product-gallery-with-no-image","17":"ast-product-tabs-layout-vertical","18":"ast-qv-on-image","20":"first","21":"instock","22":"shipping-taxable","23":"product-type-simple"},"_links":{"self":[{"href":"https:\/\/www.bonelinks.com\/pl\/wp-json\/wp\/v2\/product\/21520","targetHints":{"allow":["GET"]}}],"collection":[{"href":"https:\/\/www.bonelinks.com\/pl\/wp-json\/wp\/v2\/product"}],"about":[{"href":"https:\/\/www.bonelinks.com\/pl\/wp-json\/wp\/v2\/types\/product"}],"version-history":[{"count":4,"href":"https:\/\/www.bonelinks.com\/pl\/wp-json\/wp\/v2\/product\/21520\/revisions"}],"predecessor-version":[{"id":25888,"href":"https:\/\/www.bonelinks.com\/pl\/wp-json\/wp\/v2\/product\/21520\/revisions\/25888"}],"wp:featuredmedia":[{"embeddable":true,"href":"https:\/\/www.bonelinks.com\/pl\/wp-json\/wp\/v2\/media\/16597"}],"wp:attachment":[{"href":"https:\/\/www.bonelinks.com\/pl\/wp-json\/wp\/v2\/media?parent=21520"}],"wp:term":[{"taxonomy":"product_brand","embeddable":true,"href":"https:\/\/www.bonelinks.com\/pl\/wp-json\/wp\/v2\/product_brand?post=21520"},{"taxonomy":"product_cat","embeddable":true,"href":"https:\/\/www.bonelinks.com\/pl\/wp-json\/wp\/v2\/product_cat?post=21520"},{"taxonomy":"product_tag","embeddable":true,"href":"https:\/\/www.bonelinks.com\/pl\/wp-json\/wp\/v2\/product_tag?post=21520"}],"curies":[{"name":"wp","href":"https:\/\/api.w.org\/{rel}","templated":true}]}}