{"id":21519,"date":"2023-01-08T02:22:36","date_gmt":"2023-01-08T10:22:36","guid":{"rendered":"https:\/\/www.bonelinks.com\/product\/patchcord-swiatlowodowy-om3-mpo-do-mpo-o-wysokiej-gestosci\/"},"modified":"2024-02-08T19:21:16","modified_gmt":"2024-02-09T03:21:16","slug":"om3-high-density-mpo-to-mpo-fiber-patchcord","status":"publish","type":"product","link":"https:\/\/www.bonelinks.com\/pl\/product\/om3-high-density-mpo-to-mpo-fiber-patchcord\/","title":{"rendered":"Patchcord \u015bwiat\u0142owodowy OM3 MPO do MPO o wysokiej g\u0119sto\u015bci"},"content":{"rendered":"<h2 style=\"text-align: left; font-size: 18px;\"><strong>Szukasz wi\u0119cej opcji kabli MTP\/MPO?<\/strong><\/h2>\n<p>Potrzebujesz wi\u0119cej opcji kabli MTP\/MPO? Zapoznaj si\u0119 z nasz\u0105 ofert\u0105 <a title=\"Kable MPO\/MTP do MPO\/MTP\" href=\"https:\/\/www.bonelinks.com\/pl\/mpo-trunk-cable\/\" target=\"_blank\" rel=\"noopener\"><strong><span style=\"color: #0054a6;\">Kable MPO\/MTP do MPO\/MTP<\/span><\/strong> <\/a>dla bezproblemowej pracy w sieci.<\/p>\n<p>Szukasz niestandardowych i specjalnie zaprojektowanych kabli krosowych MPO? Zapoznaj si\u0119 z nasz\u0105 dedykowan\u0105 sekcj\u0105<a href=\"https:\/\/www.bonelinks.com\/pl\/custom-fiber-optic-cables\/\" target=\"_blank\" rel=\"noopener\"><span style=\"color: #0054a6;\"><strong> Niestandardowe kable \u015bwiat\u0142owodowe <\/strong><\/span><\/a>w celu uzyskania dopasowanych rozwi\u0105za\u0144 w zakresie \u0142\u0105czno\u015bci.<\/p>\n<ul>\n<li>Sprzeda\u017c detaliczna lub hurtowa &#8211; mamy wszystko pod kontrol\u0105!<\/li>\n<li>Nie wiesz co kupi\u0107? Oferujemy porady ekspert\u00f3w.<\/li>\n<li>Ma\u0142e MOQ: Nie musisz kupowa\u0107 wi\u0119cej ni\u017c chcesz.<\/li>\n<li>Konkurencyjne ceny: Uzyskaj \u015bwietn\u0105 warto\u015b\u0107 za ka\u017cdym razem.<\/li>\n<li>Szybka dostawa: Twoja szybko\u015b\u0107, nasz priorytet.<\/li>\n<li>Zorientowanie na klienta: Dostosowujemy nasze us\u0142ugi do Twoich potrzeb.<\/li>\n<\/ul>\n<p><strong>Po\u0142\u0105cz si\u0119 z nami!<\/strong><br \/>\nJe\u015bli masz problem ze znalezieniem odpowiedniego <span style=\"color: #0054a6;\"><strong><a style=\"color: #0054a6;\" href=\"https:\/\/www.bonelinks.com\/pl\/fiber-optic-patch-cord-supplier\/\" target=\"_blank\" rel=\"noopener\">\u015bwiat\u0142owodowego kabla krosowego <\/a><\/strong><\/span>do swoich potrzeb lub potrzebujesz porady eksperta, wystarczy jedno klikni\u0119cie i mo\u017cesz<a href=\"https:\/\/www.bonelinks.com\/pl\/contact-us\/\" target=\"_blank\" rel=\"noopener\"><strong><span style=\"color: #0054a6;\"> porozmawia\u0107 z nami <\/span><\/strong><\/a>w kilka sekund. Twoje zadowolenie jest naszym priorytetem. Jeste\u015bmy gotowi pom\u00f3c Ci pod ka\u017cdym wzgl\u0119dem. <strong>Nie martw si\u0119, nadmierne my\u015blenie nie jest wymagane. Jeste\u015bmy tutaj, gotowi do pomocy.<\/strong><\/p>\n","protected":false},"excerpt":{"rendered":"<p>Poniewa\u017c pojedyncze z\u0142\u0105cze MPO mo\u017ce przenosi\u0107 do 24 lub nawet 48 kana\u0142\u00f3w \u015bwiat\u0142owodowych, znacznie zmniejsza to zajmowanie ograniczonej przestrzeni w serwerowni, poniewa\u017c wielomodowe kable krosowe OM3 MPO do MPO o wysokiej g\u0119sto\u015bci s\u0105 zaprojektowane i wyprodukowane do \u0142\u0105czenia transceiver\u00f3w lub optycznych po\u0142\u0105cze\u0144 szkieletowych modu\u0142\u00f3w komunikacyjnych w centrach danych. Kable \u015bwiat\u0142owodowe MPO do MPO maj\u0105 prost\u0105 struktur\u0119, sk\u0142adaj\u0105c\u0105 si\u0119 g\u0142\u00f3wnie ze z\u0142\u0105czy MPO i mini kabli \u015bwiat\u0142owodowych. Poniewa\u017c kable krosowe MPO s\u0105 u\u017cywane do \u0142\u0105czenia urz\u0105dze\u0144 nadawczo-odbiorczych lub innych urz\u0105dze\u0144 komunikacyjnych, szczeg\u00f3lnie wa\u017cne jest rozr\u00f3\u017cnienie po\u0142\u0105czenia ca\u0142ego \u0142\u0105cza i okre\u015blenie polaryzacji kabli krosowych MPO A, B i C.<\/p>\n<p>Proces produkcji kabla odga\u0142\u0119zionego MPO do MPO, najpierw wybierz ci\u0119cie r\u00f3\u017cnych rdzeni mini kabla \u015bwiat\u0142owodowego; nast\u0119pnie wyodr\u0119bnij pewn\u0105 d\u0142ugo\u015b\u0107 rdzeni \u015bwiat\u0142owodowych w kablu, zdejmij warstw\u0119 pow\u0142oki i warstw\u0119 ok\u0142adziny, zgodnie z polaryzacj\u0105 rz\u0119du rz\u0119du w\u0142o\u017conego do zmontowanego po\u0142\u0105czenia MPO Nast\u0119pnie z\u0142\u0105cze MPO jest instalowane przez utwardzanie, szlifowanie i o\u015bwietlenie. Na drugim ko\u0144cu kabla \u015bwiat\u0142owodowego z\u0142\u0105cze MPO jest wst\u0119pnie zako\u0144czone zgodnie z t\u0105 sam\u0105 procedur\u0105, co powy\u017cej, i mo\u017cna wyprodukowa\u0107 ca\u0142\u0105 rozga\u0142\u0119zion\u0105 zwork\u0119 kabla \u015bwiat\u0142owodowego.<\/p>\n<p>Po zmontowaniu i wyprodukowaniu ca\u0142ego kabla krosowego nie oznacza to, \u017ce produkt mo\u017ce by\u0107 u\u017cywany w trybie offline. Nast\u0119pnie nale\u017cy r\u00f3wnie\u017c sprawdzi\u0107, czy powierzchnia czo\u0142owa z\u0142\u0105cza jest czysta, czy wszystkie kana\u0142y mog\u0105 przepuszcza\u0107 sygna\u0142 transmisji \u015bwiat\u0142a, czy warto\u015b\u0107 t\u0142umienia spe\u0142nia wymagane normy, czy warto\u015bci testowe 3D s\u0105 zgodne z etykiet\u0105. Je\u015bli kt\u00f3rekolwiek z danych testowych s\u0105 nieprawid\u0142owe, ca\u0142a zworka musi zosta\u0107 przerobiona lub nawet ponownie wyprodukowana. Po zako\u0144czeniu wszystkich test\u00f3w funkcjonalnych, raport z test\u00f3w zostanie przymocowany do torby ka\u017cdego kabla krosowego jeden po drugim, aby pokaza\u0107 zapewnienie jako\u015bci z\u0142\u0105cza przez Bonelinks.<\/p>\n","protected":false},"featured_media":16607,"template":"","meta":{"site-sidebar-layout":"default","site-content-layout":"default","ast-site-content-layout":"default","site-content-style":"default","site-sidebar-style":"default","ast-global-header-display":"","ast-banner-title-visibility":"","ast-main-header-display":"","ast-hfb-above-header-display":"","ast-hfb-below-header-display":"","ast-hfb-mobile-header-display":"","site-post-title":"","ast-breadcrumbs-content":"","ast-featured-img":"","footer-sml-layout":"","ast-disable-related-posts":"","theme-transparent-header-meta":"default","adv-header-id-meta":"","stick-header-meta":"default","header-above-stick-meta":"","header-main-stick-meta":"","header-below-stick-meta":"","astra-migrate-meta-layouts":"set","ast-page-background-enabled":"default","ast-page-background-meta":{"desktop":{"background-color":"","background-image":"","background-repeat":"repeat","background-position":"center center","background-size":"auto","background-attachment":"scroll","background-type":"","background-media":"","overlay-type":"","overlay-color":"","overlay-opacity":"","overlay-gradient":""},"tablet":{"background-color":"","background-image":"","background-repeat":"repeat","background-position":"center center","background-size":"auto","background-attachment":"scroll","background-type":"","background-media":"","overlay-type":"","overlay-color":"","overlay-opacity":"","overlay-gradient":""},"mobile":{"background-color":"","background-image":"","background-repeat":"repeat","background-position":"center center","background-size":"auto","background-attachment":"scroll","background-type":"","background-media":"","overlay-type":"","overlay-color":"","overlay-opacity":"","overlay-gradient":""}},"ast-content-background-meta":{"desktop":{"background-color":"var(--ast-global-color-5)","background-image":"","background-repeat":"repeat","background-position":"center center","background-size":"auto","background-attachment":"scroll","background-type":"","background-media":"","overlay-type":"","overlay-color":"","overlay-opacity":"","overlay-gradient":""},"tablet":{"background-color":"var(--ast-global-color-5)","background-image":"","background-repeat":"repeat","background-position":"center center","background-size":"auto","background-attachment":"scroll","background-type":"","background-media":"","overlay-type":"","overlay-color":"","overlay-opacity":"","overlay-gradient":""},"mobile":{"background-color":"var(--ast-global-color-5)","background-image":"","background-repeat":"repeat","background-position":"center center","background-size":"auto","background-attachment":"scroll","background-type":"","background-media":"","overlay-type":"","overlay-color":"","overlay-opacity":"","overlay-gradient":""}}},"product_brand":[],"product_cat":[236,238,259],"product_tag":[],"class_list":{"0":"post-21519","1":"product","2":"type-product","3":"status-publish","4":"has-post-thumbnail","6":"product_cat-fiber-patch-cord-pl","7":"product_cat-multimode-fiber-patch-cord-pl","8":"product_cat-mpo-patch-cord-pl","9":"pa_connector-type-mpo-mpo-pl","10":"pa_fiber-type-50-125-om3-pl","11":"desktop-align-left","12":"tablet-align-left","13":"mobile-align-left","14":"ast-product-gallery-layout-vertical","15":"ast-product-gallery-with-no-image","16":"ast-product-tabs-layout-vertical","17":"ast-qv-on-image","19":"first","20":"instock","21":"shipping-taxable","22":"product-type-simple"},"_links":{"self":[{"href":"https:\/\/www.bonelinks.com\/pl\/wp-json\/wp\/v2\/product\/21519","targetHints":{"allow":["GET"]}}],"collection":[{"href":"https:\/\/www.bonelinks.com\/pl\/wp-json\/wp\/v2\/product"}],"about":[{"href":"https:\/\/www.bonelinks.com\/pl\/wp-json\/wp\/v2\/types\/product"}],"version-history":[{"count":3,"href":"https:\/\/www.bonelinks.com\/pl\/wp-json\/wp\/v2\/product\/21519\/revisions"}],"predecessor-version":[{"id":25886,"href":"https:\/\/www.bonelinks.com\/pl\/wp-json\/wp\/v2\/product\/21519\/revisions\/25886"}],"wp:featuredmedia":[{"embeddable":true,"href":"https:\/\/www.bonelinks.com\/pl\/wp-json\/wp\/v2\/media\/16607"}],"wp:attachment":[{"href":"https:\/\/www.bonelinks.com\/pl\/wp-json\/wp\/v2\/media?parent=21519"}],"wp:term":[{"taxonomy":"product_brand","embeddable":true,"href":"https:\/\/www.bonelinks.com\/pl\/wp-json\/wp\/v2\/product_brand?post=21519"},{"taxonomy":"product_cat","embeddable":true,"href":"https:\/\/www.bonelinks.com\/pl\/wp-json\/wp\/v2\/product_cat?post=21519"},{"taxonomy":"product_tag","embeddable":true,"href":"https:\/\/www.bonelinks.com\/pl\/wp-json\/wp\/v2\/product_tag?post=21519"}],"curies":[{"name":"wp","href":"https:\/\/api.w.org\/{rel}","templated":true}]}}