{"id":21518,"date":"2023-01-08T17:55:29","date_gmt":"2023-01-09T01:55:29","guid":{"rendered":"https:\/\/www.bonelinks.com\/product\/om4-24-zylowe-kable-swiatlowodowe-mpo-do-lc\/"},"modified":"2024-02-08T19:20:16","modified_gmt":"2024-02-09T03:20:16","slug":"om4-24-cores-mpo-to-lc-fiber-patch-cords","status":"publish","type":"product","link":"https:\/\/www.bonelinks.com\/pl\/product\/om4-24-cores-mpo-to-lc-fiber-patch-cords\/","title":{"rendered":"OM4 24-\u017cy\u0142owe kable \u015bwiat\u0142owodowe MPO do LC"},"content":{"rendered":"<h1 style=\"text-align: left; font-size: 18px;\"><strong>OM4 24-\u017cy\u0142owe kable \u015bwiat\u0142owodowe MPO do LC Breakout<\/strong><\/h1>\n<p>OM4 MPO to LC Fiber Patch Cord to wysokiej jako\u015bci kabel przeznaczony do szybkich po\u0142\u0105cze\u0144 optycznych w centrach danych. Wykonany z najwy\u017cszej jako\u015bci \u015bwiat\u0142owodu wielomodowego OM4, ten kabel krosowy zosta\u0142 zaprojektowany tak, aby zapewni\u0107 niezawodn\u0105 i wydajn\u0105 wydajno\u015b\u0107 w zastosowaniach transmisyjnych o wysokiej cz\u0119stotliwo\u015bci.<\/p>\n<p>Patchcord sk\u0142ada si\u0119 z 24-\u017cy\u0142owego wielomodowego kabla optycznego OM4 mini, z\u0142\u0105cza MPO, tulei rozga\u0142\u0119ziaj\u0105cej i z\u0142\u0105cza LC. Kabel \u015bwiat\u0142owodowy jest przycinany do \u017c\u0105danej d\u0142ugo\u015bci i liczby port\u00f3w, a nast\u0119pnie rdzenie \u015bwiat\u0142owodowe s\u0105 usuwane, wk\u0142adane do z\u0142\u0105cza MPO i poddawane kompleksowemu procesowi produkcyjnemu, kt\u00f3ry obejmuje utwardzanie, szlifowanie i testowanie. Na ko\u0144cu LC z\u0142\u0105cze jest wst\u0119pnie zako\u0144czone ochronn\u0105 warstw\u0105 prz\u0119dzy aramidowej i sparowane z dwurdzeniowym klipsem, a nast\u0119pnie utwardzone, uziemione i przetestowane.<\/p>\n<p>Kabel \u015bwiat\u0142owodowy Bonelinks OM4 MPO do LC jest produkowany zgodnie ze standardami bran\u017cowymi i przechodzi rygorystyczne testy w celu zapewnienia jego jako\u015bci, niezawodno\u015bci i wydajno\u015bci. Patchcord jest \u0142atwy w instalacji, co czyni go wygodnym wyborem dla administrator\u00f3w sieci i technik\u00f3w.<\/p>\n<p>Przed u\u017cyciem kabel krosowy musi przej\u015b\u0107 testy funkcjonalne, aby upewni\u0107 si\u0119, \u017ce jego powierzchnia czo\u0142owa jest czysta, wszystkie kana\u0142y mog\u0105 przesy\u0142a\u0107 sygna\u0142y, a warto\u015b\u0107 t\u0142umienia spe\u0142nia wymagane standardy. Je\u015bli wyniki testu s\u0105 nieprawid\u0142owe, konieczne mo\u017ce by\u0107 przerobienie lub odtworzenie kabla krosowego. Po zako\u0144czeniu test\u00f3w funkcjonalnych do ka\u017cdego kabla krosowego przypisywany jest raport z test\u00f3w Bonelinks, zapewniaj\u0105cy u\u017cytkownikom wysok\u0105 jako\u015b\u0107.<\/p>\n<p><strong>Cechy<\/strong><\/p>\n<ul>\n<li>Wysoka przepustowo\u015b\u0107: \u015bwiat\u0142ow\u00f3d OM4 zapewnia przepustowo\u015b\u0107 do 4700 MHz-km, co jest idealnym rozwi\u0105zaniem do zastosowa\u0144 wymagaj\u0105cych szybkiej transmisji danych.<\/li>\n<li>Wysoka szybko\u015b\u0107 przesy\u0142ania danych: Dzi\u0119ki szybko\u015bci przesy\u0142ania danych do 40 Gb\/s, kable \u015bwiat\u0142owodowe OM4 MPO do LC s\u0105 odpowiednie do stosowania w szybkich centrach danych i aplikacjach przetwarzania w chmurze.<\/li>\n<li>Trwa\u0142o\u015b\u0107: Z\u0142\u0105cza MPO i LC s\u0105 wykonane z wysokiej jako\u015bci materia\u0142\u00f3w, co zapewnia ich trwa\u0142o\u015b\u0107 i d\u0142ugowieczno\u015b\u0107.<\/li>\n<li>\u0141atwa instalacja: Kable krosowe \u015bwiat\u0142owodowe OM4 MPO do LC s\u0105 \u0142atwe w instalacji i mo\u017cna je szybko pod\u0142\u0105cza\u0107 i od\u0142\u0105cza\u0107, dzi\u0119ki czemu idealnie nadaj\u0105 si\u0119 do zastosowa\u0144 w centrach danych i chmurach obliczeniowych.<\/li>\n<\/ul>\n<p><strong>Zastosowanie<\/strong><\/p>\n<ul>\n<li>Centra danych: Kable krosowe \u015bwiat\u0142owodowe OM4 MPO do LC s\u0105 powszechnie stosowane w centrach danych do szybkiej transmisji danych mi\u0119dzy serwerami i systemami pami\u0119ci masowej.<\/li>\n<li>Przetwarzanie w chmurze: Kable krosowe \u015bwiat\u0142owodowe OM4 MPO do LC s\u0105 r\u00f3wnie\u017c u\u017cywane w aplikacjach przetwarzania w chmurze do \u0142\u0105czenia serwer\u00f3w, system\u00f3w pami\u0119ci masowej i innych urz\u0105dze\u0144 komputerowych.<\/li>\n<li>Wysoka wydajno\u015b\u0107 obliczeniowa: Te kable krosowe s\u0105 idealne do u\u017cytku w aplikacjach obliczeniowych o wysokiej wydajno\u015bci, gdzie szybki transfer danych i niskie op\u00f3\u017anienia maj\u0105 kluczowe znaczenie.<\/li>\n<li>Telekomunikacja: Kable krosowe \u015bwiat\u0142owodowe OM4 MPO do LC s\u0105 u\u017cywane w zastosowaniach telekomunikacyjnych do \u0142\u0105czenia urz\u0105dze\u0144 sieciowych, takich jak prze\u0142\u0105czniki i routery.<\/li>\n<\/ul>\n<h2 style=\"text-align: left; font-size: 18px;\"><strong>Szukasz wi\u0119cej opcji kabli MTP\/MPO?<\/strong><\/h2>\n<p>Potrzebujesz wi\u0119cej opcji kabli MTP\/MPO? Zapoznaj si\u0119 z nasz\u0105 ofert\u0105 <span style=\"color: #0054a6;\"><strong><a style=\"color: #0054a6;\" href=\"https:\/\/www.bonelinks.com\/pl\/mpo-24-fiber-cable\/\" target=\"_blank\" rel=\"noopener\">24-w\u0142\u00f3knowych kabli MTP\/MPO,<\/a><\/strong><\/span>\u00a0<a title=\"Kable MPO\/MTP do LC Breakout\" href=\"https:\/\/www.bonelinks.com\/pl\/mpo-breakout-cable\/\" target=\"_blank\" rel=\"noopener\"><strong><span style=\"color: #0054a6;\">Kable MPO\/MTP do LC Breakout<\/span><\/strong> <\/a>dla bezproblemowej pracy w sieci.<\/p>\n<p>Szukasz niestandardowych i specjalnie zaprojektowanych kabli krosowych MPO? Zapoznaj si\u0119 z nasz\u0105 dedykowan\u0105 sekcj\u0105<a href=\"https:\/\/www.bonelinks.com\/pl\/custom-fiber-optic-cables\/\" target=\"_blank\" rel=\"noopener\"><span style=\"color: #0054a6;\"><strong> Niestandardowe kable \u015bwiat\u0142owodowe <\/strong><\/span><\/a>w celu uzyskania dopasowanych rozwi\u0105za\u0144 w zakresie \u0142\u0105czno\u015bci.<\/p>\n<ul>\n<li>Sprzeda\u017c detaliczna lub hurtowa &#8211; mamy wszystko pod kontrol\u0105!<\/li>\n<li>Nie wiesz co kupi\u0107? Oferujemy porady ekspert\u00f3w.<\/li>\n<li>Ma\u0142e MOQ: Nie musisz kupowa\u0107 wi\u0119cej ni\u017c chcesz.<\/li>\n<li>Konkurencyjne ceny: Uzyskaj \u015bwietn\u0105 warto\u015b\u0107 za ka\u017cdym razem.<\/li>\n<li>Szybka dostawa: Twoja szybko\u015b\u0107, nasz priorytet.<\/li>\n<li>Zorientowanie na klienta: Dostosowujemy nasze us\u0142ugi do Twoich potrzeb.<\/li>\n<\/ul>\n<p><strong>Po\u0142\u0105cz si\u0119 z nami!<\/strong><br \/>\nJe\u015bli masz problem ze znalezieniem odpowiedniego <span style=\"color: #0054a6;\"><strong><a style=\"color: #0054a6;\" href=\"https:\/\/www.bonelinks.com\/pl\/fiber-optic-patch-cord-supplier\/\" target=\"_blank\" rel=\"noopener\">\u015bwiat\u0142owodowego kabla krosowego <\/a><\/strong><\/span>do swoich potrzeb lub potrzebujesz porady eksperta, wystarczy jedno klikni\u0119cie i mo\u017cesz<a href=\"https:\/\/www.bonelinks.com\/pl\/contact-us\/\" target=\"_blank\" rel=\"noopener\"><strong><span style=\"color: #0054a6;\"> porozmawia\u0107 z nami <\/span><\/strong><\/a>w kilka sekund. Twoje zadowolenie jest naszym priorytetem. Jeste\u015bmy gotowi pom\u00f3c Ci pod ka\u017cdym wzgl\u0119dem. <strong>Nie martw si\u0119, nadmierne my\u015blenie nie jest wymagane. Jeste\u015bmy tutaj, gotowi do pomocy.<\/strong><\/p>\n","protected":false},"excerpt":{"rendered":"<p>Kable \u015bwiat\u0142owodowe OM4 z 24 rdzeniami MPO do LC to wysokowydajne zespo\u0142y kabli \u015bwiat\u0142owodowych, kt\u00f3re zosta\u0142y specjalnie zaprojektowane, aby zapewni\u0107 najwy\u017csz\u0105 przepustowo\u015b\u0107 i najszybsze pr\u0119dko\u015bci transmisji danych w nowoczesnych centrach danych, sieciach korporacyjnych i innych szybkich sieciach optycznych. Te kable krosowe s\u0105 wyposa\u017cone w wielow\u0142\u00f3knowe z\u0142\u0105cze push-on (MPO) na jednym ko\u0144cu i ma\u0142e z\u0142\u0105cze LC na drugim ko\u0144cu, co pozwala na kompaktowe i g\u0119ste po\u0142\u0105czenie mi\u0119dzy urz\u0105dzeniami sieciowymi.<\/p>\n<p>\u015awiat\u0142owodowe kable krosowe OM4 24 rdzenie MPO do LC s\u0105 wykonane z najnowszego \u015bwiat\u0142owodu wielomodowego OM4, kt\u00f3ry zapewnia 50% wzrost przepustowo\u015bci w por\u00f3wnaniu do \u015bwiat\u0142owodu wielomodowego OM3 poprzedniej generacji. Wy\u017csza przepustowo\u015b\u0107 pozwala na szybszy transfer danych i wspiera rosn\u0105ce wymagania szybkich sieci optycznych. Dodatkowo, zastosowanie \u015bwiat\u0142owodu OM4 zwi\u0119ksza integralno\u015b\u0107 sygna\u0142u i poprawia odleg\u0142o\u015bci transmisji w por\u00f3wnaniu do \u015bwiat\u0142owodu OM3.<\/p>\n<p>Podsumowuj\u0105c, \u015bwiat\u0142owodowe kable krosowe OM4 24 rdzenie MPO do LC s\u0105 idealnym rozwi\u0105zaniem do zastosowa\u0144 w szybkich sieciach optycznych, kt\u00f3re wymagaj\u0105 du\u017cej przepustowo\u015bci, szybkiego transferu danych i niezawodnej wydajno\u015bci. S\u0105 one wspierane przez zaufan\u0105 reputacj\u0119 w zakresie jako\u015bci, niezawodno\u015bci i wydajno\u015bci, co czyni je niezawodnym wyborem dla ka\u017cdego administratora sieci lub technika.<\/p>\n","protected":false},"featured_media":16622,"template":"","meta":{"site-sidebar-layout":"default","site-content-layout":"default","ast-site-content-layout":"default","site-content-style":"default","site-sidebar-style":"default","ast-global-header-display":"","ast-banner-title-visibility":"","ast-main-header-display":"","ast-hfb-above-header-display":"","ast-hfb-below-header-display":"","ast-hfb-mobile-header-display":"","site-post-title":"","ast-breadcrumbs-content":"","ast-featured-img":"","footer-sml-layout":"","ast-disable-related-posts":"","theme-transparent-header-meta":"default","adv-header-id-meta":"","stick-header-meta":"default","header-above-stick-meta":"","header-main-stick-meta":"","header-below-stick-meta":"","astra-migrate-meta-layouts":"set","ast-page-background-enabled":"default","ast-page-background-meta":{"desktop":{"background-color":"","background-image":"","background-repeat":"repeat","background-position":"center center","background-size":"auto","background-attachment":"scroll","background-type":"","background-media":"","overlay-type":"","overlay-color":"","overlay-opacity":"","overlay-gradient":""},"tablet":{"background-color":"","background-image":"","background-repeat":"repeat","background-position":"center center","background-size":"auto","background-attachment":"scroll","background-type":"","background-media":"","overlay-type":"","overlay-color":"","overlay-opacity":"","overlay-gradient":""},"mobile":{"background-color":"","background-image":"","background-repeat":"repeat","background-position":"center center","background-size":"auto","background-attachment":"scroll","background-type":"","background-media":"","overlay-type":"","overlay-color":"","overlay-opacity":"","overlay-gradient":""}},"ast-content-background-meta":{"desktop":{"background-color":"var(--ast-global-color-5)","background-image":"","background-repeat":"repeat","background-position":"center center","background-size":"auto","background-attachment":"scroll","background-type":"","background-media":"","overlay-type":"","overlay-color":"","overlay-opacity":"","overlay-gradient":""},"tablet":{"background-color":"var(--ast-global-color-5)","background-image":"","background-repeat":"repeat","background-position":"center center","background-size":"auto","background-attachment":"scroll","background-type":"","background-media":"","overlay-type":"","overlay-color":"","overlay-opacity":"","overlay-gradient":""},"mobile":{"background-color":"var(--ast-global-color-5)","background-image":"","background-repeat":"repeat","background-position":"center center","background-size":"auto","background-attachment":"scroll","background-type":"","background-media":"","overlay-type":"","overlay-color":"","overlay-opacity":"","overlay-gradient":""}}},"product_brand":[],"product_cat":[236,243,238,259],"product_tag":[],"class_list":{"0":"post-21518","1":"product","2":"type-product","3":"status-publish","4":"has-post-thumbnail","6":"product_cat-fiber-patch-cord-pl","7":"product_cat-lc-fiber-patch-cord-pl","8":"product_cat-multimode-fiber-patch-cord-pl","9":"product_cat-mpo-patch-cord-pl","10":"pa_connector-type-mpo-lc-pl","11":"pa_fiber-type-50-125-om4-pl","12":"desktop-align-left","13":"tablet-align-left","14":"mobile-align-left","15":"ast-product-gallery-layout-vertical","16":"ast-product-gallery-with-no-image","17":"ast-product-tabs-layout-vertical","18":"ast-qv-on-image","20":"first","21":"instock","22":"shipping-taxable","23":"product-type-simple"},"_links":{"self":[{"href":"https:\/\/www.bonelinks.com\/pl\/wp-json\/wp\/v2\/product\/21518","targetHints":{"allow":["GET"]}}],"collection":[{"href":"https:\/\/www.bonelinks.com\/pl\/wp-json\/wp\/v2\/product"}],"about":[{"href":"https:\/\/www.bonelinks.com\/pl\/wp-json\/wp\/v2\/types\/product"}],"version-history":[{"count":3,"href":"https:\/\/www.bonelinks.com\/pl\/wp-json\/wp\/v2\/product\/21518\/revisions"}],"predecessor-version":[{"id":25884,"href":"https:\/\/www.bonelinks.com\/pl\/wp-json\/wp\/v2\/product\/21518\/revisions\/25884"}],"wp:featuredmedia":[{"embeddable":true,"href":"https:\/\/www.bonelinks.com\/pl\/wp-json\/wp\/v2\/media\/16622"}],"wp:attachment":[{"href":"https:\/\/www.bonelinks.com\/pl\/wp-json\/wp\/v2\/media?parent=21518"}],"wp:term":[{"taxonomy":"product_brand","embeddable":true,"href":"https:\/\/www.bonelinks.com\/pl\/wp-json\/wp\/v2\/product_brand?post=21518"},{"taxonomy":"product_cat","embeddable":true,"href":"https:\/\/www.bonelinks.com\/pl\/wp-json\/wp\/v2\/product_cat?post=21518"},{"taxonomy":"product_tag","embeddable":true,"href":"https:\/\/www.bonelinks.com\/pl\/wp-json\/wp\/v2\/product_tag?post=21518"}],"curies":[{"name":"wp","href":"https:\/\/api.w.org\/{rel}","templated":true}]}}