{"id":21516,"date":"2023-01-08T01:19:07","date_gmt":"2023-01-08T09:19:07","guid":{"rendered":"https:\/\/www.bonelinks.com\/product\/taktyczny-kabel-swiatlowodowy-2-zylowy-4-zylowy\/"},"modified":"2024-02-08T19:29:11","modified_gmt":"2024-02-09T03:29:11","slug":"tactical-2-4-cores-fiber-optic-patch-cord","status":"publish","type":"product","link":"https:\/\/www.bonelinks.com\/pl\/product\/tactical-2-4-cores-fiber-optic-patch-cord\/","title":{"rendered":"Taktyczny kabel \u015bwiat\u0142owodowy 2-\u017cy\u0142owy 4-\u017cy\u0142owy"},"content":{"rendered":"<p>Modu\u0142y komunikacyjne BBU\/DU do RRU\/AAU w stacjach bazowych komunikacji zewn\u0119trznej musz\u0105 wykorzystywa\u0107 wysokiej jako\u015bci komponenty, aby zapewni\u0107 stabiln\u0105 i niezawodn\u0105 transmisj\u0119 sygna\u0142u. Aby to osi\u0105gn\u0105\u0107, taktyczne kable \u015bwiat\u0142owodowe o w\u0142a\u015bciwo\u015bciach zmniejszaj\u0105cych palno\u015b\u0107 i dobrych parametrach mechanicznych s\u0105 projektowane i produkowane ze wst\u0119pnie zako\u0144czonymi z\u0142\u0105czami \u015bwiat\u0142owodowymi. Z\u0142\u0105cza te mog\u0105 by\u0107 u\u017cywane do trybu DRAN, po\u0142\u0105czenia w trybie optycznym interfejsu (e)CPRI karty pasma podstawowego sprz\u0119tu lub modu\u0142u ODF stacji bazowej\/szafki zewn\u0119trznej. Optyczny kabel krosowy sk\u0142ada si\u0119 ze z\u0142\u0105cza \u015bwiat\u0142owodowego i taktycznego kabla optycznego. Kabel krosowy jest tworzony przez wst\u0119pne zako\u0144czenie jednego ko\u0144ca kabla \u015bwiat\u0142owodowego z\u0142\u0105czem \u015bwiat\u0142owodowym.<\/p>\n<p>W zale\u017cno\u015bci od \u015brodowiska instalacji, Bonelinks oferuje do wyboru kable \u015bwiat\u0142owodowe opancerzone i o wysokiej wytrzyma\u0142o\u015bci na rozci\u0105ganie. Po okre\u015bleniu odleg\u0142o\u015bci jednostki komunikacyjnej i wymaganej d\u0142ugo\u015bci kabla, kabel jest ci\u0119ty na wymiar i okre\u015blana jest d\u0142ugo\u015b\u0107 odga\u0142\u0119zienia kabla oraz potrzeba dodatkowej ochrony pancerza. Kabel jest nast\u0119pnie oczyszczany z zewn\u0119trznej pow\u0142oki i pow\u0142oki, a go\u0142e w\u0142\u00f3kno jest wk\u0142adane do z\u0142\u0105cza \u015bwiat\u0142owodowego LC lub FC wype\u0142nionego sta\u0142ym klejem. Z\u0142\u0105cze jest utwardzane, uziemiane i testowane w celu zako\u0144czenia jednego ko\u0144ca kabla. Ten sam proces jest powtarzany na drugim ko\u0144cu kabla, aby utworzy\u0107 kompletny \u015bwiat\u0142owodowy kabel krosowy.<\/p>\n<p>Aby zapewni\u0107 jako\u015b\u0107, gotowy 2\/4-\u017cy\u0142owy \u015bwiat\u0142owodowy kabel krosowy musi zosta\u0107 przetestowany pod k\u0105tem czystej powierzchni czo\u0142owej z\u0142\u0105cza, transmisji sygna\u0142u przez \u015bwiat\u0142o, warto\u015bci strat i warto\u015bci testu 3D. Je\u015bli jakiekolwiek dane testowe s\u0105 nieprawid\u0142owe, kabel krosowy musi zosta\u0107 przerobiony lub ponownie wyprodukowany. Gdy wszystkie parametry testowe spe\u0142niaj\u0105 wymagane standardy, produkt jest pakowany i do\u0142\u0105czane s\u0105 do niego raporty z test\u00f3w, aby zademonstrowa\u0107 zaanga\u017cowanie Bonelinks w zapewnienie jako\u015bci.<\/p>\n<p><strong>Cechy<\/strong><\/p>\n<ul>\n<li>Trudnopalno\u015b\u0107: Taktyczne kable \u015bwiat\u0142owodowe s\u0105 wykonane z materia\u0142\u00f3w trudnopalnych, kt\u00f3re mog\u0105 zapobiega\u0107 rozprzestrzenianiu si\u0119 ognia, zapewniaj\u0105c bezpieczn\u0105 prac\u0119 w \u015brodowiskach wysokiego ryzyka.<\/li>\n<li>Wytrzyma\u0142o\u015b\u0107: Taktyczne kable \u015bwiat\u0142owodowe s\u0105 zaprojektowane tak, aby by\u0142y bardzo trwa\u0142e i wytrzyma\u0142e, zdolne do wytrzymania trudnych warunk\u00f3w \u015brodowiskowych, takich jak ekstremalne temperatury, wilgotno\u015b\u0107 i uderzenia.<\/li>\n<li>Wydajno\u015b\u0107 mechaniczna: Taktyczne kable \u015bwiat\u0142owodowe maj\u0105 dobre parametry mechaniczne, zapewniaj\u0105c stabiln\u0105 i niezawodn\u0105 transmisj\u0119 sygna\u0142u nawet w wymagaj\u0105cych warunkach zewn\u0119trznych.<\/li>\n<li>Wysoka wytrzyma\u0142o\u015b\u0107 na rozci\u0105ganie: Niekt\u00f3re taktyczne kable \u015bwiat\u0142owodowe s\u0105 opancerzone materia\u0142ami o wysokiej wytrzyma\u0142o\u015bci na rozci\u0105ganie, dzi\u0119ki czemu nadaj\u0105 si\u0119 do instalacji w obszarach o wysokim poziomie napr\u0119\u017ce\u0144 i napr\u0119\u017ce\u0144.<\/li>\n<li>Wst\u0119pnie zako\u0144czone z\u0142\u0105cza: \u015awiat\u0142owodowe kable krosowe Tactical s\u0105 wst\u0119pnie zako\u0144czone z\u0142\u0105czami \u015bwiat\u0142owodowymi, co skraca czas instalacji i sprawia, \u017ce s\u0105 \u0142atwe w u\u017cyciu.<\/li>\n<\/ul>\n<p><strong>Zastosowanie<\/strong><\/p>\n<ul>\n<li>Stacje bazowe komunikacji zewn\u0119trznej: Taktyczne \u015bwiat\u0142owodowe kable krosowe s\u0105 u\u017cywane do \u0142\u0105czenia jednostek BBU\/DU i RRU\/AAU w stacjach bazowych komunikacji zewn\u0119trznej, zapewniaj\u0105c stabiln\u0105 i niezawodn\u0105 transmisj\u0119 sygna\u0142u w wymagaj\u0105cych \u015brodowiskach zewn\u0119trznych.<\/li>\n<li>Zastosowania wojskowe i obronne: Taktyczne kable \u015bwiat\u0142owodowe s\u0105 u\u017cywane w zastosowaniach wojskowych i obronnych, aby zapewni\u0107 bezpieczn\u0105 i niezawodn\u0105 komunikacj\u0119 w trudnych i wymagaj\u0105cych \u015brodowiskach.<\/li>\n<li>Przemys\u0142owe systemy sterowania: Taktyczne \u015bwiat\u0142owodowe kable krosowe s\u0105 stosowane w przemys\u0142owych systemach sterowania, w kt\u00f3rych niezawodna i stabilna transmisja sygna\u0142u ma kluczowe znaczenie dla bezpiecznego i wydajnego dzia\u0142ania maszyn i urz\u0105dze\u0144.<\/li>\n<li>G\u00f3rnictwo i przemys\u0142 naftowo-gazowy: Taktyczne kable \u015bwiat\u0142owodowe s\u0105 wykorzystywane w g\u00f3rnictwie i przemy\u015ble naftowo-gazowym do zapewnienia bezpiecznej i niezawodnej komunikacji w trudnych i wymagaj\u0105cych \u015brodowiskach, takich jak podziemne kopalnie lub morskie platformy wiertnicze.<\/li>\n<li>Stacje radiowe i telewizyjne: Taktyczne \u015bwiat\u0142owodowe kable krosowe s\u0105 wykorzystywane w stacjach nadawczych i telewizyjnych w celu zapewnienia niezawodnej i stabilnej transmisji sygna\u0142u audio i wideo.<\/li>\n<li>Reagowanie kryzysowe i usuwanie skutk\u00f3w katastrof: Taktyczne \u015bwiat\u0142owodowe kable krosowe s\u0105 wykorzystywane w operacjach reagowania kryzysowego i usuwania skutk\u00f3w katastrof, aby zapewni\u0107 szybk\u0105 i niezawodn\u0105 komunikacj\u0119 w trudnych warunkach zewn\u0119trznych.<\/li>\n<\/ul>\n<h2 style=\"text-align: left; font-size: 18px;\"><strong>Szukasz wi\u0119cej opcji kabli \u015bwiat\u0142owodowych?<\/strong><\/h2>\n<p>Potrzebujesz wi\u0119cej opcji kabli \u015bwiat\u0142owodowych? Zapoznaj si\u0119 z nasz\u0105 ofert\u0105 <strong><span style=\"color: #0054a6;\"><a style=\"color: #0054a6;\" href=\"https:\/\/www.bonelinks.com\/pl\/ruggedised-fibre-patch-leads\/\" target=\"_blank\" rel=\"noopener\">Wzmocnione kable \u015bwiat\u0142owodowe, <\/a><a style=\"color: #0054a6;\" href=\"https:\/\/www.bonelinks.com\/pl\/products\/tactical-fiber-optic-cable-pl\/\" target=\"_blank\" rel=\"noopener\">Taktyczne kable \u015bwiat\u0142owodowe <\/a><\/span><\/strong>dla bezproblemowej pracy w sieci.<\/p>\n<p>Szukasz niestandardowych i specjalnie zaprojektowanych kabli \u015bwiat\u0142owodowych? Zapoznaj si\u0119 z nasz\u0105 dedykowan\u0105 sekcj\u0105<a href=\"https:\/\/www.bonelinks.com\/pl\/custom-fiber-optic-cables\/\" target=\"_blank\" rel=\"noopener\"><span style=\"color: #0054a6;\"><strong> Niestandardowe kable \u015bwiat\u0142owodowe <\/strong><\/span><\/a>w celu uzyskania dopasowanych rozwi\u0105za\u0144 w zakresie \u0142\u0105czno\u015bci.<\/p>\n<ul>\n<li>Sprzeda\u017c detaliczna lub hurtowa &#8211; mamy wszystko pod kontrol\u0105!<\/li>\n<li>Nie wiesz co kupi\u0107? Oferujemy porady ekspert\u00f3w.<\/li>\n<li>Ma\u0142e MOQ: Nie musisz kupowa\u0107 wi\u0119cej ni\u017c chcesz.<\/li>\n<li>Konkurencyjne ceny: Uzyskaj \u015bwietn\u0105 warto\u015b\u0107 za ka\u017cdym razem.<\/li>\n<li>Szybka dostawa: Twoja szybko\u015b\u0107, nasz priorytet.<\/li>\n<li>Zorientowanie na klienta: Dostosowujemy nasze us\u0142ugi do Twoich potrzeb.<\/li>\n<\/ul>\n<p><strong>Po\u0142\u0105cz si\u0119 z nami!<\/strong><br \/>\nJe\u015bli masz problem ze znalezieniem odpowiedniego <span style=\"color: #0054a6;\"><strong><a style=\"color: #0054a6;\" href=\"https:\/\/www.bonelinks.com\/pl\/fiber-optic-patch-cord-supplier\/\" target=\"_blank\" rel=\"noopener\">\u015bwiat\u0142owodowego kabla krosowego <\/a><\/strong><\/span>do swoich potrzeb lub potrzebujesz porady eksperta, wystarczy jedno klikni\u0119cie i mo\u017cesz<a href=\"https:\/\/www.bonelinks.com\/pl\/contact-us\/\" target=\"_blank\" rel=\"noopener\"><strong><span style=\"color: #0054a6;\"> porozmawia\u0107 z nami <\/span><\/strong><\/a>w kilka sekund. Twoje zadowolenie jest naszym priorytetem. Jeste\u015bmy gotowi pom\u00f3c Ci pod ka\u017cdym wzgl\u0119dem. <strong>Nie martw si\u0119, nadmierne my\u015blenie nie jest wymagane. Jeste\u015bmy tutaj, gotowi do pomocy.<\/strong><\/p>\n","protected":false},"excerpt":{"rendered":"<p>Taktyczny 2-\u017cy\u0142owy lub 4-\u017cy\u0142owy kabel \u015bwiat\u0142owodowy to rodzaj kabla optycznego zaprojektowanego i wyprodukowanego do u\u017cytku w zewn\u0119trznych stacjach bazowych. Termin &#8222;taktyczny&#8221; w nazwie odnosi si\u0119 do jego zdolno\u015bci do szybkiego i \u0142atwego wdra\u017cania w wojsku i innych wymagaj\u0105cych \u015brodowiskach, takich jak rozmieszczenie w terenie.<\/p>\n","protected":false},"featured_media":16552,"template":"","meta":{"site-sidebar-layout":"default","site-content-layout":"default","ast-site-content-layout":"default","site-content-style":"default","site-sidebar-style":"default","ast-global-header-display":"","ast-banner-title-visibility":"","ast-main-header-display":"","ast-hfb-above-header-display":"","ast-hfb-below-header-display":"","ast-hfb-mobile-header-display":"","site-post-title":"","ast-breadcrumbs-content":"","ast-featured-img":"","footer-sml-layout":"","ast-disable-related-posts":"","theme-transparent-header-meta":"default","adv-header-id-meta":"","stick-header-meta":"default","header-above-stick-meta":"","header-main-stick-meta":"","header-below-stick-meta":"","astra-migrate-meta-layouts":"set","ast-page-background-enabled":"default","ast-page-background-meta":{"desktop":{"background-color":"","background-image":"","background-repeat":"repeat","background-position":"center center","background-size":"auto","background-attachment":"scroll","background-type":"","background-media":"","overlay-type":"","overlay-color":"","overlay-opacity":"","overlay-gradient":""},"tablet":{"background-color":"","background-image":"","background-repeat":"repeat","background-position":"center center","background-size":"auto","background-attachment":"scroll","background-type":"","background-media":"","overlay-type":"","overlay-color":"","overlay-opacity":"","overlay-gradient":""},"mobile":{"background-color":"","background-image":"","background-repeat":"repeat","background-position":"center center","background-size":"auto","background-attachment":"scroll","background-type":"","background-media":"","overlay-type":"","overlay-color":"","overlay-opacity":"","overlay-gradient":""}},"ast-content-background-meta":{"desktop":{"background-color":"var(--ast-global-color-5)","background-image":"","background-repeat":"repeat","background-position":"center center","background-size":"auto","background-attachment":"scroll","background-type":"","background-media":"","overlay-type":"","overlay-color":"","overlay-opacity":"","overlay-gradient":""},"tablet":{"background-color":"var(--ast-global-color-5)","background-image":"","background-repeat":"repeat","background-position":"center center","background-size":"auto","background-attachment":"scroll","background-type":"","background-media":"","overlay-type":"","overlay-color":"","overlay-opacity":"","overlay-gradient":""},"mobile":{"background-color":"var(--ast-global-color-5)","background-image":"","background-repeat":"repeat","background-position":"center center","background-size":"auto","background-attachment":"scroll","background-type":"","background-media":"","overlay-type":"","overlay-color":"","overlay-opacity":"","overlay-gradient":""}}},"product_brand":[],"product_cat":[445,236,246,243,264],"product_tag":[],"class_list":{"0":"post-21516","1":"product","2":"type-product","3":"status-publish","4":"has-post-thumbnail","6":"product_cat-fc-fiber-patch-cord-pl","7":"product_cat-fiber-patch-cord-pl","8":"product_cat-single-mode-fiber-patch-cord-pl","9":"product_cat-lc-fiber-patch-cord-pl","10":"product_cat-st-fiber-patch-cord-pl","11":"pa_fiber-type-jednomodowy","12":"desktop-align-left","13":"tablet-align-left","14":"mobile-align-left","15":"ast-product-gallery-layout-vertical","16":"ast-product-gallery-with-no-image","17":"ast-product-tabs-layout-vertical","18":"ast-qv-on-image","20":"first","21":"instock","22":"shipping-taxable","23":"product-type-simple"},"_links":{"self":[{"href":"https:\/\/www.bonelinks.com\/pl\/wp-json\/wp\/v2\/product\/21516","targetHints":{"allow":["GET"]}}],"collection":[{"href":"https:\/\/www.bonelinks.com\/pl\/wp-json\/wp\/v2\/product"}],"about":[{"href":"https:\/\/www.bonelinks.com\/pl\/wp-json\/wp\/v2\/types\/product"}],"version-history":[{"count":3,"href":"https:\/\/www.bonelinks.com\/pl\/wp-json\/wp\/v2\/product\/21516\/revisions"}],"predecessor-version":[{"id":25894,"href":"https:\/\/www.bonelinks.com\/pl\/wp-json\/wp\/v2\/product\/21516\/revisions\/25894"}],"wp:featuredmedia":[{"embeddable":true,"href":"https:\/\/www.bonelinks.com\/pl\/wp-json\/wp\/v2\/media\/16552"}],"wp:attachment":[{"href":"https:\/\/www.bonelinks.com\/pl\/wp-json\/wp\/v2\/media?parent=21516"}],"wp:term":[{"taxonomy":"product_brand","embeddable":true,"href":"https:\/\/www.bonelinks.com\/pl\/wp-json\/wp\/v2\/product_brand?post=21516"},{"taxonomy":"product_cat","embeddable":true,"href":"https:\/\/www.bonelinks.com\/pl\/wp-json\/wp\/v2\/product_cat?post=21516"},{"taxonomy":"product_tag","embeddable":true,"href":"https:\/\/www.bonelinks.com\/pl\/wp-json\/wp\/v2\/product_tag?post=21516"}],"curies":[{"name":"wp","href":"https:\/\/api.w.org\/{rel}","templated":true}]}}