{"id":21417,"date":"2023-01-30T18:43:48","date_gmt":"2023-01-31T02:43:48","guid":{"rendered":"https:\/\/www.bonelinks.com\/product\/przewod-krosowy-fc-fc\/"},"modified":"2024-02-08T19:09:33","modified_gmt":"2024-02-09T03:09:33","slug":"fc-to-fc-fiber-optic-patch-cable","status":"publish","type":"product","link":"https:\/\/www.bonelinks.com\/pl\/product\/fc-to-fc-fiber-optic-patch-cable\/","title":{"rendered":"Przew\u00f3d krosowy FC FC"},"content":{"rendered":"<h1 style=\"text-align: left; font-size: 18px;\"><strong>Przew\u00f3d \u015bwiat\u0142owodowy FC FC<\/strong><\/h1>\n<p>FC FC Patch Cord to pasywny kabel komunikacyjny ze z\u0142\u0105czami \u015bwiat\u0142owodowymi FC wst\u0119pnie zako\u0144czonymi na obu ko\u0144cach, idealny do \u0142\u0105czenia \u0142\u0105czy CCTV, CATV lub system\u00f3w nadawczych. Bonelinks oferuje szerok\u0105 gam\u0119 \u015bwiat\u0142owodowych kabli krosowych FC do FC z opcjami.<\/p>\n<ul>\n<li>Jednomodowe i wielomodowe: Kable \u015bwiat\u0142owodowe z \u017c\u00f3\u0142tym p\u0142aszczem s\u0105 u\u017cywane do transmisji w trybie pojedynczego sygna\u0142u, podczas gdy kable z p\u0142aszczem pomara\u0144czowym lub fioletowym s\u0105 u\u017cywane do transmisji sygna\u0142\u00f3w optycznych w trybie wielomodowym.<\/li>\n<li>Opcje dostosowywania: Bonelinks zapewnia dostosowanie d\u0142ugo\u015bci kabla, powierzchni styku \u015bwiat\u0142owodu, informacji o nadruku i wymaga\u0144 dotycz\u0105cych opakowania. Oferuj\u0105 r\u00f3wnie\u017c kompletne z\u0142\u0105cza FC, adaptery, t\u0142umiki i w pe\u0142ni obci\u0105\u017cone panele krosowe FC.<\/li>\n<li>Zwi\u0119kszona ochrona: Spiralnie opancerzone kable \u015bwiat\u0142owodowe z funkcjami zapobiegaj\u0105cymi gryzoniom i st\u0105paniu s\u0105 dost\u0119pne do u\u017cytku w centrach danych lub serwerowniach, zapewniaj\u0105c stabiln\u0105 transmisj\u0119 i d\u0142ug\u0105 \u017cywotno\u015b\u0107.<\/li>\n<\/ul>\n<p>Bonelinks ma dzienn\u0105 wydajno\u015b\u0107 10 000 wst\u0119pnie zako\u0144czonych \u015bwiat\u0142owodowych kabli krosowych FC, a wszystkie zam\u00f3wienia s\u0105 produkowane i wysy\u0142ane w ci\u0105gu 3-5 dni, gwarantuj\u0105c klientom najwy\u017csz\u0105 wydajno\u015b\u0107.<\/p>\n<h2 style=\"text-align: left; font-size: 18px;\"><strong>Cechy kabla krosowego FC FC<\/strong><\/h2>\n<ul>\n<li>P\u0142aszcz odporny na przeci\u0105ganie: Patchcord posiada odporn\u0105 na poci\u0105gni\u0119cie os\u0142on\u0119, kt\u00f3ra zapewnia dodatkow\u0105 ochron\u0119 przed przypadkowym od\u0142\u0105czeniem kabla.<\/li>\n<li>Niskie straty wtr\u0105ceniowe, wysokie straty odbiciowe: Zapewnia wydajn\u0105 transmisj\u0119 przy minimalnych stratach sygna\u0142u i silnym odbiciu sygna\u0142u.<\/li>\n<li>100% kontrola jako\u015bci: Ka\u017cdy patchcord przechodzi dok\u0142adn\u0105 kontrol\u0119 jako\u015bci, aby zapewni\u0107 optymaln\u0105 wydajno\u015b\u0107 i niezawodno\u015b\u0107.<\/li>\n<li>Konfigurowalne opcje: Klienci mog\u0105 elastycznie dostosowywa\u0107 d\u0142ugo\u015b\u0107, \u015brednic\u0119 w\u0142\u00f3kna i typ z\u0142\u0105cza, aby spe\u0142ni\u0107 okre\u015blone wymagania.<\/li>\n<\/ul>\n<h2 style=\"text-align: left; font-size: 18px;\"><strong>Zastosowanie kabla krosowego FC<\/strong><\/h2>\n<ul>\n<li>Telekomunikacja<\/li>\n<li>Datacom (centra danych)<\/li>\n<li>\u0141\u0105czno\u015b\u0107 nadajnika-odbiornika<\/li>\n<\/ul>\n<h2 style=\"text-align: left; font-size: 18px;\"><strong>Szukasz wi\u0119cej opcji kabli \u015bwiat\u0142owodowych?<\/strong><\/h2>\n<p>Potrzebujesz wi\u0119cej opcji kabli \u015bwiat\u0142owodowych? Zapoznaj si\u0119 z nasz\u0105 ofert\u0105 <span style=\"color: #0054a6;\"><strong><a style=\"color: #0054a6;\" href=\"https:\/\/www.bonelinks.com\/pl\/fc-fiber-cable\/\" target=\"_blank\" rel=\"noopener\">Kable \u015bwiat\u0142owodowe FC <\/a><\/strong><\/span>dla bezproblemowej pracy w sieci.<\/p>\n<p>Szukasz niestandardowych i specjalnie zaprojektowanych kabli \u015bwiat\u0142owodowych? Zapoznaj si\u0119 z nasz\u0105 dedykowan\u0105 sekcj\u0105<a href=\"https:\/\/www.bonelinks.com\/pl\/custom-fiber-optic-cables\/\" target=\"_blank\" rel=\"noopener\"><span style=\"color: #0054a6;\"><strong> Niestandardowe kable \u015bwiat\u0142owodowe <\/strong><\/span><\/a>w celu uzyskania dopasowanych rozwi\u0105za\u0144 w zakresie \u0142\u0105czno\u015bci.<\/p>\n<ul>\n<li>Sprzeda\u017c detaliczna lub hurtowa &#8211; mamy wszystko pod kontrol\u0105!<\/li>\n<li>Nie wiesz co kupi\u0107? Oferujemy porady ekspert\u00f3w.<\/li>\n<li>Ma\u0142e MOQ: Nie musisz kupowa\u0107 wi\u0119cej ni\u017c chcesz.<\/li>\n<li>Konkurencyjne ceny: Uzyskaj \u015bwietn\u0105 warto\u015b\u0107 za ka\u017cdym razem.<\/li>\n<li>Szybka dostawa: Twoja szybko\u015b\u0107, nasz priorytet.<\/li>\n<li>Zorientowanie na klienta: Dostosowujemy nasze us\u0142ugi do Twoich potrzeb.<\/li>\n<\/ul>\n<p><strong>Po\u0142\u0105cz si\u0119 z nami!<\/strong><br \/>\nJe\u015bli masz problem ze znalezieniem odpowiedniego <span style=\"color: #0054a6;\"><strong><a style=\"color: #0054a6;\" href=\"https:\/\/www.bonelinks.com\/pl\/fiber-optic-patch-cord-supplier\/\" target=\"_blank\" rel=\"noopener\">\u015bwiat\u0142owodowego kabla krosowego <\/a><\/strong><\/span>do swoich potrzeb lub potrzebujesz porady eksperta, wystarczy jedno klikni\u0119cie i mo\u017cesz<a href=\"https:\/\/www.bonelinks.com\/pl\/contact-us\/\" target=\"_blank\" rel=\"noopener\"><strong><span style=\"color: #0054a6;\"> porozmawia\u0107 z nami <\/span><\/strong><\/a>w kilka sekund. Twoje zadowolenie jest naszym priorytetem. Jeste\u015bmy gotowi pom\u00f3c Ci pod ka\u017cdym wzgl\u0119dem. <strong>Nie martw si\u0119, nadmierne my\u015blenie nie jest wymagane. Jeste\u015bmy tutaj, gotowi do pomocy.<\/strong><\/p>\n","protected":false},"excerpt":{"rendered":"<p>FC FC Patch Cord to popularny pasywny kabel komunikacyjny ze z\u0142\u0105czami \u015bwiat\u0142owodowymi FC na obu ko\u0144cach. Zapewnia wst\u0119pnie zako\u0144czone po\u0142\u0105czenia dla wewn\u0119trznych lub zewn\u0119trznych kabli \u015bwiat\u0142owodowych w systemach CCTV, CATV i nadawczych. Bonelinks oferuje szerok\u0105 gam\u0119 \u015bwiat\u0142owodowych kabli krosowych FC do FC z opcjami d\u0142ugo\u015bci, materia\u0142u p\u0142aszcza, polerowania i \u015brednicy kabla.<\/p>\n","protected":false},"featured_media":17027,"template":"","meta":{"site-sidebar-layout":"default","site-content-layout":"default","ast-site-content-layout":"default","site-content-style":"default","site-sidebar-style":"default","ast-global-header-display":"","ast-banner-title-visibility":"","ast-main-header-display":"","ast-hfb-above-header-display":"","ast-hfb-below-header-display":"","ast-hfb-mobile-header-display":"","site-post-title":"","ast-breadcrumbs-content":"","ast-featured-img":"","footer-sml-layout":"","ast-disable-related-posts":"","theme-transparent-header-meta":"default","adv-header-id-meta":"","stick-header-meta":"default","header-above-stick-meta":"","header-main-stick-meta":"","header-below-stick-meta":"","astra-migrate-meta-layouts":"set","ast-page-background-enabled":"default","ast-page-background-meta":{"desktop":{"background-color":"","background-image":"","background-repeat":"repeat","background-position":"center center","background-size":"auto","background-attachment":"scroll","background-type":"","background-media":"","overlay-type":"","overlay-color":"","overlay-opacity":"","overlay-gradient":""},"tablet":{"background-color":"","background-image":"","background-repeat":"repeat","background-position":"center center","background-size":"auto","background-attachment":"scroll","background-type":"","background-media":"","overlay-type":"","overlay-color":"","overlay-opacity":"","overlay-gradient":""},"mobile":{"background-color":"","background-image":"","background-repeat":"repeat","background-position":"center center","background-size":"auto","background-attachment":"scroll","background-type":"","background-media":"","overlay-type":"","overlay-color":"","overlay-opacity":"","overlay-gradient":""}},"ast-content-background-meta":{"desktop":{"background-color":"var(--ast-global-color-5)","background-image":"","background-repeat":"repeat","background-position":"center center","background-size":"auto","background-attachment":"scroll","background-type":"","background-media":"","overlay-type":"","overlay-color":"","overlay-opacity":"","overlay-gradient":""},"tablet":{"background-color":"var(--ast-global-color-5)","background-image":"","background-repeat":"repeat","background-position":"center center","background-size":"auto","background-attachment":"scroll","background-type":"","background-media":"","overlay-type":"","overlay-color":"","overlay-opacity":"","overlay-gradient":""},"mobile":{"background-color":"var(--ast-global-color-5)","background-image":"","background-repeat":"repeat","background-position":"center center","background-size":"auto","background-attachment":"scroll","background-type":"","background-media":"","overlay-type":"","overlay-color":"","overlay-opacity":"","overlay-gradient":""}}},"product_brand":[],"product_cat":[445,236],"product_tag":[],"class_list":{"0":"post-21417","1":"product","2":"type-product","3":"status-publish","4":"has-post-thumbnail","6":"product_cat-fc-fiber-patch-cord-pl","7":"product_cat-fiber-patch-cord-pl","8":"pa_connector-type-fc-fc-pl","9":"desktop-align-left","10":"tablet-align-left","11":"mobile-align-left","12":"ast-product-gallery-layout-vertical","13":"ast-product-gallery-with-no-image","14":"ast-product-tabs-layout-vertical","15":"ast-qv-on-image","17":"first","18":"instock","19":"shipping-taxable","20":"product-type-simple"},"_links":{"self":[{"href":"https:\/\/www.bonelinks.com\/pl\/wp-json\/wp\/v2\/product\/21417","targetHints":{"allow":["GET"]}}],"collection":[{"href":"https:\/\/www.bonelinks.com\/pl\/wp-json\/wp\/v2\/product"}],"about":[{"href":"https:\/\/www.bonelinks.com\/pl\/wp-json\/wp\/v2\/types\/product"}],"version-history":[{"count":3,"href":"https:\/\/www.bonelinks.com\/pl\/wp-json\/wp\/v2\/product\/21417\/revisions"}],"predecessor-version":[{"id":25866,"href":"https:\/\/www.bonelinks.com\/pl\/wp-json\/wp\/v2\/product\/21417\/revisions\/25866"}],"wp:featuredmedia":[{"embeddable":true,"href":"https:\/\/www.bonelinks.com\/pl\/wp-json\/wp\/v2\/media\/17027"}],"wp:attachment":[{"href":"https:\/\/www.bonelinks.com\/pl\/wp-json\/wp\/v2\/media?parent=21417"}],"wp:term":[{"taxonomy":"product_brand","embeddable":true,"href":"https:\/\/www.bonelinks.com\/pl\/wp-json\/wp\/v2\/product_brand?post=21417"},{"taxonomy":"product_cat","embeddable":true,"href":"https:\/\/www.bonelinks.com\/pl\/wp-json\/wp\/v2\/product_cat?post=21417"},{"taxonomy":"product_tag","embeddable":true,"href":"https:\/\/www.bonelinks.com\/pl\/wp-json\/wp\/v2\/product_tag?post=21417"}],"curies":[{"name":"wp","href":"https:\/\/api.w.org\/{rel}","templated":true}]}}