{"id":21414,"date":"2023-01-30T19:00:28","date_gmt":"2023-01-31T03:00:28","guid":{"rendered":"https:\/\/www.bonelinks.com\/product\/kabel-krosowy-lc-st\/"},"modified":"2024-02-08T19:08:24","modified_gmt":"2024-02-09T03:08:24","slug":"lc-to-st-fiber-optic-patch-cable","status":"publish","type":"product","link":"https:\/\/www.bonelinks.com\/pl\/product\/lc-to-st-fiber-optic-patch-cable\/","title":{"rendered":"Kabel krosowy LC ST"},"content":{"rendered":"<h1 style=\"text-align: left; font-size: 18px;\"><strong>Kabel \u015bwiat\u0142owodowy LC ST<\/strong><\/h1>\n<p>Kabel krosowy LC ST posiada z\u0142\u0105cze LC na jednym ko\u0144cu i z\u0142\u0105cze ST na drugim ko\u0144cu.<\/p>\n<ul>\n<li>Z\u0142\u0105cze LC to z\u0142\u0105cze, kt\u00f3re mo\u017cna \u0142atwo wsuwa\u0107 i wyjmowa\u0107, i ma solidn\u0105 blokad\u0119 zapewniaj\u0105c\u0105 bezpieczne mocowanie. Ceramiczne tuleje zapewniaj\u0105 precyzyjne wyr\u00f3wnanie.<\/li>\n<li>Z\u0142\u0105cze ST to z\u0142\u0105cze optyczne o konstrukcji bagnetowej z kluczem. Posiada mechanizm spr\u0119\u017cynowy u\u0142atwiaj\u0105cy wk\u0142adanie i skr\u0119canie, a tak\u017ce ceramiczne tuleje zapewniaj\u0105ce niezawodne dzia\u0142anie.<\/li>\n<\/ul>\n<p><img decoding=\"async\" class=\"alignnone wp-image-7121\" src=\"https:\/\/www.bonelinks.com\/wp-content\/uploads\/2023\/01\/lc-connector-1.jpg\" alt=\"z\u0142\u0105cze lc\" width=\"250\" height=\"155\" srcset=\"https:\/\/www.bonelinks.com\/wp-content\/uploads\/2023\/01\/lc-connector-1.jpg 310w, https:\/\/www.bonelinks.com\/wp-content\/uploads\/2023\/01\/lc-connector-1-300x186.jpg 300w\" sizes=\"(max-width: 250px) 100vw, 250px\" \/><img decoding=\"async\" class=\"alignnone wp-image-7122\" src=\"https:\/\/www.bonelinks.com\/wp-content\/uploads\/2023\/01\/st-connector.jpg\" alt=\"z\u0142\u0105cze st\" width=\"250\" height=\"160\" srcset=\"https:\/\/www.bonelinks.com\/wp-content\/uploads\/2023\/01\/st-connector.jpg 324w, https:\/\/www.bonelinks.com\/wp-content\/uploads\/2023\/01\/st-connector-300x192.jpg 300w\" sizes=\"(max-width: 250px) 100vw, 250px\" \/><br \/>\nKabel krosowy LC ST zosta\u0142 specjalnie zaprojektowany do \u0142\u0105czenia urz\u0105dze\u0144 ze z\u0142\u0105czami LC i ST. Nadaje si\u0119 do r\u00f3\u017cnych zastosowa\u0144, takich jak Gigabit Ethernet, transmisja wideo i multimedi\u00f3w, instalacje lokalowe, \u015bwiat\u0142owodowe panele krosowe, transceivery \u015bwiat\u0142owodowe, sieci \u015bwiat\u0142owodowe, a tak\u017ce zastosowania przemys\u0142owe i wojskowe.<\/p>\n<p>Bonelinks oferuje r\u00f3\u017cnorodne kable krosowe LC ST, w tym opcje simplex i duplex. Kable te s\u0105 dost\u0119pne zar\u00f3wno w wersji jednomodowej, jak i wielomodowej. Dost\u0119pne d\u0142ugo\u015bci kabli wynosz\u0105 od 1 m do 15 m, z mo\u017cliwo\u015bci\u0105 zam\u00f3wienia innych d\u0142ugo\u015bci. Nasz kabel krosowy LC ST jest dost\u0119pny w obu wersjach i jest obj\u0119ty gwarancj\u0105 oraz wsparciem technicznym, zapewniaj\u0105c klientom spok\u00f3j ducha i pewno\u015b\u0107, \u017ce ich inwestycja jest chroniona. Dzi\u0119ki wysokiej jako\u015bci konstrukcji i niezawodnej wydajno\u015bci jest to niezawodne rozwi\u0105zanie do bezpiecznej i wydajnej transmisji danych w sieciach \u015bwiat\u0142owodowych.<\/p>\n<p><img fetchpriority=\"high\" decoding=\"async\" class=\"alignnone wp-image-7123\" src=\"https:\/\/www.bonelinks.com\/wp-content\/uploads\/2023\/01\/lc-st-patch-cable-scaled.jpg\" alt=\"kabel krosowy lc st\" width=\"500\" height=\"250\" srcset=\"https:\/\/www.bonelinks.com\/wp-content\/uploads\/2023\/01\/lc-st-patch-cable-scaled.jpg 2560w, https:\/\/www.bonelinks.com\/wp-content\/uploads\/2023\/01\/lc-st-patch-cable-300x150.jpg 300w, https:\/\/www.bonelinks.com\/wp-content\/uploads\/2023\/01\/lc-st-patch-cable-1030x515.jpg 1030w, https:\/\/www.bonelinks.com\/wp-content\/uploads\/2023\/01\/lc-st-patch-cable-768x384.jpg 768w, https:\/\/www.bonelinks.com\/wp-content\/uploads\/2023\/01\/lc-st-patch-cable-1536x768.jpg 1536w, https:\/\/www.bonelinks.com\/wp-content\/uploads\/2023\/01\/lc-st-patch-cable-2048x1024.jpg 2048w, https:\/\/www.bonelinks.com\/wp-content\/uploads\/2023\/01\/lc-st-patch-cable-650x325.jpg 650w\" sizes=\"(max-width: 500px) 100vw, 500px\" \/><\/p>\n<h2 style=\"text-align: left; font-size: 18px;\"><strong>Cechy<\/strong><\/h2>\n<ul>\n<li>Typy z\u0142\u0105czy: Kabel krosowy LC ST posiada z\u0142\u0105cza LC i ST, umo\u017cliwiaj\u0105ce \u0142atwe i bezpieczne po\u0142\u0105czenia mi\u0119dzy dwoma urz\u0105dzeniami optycznymi.<\/li>\n<li>Strata wtr\u0105ceniowa: Niska t\u0142umienno\u015b\u0107 wtr\u0105ceniowa ma kluczowe znaczenie dla wysokiej jako\u015bci transmisji sygna\u0142u optycznego i jest kluczow\u0105 cech\u0105 kabla krosowego LC ST.<\/li>\n<li>Strata odbiciowa: Wysoka strata odbiciowa minimalizuje odbicia sygna\u0142u i poprawia og\u00f3ln\u0105 wydajno\u015b\u0107 sieci.<\/li>\n<li>Kompatybilno\u015b\u0107: Kompatybilno\u015b\u0107 z pod\u0142\u0105czanymi urz\u0105dzeniami sieci optycznej jest wa\u017cna dla zapewnienia p\u0142ynnej transmisji sygna\u0142u.<\/li>\n<li>Trwa\u0142o\u015b\u0107: Z\u0142\u0105cza LC i ST oraz p\u0142aszcz kabla zosta\u0142y zaprojektowane z my\u015bl\u0105 o trwa\u0142o\u015bci, zapewniaj\u0105c d\u0142ugotrwa\u0142e i niezawodne po\u0142\u0105czenia.<\/li>\n<li>Wydajno\u015b\u0107 optyczna: Kable \u015bwiat\u0142owodowe LC do ST zosta\u0142y zaprojektowane tak, aby zapewni\u0107 wysoki poziom wydajno\u015bci optycznej, z nisk\u0105 t\u0142umienno\u015bci\u0105 wtr\u0105ceniow\u0105, wysok\u0105 t\u0142umienno\u015bci\u0105 powrotn\u0105 i niskim poziomem t\u0142umienia.<\/li>\n<\/ul>\n<h2 style=\"text-align: left; font-size: 18px;\"><strong>Zastosowanie<\/strong><\/h2>\n<ul>\n<li>Centra danych: W centrach danych kable krosowe LC ST s\u0105 u\u017cywane do \u0142\u0105czenia prze\u0142\u0105cznik\u00f3w, router\u00f3w i innych urz\u0105dze\u0144 sieciowych w celu szybkiej transmisji danych.<\/li>\n<li>Sieci lokalne (LAN): W sieciach LAN kable krosowe LC ST s\u0105 u\u017cywane do \u0142\u0105czenia serwer\u00f3w, stacji roboczych i innych urz\u0105dze\u0144 sieciowych w celu szybkiego i niezawodnego przesy\u0142ania danych.<\/li>\n<li>Sieci pami\u0119ci masowej (SAN): W sieciach SAN \u015bwiat\u0142owodowe kable krosowe LC do ST s\u0105 u\u017cywane do \u0142\u0105czenia urz\u0105dze\u0144 pami\u0119ci masowej z prze\u0142\u0105cznikami i serwerami w celu szybkiego przesy\u0142ania danych i tworzenia kopii zapasowych.<\/li>\n<li>Sprz\u0119t testowy: Kable \u015bwiat\u0142owodowe LC do ST s\u0105 u\u017cywane w urz\u0105dzeniach testowych, takich jak optyczne reflektometry czasowe (OTDR), do testowania i pomiaru \u015bwiat\u0142owod\u00f3w.<\/li>\n<li>Telekomunikacja: Kabel krosowy LC ST jest stosowany w sieciach telekomunikacyjnych do \u0142\u0105czenia r\u00f3\u017cnych element\u00f3w sieci optycznej, takich jak optyczne terminale liniowe (OLT), optyczne jednostki sieciowe (ONU) i optyczne po\u0142\u0105czenia krzy\u017cowe (OXC).<\/li>\n<\/ul>\n<h2 style=\"text-align: left; font-size: 18px;\"><strong>Szukasz wi\u0119cej opcji kabli \u015bwiat\u0142owodowych?<\/strong><\/h2>\n<p>Potrzebujesz wi\u0119cej opcji kabli \u015bwiat\u0142owodowych? Zapoznaj si\u0119 z nasz\u0105 ofert\u0105 <span style=\"color: #0054a6;\"><strong><a style=\"color: #0054a6;\" href=\"https:\/\/www.bonelinks.com\/pl\/lc-fibre-patch-leads\/\" target=\"_blank\" rel=\"noopener\">Kable krosowe \u015bwiat\u0142owodowe LC, <\/a><\/strong><\/span><a title=\"Kable krosowe \u015bwiat\u0142owodowe ST\" href=\"https:\/\/www.bonelinks.com\/pl\/st-fibre-patch-leads\/\" target=\"_blank\" rel=\"noopener\"><strong><span style=\"color: #0054a6;\">Kable krosowe \u015bwiat\u0142owodowe ST, <\/span><\/strong><\/a><strong><span style=\"color: #0054a6;\"><a style=\"color: #0054a6;\" href=\"https:\/\/www.bonelinks.com\/pl\/st-lc-fiber-patch-cable\/\" target=\"_blank\" rel=\"noopener\">Kable krosowe \u015bwiat\u0142owodowe ST LC <\/a><\/span><\/strong>zapewniaj\u0105ce p\u0142ynne po\u0142\u0105czenie sieciowe.<\/p>\n<p>Szukasz niestandardowych i specjalnie zaprojektowanych kabli \u015bwiat\u0142owodowych? Zapoznaj si\u0119 z nasz\u0105 dedykowan\u0105 sekcj\u0105<a href=\"https:\/\/www.bonelinks.com\/pl\/custom-fiber-optic-cables\/\" target=\"_blank\" rel=\"noopener\"><span style=\"color: #0054a6;\"><strong> Niestandardowe kable \u015bwiat\u0142owodowe <\/strong><\/span><\/a>w celu uzyskania dopasowanych rozwi\u0105za\u0144 w zakresie \u0142\u0105czno\u015bci.<\/p>\n<ul>\n<li>Sprzeda\u017c detaliczna lub hurtowa &#8211; mamy wszystko pod kontrol\u0105!<\/li>\n<li>Nie wiesz co kupi\u0107? Oferujemy porady ekspert\u00f3w.<\/li>\n<li>Ma\u0142e MOQ: Nie musisz kupowa\u0107 wi\u0119cej ni\u017c chcesz.<\/li>\n<li>Konkurencyjne ceny: Uzyskaj \u015bwietn\u0105 warto\u015b\u0107 za ka\u017cdym razem.<\/li>\n<li>Szybka dostawa: Twoja szybko\u015b\u0107, nasz priorytet.<\/li>\n<li>Zorientowanie na klienta: Dostosowujemy nasze us\u0142ugi do Twoich potrzeb.<\/li>\n<\/ul>\n<p><strong>Po\u0142\u0105cz si\u0119 z nami!<\/strong><br \/>\nJe\u015bli masz problem ze znalezieniem odpowiedniego <span style=\"color: #0054a6;\"><strong><a style=\"color: #0054a6;\" href=\"https:\/\/www.bonelinks.com\/pl\/fiber-optic-patch-cord-supplier\/\" target=\"_blank\" rel=\"noopener\">\u015bwiat\u0142owodowego kabla krosowego <\/a><\/strong><\/span>do swoich potrzeb lub potrzebujesz porady eksperta, wystarczy jedno klikni\u0119cie i mo\u017cesz<a href=\"https:\/\/www.bonelinks.com\/pl\/contact-us\/\" target=\"_blank\" rel=\"noopener\"><strong><span style=\"color: #0054a6;\"> porozmawia\u0107 z nami <\/span><\/strong><\/a>w kilka sekund. Twoje zadowolenie jest naszym priorytetem. Jeste\u015bmy gotowi pom\u00f3c Ci pod ka\u017cdym wzgl\u0119dem. <strong>Nie martw si\u0119, nadmierne my\u015blenie nie jest wymagane. Jeste\u015bmy tutaj, gotowi do pomocy.<\/strong><\/p>\n","protected":false},"excerpt":{"rendered":"<p>Kabel krosowy LC ST jest wykonany z wysokiej jako\u015bci materia\u0142\u00f3w, aby zapewni\u0107 maksymaln\u0105 wydajno\u015b\u0107 i zminimalizowa\u0107 straty sygna\u0142u. Posiada z\u0142\u0105cze LC (Lucent Connector) na jednym ko\u0144cu i z\u0142\u0105cze ST (Straight-Tip) na drugim, oferuj\u0105c \u0142atw\u0105 instalacj\u0119 i kompatybilno\u015b\u0107 z wieloma urz\u0105dzeniami.<\/p>\n<p>Kabel krosowy LC ST jest niezb\u0119dny w centrach danych, pomieszczeniach telekomunikacyjnych i szybkich aplikacjach sieciowych. Jego produkcja i testowanie spe\u0142niaj\u0105 standardy bran\u017cowe, aby zapewni\u0107 jego niezawodno\u015b\u0107 i wydajno\u015b\u0107. Kabel jest poddawany \u015bcis\u0142ej kontroli jako\u015bci, aby zagwarantowa\u0107 jego d\u0142ugowieczno\u015b\u0107 i sta\u0142\u0105 wydajno\u015b\u0107.<\/p>\n","protected":false},"featured_media":17037,"template":"","meta":{"site-sidebar-layout":"default","site-content-layout":"default","ast-site-content-layout":"default","site-content-style":"default","site-sidebar-style":"default","ast-global-header-display":"","ast-banner-title-visibility":"","ast-main-header-display":"","ast-hfb-above-header-display":"","ast-hfb-below-header-display":"","ast-hfb-mobile-header-display":"","site-post-title":"","ast-breadcrumbs-content":"","ast-featured-img":"","footer-sml-layout":"","ast-disable-related-posts":"","theme-transparent-header-meta":"default","adv-header-id-meta":"","stick-header-meta":"default","header-above-stick-meta":"","header-main-stick-meta":"","header-below-stick-meta":"","astra-migrate-meta-layouts":"set","ast-page-background-enabled":"default","ast-page-background-meta":{"desktop":{"background-color":"","background-image":"","background-repeat":"repeat","background-position":"center center","background-size":"auto","background-attachment":"scroll","background-type":"","background-media":"","overlay-type":"","overlay-color":"","overlay-opacity":"","overlay-gradient":""},"tablet":{"background-color":"","background-image":"","background-repeat":"repeat","background-position":"center center","background-size":"auto","background-attachment":"scroll","background-type":"","background-media":"","overlay-type":"","overlay-color":"","overlay-opacity":"","overlay-gradient":""},"mobile":{"background-color":"","background-image":"","background-repeat":"repeat","background-position":"center center","background-size":"auto","background-attachment":"scroll","background-type":"","background-media":"","overlay-type":"","overlay-color":"","overlay-opacity":"","overlay-gradient":""}},"ast-content-background-meta":{"desktop":{"background-color":"var(--ast-global-color-5)","background-image":"","background-repeat":"repeat","background-position":"center center","background-size":"auto","background-attachment":"scroll","background-type":"","background-media":"","overlay-type":"","overlay-color":"","overlay-opacity":"","overlay-gradient":""},"tablet":{"background-color":"var(--ast-global-color-5)","background-image":"","background-repeat":"repeat","background-position":"center center","background-size":"auto","background-attachment":"scroll","background-type":"","background-media":"","overlay-type":"","overlay-color":"","overlay-opacity":"","overlay-gradient":""},"mobile":{"background-color":"var(--ast-global-color-5)","background-image":"","background-repeat":"repeat","background-position":"center center","background-size":"auto","background-attachment":"scroll","background-type":"","background-media":"","overlay-type":"","overlay-color":"","overlay-opacity":"","overlay-gradient":""}}},"product_brand":[],"product_cat":[236,243,264],"product_tag":[],"class_list":{"0":"post-21414","1":"product","2":"type-product","3":"status-publish","4":"has-post-thumbnail","6":"product_cat-fiber-patch-cord-pl","7":"product_cat-lc-fiber-patch-cord-pl","8":"product_cat-st-fiber-patch-cord-pl","9":"pa_connector-type-lc-st-pl","10":"desktop-align-left","11":"tablet-align-left","12":"mobile-align-left","13":"ast-product-gallery-layout-vertical","14":"ast-product-gallery-with-no-image","15":"ast-product-tabs-layout-vertical","16":"ast-qv-on-image","18":"first","19":"instock","20":"shipping-taxable","21":"product-type-simple"},"_links":{"self":[{"href":"https:\/\/www.bonelinks.com\/pl\/wp-json\/wp\/v2\/product\/21414","targetHints":{"allow":["GET"]}}],"collection":[{"href":"https:\/\/www.bonelinks.com\/pl\/wp-json\/wp\/v2\/product"}],"about":[{"href":"https:\/\/www.bonelinks.com\/pl\/wp-json\/wp\/v2\/types\/product"}],"version-history":[{"count":3,"href":"https:\/\/www.bonelinks.com\/pl\/wp-json\/wp\/v2\/product\/21414\/revisions"}],"predecessor-version":[{"id":25864,"href":"https:\/\/www.bonelinks.com\/pl\/wp-json\/wp\/v2\/product\/21414\/revisions\/25864"}],"wp:featuredmedia":[{"embeddable":true,"href":"https:\/\/www.bonelinks.com\/pl\/wp-json\/wp\/v2\/media\/17037"}],"wp:attachment":[{"href":"https:\/\/www.bonelinks.com\/pl\/wp-json\/wp\/v2\/media?parent=21414"}],"wp:term":[{"taxonomy":"product_brand","embeddable":true,"href":"https:\/\/www.bonelinks.com\/pl\/wp-json\/wp\/v2\/product_brand?post=21414"},{"taxonomy":"product_cat","embeddable":true,"href":"https:\/\/www.bonelinks.com\/pl\/wp-json\/wp\/v2\/product_cat?post=21414"},{"taxonomy":"product_tag","embeddable":true,"href":"https:\/\/www.bonelinks.com\/pl\/wp-json\/wp\/v2\/product_tag?post=21414"}],"curies":[{"name":"wp","href":"https:\/\/api.w.org\/{rel}","templated":true}]}}