{"id":21413,"date":"2023-01-30T19:11:39","date_gmt":"2023-01-31T03:11:39","guid":{"rendered":"https:\/\/www.bonelinks.com\/product\/ftth-sc-upc-sc-apc-kabel-swiatlowodowy-drop-patchcord\/"},"modified":"2024-02-08T19:04:34","modified_gmt":"2024-02-09T03:04:34","slug":"ftth-sc-upc-sc-apc-fiber-optic-drop-cable-patchcord","status":"publish","type":"product","link":"https:\/\/www.bonelinks.com\/pl\/product\/ftth-sc-upc-sc-apc-fiber-optic-drop-cable-patchcord\/","title":{"rendered":"FTTH SC UPC SC APC Kabel \u015bwiat\u0142owodowy Drop Patchcord"},"content":{"rendered":"<p>Patchcord \u015bwiat\u0142owodowy SC UPC do SC APC FTTH to wst\u0119pnie zako\u0144czony kabel komunikacyjny ze z\u0142\u0105czami \u015bwiat\u0142owodowymi SC na obu ko\u0144cach. Dost\u0119pny jest w dw\u00f3ch wariantach: 2,0 mm kabel wewn\u0119trzny ze wzmocnieniem z w\u0142\u00f3kna szklanego i rowkami w kszta\u0142cie litery V lub 2,5 mm kabel zewn\u0119trzny ze wzmocnieniem z drutu stalowego i rowkami w kszta\u0142cie litery V. Te kable krosowe s\u0105 przeznaczone do \u0142\u0105czenia domowych skrzynek rozdzielczych \u015bwiat\u0142owodowych ze sprz\u0119tem sieciowym i oferuj\u0105 lepsz\u0105 wydajno\u015b\u0107 i stabilno\u015b\u0107 w por\u00f3wnaniu do kabli typu drop z szybkoz\u0142\u0105czk\u0105.<\/p>\n<p>W Bonelinks oferujemy nie tylko wst\u0119pnie zako\u0144czone z\u0142\u0105cza \u015bwiat\u0142owodowe SC, ale tak\u017ce z\u0142\u0105cza \u015bwiat\u0142owodowe LC i FC do bia\u0142ych i czarnych kabli \u015bwiat\u0142owodowych. Nasze kable krosowe s\u0105 dost\u0119pne w niestandardowych d\u0142ugo\u015bciach do 150 metr\u00f3w i przechodz\u0105 testy fabryczne, aby zagwarantowa\u0107 czysto\u015b\u0107 powierzchni czo\u0142owych, t\u0142umienno\u015b\u0107 wtr\u0105ceniow\u0105 i t\u0142umienno\u015b\u0107 powrotn\u0105. Ka\u017cdy przew\u00f3d krosowy jest dostarczany z raportem z test\u00f3w i jest chroniony podczas wysy\u0142ki za pomoc\u0105 okr\u0105g\u0142ej folii i folii stretch.<\/p>\n<p><strong>Cechy<\/strong><\/p>\n<ul>\n<li>Precyzyjnie wykonane z\u0142\u0105cza: Z\u0142\u0105cza SC UPC i SC APC s\u0105 precyzyjnie wykonane i wyposa\u017cone w wysokiej jako\u015bci ceramiczne tuleje, aby zapewni\u0107 nisk\u0105 t\u0142umienno\u015b\u0107 wtr\u0105ceniow\u0105 i wysok\u0105 t\u0142umienno\u015b\u0107 powrotn\u0105.<\/li>\n<li>Niskie straty wtr\u0105ceniowe: Kabel \u015bwiat\u0142owodowy SC UPC do SC APC charakteryzuje si\u0119 niskimi stratami wtr\u0105ceniowymi, kt\u00f3re s\u0105 miar\u0105 ilo\u015bci strat \u015bwiat\u0142a, kt\u00f3re wyst\u0119puj\u0105, gdy sygna\u0142 optyczny przechodzi przez z\u0142\u0105cze. Niska t\u0142umienno\u015b\u0107 wtr\u0105ceniowa zapewnia wysok\u0105 jako\u015b\u0107 i niezawodno\u015b\u0107 sygna\u0142u.<\/li>\n<li>Wysoka strata odbiciowa: Patchcord charakteryzuje si\u0119 r\u00f3wnie\u017c wysok\u0105 strat\u0105 odbiciow\u0105, kt\u00f3ra jest miar\u0105 ilo\u015bci \u015bwiat\u0142a odbijanego z powrotem od z\u0142\u0105cza. Wysokie straty odbiciowe zapewniaj\u0105, \u017ce sygna\u0142 optyczny jest przesy\u0142any z minimalnymi stratami i zniekszta\u0142ceniami.<\/li>\n<li>Trwa\u0142a konstrukcja: Kabel \u015bwiat\u0142owodowy SC UPC do SC APC FTTH ma trwa\u0142\u0105 konstrukcj\u0119, kt\u00f3ra jest odporna na wysokie temperatury, wilgo\u0107 i uderzenia fizyczne. P\u0142aszcz kabla jest wykonany z trudnopalnego i niskodymnego materia\u0142u bezhalogenowego (LSZH), dzi\u0119ki czemu jest bezpieczny do u\u017cytku w budynkach mieszkalnych i komercyjnych.<\/li>\n<li>\u0141atwa instalacja: Kabel \u015bwiat\u0142owodowy SC UPC do SC APC FTTH zosta\u0142 zaprojektowany z my\u015bl\u0105 o \u0142atwej instalacji, umo\u017cliwiaj\u0105c szybkie i proste po\u0142\u0105czenie mi\u0119dzy elementami sieci optycznej.<\/li>\n<\/ul>\n<p><strong>Zastosowanie<\/strong><\/p>\n<ul>\n<li>Sieci FTTH: Kabel \u015bwiat\u0142owodowy SC UPC do SC APC jest u\u017cywany g\u0142\u00f3wnie w sieciach FTTH do \u0142\u0105czenia ONT z OLT. Patchcord zapewnia szybkie, niezawodne po\u0142\u0105czenie, kt\u00f3re umo\u017cliwia dostarczanie szybkich us\u0142ug szerokopasmowych do dom\u00f3w i firm.<\/li>\n<li>Centra danych: Patchcord jest r\u00f3wnie\u017c u\u017cywany w centrach danych do \u0142\u0105czenia optycznych urz\u0105dze\u0144 nadawczo-odbiorczych i innych komponent\u00f3w optycznych. Wysoka jako\u015b\u0107 i niezawodno\u015b\u0107 kabla krosowego zapewnia szybk\u0105 i bezpieczn\u0105 transmisj\u0119 danych.<\/li>\n<li>Sieci telekomunikacyjne: Kabel \u015bwiat\u0142owodowy SC UPC do SC APC jest u\u017cywany w sieciach telekomunikacyjnych do \u0142\u0105czenia element\u00f3w sieci optycznej, takich jak wzmacniacze optyczne i prze\u0142\u0105czniki optyczne. Kabel krosowy zapewnia szybkie, niezawodne po\u0142\u0105czenie, kt\u00f3re umo\u017cliwia dostarczanie szybkich danych i us\u0142ug g\u0142osowych.<\/li>\n<\/ul>\n<h2 style=\"text-align: left; font-size: 18px;\"><strong>Szukasz wi\u0119cej opcji kabli \u015bwiat\u0142owodowych?<\/strong><\/h2>\n<p>Potrzebujesz wi\u0119cej opcji kabli \u015bwiat\u0142owodowych? Zapoznaj si\u0119 z nasz\u0105 ofert\u0105 <a title=\"Kable \u015bwiat\u0142owodowe SC\" href=\"https:\/\/www.bonelinks.com\/pl\/sc-fibre-patch-leads\/\" target=\"_blank\" rel=\"noopener\"><strong><span style=\"color: #0054a6;\">Kable \u015bwiat\u0142owodowe SC, <\/span><\/strong><\/a><strong><span style=\"color: #0054a6;\"><a style=\"color: #0054a6;\" href=\"https:\/\/www.bonelinks.com\/pl\/ftth-drop-cable\/\" target=\"_blank\" rel=\"noopener\">Kable FTTH Drop <\/a><\/span><\/strong>zapewniaj\u0105cych p\u0142ynne po\u0142\u0105czenie sieciowe.<\/p>\n<p>Szukasz niestandardowych i specjalnie zaprojektowanych kabli \u015bwiat\u0142owodowych? Zapoznaj si\u0119 z nasz\u0105 dedykowan\u0105 sekcj\u0105<a href=\"https:\/\/www.bonelinks.com\/pl\/custom-fiber-optic-cables\/\" target=\"_blank\" rel=\"noopener\"><span style=\"color: #0054a6;\"><strong> Niestandardowe kable \u015bwiat\u0142owodowe <\/strong><\/span><\/a>w celu uzyskania dopasowanych rozwi\u0105za\u0144 w zakresie \u0142\u0105czno\u015bci.<\/p>\n<ul>\n<li>Sprzeda\u017c detaliczna lub hurtowa &#8211; mamy wszystko pod kontrol\u0105!<\/li>\n<li>Nie wiesz co kupi\u0107? Oferujemy porady ekspert\u00f3w.<\/li>\n<li>Ma\u0142e MOQ: Nie musisz kupowa\u0107 wi\u0119cej ni\u017c chcesz.<\/li>\n<li>Konkurencyjne ceny: Uzyskaj \u015bwietn\u0105 warto\u015b\u0107 za ka\u017cdym razem.<\/li>\n<li>Szybka dostawa: Twoja szybko\u015b\u0107, nasz priorytet.<\/li>\n<li>Zorientowanie na klienta: Dostosowujemy nasze us\u0142ugi do Twoich potrzeb.<\/li>\n<\/ul>\n<p><strong>Po\u0142\u0105cz si\u0119 z nami!<\/strong><br \/>\nJe\u015bli masz problem ze znalezieniem odpowiedniego <span style=\"color: #0054a6;\"><strong><a style=\"color: #0054a6;\" href=\"https:\/\/www.bonelinks.com\/pl\/fiber-optic-patch-cord-supplier\/\" target=\"_blank\" rel=\"noopener\">\u015bwiat\u0142owodowego kabla krosowego <\/a><\/strong><\/span>do swoich potrzeb lub potrzebujesz porady eksperta, wystarczy jedno klikni\u0119cie i mo\u017cesz<a href=\"https:\/\/www.bonelinks.com\/pl\/contact-us\/\" target=\"_blank\" rel=\"noopener\"><strong><span style=\"color: #0054a6;\"> porozmawia\u0107 z nami <\/span><\/strong><\/a>w kilka sekund. Twoje zadowolenie jest naszym priorytetem. Jeste\u015bmy gotowi pom\u00f3c Ci pod ka\u017cdym wzgl\u0119dem. <strong>Nie martw si\u0119, nadmierne my\u015blenie nie jest wymagane. Jeste\u015bmy tutaj, gotowi do pomocy.<\/strong><\/p>\n","protected":false},"excerpt":{"rendered":"<p>Kabel \u015bwiat\u0142owodowy SC UPC do SC APC FTTH to rodzaj kabla \u015bwiat\u0142owodowego u\u017cywanego w \u015bwiat\u0142owodowych systemach komunikacyjnych. &#8222;SC&#8221; oznacza &#8222;Subscriber Connector&#8221;, &#8222;UPC&#8221; oznacza &#8222;Ultra Physical Contact&#8221;, a &#8222;APC&#8221; oznacza &#8222;Angled Physical Contact&#8221;.<\/p>\n<p>Ten \u015bwiat\u0142owodowy kabel krosowy jest przeznaczony do u\u017cytku w aplikacjach typu fiber-to-the-home (FTTH), w kt\u00f3rych kable \u015bwiat\u0142owodowe s\u0105 prowadzone bezpo\u015brednio do indywidualnych dom\u00f3w w celu zapewnienia szybkiego Internetu i innych us\u0142ug komunikacyjnych. Kabel posiada standardowe z\u0142\u0105cze SC na obu ko\u0144cach, co u\u0142atwia pod\u0142\u0105czenie do sprz\u0119tu sieciowego i urz\u0105dze\u0144 domowych.<\/p>\n<p>Jeden koniec kabla ma wyko\u0144czenie UPC, kt\u00f3re zapewnia g\u0142adk\u0105, okr\u0105g\u0142\u0105 powierzchni\u0119 czo\u0142ow\u0105 z\u0142\u0105cza, podczas gdy drugi koniec ma z\u0142\u0105cze APC z k\u0105towym kontaktem fizycznym, aby zminimalizowa\u0107 ilo\u015b\u0107 \u015bwiat\u0142a odbijanego z powrotem do kabla. Konstrukcja ta pomaga zmniejszy\u0107 odbicia wsteczne, poprawi\u0107 integralno\u015b\u0107 sygna\u0142u i zmniejszy\u0107 straty sygna\u0142u, poprawiaj\u0105c og\u00f3ln\u0105 wydajno\u015b\u0107.<\/p>\n<p>Sam kabel wykonany jest z wysokiej jako\u015bci \u015bwiat\u0142owodu, zapewniaj\u0105cego szybk\u0105 i niezawodn\u0105 transmisj\u0119 danych na du\u017ce odleg\u0142o\u015bci. Zosta\u0142 r\u00f3wnie\u017c zaprojektowany z my\u015bl\u0105 o elastyczno\u015bci i trwa\u0142o\u015bci, dzi\u0119ki czemu idealnie nadaje si\u0119 do u\u017cytku w \u015brodowiskach, w kt\u00f3rych przestrze\u0144 jest ograniczona i \/ lub konieczne jest przemieszczanie kabli.<\/p>\n<p>Podsumowuj\u0105c, kabel \u015bwiat\u0142owodowy SC UPC do SC APC FTTH to wysokowydajne rozwi\u0105zanie do zastosowa\u0144 \u015bwiat\u0142owodowych w domu, zapewniaj\u0105ce szybk\u0105 i niezawodn\u0105 transmisj\u0119 danych do poszczeg\u00f3lnych dom\u00f3w z poprawion\u0105 integralno\u015bci\u0105 sygna\u0142u i zmniejszonymi stratami sygna\u0142u.<\/p>\n","protected":false},"featured_media":17052,"template":"","meta":{"site-sidebar-layout":"default","site-content-layout":"default","ast-site-content-layout":"default","site-content-style":"default","site-sidebar-style":"default","ast-global-header-display":"","ast-banner-title-visibility":"","ast-main-header-display":"","ast-hfb-above-header-display":"","ast-hfb-below-header-display":"","ast-hfb-mobile-header-display":"","site-post-title":"","ast-breadcrumbs-content":"","ast-featured-img":"","footer-sml-layout":"","ast-disable-related-posts":"","theme-transparent-header-meta":"default","adv-header-id-meta":"","stick-header-meta":"default","header-above-stick-meta":"","header-main-stick-meta":"","header-below-stick-meta":"","astra-migrate-meta-layouts":"set","ast-page-background-enabled":"default","ast-page-background-meta":{"desktop":{"background-color":"","background-image":"","background-repeat":"repeat","background-position":"center center","background-size":"auto","background-attachment":"scroll","background-type":"","background-media":"","overlay-type":"","overlay-color":"","overlay-opacity":"","overlay-gradient":""},"tablet":{"background-color":"","background-image":"","background-repeat":"repeat","background-position":"center center","background-size":"auto","background-attachment":"scroll","background-type":"","background-media":"","overlay-type":"","overlay-color":"","overlay-opacity":"","overlay-gradient":""},"mobile":{"background-color":"","background-image":"","background-repeat":"repeat","background-position":"center center","background-size":"auto","background-attachment":"scroll","background-type":"","background-media":"","overlay-type":"","overlay-color":"","overlay-opacity":"","overlay-gradient":""}},"ast-content-background-meta":{"desktop":{"background-color":"var(--ast-global-color-5)","background-image":"","background-repeat":"repeat","background-position":"center center","background-size":"auto","background-attachment":"scroll","background-type":"","background-media":"","overlay-type":"","overlay-color":"","overlay-opacity":"","overlay-gradient":""},"tablet":{"background-color":"var(--ast-global-color-5)","background-image":"","background-repeat":"repeat","background-position":"center center","background-size":"auto","background-attachment":"scroll","background-type":"","background-media":"","overlay-type":"","overlay-color":"","overlay-opacity":"","overlay-gradient":""},"mobile":{"background-color":"var(--ast-global-color-5)","background-image":"","background-repeat":"repeat","background-position":"center center","background-size":"auto","background-attachment":"scroll","background-type":"","background-media":"","overlay-type":"","overlay-color":"","overlay-opacity":"","overlay-gradient":""}}},"product_brand":[],"product_cat":[236,269],"product_tag":[],"class_list":{"0":"post-21413","1":"product","2":"type-product","3":"status-publish","4":"has-post-thumbnail","6":"product_cat-fiber-patch-cord-pl","7":"product_cat-sc-fiber-patch-cord-pl-2","8":"pa_connector-type-sc-sc-pl","9":"pa_fiber-type-jednomodowy","10":"desktop-align-left","11":"tablet-align-left","12":"mobile-align-left","13":"ast-product-gallery-layout-vertical","14":"ast-product-gallery-with-no-image","15":"ast-product-tabs-layout-vertical","16":"ast-qv-on-image","18":"first","19":"instock","20":"shipping-taxable","21":"product-type-simple"},"_links":{"self":[{"href":"https:\/\/www.bonelinks.com\/pl\/wp-json\/wp\/v2\/product\/21413","targetHints":{"allow":["GET"]}}],"collection":[{"href":"https:\/\/www.bonelinks.com\/pl\/wp-json\/wp\/v2\/product"}],"about":[{"href":"https:\/\/www.bonelinks.com\/pl\/wp-json\/wp\/v2\/types\/product"}],"version-history":[{"count":3,"href":"https:\/\/www.bonelinks.com\/pl\/wp-json\/wp\/v2\/product\/21413\/revisions"}],"predecessor-version":[{"id":25862,"href":"https:\/\/www.bonelinks.com\/pl\/wp-json\/wp\/v2\/product\/21413\/revisions\/25862"}],"wp:featuredmedia":[{"embeddable":true,"href":"https:\/\/www.bonelinks.com\/pl\/wp-json\/wp\/v2\/media\/17052"}],"wp:attachment":[{"href":"https:\/\/www.bonelinks.com\/pl\/wp-json\/wp\/v2\/media?parent=21413"}],"wp:term":[{"taxonomy":"product_brand","embeddable":true,"href":"https:\/\/www.bonelinks.com\/pl\/wp-json\/wp\/v2\/product_brand?post=21413"},{"taxonomy":"product_cat","embeddable":true,"href":"https:\/\/www.bonelinks.com\/pl\/wp-json\/wp\/v2\/product_cat?post=21413"},{"taxonomy":"product_tag","embeddable":true,"href":"https:\/\/www.bonelinks.com\/pl\/wp-json\/wp\/v2\/product_tag?post=21413"}],"curies":[{"name":"wp","href":"https:\/\/api.w.org\/{rel}","templated":true}]}}