{"id":21385,"date":"2023-06-22T21:18:51","date_gmt":"2023-06-23T05:18:51","guid":{"rendered":"https:\/\/www.bonelinks.com\/product\/kabel-krosowy-lc-upc-sc-apc\/"},"modified":"2024-02-08T18:58:00","modified_gmt":"2024-02-09T02:58:00","slug":"patch-cord-lc-upc-sc-apc","status":"publish","type":"product","link":"https:\/\/www.bonelinks.com\/pl\/product\/patch-cord-lc-upc-sc-apc\/","title":{"rendered":"Kabel krosowy LC UPC SC APC"},"content":{"rendered":"<h1 style=\"text-align: left; font-size: 18px;\"><strong>Kabel krosowy LC UPC &#8211; SC APC do niezawodnych po\u0142\u0105cze\u0144 \u015bwiat\u0142owodowych<\/strong><\/h1>\n<p>Patchcord, wyposa\u017cony w z\u0142\u0105cza SC do LC, nadaje si\u0119 do wdro\u017cenia w dowolnej sieci \u015bwiat\u0142owodowej.<\/p>\n<ul>\n<li>Z\u0142\u0105cze SC jest przeznaczone do pod\u0142\u0105czania modu\u0142\u00f3w optycznych GBIC lub zwyk\u0142ych transceiver\u00f3w \u015bwiat\u0142owodowych, z prostok\u0105tn\u0105 pow\u0142ok\u0105 zewn\u0119trzn\u0105 i metod\u0105 mocowania plug-and-pull.<\/li>\n<li>Z\u0142\u0105cze LC, z drugiej strony, jest u\u017cywane do pod\u0142\u0105czania modu\u0142\u00f3w SFP i wykorzystuje mechanizm zatrzaskowy gniazda modu\u0142owego (RJ) dla \u0142atwej obs\u0142ugi.<\/li>\n<\/ul>\n<p>Z\u0142\u0105cza na kablu krosowym maj\u0105 polerowanie APC (Angled Physical Contact) lub UPC (Ultra Physical Contact).<\/p>\n<ul>\n<li>Powierzchnia czo\u0142owa UPC to p\u0142aska powierzchnia \u0142uku, kt\u00f3ra zapewnia bliski kontakt, co skutkuje t\u0142umieniem odbi\u0107 na poziomie -50 dB.<\/li>\n<li>W przeciwie\u0144stwie do tego, powierzchnia czo\u0142owa APC jest nachylona pod k\u0105tem 8 stopni, aby zminimalizowa\u0107 odbicia, co prowadzi do t\u0142umienia odbi\u0107 na poziomie -60 dB.<br \/>\n<img decoding=\"async\" class=\"alignnone wp-image-7097\" src=\"https:\/\/www.bonelinks.com\/wp-content\/uploads\/2023\/06\/LC-UPC.jpg\" alt=\"LC UPC\" width=\"300\" height=\"148\" srcset=\"https:\/\/www.bonelinks.com\/wp-content\/uploads\/2023\/06\/LC-UPC.jpg 581w, https:\/\/www.bonelinks.com\/wp-content\/uploads\/2023\/06\/LC-UPC-300x148.jpg 300w\" sizes=\"(max-width: 300px) 100vw, 300px\" \/> <img decoding=\"async\" class=\"alignnone wp-image-7098\" src=\"https:\/\/www.bonelinks.com\/wp-content\/uploads\/2023\/06\/SC-APC.jpg\" alt=\"SC APC\" width=\"300\" height=\"154\" srcset=\"https:\/\/www.bonelinks.com\/wp-content\/uploads\/2023\/06\/SC-APC.jpg 569w, https:\/\/www.bonelinks.com\/wp-content\/uploads\/2023\/06\/SC-APC-300x154.jpg 300w\" sizes=\"(max-width: 300px) 100vw, 300px\" \/><\/li>\n<\/ul>\n<h2 style=\"text-align: left; font-size: 18px;\"><strong>Cechy kabla krosowego LC UPC &#8211; SC APC<\/strong><\/h2>\n<ul>\n<li>Ceramiczne tuleje<\/li>\n<li>Odporno\u015b\u0107 na zak\u0142\u00f3cenia elektryczne<\/li>\n<li>W 100% sprawdzone optycznie i przetestowane pod k\u0105tem strat wtr\u0105ceniowych<\/li>\n<\/ul>\n<h2 style=\"text-align: left; font-size: 18px;\"><strong>Zastosowanie kabla krosowego LC UPC &#8211; SC APC<\/strong><\/h2>\n<ul>\n<li>Wdro\u017cenia sieci \u015bwiat\u0142owodowych<\/li>\n<li>Fast Ethernet<\/li>\n<li>Gigabit Ethernet<\/li>\n<li>Farmy serwer\u00f3w<\/li>\n<li>FTTX<\/li>\n<\/ul>\n<h2 style=\"text-align: left; font-size: 18px;\"><strong>Szukasz wi\u0119cej opcji kabli \u015bwiat\u0142owodowych?<\/strong><\/h2>\n<p>Potrzebujesz wi\u0119cej opcji kabli \u015bwiat\u0142owodowych? Zapoznaj si\u0119 z nasz\u0105 ofert\u0105 <span style=\"color: #0054a6;\"><strong><a style=\"color: #0054a6;\" href=\"https:\/\/www.bonelinks.com\/pl\/lc-fibre-patch-leads\/\" target=\"_blank\" rel=\"noopener\">Kable krosowe \u015bwiat\u0142owodowe LC,<\/a> <\/strong><br \/>\n<\/span><a title=\"Kable \u015bwiat\u0142owodowe SC\" href=\"https:\/\/www.bonelinks.com\/pl\/sc-fibre-patch-leads\/\" target=\"_blank\" rel=\"noopener\"><strong><span style=\"color: #0054a6;\">Kable \u015bwiat\u0142owodowe SC, <\/span><\/strong><\/a><strong><span style=\"color: #0054a6;\"><a style=\"color: #0054a6;\" href=\"https:\/\/www.bonelinks.com\/pl\/lc-to-sc-fiber-cables\/\" target=\"_blank\" rel=\"noopener\">Kable \u015bwiat\u0142owodowe SC LC <\/a><\/span><\/strong>zapewniaj\u0105ce p\u0142ynne po\u0142\u0105czenie sieciowe.<\/p>\n<p>Szukasz niestandardowych i specjalnie zaprojektowanych kabli \u015bwiat\u0142owodowych? Zapoznaj si\u0119 z nasz\u0105 dedykowan\u0105 sekcj\u0105<a href=\"https:\/\/www.bonelinks.com\/pl\/custom-fiber-optic-cables\/\" target=\"_blank\" rel=\"noopener\"><span style=\"color: #0054a6;\"><strong> Niestandardowe kable \u015bwiat\u0142owodowe <\/strong><\/span><\/a>w celu uzyskania dopasowanych rozwi\u0105za\u0144 w zakresie \u0142\u0105czno\u015bci.<\/p>\n<ul>\n<li>Sprzeda\u017c detaliczna lub hurtowa &#8211; mamy wszystko pod kontrol\u0105!<\/li>\n<li>Nie wiesz co kupi\u0107? Oferujemy porady ekspert\u00f3w.<\/li>\n<li>Ma\u0142e MOQ: Nie musisz kupowa\u0107 wi\u0119cej ni\u017c chcesz.<\/li>\n<li>Konkurencyjne ceny: Uzyskaj \u015bwietn\u0105 warto\u015b\u0107 za ka\u017cdym razem.<\/li>\n<li>Szybka dostawa: Twoja szybko\u015b\u0107, nasz priorytet.<\/li>\n<li>Zorientowanie na klienta: Dostosowujemy nasze us\u0142ugi do Twoich potrzeb.<\/li>\n<\/ul>\n<p><strong>Po\u0142\u0105cz si\u0119 z nami!<\/strong><br \/>\nJe\u015bli masz problem ze znalezieniem odpowiedniego <span style=\"color: #0054a6;\"><strong><a style=\"color: #0054a6;\" href=\"https:\/\/www.bonelinks.com\/pl\/fiber-optic-patch-cord-supplier\/\" target=\"_blank\" rel=\"noopener\">\u015bwiat\u0142owodowego kabla krosowego <\/a><\/strong><\/span>do swoich potrzeb lub potrzebujesz porady eksperta, wystarczy jedno klikni\u0119cie i mo\u017cesz<a href=\"https:\/\/www.bonelinks.com\/pl\/contact-us\/\" target=\"_blank\" rel=\"noopener\"><strong><span style=\"color: #0054a6;\"> porozmawia\u0107 z nami <\/span><\/strong><\/a>w kilka sekund. Twoje zadowolenie jest naszym priorytetem. Jeste\u015bmy gotowi pom\u00f3c Ci pod ka\u017cdym wzgl\u0119dem. <strong>Nie martw si\u0119, nadmierne my\u015blenie nie jest wymagane. Jeste\u015bmy tutaj, gotowi do pomocy.<\/strong><\/p>\n","protected":false},"excerpt":{"rendered":"<p>Do\u015bwiadcz niezawodnych i wydajnych po\u0142\u0105cze\u0144 \u015bwiat\u0142owodowych dzi\u0119ki LC UPC SC APC Patch Cord od Bonelinks. Zbudowany z najwy\u017cszej jako\u015bci komponent\u00f3w i konfigurowalnych opcji, ten \u015bwiat\u0142owodowy kabel krosowy zapewnia wysok\u0105 wydajno\u015b\u0107 i trwa\u0142o\u015b\u0107 dla potrzeb sieciowych.<\/p>\n<ul>\n<li>Hybrydowe kable \u015bwiat\u0142owodowe SC\/APC LC\/UPC<\/li>\n<li>Zar\u00f3wno zako\u0144czenia z\u0142\u0105czy SC, jak i LC s\u0105 testowane w celu zapewnienia wysokiej jako\u015bci dzia\u0142ania sieci.<\/li>\n<li>Ko\u0144c\u00f3wki APC i UPC s\u0105 w 100% sprawdzane pod k\u0105tem prawid\u0142owych poziom\u00f3w t\u0142umienno\u015bci powrotu i t\u0142umienno\u015bci wtr\u0105ceniowej.<\/li>\n<li>Dost\u0119pne w wersji wielomodowej i jednomodowej, simpleksowej i dupleksowej oraz w r\u00f3\u017cnych d\u0142ugo\u015bciach<\/li>\n<\/ul>\n","protected":false},"featured_media":17992,"template":"","meta":{"site-sidebar-layout":"default","site-content-layout":"default","ast-site-content-layout":"default","site-content-style":"default","site-sidebar-style":"default","ast-global-header-display":"","ast-banner-title-visibility":"","ast-main-header-display":"","ast-hfb-above-header-display":"","ast-hfb-below-header-display":"","ast-hfb-mobile-header-display":"","site-post-title":"","ast-breadcrumbs-content":"","ast-featured-img":"","footer-sml-layout":"","ast-disable-related-posts":"","theme-transparent-header-meta":"default","adv-header-id-meta":"","stick-header-meta":"default","header-above-stick-meta":"","header-main-stick-meta":"","header-below-stick-meta":"","astra-migrate-meta-layouts":"set","ast-page-background-enabled":"default","ast-page-background-meta":{"desktop":{"background-color":"","background-image":"","background-repeat":"repeat","background-position":"center center","background-size":"auto","background-attachment":"scroll","background-type":"","background-media":"","overlay-type":"","overlay-color":"","overlay-opacity":"","overlay-gradient":""},"tablet":{"background-color":"","background-image":"","background-repeat":"repeat","background-position":"center center","background-size":"auto","background-attachment":"scroll","background-type":"","background-media":"","overlay-type":"","overlay-color":"","overlay-opacity":"","overlay-gradient":""},"mobile":{"background-color":"","background-image":"","background-repeat":"repeat","background-position":"center center","background-size":"auto","background-attachment":"scroll","background-type":"","background-media":"","overlay-type":"","overlay-color":"","overlay-opacity":"","overlay-gradient":""}},"ast-content-background-meta":{"desktop":{"background-color":"var(--ast-global-color-5)","background-image":"","background-repeat":"repeat","background-position":"center center","background-size":"auto","background-attachment":"scroll","background-type":"","background-media":"","overlay-type":"","overlay-color":"","overlay-opacity":"","overlay-gradient":""},"tablet":{"background-color":"var(--ast-global-color-5)","background-image":"","background-repeat":"repeat","background-position":"center center","background-size":"auto","background-attachment":"scroll","background-type":"","background-media":"","overlay-type":"","overlay-color":"","overlay-opacity":"","overlay-gradient":""},"mobile":{"background-color":"var(--ast-global-color-5)","background-image":"","background-repeat":"repeat","background-position":"center center","background-size":"auto","background-attachment":"scroll","background-type":"","background-media":"","overlay-type":"","overlay-color":"","overlay-opacity":"","overlay-gradient":""}}},"product_brand":[],"product_cat":[236,243,269],"product_tag":[],"class_list":{"0":"post-21385","1":"product","2":"type-product","3":"status-publish","4":"has-post-thumbnail","6":"product_cat-fiber-patch-cord-pl","7":"product_cat-lc-fiber-patch-cord-pl","8":"product_cat-sc-fiber-patch-cord-pl-2","9":"pa_connector-type-lc-sc-pl","10":"desktop-align-left","11":"tablet-align-left","12":"mobile-align-left","13":"ast-product-gallery-layout-vertical","14":"ast-product-gallery-with-no-image","15":"ast-product-tabs-layout-vertical","16":"ast-qv-on-image","18":"first","19":"instock","20":"shipping-taxable","21":"product-type-simple"},"_links":{"self":[{"href":"https:\/\/www.bonelinks.com\/pl\/wp-json\/wp\/v2\/product\/21385","targetHints":{"allow":["GET"]}}],"collection":[{"href":"https:\/\/www.bonelinks.com\/pl\/wp-json\/wp\/v2\/product"}],"about":[{"href":"https:\/\/www.bonelinks.com\/pl\/wp-json\/wp\/v2\/types\/product"}],"version-history":[{"count":3,"href":"https:\/\/www.bonelinks.com\/pl\/wp-json\/wp\/v2\/product\/21385\/revisions"}],"predecessor-version":[{"id":25858,"href":"https:\/\/www.bonelinks.com\/pl\/wp-json\/wp\/v2\/product\/21385\/revisions\/25858"}],"wp:featuredmedia":[{"embeddable":true,"href":"https:\/\/www.bonelinks.com\/pl\/wp-json\/wp\/v2\/media\/17992"}],"wp:attachment":[{"href":"https:\/\/www.bonelinks.com\/pl\/wp-json\/wp\/v2\/media?parent=21385"}],"wp:term":[{"taxonomy":"product_brand","embeddable":true,"href":"https:\/\/www.bonelinks.com\/pl\/wp-json\/wp\/v2\/product_brand?post=21385"},{"taxonomy":"product_cat","embeddable":true,"href":"https:\/\/www.bonelinks.com\/pl\/wp-json\/wp\/v2\/product_cat?post=21385"},{"taxonomy":"product_tag","embeddable":true,"href":"https:\/\/www.bonelinks.com\/pl\/wp-json\/wp\/v2\/product_tag?post=21385"}],"curies":[{"name":"wp","href":"https:\/\/api.w.org\/{rel}","templated":true}]}}