{"id":21382,"date":"2023-06-27T21:40:06","date_gmt":"2023-06-28T05:40:06","guid":{"rendered":"https:\/\/www.bonelinks.com\/product\/kabel-krosowy-sc-apc-lc-pc\/"},"modified":"2024-02-08T18:54:31","modified_gmt":"2024-02-09T02:54:31","slug":"patch-cord-sc-apc-lc-pc","status":"publish","type":"product","link":"https:\/\/www.bonelinks.com\/pl\/product\/patch-cord-sc-apc-lc-pc\/","title":{"rendered":"Kabel krosowy SC APC LC PC"},"content":{"rendered":"<h1 style=\"text-align: left; font-size: 18px;\"><strong> Kabel krosowy SC APC LC PC<\/strong><\/h1>\n<p>Z\u0142\u0105cza SC s\u0105 idealne do transmisji danych i telekomunikacji, podczas gdy z\u0142\u0105cza LC s\u0105 popularne w zastosowaniach krosowych o du\u017cej g\u0119sto\u015bci ze wzgl\u0119du na ich mniejszy rozmiar i funkcj\u0119 zatrzasku.<\/p>\n<p>Z\u0142\u0105cza PC s\u0105 powszechnie stosowane przez operator\u00f3w telekomunikacyjnych i s\u0105 u\u017cywane ze \u015bwiat\u0142owodami wielomodowymi OM1 i OM2. Z\u0142\u0105cza APC s\u0105 preferowane dla wy\u017cszych zakres\u00f3w d\u0142ugo\u015bci fal, takich jak sygna\u0142y wideo RF, aplikacje FTTx, pasywne sieci optyczne i systemy WDM wykorzystuj\u0105ce \u015bwiat\u0142owody jednomodowe o wysokiej d\u0142ugo\u015bci fali.<\/p>\n<h2 style=\"text-align: left; font-size: 18px;\"><strong>Cechy kabla krosowego SC APC LC PC<\/strong><\/h2>\n<ul>\n<li>Z\u0142\u0105cza: SC\/APC na jednym ko\u0144cu, LC\/PC na drugim ko\u0144cu<\/li>\n<li>Opcje kurtki: LSZH, OFNR, PVC<\/li>\n<li>Materia\u0142 tulei: Ceramiczny<\/li>\n<li>Zapewnienie jako\u015bci: Gwarantowana jako\u015b\u0107 i wydajno\u015b\u0107<\/li>\n<li>Testy: 100% przetestowane i zarejestrowane pod k\u0105tem t\u0142umienno\u015bci wtr\u0105ceniowej i t\u0142umienno\u015bci odbiciowej<\/li>\n<\/ul>\n<h2 style=\"text-align: left; font-size: 18px;\"><strong>Szukasz wi\u0119cej opcji kabli \u015bwiat\u0142owodowych?<\/strong><\/h2>\n<p>Potrzebujesz wi\u0119cej opcji kabli \u015bwiat\u0142owodowych? Zapoznaj si\u0119 z nasz\u0105 ofert\u0105 <span style=\"color: #0054a6;\"><strong><a style=\"color: #0054a6;\" href=\"https:\/\/www.bonelinks.com\/pl\/lc-fibre-patch-leads\/\" target=\"_blank\" rel=\"noopener\">Kable krosowe \u015bwiat\u0142owodowe LC,<\/a> <\/strong><br \/>\n<\/span><a title=\"Kable \u015bwiat\u0142owodowe SC\" href=\"https:\/\/www.bonelinks.com\/pl\/sc-fibre-patch-leads\/\" target=\"_blank\" rel=\"noopener\"><strong><span style=\"color: #0054a6;\">Kable \u015bwiat\u0142owodowe SC, <\/span><\/strong><\/a><strong><span style=\"color: #0054a6;\"><a style=\"color: #0054a6;\" href=\"https:\/\/www.bonelinks.com\/pl\/lc-to-sc-fiber-cables\/\" target=\"_blank\" rel=\"noopener\">Kable \u015bwiat\u0142owodowe SC LC <\/a><\/span><\/strong>zapewniaj\u0105ce p\u0142ynne po\u0142\u0105czenie sieciowe.<\/p>\n<p>Szukasz niestandardowych i specjalnie zaprojektowanych kabli \u015bwiat\u0142owodowych? Zapoznaj si\u0119 z nasz\u0105 dedykowan\u0105 sekcj\u0105<a href=\"https:\/\/www.bonelinks.com\/pl\/custom-fiber-optic-cables\/\" target=\"_blank\" rel=\"noopener\"><span style=\"color: #0054a6;\"><strong> Niestandardowe kable \u015bwiat\u0142owodowe <\/strong><\/span><\/a>w celu uzyskania dopasowanych rozwi\u0105za\u0144 w zakresie \u0142\u0105czno\u015bci.<\/p>\n<ul>\n<li>Sprzeda\u017c detaliczna lub hurtowa &#8211; mamy wszystko pod kontrol\u0105!<\/li>\n<li>Nie wiesz co kupi\u0107? Oferujemy porady ekspert\u00f3w.<\/li>\n<li>Ma\u0142e MOQ: Nie musisz kupowa\u0107 wi\u0119cej ni\u017c chcesz.<\/li>\n<li>Konkurencyjne ceny: Uzyskaj \u015bwietn\u0105 warto\u015b\u0107 za ka\u017cdym razem.<\/li>\n<li>Szybka dostawa: Twoja szybko\u015b\u0107, nasz priorytet.<\/li>\n<li>Zorientowanie na klienta: Dostosowujemy nasze us\u0142ugi do Twoich potrzeb.<\/li>\n<\/ul>\n<p><strong>Po\u0142\u0105cz si\u0119 z nami!<\/strong><br \/>\nJe\u015bli masz problem ze znalezieniem odpowiedniego <span style=\"color: #0054a6;\"><strong><a style=\"color: #0054a6;\" href=\"https:\/\/www.bonelinks.com\/pl\/fiber-optic-patch-cord-supplier\/\" target=\"_blank\" rel=\"noopener\">\u015bwiat\u0142owodowego kabla krosowego <\/a><\/strong><\/span>do swoich potrzeb lub potrzebujesz porady eksperta, wystarczy jedno klikni\u0119cie i mo\u017cesz<a href=\"https:\/\/www.bonelinks.com\/pl\/contact-us\/\" target=\"_blank\" rel=\"noopener\"><strong><span style=\"color: #0054a6;\"> porozmawia\u0107 z nami <\/span><\/strong><\/a>w kilka sekund. Twoje zadowolenie jest naszym priorytetem. Jeste\u015bmy gotowi pom\u00f3c Ci pod ka\u017cdym wzgl\u0119dem. <strong>Nie martw si\u0119, nadmierne my\u015blenie nie jest wymagane. Jeste\u015bmy tutaj, gotowi do pomocy.<\/strong><\/p>\n","protected":false},"excerpt":{"rendered":"<p>Kable \u015bwiat\u0142owodowe to kable wykonane ze \u015bwiat\u0142owod\u00f3w i wyposa\u017cone w z\u0142\u0105cza na obu ko\u0144cach. Kabel krosowy SC APC LC PC posiada z\u0142\u0105cza LC\/PC na jednym ko\u0144cu i z\u0142\u0105cza SC\/APC na drugim ko\u0144cu. Bonelinks oferuje szereg opcji, w tym kable krosowe SC APC LC PC simplex i duplex. Dost\u0119pne d\u0142ugo\u015bci kabli to 1 m, 2 m, 3 m, 5 m, 8 m, 10 m i 15 m, a inne d\u0142ugo\u015bci mo\u017cna zam\u00f3wi\u0107 na zam\u00f3wienie.<\/p>\n","protected":false},"featured_media":17992,"template":"","meta":{"site-sidebar-layout":"default","site-content-layout":"default","ast-site-content-layout":"default","site-content-style":"default","site-sidebar-style":"default","ast-global-header-display":"","ast-banner-title-visibility":"","ast-main-header-display":"","ast-hfb-above-header-display":"","ast-hfb-below-header-display":"","ast-hfb-mobile-header-display":"","site-post-title":"","ast-breadcrumbs-content":"","ast-featured-img":"","footer-sml-layout":"","ast-disable-related-posts":"","theme-transparent-header-meta":"default","adv-header-id-meta":"","stick-header-meta":"default","header-above-stick-meta":"","header-main-stick-meta":"","header-below-stick-meta":"","astra-migrate-meta-layouts":"set","ast-page-background-enabled":"default","ast-page-background-meta":{"desktop":{"background-color":"","background-image":"","background-repeat":"repeat","background-position":"center center","background-size":"auto","background-attachment":"scroll","background-type":"","background-media":"","overlay-type":"","overlay-color":"","overlay-opacity":"","overlay-gradient":""},"tablet":{"background-color":"","background-image":"","background-repeat":"repeat","background-position":"center center","background-size":"auto","background-attachment":"scroll","background-type":"","background-media":"","overlay-type":"","overlay-color":"","overlay-opacity":"","overlay-gradient":""},"mobile":{"background-color":"","background-image":"","background-repeat":"repeat","background-position":"center center","background-size":"auto","background-attachment":"scroll","background-type":"","background-media":"","overlay-type":"","overlay-color":"","overlay-opacity":"","overlay-gradient":""}},"ast-content-background-meta":{"desktop":{"background-color":"var(--ast-global-color-5)","background-image":"","background-repeat":"repeat","background-position":"center center","background-size":"auto","background-attachment":"scroll","background-type":"","background-media":"","overlay-type":"","overlay-color":"","overlay-opacity":"","overlay-gradient":""},"tablet":{"background-color":"var(--ast-global-color-5)","background-image":"","background-repeat":"repeat","background-position":"center center","background-size":"auto","background-attachment":"scroll","background-type":"","background-media":"","overlay-type":"","overlay-color":"","overlay-opacity":"","overlay-gradient":""},"mobile":{"background-color":"var(--ast-global-color-5)","background-image":"","background-repeat":"repeat","background-position":"center center","background-size":"auto","background-attachment":"scroll","background-type":"","background-media":"","overlay-type":"","overlay-color":"","overlay-opacity":"","overlay-gradient":""}}},"product_brand":[],"product_cat":[243,269],"product_tag":[],"class_list":{"0":"post-21382","1":"product","2":"type-product","3":"status-publish","4":"has-post-thumbnail","6":"product_cat-lc-fiber-patch-cord-pl","7":"product_cat-sc-fiber-patch-cord-pl-2","8":"pa_connector-type-lc-sc-pl","9":"desktop-align-left","10":"tablet-align-left","11":"mobile-align-left","12":"ast-product-gallery-layout-vertical","13":"ast-product-gallery-with-no-image","14":"ast-product-tabs-layout-vertical","15":"ast-qv-on-image","17":"first","18":"instock","19":"shipping-taxable","20":"product-type-simple"},"_links":{"self":[{"href":"https:\/\/www.bonelinks.com\/pl\/wp-json\/wp\/v2\/product\/21382","targetHints":{"allow":["GET"]}}],"collection":[{"href":"https:\/\/www.bonelinks.com\/pl\/wp-json\/wp\/v2\/product"}],"about":[{"href":"https:\/\/www.bonelinks.com\/pl\/wp-json\/wp\/v2\/types\/product"}],"version-history":[{"count":3,"href":"https:\/\/www.bonelinks.com\/pl\/wp-json\/wp\/v2\/product\/21382\/revisions"}],"predecessor-version":[{"id":25856,"href":"https:\/\/www.bonelinks.com\/pl\/wp-json\/wp\/v2\/product\/21382\/revisions\/25856"}],"wp:featuredmedia":[{"embeddable":true,"href":"https:\/\/www.bonelinks.com\/pl\/wp-json\/wp\/v2\/media\/17992"}],"wp:attachment":[{"href":"https:\/\/www.bonelinks.com\/pl\/wp-json\/wp\/v2\/media?parent=21382"}],"wp:term":[{"taxonomy":"product_brand","embeddable":true,"href":"https:\/\/www.bonelinks.com\/pl\/wp-json\/wp\/v2\/product_brand?post=21382"},{"taxonomy":"product_cat","embeddable":true,"href":"https:\/\/www.bonelinks.com\/pl\/wp-json\/wp\/v2\/product_cat?post=21382"},{"taxonomy":"product_tag","embeddable":true,"href":"https:\/\/www.bonelinks.com\/pl\/wp-json\/wp\/v2\/product_tag?post=21382"}],"curies":[{"name":"wp","href":"https:\/\/api.w.org\/{rel}","templated":true}]}}