{"id":21381,"date":"2023-06-28T19:40:52","date_gmt":"2023-06-29T03:40:52","guid":{"rendered":"https:\/\/www.bonelinks.com\/product\/wielomodowy-kabel-swiatlowodowy-lc-do-lc\/"},"modified":"2024-02-08T18:49:46","modified_gmt":"2024-02-09T02:49:46","slug":"lc-to-lc-fiber-patch-cable-multimode","status":"publish","type":"product","link":"https:\/\/www.bonelinks.com\/pl\/product\/lc-to-lc-fiber-patch-cable-multimode\/","title":{"rendered":"Wielomodowy kabel \u015bwiat\u0142owodowy LC do LC"},"content":{"rendered":"<h1 style=\"text-align: left; font-size: 18px;\"><strong>Wielomodowy kabel \u015bwiat\u0142owodowy LC do LC: Wysoka g\u0119sto\u015b\u0107 i niezawodna wydajno\u015b\u0107<\/strong><\/h1>\n<p>Wielomodowy kabel \u015bwiat\u0142owodowy LC do LC to najpopularniejszy w bran\u017cy typ kabla \u015bwiat\u0142owodowego. Wyposa\u017cony w z\u0142\u0105cza \u015bwiat\u0142owodowe LC na obu ko\u0144cach, jest preferowanym wyborem dla wysokiej g\u0119sto\u015bci i niezawodnych po\u0142\u0105cze\u0144 \u015bwiat\u0142owodowych. Ten kabel jest idealny do po\u0142\u0105cze\u0144 Ethernet 10\/40\/100G, w tym 10G SR, 10G LRM i transceiver\u00f3w SFP+. Zosta\u0142 on specjalnie zaprojektowany dla szybkich sieci Ethernet, Fiber Channel, Gigabit Ethernet, centr\u00f3w danych, instytucji edukacyjnych, sieci LAN, SAN, aplikacji komercyjnych i Asynchronous Transfer Mode (ATM). Obs\u0142uguje wideo, dane i us\u0142ugi g\u0142osowe. Ka\u017cdy kabel jest indywidualnie testowany, certyfikowany i obj\u0119ty do\u017cywotni\u0105 gwarancj\u0105 gwarantuj\u0105c\u0105 kompatybilno\u015b\u0107 i 100% niezawodno\u015b\u0107.<\/p>\n<table width=\"1104\">\n<tbody>\n<tr>\n<td width=\"160\"><strong>Wielomodowy kabel \u015bwiat\u0142owodowy LC do LC <\/strong><\/td>\n<td width=\"131\"><strong>\u015arednica<\/strong><\/td>\n<td width=\"121\"><strong>Kolor kurtki<\/strong><\/td>\n<td width=\"127\"><strong>\u0179r\u00f3d\u0142o optyczne<\/strong><\/td>\n<td width=\"143\"><strong>Przepustowo\u015b\u0107<\/strong><\/td>\n<td width=\"134\"><strong>Fast Ethernet<\/strong><\/td>\n<td width=\"72\"><strong>1GbE<\/strong><\/td>\n<td width=\"72\"><strong>10GbE<\/strong><\/td>\n<td width=\"72\"><strong>40GbE<\/strong><\/td>\n<td width=\"72\"><strong>100GbE<\/strong><\/td>\n<\/tr>\n<tr>\n<td width=\"160\">OM1<\/td>\n<td width=\"131\">62,5\/125 \u00b5m<\/td>\n<td width=\"121\">Pomara\u0144czowy<\/td>\n<td width=\"127\">LED<\/td>\n<td width=\"143\">200MHz*km<\/td>\n<td width=\"134\">2000m<\/td>\n<td width=\"72\">275m<\/td>\n<td width=\"72\">33m<\/td>\n<td width=\"72\">\/<\/td>\n<td width=\"72\">\/<\/td>\n<\/tr>\n<tr>\n<td width=\"160\">OM2<\/td>\n<td width=\"131\">50\/125\u00b5m<\/td>\n<td width=\"121\">Pomara\u0144czowy<\/td>\n<td width=\"127\">LED<\/td>\n<td width=\"143\">500MHz*km<\/td>\n<td width=\"134\">2000m<\/td>\n<td width=\"72\">550m<\/td>\n<td width=\"72\">82m<\/td>\n<td width=\"72\">\/<\/td>\n<td width=\"72\">\/<\/td>\n<\/tr>\n<tr>\n<td width=\"160\">OM3<\/td>\n<td width=\"131\">50\/125\u00b5m<\/td>\n<td width=\"121\">Aqua<\/td>\n<td width=\"127\">VSCEL<\/td>\n<td width=\"143\">2000MHz*km<\/td>\n<td width=\"134\">2000m<\/td>\n<td width=\"72\">\/<\/td>\n<td width=\"72\">300m<\/td>\n<td width=\"72\">100m<\/td>\n<td width=\"72\">70m<\/td>\n<\/tr>\n<tr>\n<td width=\"160\">OM4<\/td>\n<td width=\"131\">50\/125\u00b5m<\/td>\n<td width=\"121\">Fioletowy<\/td>\n<td width=\"127\">VSCEL<\/td>\n<td width=\"143\">4700MHz*km<\/td>\n<td width=\"134\">2000m<\/td>\n<td width=\"72\">\/<\/td>\n<td width=\"72\">550m<\/td>\n<td width=\"72\">150m<\/td>\n<td width=\"72\">150m<\/td>\n<\/tr>\n<\/tbody>\n<\/table>\n<p><img fetchpriority=\"high\" decoding=\"async\" class=\"alignnone size-full wp-image-7133\" src=\"https:\/\/www.bonelinks.com\/wp-content\/uploads\/2023\/06\/multimode-LC-LC-patch-cords.jpg\" alt=\"wielomodowe kable krosowe LC LC\" width=\"800\" height=\"348\" srcset=\"https:\/\/www.bonelinks.com\/wp-content\/uploads\/2023\/06\/multimode-LC-LC-patch-cords.jpg 800w, https:\/\/www.bonelinks.com\/wp-content\/uploads\/2023\/06\/multimode-LC-LC-patch-cords-300x131.jpg 300w, https:\/\/www.bonelinks.com\/wp-content\/uploads\/2023\/06\/multimode-LC-LC-patch-cords-768x334.jpg 768w, https:\/\/www.bonelinks.com\/wp-content\/uploads\/2023\/06\/multimode-LC-LC-patch-cords-650x283.jpg 650w\" sizes=\"(max-width: 800px) 100vw, 800px\" \/><\/p>\n<h2 style=\"text-align: left; font-size: 18px;\"><strong>Najlepiej sprzedaj\u0105cy si\u0119 wielomodowy kabel \u015bwiat\u0142owodowy LC do LC w Bonelinks<\/strong><\/h2>\n<table>\n<tbody>\n<tr>\n<th class=\"header\">Wielomodowy kabel \u015bwiat\u0142owodowy LC do LC<\/th>\n<th class=\"header\">OM2 \u015awiat\u0142ow\u00f3d LC do LC<\/th>\n<th class=\"header\">OM3 \u015awiat\u0142ow\u00f3d LC do LC<\/th>\n<th class=\"header\">OM4 \u015awiat\u0142ow\u00f3d LC do LC<\/th>\n<\/tr>\n<tr>\n<td>Liczba w\u0142\u00f3kien<\/td>\n<td>simpleks, dupleks<\/td>\n<td>simpleks, dupleks<\/td>\n<td>simpleks, dupleks<\/td>\n<\/tr>\n<tr>\n<td>Tryb \u015bwiat\u0142owodowy<\/td>\n<td>Wielomodowy<\/td>\n<td>Wielomodowy<\/td>\n<td>Wielomodowy<\/td>\n<\/tr>\n<tr>\n<td>Szybko\u015b\u0107 transmisji danych<\/td>\n<td>1G\/10GB<\/td>\n<td>10G\/40G\/100GB<\/td>\n<td>10G\/40G\/100GB<\/td>\n<\/tr>\n<tr>\n<td>Z\u0142\u0105cze<\/td>\n<td>LC UPC do LC UPC<\/td>\n<td>LC UPC do LC UPC<\/td>\n<td>LC UPC do LC UPC<\/td>\n<\/tr>\n<tr>\n<td>Strata wtr\u0105ceniowa<\/td>\n<td>\u22640,3dB<\/td>\n<td>\u22640,3dB<\/td>\n<td>\u22640,3dB<\/td>\n<\/tr>\n<tr>\n<td>Straty odbiciowe<\/td>\n<td>\u226530dB<\/td>\n<td>\u226530dB<\/td>\n<td>\u226530dB<\/td>\n<\/tr>\n<tr>\n<td>D\u0142ugo\u015b\u0107<\/td>\n<td>1m, 2m, 3m, 5m, 10m lub niestandardowe<\/td>\n<td>1m, 2m, 3m, 5m, 10m lub niestandardowe<\/td>\n<td>1m, 2m, 3m, 5m, 10m lub niestandardowe<\/td>\n<\/tr>\n<tr>\n<td>Kurtka<\/td>\n<td>LSZH, OFNR, PVC<\/td>\n<td>LSZH, OFNR, PVC<\/td>\n<td>LSZH, OFNR, PVC<\/td>\n<\/tr>\n<\/tbody>\n<\/table>\n<h2 style=\"text-align: left; font-size: 18px;\"><strong>Cechy wielomodowego kabla \u015bwiat\u0142owodowego LC do LC<\/strong><\/h2>\n<ul>\n<li>Szybkie transmisje o wysokiej przepustowo\u015bci w sieciach Gigabit Ethernet\/kana\u0142ach \u015bwiat\u0142owodowych<\/li>\n<li>Odporno\u015b\u0107 na ci\u0105gni\u0119cia, napr\u0119\u017cenia i uderzenia podczas instalacji i konserwacji kabli<\/li>\n<li>Niska t\u0142umienno\u015b\u0107 wtr\u0105ceniowa i wysoka t\u0142umienno\u015b\u0107 odbiciowa<\/li>\n<li>Fabrycznie zako\u0144czone i przetestowane pod k\u0105tem niezawodnego dzia\u0142ania<\/li>\n<li>Dobra wymiana, trwa\u0142o\u015b\u0107 i powtarzalno\u015b\u0107<\/li>\n<li>Doskona\u0142a zdolno\u015b\u0107 adaptacji do \u015brodowiska<\/li>\n<li>Zgodno\u015b\u0107 z mi\u0119dzynarodowymi standardami telekomunikacyjnymi<\/li>\n<li>Umo\u017cliwia szybk\u0105 transmisj\u0119<\/li>\n<\/ul>\n<h2 style=\"text-align: left; font-size: 18px;\"><strong>Zastosowania wielomodowego kabla \u015bwiat\u0142owodowego LC do LC<\/strong><\/h2>\n<ul>\n<li>Szybka transmisja danych w aplikacjach wymagaj\u0105cych du\u017cej ilo\u015bci danych<\/li>\n<li>Systemy szerokopasmowe<\/li>\n<li>Telekomunikacja i transmisja danych<\/li>\n<li>Wszechstronny do instalacji wewn\u0119trznych: Nadaje si\u0119 do po\u0142\u0105cze\u0144 w szafach sieciowych, okablowania sufitowego i podpod\u0142ogowego w centrach danych.<\/li>\n<\/ul>\n<h2 style=\"text-align: left; font-size: 18px;\"><strong>Szukasz wi\u0119cej opcji kabli \u015bwiat\u0142owodowych?<\/strong><\/h2>\n<p>Potrzebujesz wi\u0119cej opcji kabli \u015bwiat\u0142owodowych? Zapoznaj si\u0119 z nasz\u0105 ofert\u0105 <span style=\"color: #0054a6;\"><strong><a style=\"color: #0054a6;\" href=\"https:\/\/www.bonelinks.com\/pl\/lc-fibre-patch-leads\/\" target=\"_blank\" rel=\"noopener\">Kable krosowe \u015bwiat\u0142owodowe LC, <\/a><\/strong><\/span><a title=\"Kable \u015bwiat\u0142owodowe LC do LC\" href=\"https:\/\/www.bonelinks.com\/pl\/lc-to-lc-fiber-patch-cable\/\" target=\"_blank\" rel=\"noopener\"><strong><span style=\"color: #0054a6;\">Kable \u015bwiat\u0142owodowe LC do LC, <\/span><\/strong><\/a><strong><span style=\"color: #0054a6;\"><a style=\"color: #0054a6;\" href=\"https:\/\/www.bonelinks.com\/pl\/multimode-fibre-patch-leads\/\" target=\"_blank\" rel=\"noopener\">Kable \u015bwiat\u0142owodowe wielomodowe <\/a><\/span><\/strong>do bezproblemowego tworzenia sieci.<\/p>\n<p>Szukasz niestandardowych i specjalnie zaprojektowanych kabli \u015bwiat\u0142owodowych? Zapoznaj si\u0119 z nasz\u0105 dedykowan\u0105 sekcj\u0105<a href=\"https:\/\/www.bonelinks.com\/pl\/custom-fiber-optic-cables\/\" target=\"_blank\" rel=\"noopener\"><span style=\"color: #0054a6;\"><strong> Niestandardowe kable \u015bwiat\u0142owodowe <\/strong><\/span><\/a>w celu uzyskania dopasowanych rozwi\u0105za\u0144 w zakresie \u0142\u0105czno\u015bci.<\/p>\n<ul>\n<li>Sprzeda\u017c detaliczna lub hurtowa &#8211; mamy wszystko pod kontrol\u0105!<\/li>\n<li>Nie wiesz co kupi\u0107? Oferujemy porady ekspert\u00f3w.<\/li>\n<li>Ma\u0142e MOQ: Nie musisz kupowa\u0107 wi\u0119cej ni\u017c chcesz.<\/li>\n<li>Konkurencyjne ceny: Uzyskaj \u015bwietn\u0105 warto\u015b\u0107 za ka\u017cdym razem.<\/li>\n<li>Szybka dostawa: Twoja szybko\u015b\u0107, nasz priorytet.<\/li>\n<li>Zorientowanie na klienta: Dostosowujemy nasze us\u0142ugi do Twoich potrzeb.<\/li>\n<\/ul>\n<p><strong>Po\u0142\u0105cz si\u0119 z nami!<\/strong><br \/>\nJe\u015bli masz problem ze znalezieniem odpowiedniego <span style=\"color: #0054a6;\"><strong><a style=\"color: #0054a6;\" href=\"https:\/\/www.bonelinks.com\/pl\/fiber-optic-patch-cord-supplier\/\" target=\"_blank\" rel=\"noopener\">\u015bwiat\u0142owodowego kabla krosowego <\/a><\/strong><\/span>do swoich potrzeb lub potrzebujesz porady eksperta, wystarczy jedno klikni\u0119cie i mo\u017cesz<a href=\"https:\/\/www.bonelinks.com\/pl\/contact-us\/\" target=\"_blank\" rel=\"noopener\"><strong><span style=\"color: #0054a6;\"> porozmawia\u0107 z nami <\/span><\/strong><\/a>w kilka sekund. Twoje zadowolenie jest naszym priorytetem. Jeste\u015bmy gotowi pom\u00f3c Ci pod ka\u017cdym wzgl\u0119dem. <strong>Nie martw si\u0119, nadmierne my\u015blenie nie jest wymagane. Jeste\u015bmy tutaj, gotowi do pomocy.<\/strong><\/p>\n","protected":false},"excerpt":{"rendered":"<p>Wielomodowy kabel \u015bwiat\u0142owodowy LC do LC jest szeroko stosowany w przemy\u015ble, oferuj\u0105c wysok\u0105 g\u0119sto\u015b\u0107 i niezawodn\u0105 wydajno\u015b\u0107. Jest to idealne rozwi\u0105zanie dla po\u0142\u0105cze\u0144 Ethernet 10\/40\/100G, obs\u0142uguj\u0105ce transceivery 10G SR, 10G LRM, SFP+. Specjalnie zaprojektowany do szybkich sieci Ethernet, Fiber Channel, Gigabit Ethernet i r\u00f3\u017cnych aplikacji. Ka\u017cdy kabel jest indywidualnie testowany, certyfikowany i obj\u0119ty do\u017cywotni\u0105 gwarancj\u0105 gwarantuj\u0105c\u0105 kompatybilno\u015b\u0107 i niezawodno\u015b\u0107.<\/p>\n","protected":false},"featured_media":17867,"template":"","meta":{"site-sidebar-layout":"default","site-content-layout":"default","ast-site-content-layout":"default","site-content-style":"default","site-sidebar-style":"default","ast-global-header-display":"","ast-banner-title-visibility":"","ast-main-header-display":"","ast-hfb-above-header-display":"","ast-hfb-below-header-display":"","ast-hfb-mobile-header-display":"","site-post-title":"","ast-breadcrumbs-content":"","ast-featured-img":"","footer-sml-layout":"","ast-disable-related-posts":"","theme-transparent-header-meta":"default","adv-header-id-meta":"","stick-header-meta":"default","header-above-stick-meta":"","header-main-stick-meta":"","header-below-stick-meta":"","astra-migrate-meta-layouts":"set","ast-page-background-enabled":"default","ast-page-background-meta":{"desktop":{"background-color":"","background-image":"","background-repeat":"repeat","background-position":"center center","background-size":"auto","background-attachment":"scroll","background-type":"","background-media":"","overlay-type":"","overlay-color":"","overlay-opacity":"","overlay-gradient":""},"tablet":{"background-color":"","background-image":"","background-repeat":"repeat","background-position":"center center","background-size":"auto","background-attachment":"scroll","background-type":"","background-media":"","overlay-type":"","overlay-color":"","overlay-opacity":"","overlay-gradient":""},"mobile":{"background-color":"","background-image":"","background-repeat":"repeat","background-position":"center center","background-size":"auto","background-attachment":"scroll","background-type":"","background-media":"","overlay-type":"","overlay-color":"","overlay-opacity":"","overlay-gradient":""}},"ast-content-background-meta":{"desktop":{"background-color":"var(--ast-global-color-5)","background-image":"","background-repeat":"repeat","background-position":"center center","background-size":"auto","background-attachment":"scroll","background-type":"","background-media":"","overlay-type":"","overlay-color":"","overlay-opacity":"","overlay-gradient":""},"tablet":{"background-color":"var(--ast-global-color-5)","background-image":"","background-repeat":"repeat","background-position":"center center","background-size":"auto","background-attachment":"scroll","background-type":"","background-media":"","overlay-type":"","overlay-color":"","overlay-opacity":"","overlay-gradient":""},"mobile":{"background-color":"var(--ast-global-color-5)","background-image":"","background-repeat":"repeat","background-position":"center center","background-size":"auto","background-attachment":"scroll","background-type":"","background-media":"","overlay-type":"","overlay-color":"","overlay-opacity":"","overlay-gradient":""}}},"product_brand":[],"product_cat":[236,243,238],"product_tag":[],"class_list":{"0":"post-21381","1":"product","2":"type-product","3":"status-publish","4":"has-post-thumbnail","6":"product_cat-fiber-patch-cord-pl","7":"product_cat-lc-fiber-patch-cord-pl","8":"product_cat-multimode-fiber-patch-cord-pl","9":"pa_connector-type-lc-lc-pl","10":"pa_fiber-type-wielomodowy","11":"desktop-align-left","12":"tablet-align-left","13":"mobile-align-left","14":"ast-product-gallery-layout-vertical","15":"ast-product-gallery-with-no-image","16":"ast-product-tabs-layout-vertical","17":"ast-qv-on-image","19":"first","20":"instock","21":"shipping-taxable","22":"product-type-simple"},"_links":{"self":[{"href":"https:\/\/www.bonelinks.com\/pl\/wp-json\/wp\/v2\/product\/21381","targetHints":{"allow":["GET"]}}],"collection":[{"href":"https:\/\/www.bonelinks.com\/pl\/wp-json\/wp\/v2\/product"}],"about":[{"href":"https:\/\/www.bonelinks.com\/pl\/wp-json\/wp\/v2\/types\/product"}],"version-history":[{"count":3,"href":"https:\/\/www.bonelinks.com\/pl\/wp-json\/wp\/v2\/product\/21381\/revisions"}],"predecessor-version":[{"id":25852,"href":"https:\/\/www.bonelinks.com\/pl\/wp-json\/wp\/v2\/product\/21381\/revisions\/25852"}],"wp:featuredmedia":[{"embeddable":true,"href":"https:\/\/www.bonelinks.com\/pl\/wp-json\/wp\/v2\/media\/17867"}],"wp:attachment":[{"href":"https:\/\/www.bonelinks.com\/pl\/wp-json\/wp\/v2\/media?parent=21381"}],"wp:term":[{"taxonomy":"product_brand","embeddable":true,"href":"https:\/\/www.bonelinks.com\/pl\/wp-json\/wp\/v2\/product_brand?post=21381"},{"taxonomy":"product_cat","embeddable":true,"href":"https:\/\/www.bonelinks.com\/pl\/wp-json\/wp\/v2\/product_cat?post=21381"},{"taxonomy":"product_tag","embeddable":true,"href":"https:\/\/www.bonelinks.com\/pl\/wp-json\/wp\/v2\/product_tag?post=21381"}],"curies":[{"name":"wp","href":"https:\/\/api.w.org\/{rel}","templated":true}]}}