{"id":21380,"date":"2023-07-02T23:14:46","date_gmt":"2023-07-03T07:14:46","guid":{"rendered":"https:\/\/www.bonelinks.com\/product\/jednomodowy-przewod-swiatlowodowy-sc-do-st\/"},"modified":"2024-02-08T18:46:54","modified_gmt":"2024-02-09T02:46:54","slug":"single-mode-fibre-patch-lead-sc-to-st","status":"publish","type":"product","link":"https:\/\/www.bonelinks.com\/pl\/product\/single-mode-fibre-patch-lead-sc-to-st\/","title":{"rendered":"Jednomodowy przew\u00f3d \u015bwiat\u0142owodowy SC do ST"},"content":{"rendered":"<h1 style=\"text-align: left; font-size: 18px;\"><strong> Jednomodowy \u015bwiat\u0142owodowy przew\u00f3d krosowy SC\/ST do transmisji danych o wysokiej przepustowo\u015bci<\/strong><\/h1>\n<p>Ten jednomodowy \u015bwiat\u0142owodowy kabel krosowy, przeznaczony do zastosowa\u0144 w sieciach Ethernet 10 Gb na du\u017ce odleg\u0142o\u015bci, zapewnia wysok\u0105 przepustowo\u015b\u0107 \u015bwiat\u0142owodowej transmisji danych. Wytrzyma\u0142e ceramiczne z\u0142\u0105cza SC wraz ze z\u0142\u0105czami ST ze stali nierdzewnej stanowi\u0105 solidne rozwi\u0105zanie. Podczas gdy z\u0142\u0105cza SC znane s\u0105 z \u0142atwo\u015bci u\u017cytkowania i niezawodno\u015bci, z\u0142\u0105cza ST zapewniaj\u0105 dodatkow\u0105 wytrzyma\u0142o\u015b\u0107. Nasza szeroka gama jednomodowych \u015bwiat\u0142owodowych kabli krosowych SC do ST jest dost\u0119pna w r\u00f3\u017cnych d\u0142ugo\u015bciach, materia\u0142ach p\u0142aszcza i \u015brednicach kabli. Kable te s\u0105 \u015bci\u015ble testowane pod k\u0105tem najwy\u017cszej wydajno\u015bci, dzi\u0119ki czemu idealnie nadaj\u0105 si\u0119 do transmisji danych i sieci telekomunikacyjnych.<\/p>\n<table width=\"643\">\n<tbody>\n<tr>\n<td width=\"188\"><strong>Opis i typ w\u0142\u00f3kna<\/strong><\/td>\n<td colspan=\"4\" width=\"260\"><strong>Typowe t\u0142umienie (dB\/km)<\/strong><\/td>\n<td width=\"65\"><strong>1 Gb\/s Ethernet Odleg\u0142o\u015b\u0107 (metry)<\/strong><\/td>\n<td colspan=\"2\" width=\"130\"><strong>10 Gb\/s Ethernet Odleg\u0142o\u015b\u0107 (metry)<\/strong><\/td>\n<\/tr>\n<tr>\n<td width=\"188\">Jednomodowy, w\u0105ski bufor<\/td>\n<td width=\"65\">1310nm<\/td>\n<td width=\"65\">1383nm<\/td>\n<td width=\"65\">1550nm<\/td>\n<td width=\"65\">1625nm<\/td>\n<td width=\"65\">1310nm<\/td>\n<td width=\"65\">1310nm<\/td>\n<td width=\"65\">1550nm<\/td>\n<\/tr>\n<tr>\n<td width=\"188\">900 mikron\u00f3w<\/td>\n<td width=\"65\">0.65<\/td>\n<td width=\"65\">&#8212;<\/td>\n<td width=\"65\">0.65<\/td>\n<td width=\"65\">&#8212;<\/td>\n<td width=\"65\">10,000<\/td>\n<td width=\"65\">5,000<\/td>\n<td width=\"65\">30,000<\/td>\n<\/tr>\n<tr>\n<td width=\"188\">Przerwanie 2mm\/3mm<\/td>\n<td width=\"65\">1<\/td>\n<td width=\"65\">&#8212;<\/td>\n<td width=\"65\">1<\/td>\n<td width=\"65\">&#8212;<\/td>\n<td width=\"65\">10,000<\/td>\n<td width=\"65\">5,000<\/td>\n<td width=\"65\">30,000<\/td>\n<\/tr>\n<\/tbody>\n<\/table>\n<h2 style=\"text-align: left; font-size: 18px;\"><strong>Cechy jednomodowego \u015bwiat\u0142owodowego przewodu krosowego SC do ST<\/strong><\/h2>\n<ul>\n<li>\u015awiat\u0142ow\u00f3d jednomodowy do szybkiego przesy\u0142ania danych na du\u017ce odleg\u0142o\u015bci<\/li>\n<li>Z\u0142\u0105cze SC z mechanizmem sprz\u0119gaj\u0105cym typu push-pull, zorientowanym na klucz<\/li>\n<li>Z\u0142\u0105cze ST ze z\u0142\u0105czem bagnetowym typu twist-lock<\/li>\n<li>Niska t\u0142umienno\u015b\u0107 wtr\u0105ceniowa<\/li>\n<li>Wysoka utrata odbicia wstecznego<\/li>\n<li>Wszystkie kable s\u0105 w 100% testowane pod k\u0105tem t\u0142umienno\u015bci wtr\u0105ceniowej i odbicia wstecznego.<\/li>\n<li>Odporno\u015b\u0107 na zak\u0142\u00f3cenia elektryczne<\/li>\n<li>Dost\u0119pne w r\u00f3\u017cnych d\u0142ugo\u015bciach (od 0,5 m do 10 m) lub na zam\u00f3wienie.<\/li>\n<li>Stabilne mo\u017cliwo\u015bci i wysoka niezawodno\u015b\u0107<\/li>\n<li>Doskona\u0142e w\u0142a\u015bciwo\u015bci mechaniczne<\/li>\n<\/ul>\n<h2 style=\"text-align: left; font-size: 18px;\"><strong>Zastosowania jednomodowego kabla \u015bwiat\u0142owodowego SC do ST<\/strong><\/h2>\n<ul>\n<li>Sie\u0107 \u015bwiat\u0142owodowa<\/li>\n<li>Wdro\u017cenia<\/li>\n<li>Fast Ethernet Gigabit Ethernet<\/li>\n<li>Farmy serwer\u00f3w<\/li>\n<li>FTTX<\/li>\n<\/ul>\n<h2 style=\"text-align: left; font-size: 18px;\"><strong>Szukasz wi\u0119cej opcji kabli \u015bwiat\u0142owodowych?<\/strong><\/h2>\n<p>Potrzebujesz wi\u0119cej opcji kabli \u015bwiat\u0142owodowych? Zapoznaj si\u0119 z nasz\u0105 ofert\u0105 <span style=\"color: #0054a6;\"><strong><a style=\"color: #0054a6;\" href=\"https:\/\/www.bonelinks.com\/pl\/st-fibre-patch-leads\/\" target=\"_blank\" rel=\"noopener\">Kable krosowe \u015bwiat\u0142owodowe ST,<\/a> <\/strong><br \/>\n<\/span><a title=\"Kable \u015bwiat\u0142owodowe SC\" href=\"https:\/\/www.bonelinks.com\/pl\/sc-fibre-patch-leads\/\" target=\"_blank\" rel=\"noopener\"><strong><span style=\"color: #0054a6;\">Kable \u015bwiat\u0142owodowe SC, <\/span><\/strong><\/a><strong><span style=\"color: #0054a6;\"><a style=\"color: #0054a6;\" href=\"https:\/\/www.bonelinks.com\/pl\/products\/single-mode-fiber-patch-cord-pl\/\" target=\"_blank\" rel=\"noopener\">Kable \u015bwiat\u0142owodowe jednomodowe <\/a><\/span><\/strong>zapewniaj\u0105ce p\u0142ynne po\u0142\u0105czenie sieciowe.<\/p>\n<p>Szukasz niestandardowych i specjalnie zaprojektowanych kabli \u015bwiat\u0142owodowych? Zapoznaj si\u0119 z nasz\u0105 dedykowan\u0105 sekcj\u0105<a href=\"https:\/\/www.bonelinks.com\/pl\/custom-fiber-optic-cables\/\" target=\"_blank\" rel=\"noopener\"><span style=\"color: #0054a6;\"><strong> Niestandardowe kable \u015bwiat\u0142owodowe <\/strong><\/span><\/a>w celu uzyskania dopasowanych rozwi\u0105za\u0144 w zakresie \u0142\u0105czno\u015bci.<\/p>\n<ul>\n<li>Sprzeda\u017c detaliczna lub hurtowa &#8211; mamy wszystko pod kontrol\u0105!<\/li>\n<li>Nie wiesz co kupi\u0107? Oferujemy porady ekspert\u00f3w.<\/li>\n<li>Ma\u0142e MOQ: Nie musisz kupowa\u0107 wi\u0119cej ni\u017c chcesz.<\/li>\n<li>Konkurencyjne ceny: Uzyskaj \u015bwietn\u0105 warto\u015b\u0107 za ka\u017cdym razem.<\/li>\n<li>Szybka dostawa: Twoja szybko\u015b\u0107, nasz priorytet.<\/li>\n<li>Zorientowanie na klienta: Dostosowujemy nasze us\u0142ugi do Twoich potrzeb.<\/li>\n<\/ul>\n<p><strong>Po\u0142\u0105cz si\u0119 z nami!<\/strong><br \/>\nJe\u015bli masz problem ze znalezieniem odpowiedniego <span style=\"color: #0054a6;\"><strong><a style=\"color: #0054a6;\" href=\"https:\/\/www.bonelinks.com\/pl\/fiber-optic-patch-cord-supplier\/\" target=\"_blank\" rel=\"noopener\">\u015bwiat\u0142owodowego kabla krosowego <\/a><\/strong><\/span>do swoich potrzeb lub potrzebujesz porady eksperta, wystarczy jedno klikni\u0119cie i mo\u017cesz<a href=\"https:\/\/www.bonelinks.com\/pl\/contact-us\/\" target=\"_blank\" rel=\"noopener\"><strong><span style=\"color: #0054a6;\"> porozmawia\u0107 z nami <\/span><\/strong><\/a>w kilka sekund. Twoje zadowolenie jest naszym priorytetem. Jeste\u015bmy gotowi pom\u00f3c Ci pod ka\u017cdym wzgl\u0119dem. <strong>Nie martw si\u0119, nadmierne my\u015blenie nie jest wymagane. Jeste\u015bmy tutaj, gotowi do pomocy.<\/strong><\/p>\n","protected":false},"excerpt":{"rendered":"<p>Wysokiej jako\u015bci jednomodowy \u015bwiat\u0142owodowy przew\u00f3d krosowy SC do ST przeznaczony do zastosowa\u0144 w sieciach Ethernet 10 Gb na du\u017ce odleg\u0142o\u015bci. Niezawodne z\u0142\u0105cza SC i wytrzyma\u0142e z\u0142\u0105cza ST zapewniaj\u0105 wysok\u0105 przepustowo\u015b\u0107 \u015bwiat\u0142owodowej transmisji danych. Bonelinks Single Mode Fibre Patch Lead SC To ST to idealne po\u0142\u0105czenie wysokiej wydajno\u015bci, niskiej utraty danych i efektywno\u015bci kosztowej. Je\u015bli chodzi o zastosowania telekomunikacyjne, jest to kabel, kt\u00f3ry z \u0142atwo\u015bci\u0105 sprosta wymaganiom Twojej firmy i bud\u017cetu.<\/p>\n<ul>\n<li>\u015awiat\u0142ow\u00f3d jednomodowy zapewniaj\u0105cy szybki transfer danych na du\u017ce odleg\u0142o\u015bci<\/li>\n<li>Z\u0142\u0105cze SC z mechanizmem sprz\u0119gaj\u0105cym typu push-pull, zorientowanym na klucz<\/li>\n<li>Z\u0142\u0105cze ST ze z\u0142\u0105czem bagnetowym typu twist-lock<\/li>\n<li>Wszystkie kable s\u0105 w 100% testowane pod k\u0105tem t\u0142umienno\u015bci wtr\u0105ceniowej i odbicia wstecznego.<\/li>\n<\/ul>\n","protected":false},"featured_media":16517,"template":"","meta":{"site-sidebar-layout":"default","site-content-layout":"default","ast-site-content-layout":"default","site-content-style":"default","site-sidebar-style":"default","ast-global-header-display":"","ast-banner-title-visibility":"","ast-main-header-display":"","ast-hfb-above-header-display":"","ast-hfb-below-header-display":"","ast-hfb-mobile-header-display":"","site-post-title":"","ast-breadcrumbs-content":"","ast-featured-img":"","footer-sml-layout":"","ast-disable-related-posts":"","theme-transparent-header-meta":"default","adv-header-id-meta":"","stick-header-meta":"default","header-above-stick-meta":"","header-main-stick-meta":"","header-below-stick-meta":"","astra-migrate-meta-layouts":"set","ast-page-background-enabled":"default","ast-page-background-meta":{"desktop":{"background-color":"","background-image":"","background-repeat":"repeat","background-position":"center center","background-size":"auto","background-attachment":"scroll","background-type":"","background-media":"","overlay-type":"","overlay-color":"","overlay-opacity":"","overlay-gradient":""},"tablet":{"background-color":"","background-image":"","background-repeat":"repeat","background-position":"center center","background-size":"auto","background-attachment":"scroll","background-type":"","background-media":"","overlay-type":"","overlay-color":"","overlay-opacity":"","overlay-gradient":""},"mobile":{"background-color":"","background-image":"","background-repeat":"repeat","background-position":"center center","background-size":"auto","background-attachment":"scroll","background-type":"","background-media":"","overlay-type":"","overlay-color":"","overlay-opacity":"","overlay-gradient":""}},"ast-content-background-meta":{"desktop":{"background-color":"var(--ast-global-color-5)","background-image":"","background-repeat":"repeat","background-position":"center center","background-size":"auto","background-attachment":"scroll","background-type":"","background-media":"","overlay-type":"","overlay-color":"","overlay-opacity":"","overlay-gradient":""},"tablet":{"background-color":"var(--ast-global-color-5)","background-image":"","background-repeat":"repeat","background-position":"center center","background-size":"auto","background-attachment":"scroll","background-type":"","background-media":"","overlay-type":"","overlay-color":"","overlay-opacity":"","overlay-gradient":""},"mobile":{"background-color":"var(--ast-global-color-5)","background-image":"","background-repeat":"repeat","background-position":"center center","background-size":"auto","background-attachment":"scroll","background-type":"","background-media":"","overlay-type":"","overlay-color":"","overlay-opacity":"","overlay-gradient":""}}},"product_brand":[],"product_cat":[236,246,269,264],"product_tag":[],"class_list":{"0":"post-21380","1":"product","2":"type-product","3":"status-publish","4":"has-post-thumbnail","6":"product_cat-fiber-patch-cord-pl","7":"product_cat-single-mode-fiber-patch-cord-pl","8":"product_cat-sc-fiber-patch-cord-pl-2","9":"product_cat-st-fiber-patch-cord-pl","10":"pa_connector-type-sc-st-pl","11":"pa_fiber-type-jednomodowy","12":"desktop-align-left","13":"tablet-align-left","14":"mobile-align-left","15":"ast-product-gallery-layout-vertical","16":"ast-product-gallery-with-no-image","17":"ast-product-tabs-layout-vertical","18":"ast-qv-on-image","20":"first","21":"instock","22":"shipping-taxable","23":"product-type-simple"},"_links":{"self":[{"href":"https:\/\/www.bonelinks.com\/pl\/wp-json\/wp\/v2\/product\/21380","targetHints":{"allow":["GET"]}}],"collection":[{"href":"https:\/\/www.bonelinks.com\/pl\/wp-json\/wp\/v2\/product"}],"about":[{"href":"https:\/\/www.bonelinks.com\/pl\/wp-json\/wp\/v2\/types\/product"}],"version-history":[{"count":3,"href":"https:\/\/www.bonelinks.com\/pl\/wp-json\/wp\/v2\/product\/21380\/revisions"}],"predecessor-version":[{"id":25848,"href":"https:\/\/www.bonelinks.com\/pl\/wp-json\/wp\/v2\/product\/21380\/revisions\/25848"}],"wp:featuredmedia":[{"embeddable":true,"href":"https:\/\/www.bonelinks.com\/pl\/wp-json\/wp\/v2\/media\/16517"}],"wp:attachment":[{"href":"https:\/\/www.bonelinks.com\/pl\/wp-json\/wp\/v2\/media?parent=21380"}],"wp:term":[{"taxonomy":"product_brand","embeddable":true,"href":"https:\/\/www.bonelinks.com\/pl\/wp-json\/wp\/v2\/product_brand?post=21380"},{"taxonomy":"product_cat","embeddable":true,"href":"https:\/\/www.bonelinks.com\/pl\/wp-json\/wp\/v2\/product_cat?post=21380"},{"taxonomy":"product_tag","embeddable":true,"href":"https:\/\/www.bonelinks.com\/pl\/wp-json\/wp\/v2\/product_tag?post=21380"}],"curies":[{"name":"wp","href":"https:\/\/api.w.org\/{rel}","templated":true}]}}