{"id":21379,"date":"2023-07-02T21:00:55","date_gmt":"2023-07-03T05:00:55","guid":{"rendered":"https:\/\/www.bonelinks.com\/product\/dupleksowy-swiatlowodowy-przewod-krosowy-om3-sc-sc-20-m\/"},"modified":"2024-02-08T18:48:28","modified_gmt":"2024-02-09T02:48:28","slug":"2m-om3-sc-sc-duplex-fibre-patch-lead","status":"publish","type":"product","link":"https:\/\/www.bonelinks.com\/pl\/product\/2m-om3-sc-sc-duplex-fibre-patch-lead\/","title":{"rendered":"Dupleksowy \u015bwiat\u0142owodowy przew\u00f3d krosowy OM3 SC-SC 2,0 m"},"content":{"rendered":"<h1 style=\"text-align: left; font-size: 18px;\"><strong>Wysokiej jako\u015bci \u015bwiat\u0142owodowy przew\u00f3d krosowy OM3 SC-SC Duplex o d\u0142ugo\u015bci 2,0 m do niezawodnej transmisji danych<\/strong><\/h1>\n<p>Przedstawiamy nasze wysokowydajne kable \u015bwiat\u0142owodowe OM3 SC do SC 10Gb 50\/125 Multimode Duplex, zako\u0144czone ceramicznymi z\u0142\u0105czami SC o \u015brednicy 2,5 mm. Kable te zosta\u0142y zaprojektowane z my\u015bl\u0105 o niezawodnej i szybkiej transmisji danych, a wysokiej jako\u015bci w\u0142\u00f3kno szklane zapewnia niskie straty. Dzi\u0119ki solidnej zewn\u0119trznej \u015brednicy o grubo\u015bci 3,0 mm w kolorze aqua i wzmocnieniu zamkiem b\u0142yskawicznym zapewniaj\u0105 trwa\u0142o\u015b\u0107 i elastyczno\u015b\u0107.<\/p>\n<p>Oferuj\u0105 one doskona\u0142\u0105 wydajno\u015b\u0107, zgodn\u0105 ze standardami takimi jak 1\/10\/40Gb Multimode i Modal Bandwidth. Dzi\u0119ki wyj\u0105tkowym specyfikacjom i niezawodnej konstrukcji nasze kable \u015bwiat\u0142owodowe zapewniaj\u0105 niezawodn\u0105 i wydajn\u0105 transmisj\u0119 danych w wymagaj\u0105cych \u015brodowiskach.<\/p>\n<p><strong>Cechy dupleksowego \u015bwiat\u0142owodowego przewodu krosowego OM3 SC-SC<\/strong><\/p>\n<ul>\n<li>Z\u0142\u0105cza SC UPC do SC UPC<\/li>\n<li>Konfiguracja dupleksowa (2 w\u0142\u00f3kna \u015bwiat\u0142owodowe)<\/li>\n<li>Obs\u0142uguje 10Gb do 300 metr\u00f3w, 40Gb i 100Gb do 100 metr\u00f3w.<\/li>\n<li>D\u0142ugo\u015b\u0107 kabla 2M<\/li>\n<li>Ka\u017cdy patch cord jest testowany podczas produkcji<\/li>\n<li>Niska t\u0142umienno\u015b\u0107 wtr\u0105ceniowa<\/li>\n<li>Wysoka utrata odbicia wstecznego<\/li>\n<li>Stabilne mo\u017cliwo\u015bci i wysoka niezawodno\u015b\u0107<\/li>\n<\/ul>\n<h2 style=\"text-align: left; font-size: 18px;\"><strong>Zastosowania dupleksowego \u015bwiat\u0142owodowego przewodu krosowego OM3 SC-SC<\/strong><\/h2>\n<ul>\n<li>10 Gigabit Ethernet<\/li>\n<li>Przechowywanie danych<\/li>\n<li>Sieci LAN<\/li>\n<\/ul>\n<h2 style=\"text-align: left; font-size: 18px;\"><strong>Szukasz wi\u0119cej opcji kabli \u015bwiat\u0142owodowych?<\/strong><\/h2>\n<p>Potrzebujesz wi\u0119cej opcji kabli \u015bwiat\u0142owodowych? Zapoznaj si\u0119 z nasz\u0105 ofert\u0105 <a title=\"Kable \u015bwiat\u0142owodowe SC\" href=\"https:\/\/www.bonelinks.com\/pl\/sc-fibre-patch-leads\/\" target=\"_blank\" rel=\"noopener\"><strong><span style=\"color: #0054a6;\">Kable \u015bwiat\u0142owodowe SC, <\/span><\/strong><\/a><strong><span style=\"color: #0054a6;\"><a style=\"color: #0054a6;\" href=\"https:\/\/www.bonelinks.com\/pl\/multimode-fibre-patch-leads\/\" target=\"_blank\" rel=\"noopener\">Kable \u015bwiat\u0142owodowe wielomodowe <\/a><\/span><\/strong>dla bezproblemowej pracy w sieci.<\/p>\n<p>Szukasz niestandardowych i specjalnie zaprojektowanych kabli \u015bwiat\u0142owodowych? Zapoznaj si\u0119 z nasz\u0105 dedykowan\u0105 sekcj\u0105<a href=\"https:\/\/www.bonelinks.com\/pl\/custom-fiber-optic-cables\/\" target=\"_blank\" rel=\"noopener\"><span style=\"color: #0054a6;\"><strong> Niestandardowe kable \u015bwiat\u0142owodowe <\/strong><\/span><\/a>w celu uzyskania dopasowanych rozwi\u0105za\u0144 w zakresie \u0142\u0105czno\u015bci.<\/p>\n<ul>\n<li>Sprzeda\u017c detaliczna lub hurtowa &#8211; mamy wszystko pod kontrol\u0105!<\/li>\n<li>Nie wiesz co kupi\u0107? Oferujemy porady ekspert\u00f3w.<\/li>\n<li>Ma\u0142e MOQ: Nie musisz kupowa\u0107 wi\u0119cej ni\u017c chcesz.<\/li>\n<li>Konkurencyjne ceny: Uzyskaj \u015bwietn\u0105 warto\u015b\u0107 za ka\u017cdym razem.<\/li>\n<li>Szybka dostawa: Twoja szybko\u015b\u0107, nasz priorytet.<\/li>\n<li>Zorientowanie na klienta: Dostosowujemy nasze us\u0142ugi do Twoich potrzeb.<\/li>\n<\/ul>\n<p><strong>Po\u0142\u0105cz si\u0119 z nami!<\/strong><br \/>\nJe\u015bli masz problem ze znalezieniem odpowiedniego <span style=\"color: #0054a6;\"><strong><a style=\"color: #0054a6;\" href=\"https:\/\/www.bonelinks.com\/pl\/fiber-optic-patch-cord-supplier\/\" target=\"_blank\" rel=\"noopener\">\u015bwiat\u0142owodowego kabla krosowego <\/a><\/strong><\/span>do swoich potrzeb lub potrzebujesz porady eksperta, wystarczy jedno klikni\u0119cie i mo\u017cesz<a href=\"https:\/\/www.bonelinks.com\/pl\/contact-us\/\" target=\"_blank\" rel=\"noopener\"><strong><span style=\"color: #0054a6;\"> porozmawia\u0107 z nami <\/span><\/strong><\/a>w kilka sekund. Twoje zadowolenie jest naszym priorytetem. Jeste\u015bmy gotowi pom\u00f3c Ci pod ka\u017cdym wzgl\u0119dem. <strong>Nie martw si\u0119, nadmierne my\u015blenie nie jest wymagane. Jeste\u015bmy tutaj, gotowi do pomocy.<\/strong><\/p>\n","protected":false},"excerpt":{"rendered":"<p>Wysokiej jako\u015bci dupleksowy \u015bwiat\u0142owodowy kabel krosowy OM3 SC-SC o d\u0142ugo\u015bci 2,0 m zako\u0144czony ceramicznymi z\u0142\u0105czami SC o \u015brednicy 2,5 mm. Kolor Aqua, grubo\u015b\u0107 3,0 mm, wzmocniona zamkiem b\u0142yskawicznym. Idealny do szybkiej i niskostratnej transmisji danych.<\/p>\n<ul>\n<li>Wysokiej jako\u015bci wielomodowy kabel \u015bwiat\u0142owodowy OM3 ze z\u0142\u0105czami SC\/SC<\/li>\n<li>1\/10\/40Gb Multimode<\/li>\n<li>100% kontrola w\u0142a\u015bciwo\u015bci optycznych przed wysy\u0142k\u0105<\/li>\n<\/ul>\n","protected":false},"featured_media":17817,"template":"","meta":{"site-sidebar-layout":"default","site-content-layout":"default","ast-site-content-layout":"default","site-content-style":"default","site-sidebar-style":"default","ast-global-header-display":"","ast-banner-title-visibility":"","ast-main-header-display":"","ast-hfb-above-header-display":"","ast-hfb-below-header-display":"","ast-hfb-mobile-header-display":"","site-post-title":"","ast-breadcrumbs-content":"","ast-featured-img":"","footer-sml-layout":"","ast-disable-related-posts":"","theme-transparent-header-meta":"default","adv-header-id-meta":"","stick-header-meta":"default","header-above-stick-meta":"","header-main-stick-meta":"","header-below-stick-meta":"","astra-migrate-meta-layouts":"set","ast-page-background-enabled":"default","ast-page-background-meta":{"desktop":{"background-color":"","background-image":"","background-repeat":"repeat","background-position":"center center","background-size":"auto","background-attachment":"scroll","background-type":"","background-media":"","overlay-type":"","overlay-color":"","overlay-opacity":"","overlay-gradient":""},"tablet":{"background-color":"","background-image":"","background-repeat":"repeat","background-position":"center center","background-size":"auto","background-attachment":"scroll","background-type":"","background-media":"","overlay-type":"","overlay-color":"","overlay-opacity":"","overlay-gradient":""},"mobile":{"background-color":"","background-image":"","background-repeat":"repeat","background-position":"center center","background-size":"auto","background-attachment":"scroll","background-type":"","background-media":"","overlay-type":"","overlay-color":"","overlay-opacity":"","overlay-gradient":""}},"ast-content-background-meta":{"desktop":{"background-color":"var(--ast-global-color-5)","background-image":"","background-repeat":"repeat","background-position":"center center","background-size":"auto","background-attachment":"scroll","background-type":"","background-media":"","overlay-type":"","overlay-color":"","overlay-opacity":"","overlay-gradient":""},"tablet":{"background-color":"var(--ast-global-color-5)","background-image":"","background-repeat":"repeat","background-position":"center center","background-size":"auto","background-attachment":"scroll","background-type":"","background-media":"","overlay-type":"","overlay-color":"","overlay-opacity":"","overlay-gradient":""},"mobile":{"background-color":"var(--ast-global-color-5)","background-image":"","background-repeat":"repeat","background-position":"center center","background-size":"auto","background-attachment":"scroll","background-type":"","background-media":"","overlay-type":"","overlay-color":"","overlay-opacity":"","overlay-gradient":""}}},"product_brand":[],"product_cat":[236,269,238],"product_tag":[],"class_list":{"0":"post-21379","1":"product","2":"type-product","3":"status-publish","4":"has-post-thumbnail","6":"product_cat-fiber-patch-cord-pl","7":"product_cat-sc-fiber-patch-cord-pl-2","8":"product_cat-multimode-fiber-patch-cord-pl","9":"pa_connector-type-sc-sc-pl","10":"pa_fiber-type-50-125-om3-pl","11":"desktop-align-left","12":"tablet-align-left","13":"mobile-align-left","14":"ast-product-gallery-layout-vertical","15":"ast-product-gallery-with-no-image","16":"ast-product-tabs-layout-vertical","17":"ast-qv-on-image","19":"first","20":"instock","21":"shipping-taxable","22":"product-type-simple"},"_links":{"self":[{"href":"https:\/\/www.bonelinks.com\/pl\/wp-json\/wp\/v2\/product\/21379","targetHints":{"allow":["GET"]}}],"collection":[{"href":"https:\/\/www.bonelinks.com\/pl\/wp-json\/wp\/v2\/product"}],"about":[{"href":"https:\/\/www.bonelinks.com\/pl\/wp-json\/wp\/v2\/types\/product"}],"version-history":[{"count":4,"href":"https:\/\/www.bonelinks.com\/pl\/wp-json\/wp\/v2\/product\/21379\/revisions"}],"predecessor-version":[{"id":25850,"href":"https:\/\/www.bonelinks.com\/pl\/wp-json\/wp\/v2\/product\/21379\/revisions\/25850"}],"wp:featuredmedia":[{"embeddable":true,"href":"https:\/\/www.bonelinks.com\/pl\/wp-json\/wp\/v2\/media\/17817"}],"wp:attachment":[{"href":"https:\/\/www.bonelinks.com\/pl\/wp-json\/wp\/v2\/media?parent=21379"}],"wp:term":[{"taxonomy":"product_brand","embeddable":true,"href":"https:\/\/www.bonelinks.com\/pl\/wp-json\/wp\/v2\/product_brand?post=21379"},{"taxonomy":"product_cat","embeddable":true,"href":"https:\/\/www.bonelinks.com\/pl\/wp-json\/wp\/v2\/product_cat?post=21379"},{"taxonomy":"product_tag","embeddable":true,"href":"https:\/\/www.bonelinks.com\/pl\/wp-json\/wp\/v2\/product_tag?post=21379"}],"curies":[{"name":"wp","href":"https:\/\/api.w.org\/{rel}","templated":true}]}}