{"id":21348,"date":"2023-07-03T01:26:20","date_gmt":"2023-07-03T09:26:20","guid":{"rendered":"https:\/\/www.bonelinks.com\/product\/podwojny-swiatlowodowy-przewod-krosowy-sc-om4\/"},"modified":"2024-02-08T18:44:16","modified_gmt":"2024-02-09T02:44:16","slug":"dual-sc-fibre-patch-lead-om4","status":"publish","type":"product","link":"https:\/\/www.bonelinks.com\/pl\/product\/dual-sc-fibre-patch-lead-om4\/","title":{"rendered":"Podw\u00f3jny \u015bwiat\u0142owodowy przew\u00f3d krosowy SC OM4"},"content":{"rendered":"<h1 style=\"text-align: left; font-size: 18px;\"><strong>Podw\u00f3jny \u015bwiat\u0142owodowy przew\u00f3d krosowy wysokiej pr\u0119dko\u015bci SC OM4<\/strong><\/h1>\n<p>Nasz najwy\u017cszej jako\u015bci wielomodowy, dupleksowy kabel \u015bwiat\u0142owodowy OM4 (50\/125\u00b5m) jest przeznaczony do szybkich transmisji danych w sieciach 100 Gigabit Ethernet. Dzi\u0119ki ceramicznym tulejkom, rdzeniowi 50\/125 \u00b5m i podw\u00f3jnym z\u0142\u0105czom SC umo\u017cliwia szybk\u0105 instalacj\u0119 w \u015brodowiskach o du\u017cej g\u0119sto\u015bci okablowania. Obs\u0142uguje po\u0142\u0105czenia Ethernet 10\/40\/100G i jest idealny do u\u017cytku z transceiverami 10G SR, 10G LRM, 40G BIDI SR i SFP+. Przetestowany pod k\u0105tem niskiej t\u0142umienno\u015bci wtr\u0105ceniowej i powrotnej, zapewnia doskona\u0142\u0105 wydajno\u015b\u0107. Kolor Erika Violet sprawia, \u017ce \u0142atwo odr\u00f3\u017cni\u0107 go od innych kabli.<\/p>\n<table>\n<caption><strong>Obs\u0142uga odleg\u0142o\u015bci \u0142\u0105cza OM4<\/strong><\/caption>\n<tbody>\n<tr>\n<th>Oznaczenie urz\u0105dzenia nadawczo-odbiorczego<\/th>\n<th>OM4 (maksymalna odleg\u0142o\u015b\u0107 w metrach)<\/th>\n<\/tr>\n<tr>\n<td style=\"text-align: center;\">10GBASE-SR<\/td>\n<td style=\"text-align: center;\">550<\/td>\n<\/tr>\n<tr>\n<td style=\"text-align: center;\">10GBASE-LX4<\/td>\n<td style=\"text-align: center;\">300<\/td>\n<\/tr>\n<tr>\n<td style=\"text-align: center;\">10GBASE-LRM<\/td>\n<td style=\"text-align: center;\">220<\/td>\n<\/tr>\n<tr>\n<td style=\"text-align: center;\">40GBASE-SR4<\/td>\n<td style=\"text-align: center;\">125<\/td>\n<\/tr>\n<tr>\n<td style=\"text-align: center;\">100GBASE-SR10<\/td>\n<td style=\"text-align: center;\">125<\/td>\n<\/tr>\n<\/tbody>\n<\/table>\n<p><strong>Cechy podw\u00f3jnego \u015bwiat\u0142owodowego przewodu krosowego SC OM4<\/strong><\/p>\n<ul>\n<li>Konstrukcja \u015bwiat\u0142owodu wielomodowego &#8211; rdze\u0144 i ok\u0142adzina o \u015brednicy 50\/125<\/li>\n<li>Obs\u0142uga szybko\u015bci transferu danych do 10 Gb\/s, 40 Gb\/s i 100 Gb\/s<\/li>\n<li>Wsteczna kompatybilno\u015b\u0107 z istniej\u0105cymi urz\u0105dzeniami OM2 i OM3 50\/125 MMF<\/li>\n<li>Zgodno\u015b\u0107 z 10GBase-SR SFP+, 40Gbase-SR4 QSFP+ i 100Gbase-SR10 QSFP28<\/li>\n<li>Precyzyjne okucia cyrkonowe<\/li>\n<li>Ultra fizyczny kontakt<\/li>\n<li>Indywidualnie testowane<\/li>\n<\/ul>\n<h2 style=\"text-align: left; font-size: 18px;\"><strong>Zastosowania podw\u00f3jnego \u015bwiat\u0142owodowego przewodu krosowego SC OM4<\/strong><\/h2>\n<ul>\n<li>10\/40\/100 Gigabit Ethernet<\/li>\n<li>Przechowywanie danych<\/li>\n<li>Starsze sieci LAN<\/li>\n<\/ul>\n<p><img fetchpriority=\"high\" decoding=\"async\" class=\"alignnone size-full wp-image-7181\" src=\"https:\/\/www.bonelinks.com\/wp-content\/uploads\/2023\/07\/dual-sc-patch-lead-application.png\" alt=\"Aplikacja podw\u00f3jnego przewodu krosowego sc\" width=\"714\" height=\"260\" srcset=\"https:\/\/www.bonelinks.com\/wp-content\/uploads\/2023\/07\/dual-sc-patch-lead-application.png 714w, https:\/\/www.bonelinks.com\/wp-content\/uploads\/2023\/07\/dual-sc-patch-lead-application-300x109.png 300w, https:\/\/www.bonelinks.com\/wp-content\/uploads\/2023\/07\/dual-sc-patch-lead-application-650x237.png 650w\" sizes=\"(max-width: 714px) 100vw, 714px\" \/><\/p>\n<h2 style=\"text-align: left; font-size: 18px;\"><strong>Szukasz wi\u0119cej opcji kabli \u015bwiat\u0142owodowych?<\/strong><\/h2>\n<p>Potrzebujesz wi\u0119cej opcji kabli \u015bwiat\u0142owodowych? Zapoznaj si\u0119 z nasz\u0105 ofert\u0105 <a title=\"Kable \u015bwiat\u0142owodowe SC\" href=\"https:\/\/www.bonelinks.com\/pl\/sc-fibre-patch-leads\/\" target=\"_blank\" rel=\"noopener\"><strong><span style=\"color: #0054a6;\">Kable \u015bwiat\u0142owodowe SC, <\/span><\/strong><\/a><strong><span style=\"color: #0054a6;\"><a style=\"color: #0054a6;\" href=\"https:\/\/www.bonelinks.com\/pl\/multimode-fibre-patch-leads\/\" target=\"_blank\" rel=\"noopener\">Kable \u015bwiat\u0142owodowe wielomodowe <\/a><\/span><\/strong>dla bezproblemowej pracy w sieci.<\/p>\n<p>Szukasz niestandardowych i specjalnie zaprojektowanych kabli \u015bwiat\u0142owodowych? Zapoznaj si\u0119 z nasz\u0105 dedykowan\u0105 sekcj\u0105<a href=\"https:\/\/www.bonelinks.com\/pl\/custom-fiber-optic-cables\/\" target=\"_blank\" rel=\"noopener\"><span style=\"color: #0054a6;\"><strong> Niestandardowe kable \u015bwiat\u0142owodowe <\/strong><\/span><\/a>w celu uzyskania dopasowanych rozwi\u0105za\u0144 w zakresie \u0142\u0105czno\u015bci.<\/p>\n<ul>\n<li>Sprzeda\u017c detaliczna lub hurtowa &#8211; mamy wszystko pod kontrol\u0105!<\/li>\n<li>Nie wiesz co kupi\u0107? Oferujemy porady ekspert\u00f3w.<\/li>\n<li>Ma\u0142e MOQ: Nie musisz kupowa\u0107 wi\u0119cej ni\u017c chcesz.<\/li>\n<li>Konkurencyjne ceny: Uzyskaj \u015bwietn\u0105 warto\u015b\u0107 za ka\u017cdym razem.<\/li>\n<li>Szybka dostawa: Twoja szybko\u015b\u0107, nasz priorytet.<\/li>\n<li>Zorientowanie na klienta: Dostosowujemy nasze us\u0142ugi do Twoich potrzeb.<\/li>\n<\/ul>\n<p><strong>Po\u0142\u0105cz si\u0119 z nami!<\/strong><br \/>\nJe\u015bli masz problem ze znalezieniem odpowiedniego <span style=\"color: #0054a6;\"><strong><a style=\"color: #0054a6;\" href=\"https:\/\/www.bonelinks.com\/pl\/fiber-optic-patch-cord-supplier\/\" target=\"_blank\" rel=\"noopener\">\u015bwiat\u0142owodowego kabla krosowego <\/a><\/strong><\/span>do swoich potrzeb lub potrzebujesz porady eksperta, wystarczy jedno klikni\u0119cie i mo\u017cesz<a href=\"https:\/\/www.bonelinks.com\/pl\/contact-us\/\" target=\"_blank\" rel=\"noopener\"><strong><span style=\"color: #0054a6;\"> porozmawia\u0107 z nami <\/span><\/strong><\/a>w kilka sekund. Twoje zadowolenie jest naszym priorytetem. Jeste\u015bmy gotowi pom\u00f3c Ci pod ka\u017cdym wzgl\u0119dem. <strong>Nie martw si\u0119, nadmierne my\u015blenie nie jest wymagane. Jeste\u015bmy tutaj, gotowi do pomocy.<\/strong><\/p>\n","protected":false},"excerpt":{"rendered":"<p>Podw\u00f3jny \u015bwiat\u0142owodowy przew\u00f3d krosowy SC OM4 z ceramicznymi tulejkami i rdzeniem 50\/125 mikron\u00f3w dla sieci 100 Gigabit Ethernet. Nadaje si\u0119 do \u015brodowisk kablowych o du\u017cej g\u0119sto\u015bci z podw\u00f3jnymi z\u0142\u0105czami SC.<\/p>\n<ul>\n<li>Zgodno\u015b\u0107 z optycznym trybem wielomodowym 4 (OM4) dla obs\u0142ugi 100-gigabitowego Ethernetu<\/li>\n<li>Zgodno\u015b\u0107 z 10GBase-SR SFP+, 40Gbase-SR4 QSFP+ i 100Gbase-SR10 QSFP28<\/li>\n<li>100% kontrola w\u0142a\u015bciwo\u015bci optycznych przed wysy\u0142k\u0105<\/li>\n<\/ul>\n","protected":false},"featured_media":18047,"template":"","meta":{"site-sidebar-layout":"default","site-content-layout":"default","ast-site-content-layout":"default","site-content-style":"default","site-sidebar-style":"default","ast-global-header-display":"","ast-banner-title-visibility":"","ast-main-header-display":"","ast-hfb-above-header-display":"","ast-hfb-below-header-display":"","ast-hfb-mobile-header-display":"","site-post-title":"","ast-breadcrumbs-content":"","ast-featured-img":"","footer-sml-layout":"","ast-disable-related-posts":"","theme-transparent-header-meta":"default","adv-header-id-meta":"","stick-header-meta":"default","header-above-stick-meta":"","header-main-stick-meta":"","header-below-stick-meta":"","astra-migrate-meta-layouts":"set","ast-page-background-enabled":"default","ast-page-background-meta":{"desktop":{"background-color":"","background-image":"","background-repeat":"repeat","background-position":"center center","background-size":"auto","background-attachment":"scroll","background-type":"","background-media":"","overlay-type":"","overlay-color":"","overlay-opacity":"","overlay-gradient":""},"tablet":{"background-color":"","background-image":"","background-repeat":"repeat","background-position":"center center","background-size":"auto","background-attachment":"scroll","background-type":"","background-media":"","overlay-type":"","overlay-color":"","overlay-opacity":"","overlay-gradient":""},"mobile":{"background-color":"","background-image":"","background-repeat":"repeat","background-position":"center center","background-size":"auto","background-attachment":"scroll","background-type":"","background-media":"","overlay-type":"","overlay-color":"","overlay-opacity":"","overlay-gradient":""}},"ast-content-background-meta":{"desktop":{"background-color":"var(--ast-global-color-5)","background-image":"","background-repeat":"repeat","background-position":"center center","background-size":"auto","background-attachment":"scroll","background-type":"","background-media":"","overlay-type":"","overlay-color":"","overlay-opacity":"","overlay-gradient":""},"tablet":{"background-color":"var(--ast-global-color-5)","background-image":"","background-repeat":"repeat","background-position":"center center","background-size":"auto","background-attachment":"scroll","background-type":"","background-media":"","overlay-type":"","overlay-color":"","overlay-opacity":"","overlay-gradient":""},"mobile":{"background-color":"var(--ast-global-color-5)","background-image":"","background-repeat":"repeat","background-position":"center center","background-size":"auto","background-attachment":"scroll","background-type":"","background-media":"","overlay-type":"","overlay-color":"","overlay-opacity":"","overlay-gradient":""}}},"product_brand":[],"product_cat":[236,269,238],"product_tag":[],"class_list":{"0":"post-21348","1":"product","2":"type-product","3":"status-publish","4":"has-post-thumbnail","6":"product_cat-fiber-patch-cord-pl","7":"product_cat-sc-fiber-patch-cord-pl-2","8":"product_cat-multimode-fiber-patch-cord-pl","9":"pa_connector-type-sc-pl","10":"pa_fiber-type-50-125-om4-pl","11":"desktop-align-left","12":"tablet-align-left","13":"mobile-align-left","14":"ast-product-gallery-layout-vertical","15":"ast-product-gallery-with-no-image","16":"ast-product-tabs-layout-vertical","17":"ast-qv-on-image","19":"first","20":"instock","21":"shipping-taxable","22":"product-type-simple"},"_links":{"self":[{"href":"https:\/\/www.bonelinks.com\/pl\/wp-json\/wp\/v2\/product\/21348","targetHints":{"allow":["GET"]}}],"collection":[{"href":"https:\/\/www.bonelinks.com\/pl\/wp-json\/wp\/v2\/product"}],"about":[{"href":"https:\/\/www.bonelinks.com\/pl\/wp-json\/wp\/v2\/types\/product"}],"version-history":[{"count":3,"href":"https:\/\/www.bonelinks.com\/pl\/wp-json\/wp\/v2\/product\/21348\/revisions"}],"predecessor-version":[{"id":25846,"href":"https:\/\/www.bonelinks.com\/pl\/wp-json\/wp\/v2\/product\/21348\/revisions\/25846"}],"wp:featuredmedia":[{"embeddable":true,"href":"https:\/\/www.bonelinks.com\/pl\/wp-json\/wp\/v2\/media\/18047"}],"wp:attachment":[{"href":"https:\/\/www.bonelinks.com\/pl\/wp-json\/wp\/v2\/media?parent=21348"}],"wp:term":[{"taxonomy":"product_brand","embeddable":true,"href":"https:\/\/www.bonelinks.com\/pl\/wp-json\/wp\/v2\/product_brand?post=21348"},{"taxonomy":"product_cat","embeddable":true,"href":"https:\/\/www.bonelinks.com\/pl\/wp-json\/wp\/v2\/product_cat?post=21348"},{"taxonomy":"product_tag","embeddable":true,"href":"https:\/\/www.bonelinks.com\/pl\/wp-json\/wp\/v2\/product_tag?post=21348"}],"curies":[{"name":"wp","href":"https:\/\/api.w.org\/{rel}","templated":true}]}}