{"id":21342,"date":"2023-07-03T04:25:21","date_gmt":"2023-07-03T12:25:21","guid":{"rendered":"https:\/\/www.bonelinks.com\/product\/kable-swiatlowodowe-lc-do-sc-duplex-single-mode\/"},"modified":"2024-02-08T18:42:57","modified_gmt":"2024-02-09T02:42:57","slug":"fibre-patch-leads-lc-to-sc-duplex-single-mode","status":"publish","type":"product","link":"https:\/\/www.bonelinks.com\/pl\/product\/fibre-patch-leads-lc-to-sc-duplex-single-mode\/","title":{"rendered":"Kable \u015bwiat\u0142owodowe LC do SC Duplex Single Mode"},"content":{"rendered":"<h1 style=\"text-align: left; font-size: 18px;\"><strong> Kable \u015bwiat\u0142owodowe LC do SC Duplex Single Mode do transmisji danych o wysokiej przepustowo\u015bci<\/strong><\/h1>\n<p>\u015awiat\u0142owodowe kable krosowe LC do SC Duplex Single Mode s\u0105 przeznaczone do szybkich transmisji danych o wysokiej przepustowo\u015bci w sieciach Gigabit Ethernet i Fiber Channel. Zbudowany ze \u015bwiat\u0142owodu jednomodowego 9\/125 i z\u0142\u0105czy LC-SC, jest powszechnie stosowany w aplikacjach pasywnych, takich jak GPON, FTTX i LAN, oferuj\u0105c niezawodn\u0105 \u0142\u0105czno\u015b\u0107 przy niskich stratach sygna\u0142u. Idealny do po\u0142\u0105cze\u0144 Ethernet 1G\/10G\/25G\/40G\/100G\/400G, mo\u017ce przesy\u0142a\u0107 dane na odleg\u0142o\u015b\u0107 do 10 km przy d\u0142ugo\u015bci fali 1310 nm lub do 40 km przy d\u0142ugo\u015bci fali 1550 nm.<\/p>\n<table width=\"643\">\n<tbody>\n<tr>\n<td width=\"188\"><strong>Opis i typ w\u0142\u00f3kna<\/strong><\/td>\n<td colspan=\"4\" width=\"260\"><strong>Typowe t\u0142umienie (dB\/km)<\/strong><\/td>\n<td width=\"65\"><strong>1 Gb\/s Ethernet Odleg\u0142o\u015b\u0107 (metry)<\/strong><\/td>\n<td colspan=\"2\" width=\"130\"><strong>10 Gb\/s Ethernet Odleg\u0142o\u015b\u0107 (metry)<\/strong><\/td>\n<\/tr>\n<tr>\n<td width=\"188\">Jednomodowy, w\u0105ski bufor<\/td>\n<td width=\"65\">1310nm<\/td>\n<td width=\"65\">1383nm<\/td>\n<td width=\"65\">1550nm<\/td>\n<td width=\"65\">1625nm<\/td>\n<td width=\"65\">1310nm<\/td>\n<td width=\"65\">1310nm<\/td>\n<td width=\"65\">1550nm<\/td>\n<\/tr>\n<tr>\n<td width=\"188\">900 mikron\u00f3w<\/td>\n<td width=\"65\">0.65<\/td>\n<td width=\"65\">&#8212;<\/td>\n<td width=\"65\">0.65<\/td>\n<td width=\"65\">&#8212;<\/td>\n<td width=\"65\">10,000<\/td>\n<td width=\"65\">5,000<\/td>\n<td width=\"65\">30,000<\/td>\n<\/tr>\n<tr>\n<td width=\"188\">Przerwanie 2mm\/3mm<\/td>\n<td width=\"65\">1<\/td>\n<td width=\"65\">&#8212;<\/td>\n<td width=\"65\">1<\/td>\n<td width=\"65\">&#8212;<\/td>\n<td width=\"65\">10,000<\/td>\n<td width=\"65\">5,000<\/td>\n<td width=\"65\">30,000<\/td>\n<\/tr>\n<\/tbody>\n<\/table>\n<h2 style=\"text-align: left; font-size: 18px;\"><strong>Cechy kabli \u015bwiat\u0142owodowych LC do SC Duplex Single Mode<\/strong><\/h2>\n<ul>\n<li>\u017b\u00f3\u0142ty p\u0142aszcz jednomodowy 9\/125 mikron\u00f3w<\/li>\n<li>Konfiguracja dupleksowa (2 w\u0142\u00f3kna \u015bwiat\u0142owodowe)<\/li>\n<li>Z\u0142\u0105cza LC do SC<\/li>\n<li>Ceramika cyrkonowa zapewnia najwy\u017csz\u0105 wydajno\u015b\u0107 i trwa\u0142o\u015b\u0107<\/li>\n<li>Dost\u0119pne w r\u00f3\u017cnych d\u0142ugo\u015bciach<\/li>\n<li>W 100% przetestowane pod k\u0105tem optymalnej wydajno\u015bci<\/li>\n<\/ul>\n<h2 style=\"text-align: left; font-size: 18px;\"><strong>Zastosowania kabli \u015bwiat\u0142owodowych LC do SC Duplex Single Mode<\/strong><\/h2>\n<ul>\n<li>Idealne rozwi\u0105zanie dla aplikacji wymagaj\u0105cych szybkiej transmisji danych<\/li>\n<li>Systemy szerokopasmowe<\/li>\n<li>Telekomunikacja \/ Transmisja danych<\/li>\n<li>U\u017cywany przez sieci d\u0142ugodystansowe z danymi o znaczeniu krytycznym<\/li>\n<\/ul>\n<h2 style=\"text-align: left; font-size: 18px;\"><strong>Szukasz wi\u0119cej opcji kabli \u015bwiat\u0142owodowych?<\/strong><\/h2>\n<p>Potrzebujesz wi\u0119cej opcji kabli \u015bwiat\u0142owodowych? Zapoznaj si\u0119 z nasz\u0105 ofert\u0105 <span style=\"color: #0054a6;\"><strong><a style=\"color: #0054a6;\" href=\"https:\/\/www.bonelinks.com\/pl\/lc-fibre-patch-leads\/\" target=\"_blank\" rel=\"noopener\">Kable krosowe \u015bwiat\u0142owodowe LC,<\/a> <\/strong><br \/>\n<\/span><a title=\"Kable \u015bwiat\u0142owodowe SC\" href=\"https:\/\/www.bonelinks.com\/pl\/sc-fibre-patch-leads\/\" target=\"_blank\" rel=\"noopener\"><strong><span style=\"color: #0054a6;\">Kable krosowe \u015bwiat\u0142owodowe SC,<\/span><\/strong> <\/a><strong><span style=\"color: #0054a6;\"><a style=\"color: #0054a6;\" href=\"https:\/\/www.bonelinks.com\/pl\/lc-to-sc-fiber-cables\/\" target=\"_blank\" rel=\"noopener\">Kable \u015bwiat\u0142owodowe SC LC,<\/a><\/span> <span style=\"color: #0054a6;\"><a style=\"color: #0054a6;\" href=\"https:\/\/www.bonelinks.com\/pl\/products\/single-mode-fiber-patch-cord-pl\/\" target=\"_blank\" rel=\"noopener\">Kable \u015bwiat\u0142owodowe jednomodowe<\/a> <\/span><\/strong>zapewniaj\u0105ce p\u0142ynne po\u0142\u0105czenie sieciowe.<\/p>\n<p>Szukasz niestandardowych i specjalnie zaprojektowanych kabli \u015bwiat\u0142owodowych? Zapoznaj si\u0119 z nasz\u0105 dedykowan\u0105 sekcj\u0105<a href=\"https:\/\/www.bonelinks.com\/pl\/custom-fiber-optic-cables\/\" target=\"_blank\" rel=\"noopener\"><span style=\"color: #0054a6;\"><strong> Niestandardowe kable \u015bwiat\u0142owodowe <\/strong><\/span><\/a>w celu uzyskania dopasowanych rozwi\u0105za\u0144 w zakresie \u0142\u0105czno\u015bci.<\/p>\n<ul>\n<li>Sprzeda\u017c detaliczna lub hurtowa &#8211; mamy wszystko pod kontrol\u0105!<\/li>\n<li>Nie wiesz co kupi\u0107? Oferujemy porady ekspert\u00f3w.<\/li>\n<li>Ma\u0142e MOQ: Nie musisz kupowa\u0107 wi\u0119cej ni\u017c chcesz.<\/li>\n<li>Konkurencyjne ceny: Uzyskaj \u015bwietn\u0105 warto\u015b\u0107 za ka\u017cdym razem.<\/li>\n<li>Szybka dostawa: Twoja szybko\u015b\u0107, nasz priorytet.<\/li>\n<li>Zorientowanie na klienta: Dostosowujemy nasze us\u0142ugi do Twoich potrzeb.<\/li>\n<\/ul>\n<p><strong>Po\u0142\u0105cz si\u0119 z nami!<\/strong><br \/>\nJe\u015bli masz problem ze znalezieniem odpowiedniego <span style=\"color: #0054a6;\"><strong><a style=\"color: #0054a6;\" href=\"https:\/\/www.bonelinks.com\/pl\/fiber-optic-patch-cord-supplier\/\" target=\"_blank\" rel=\"noopener\">\u015bwiat\u0142owodowego kabla krosowego <\/a><\/strong><\/span>do swoich potrzeb lub potrzebujesz porady eksperta, wystarczy jedno klikni\u0119cie i mo\u017cesz<a href=\"https:\/\/www.bonelinks.com\/pl\/contact-us\/\" target=\"_blank\" rel=\"noopener\"><strong><span style=\"color: #0054a6;\"> porozmawia\u0107 z nami <\/span><\/strong><\/a>w kilka sekund. Twoje zadowolenie jest naszym priorytetem. Jeste\u015bmy gotowi pom\u00f3c Ci pod ka\u017cdym wzgl\u0119dem. <strong>Nie martw si\u0119, nadmierne my\u015blenie nie jest wymagane. Jeste\u015bmy tutaj, gotowi do pomocy.<\/strong><\/p>\n","protected":false},"excerpt":{"rendered":"<p>\u015awiat\u0142owodowe kable krosowe LC do SC Duplex Single Mode wyposa\u017cone s\u0105 w \u015bwiat\u0142ow\u00f3d 9\/125 mikron\u00f3w. Umo\u017cliwia szybk\u0105 transmisj\u0119 danych w sieciach Gigabit Ethernet i Fibre Channel, obs\u0142uguj\u0105c dupleksowe aplikacje jednomodowe.<\/p>\n<ul>\n<li>Dupleksowa jednomodowa kurtka 9\/125 mikron\u00f3w w kolorze \u017c\u00f3\u0142tym<\/li>\n<li>Z\u0142\u0105cza LC do SC<\/li>\n<li>Dost\u0119pne w r\u00f3\u017cnych d\u0142ugo\u015bciach<\/li>\n<li>W 100% przetestowane pod k\u0105tem t\u0142umienno\u015bci wtr\u0105ceniowej i odbicia wstecznego<\/li>\n<\/ul>\n","protected":false},"featured_media":16457,"template":"","meta":{"site-sidebar-layout":"default","site-content-layout":"default","ast-site-content-layout":"default","site-content-style":"default","site-sidebar-style":"default","ast-global-header-display":"","ast-banner-title-visibility":"","ast-main-header-display":"","ast-hfb-above-header-display":"","ast-hfb-below-header-display":"","ast-hfb-mobile-header-display":"","site-post-title":"","ast-breadcrumbs-content":"","ast-featured-img":"","footer-sml-layout":"","ast-disable-related-posts":"","theme-transparent-header-meta":"default","adv-header-id-meta":"","stick-header-meta":"default","header-above-stick-meta":"","header-main-stick-meta":"","header-below-stick-meta":"","astra-migrate-meta-layouts":"set","ast-page-background-enabled":"default","ast-page-background-meta":{"desktop":{"background-color":"","background-image":"","background-repeat":"repeat","background-position":"center center","background-size":"auto","background-attachment":"scroll","background-type":"","background-media":"","overlay-type":"","overlay-color":"","overlay-opacity":"","overlay-gradient":""},"tablet":{"background-color":"","background-image":"","background-repeat":"repeat","background-position":"center center","background-size":"auto","background-attachment":"scroll","background-type":"","background-media":"","overlay-type":"","overlay-color":"","overlay-opacity":"","overlay-gradient":""},"mobile":{"background-color":"","background-image":"","background-repeat":"repeat","background-position":"center center","background-size":"auto","background-attachment":"scroll","background-type":"","background-media":"","overlay-type":"","overlay-color":"","overlay-opacity":"","overlay-gradient":""}},"ast-content-background-meta":{"desktop":{"background-color":"var(--ast-global-color-5)","background-image":"","background-repeat":"repeat","background-position":"center center","background-size":"auto","background-attachment":"scroll","background-type":"","background-media":"","overlay-type":"","overlay-color":"","overlay-opacity":"","overlay-gradient":""},"tablet":{"background-color":"var(--ast-global-color-5)","background-image":"","background-repeat":"repeat","background-position":"center center","background-size":"auto","background-attachment":"scroll","background-type":"","background-media":"","overlay-type":"","overlay-color":"","overlay-opacity":"","overlay-gradient":""},"mobile":{"background-color":"var(--ast-global-color-5)","background-image":"","background-repeat":"repeat","background-position":"center center","background-size":"auto","background-attachment":"scroll","background-type":"","background-media":"","overlay-type":"","overlay-color":"","overlay-opacity":"","overlay-gradient":""}}},"product_brand":[],"product_cat":[236,246,243,269],"product_tag":[],"class_list":{"0":"post-21342","1":"product","2":"type-product","3":"status-publish","4":"has-post-thumbnail","6":"product_cat-fiber-patch-cord-pl","7":"product_cat-single-mode-fiber-patch-cord-pl","8":"product_cat-lc-fiber-patch-cord-pl","9":"product_cat-sc-fiber-patch-cord-pl-2","10":"pa_connector-type-lc-sc-pl","11":"pa_fiber-type-jednomodowy","12":"desktop-align-left","13":"tablet-align-left","14":"mobile-align-left","15":"ast-product-gallery-layout-vertical","16":"ast-product-gallery-with-no-image","17":"ast-product-tabs-layout-vertical","18":"ast-qv-on-image","20":"first","21":"instock","22":"shipping-taxable","23":"product-type-simple"},"_links":{"self":[{"href":"https:\/\/www.bonelinks.com\/pl\/wp-json\/wp\/v2\/product\/21342","targetHints":{"allow":["GET"]}}],"collection":[{"href":"https:\/\/www.bonelinks.com\/pl\/wp-json\/wp\/v2\/product"}],"about":[{"href":"https:\/\/www.bonelinks.com\/pl\/wp-json\/wp\/v2\/types\/product"}],"version-history":[{"count":3,"href":"https:\/\/www.bonelinks.com\/pl\/wp-json\/wp\/v2\/product\/21342\/revisions"}],"predecessor-version":[{"id":25844,"href":"https:\/\/www.bonelinks.com\/pl\/wp-json\/wp\/v2\/product\/21342\/revisions\/25844"}],"wp:featuredmedia":[{"embeddable":true,"href":"https:\/\/www.bonelinks.com\/pl\/wp-json\/wp\/v2\/media\/16457"}],"wp:attachment":[{"href":"https:\/\/www.bonelinks.com\/pl\/wp-json\/wp\/v2\/media?parent=21342"}],"wp:term":[{"taxonomy":"product_brand","embeddable":true,"href":"https:\/\/www.bonelinks.com\/pl\/wp-json\/wp\/v2\/product_brand?post=21342"},{"taxonomy":"product_cat","embeddable":true,"href":"https:\/\/www.bonelinks.com\/pl\/wp-json\/wp\/v2\/product_cat?post=21342"},{"taxonomy":"product_tag","embeddable":true,"href":"https:\/\/www.bonelinks.com\/pl\/wp-json\/wp\/v2\/product_tag?post=21342"}],"curies":[{"name":"wp","href":"https:\/\/api.w.org\/{rel}","templated":true}]}}