{"id":21341,"date":"2023-07-03T06:51:11","date_gmt":"2023-07-03T14:51:11","guid":{"rendered":"https:\/\/www.bonelinks.com\/product\/wielomodowe-kable-swiatlowodowe-lc-sc-duplex\/"},"modified":"2024-02-08T18:40:50","modified_gmt":"2024-02-09T02:40:50","slug":"lc-sc-multimode-duplex-fibre-patch-leads","status":"publish","type":"product","link":"https:\/\/www.bonelinks.com\/pl\/product\/lc-sc-multimode-duplex-fibre-patch-leads\/","title":{"rendered":"Wielomodowe kable \u015bwiat\u0142owodowe LC SC Duplex"},"content":{"rendered":"<h1 style=\"text-align: left; font-size: 18px;\"><strong>Wielomodowe kable \u015bwiat\u0142owodowe LC SC Duplex: Optymalizacja wydajno\u015bci sieci dzi\u0119ki wszechstronno\u015bci<\/strong><\/h1>\n<p>Nasze wielomodowe kable \u015bwiat\u0142owodowe LC-SC, wykonane z najwy\u017cszej jako\u015bci komponent\u00f3w, takich jak OFNR\/LSZH\/PVC, zapewniaj\u0105 doskona\u0142\u0105 wydajno\u015b\u0107. Do wyboru s\u0105 opcje 62,5\/125 (OM1), 50\/125 (OM2), Enhanced 50\/125 (OM3) i 50\/125 (OM4). Te dwustronne kable s\u0105 wyposa\u017cone w z\u0142\u0105cza SC na jednym ko\u0144cu i LC na drugim, idealne do wewn\u0119trznych centr\u00f3w danych i po\u0142\u0105cze\u0144 stacjonarnych\/sieciowych. Z \u0142atwo\u015bci\u0105 obs\u0142uguje sieci Gigabit i 10 Gb\/s. Do ka\u017cdego kabla do\u0142\u0105czony jest raport z testu t\u0142umienno\u015bci wtr\u0105ceniowej. Konfiguracje niestandardowe dost\u0119pne w r\u00f3\u017cnych d\u0142ugo\u015bciach.<\/p>\n<table width=\"1104\">\n<tbody>\n<tr>\n<td width=\"160\"><strong>Typy wielomodowych kabli \u015bwiat\u0142owodowych LC SC Duplex<\/strong><\/td>\n<td width=\"131\"><strong>\u015arednica<\/strong><\/td>\n<td width=\"121\"><strong>Kolor kurtki<\/strong><\/td>\n<td width=\"127\"><strong>\u0179r\u00f3d\u0142o optyczne<\/strong><\/td>\n<td width=\"143\"><strong>Przepustowo\u015b\u0107<\/strong><\/td>\n<td width=\"134\"><strong>Fast Ethernet<\/strong><\/td>\n<td width=\"72\"><strong>1GbE<\/strong><\/td>\n<td width=\"72\"><strong>10GbE<\/strong><\/td>\n<td width=\"72\"><strong>40GbE<\/strong><\/td>\n<td width=\"72\"><strong>100GbE<\/strong><\/td>\n<\/tr>\n<tr>\n<td width=\"160\">OM1<\/td>\n<td width=\"131\">62,5\/125 \u00b5m<\/td>\n<td width=\"121\">Pomara\u0144czowy<\/td>\n<td width=\"127\">LED<\/td>\n<td width=\"143\">200MHz*km<\/td>\n<td width=\"134\">2000m<\/td>\n<td width=\"72\">275m<\/td>\n<td width=\"72\">33m<\/td>\n<td width=\"72\">\/<\/td>\n<td width=\"72\">\/<\/td>\n<\/tr>\n<tr>\n<td width=\"160\">OM2<\/td>\n<td width=\"131\">50\/125\u00b5m<\/td>\n<td width=\"121\">Pomara\u0144czowy<\/td>\n<td width=\"127\">LED<\/td>\n<td width=\"143\">500MHz*km<\/td>\n<td width=\"134\">2000m<\/td>\n<td width=\"72\">550m<\/td>\n<td width=\"72\">82m<\/td>\n<td width=\"72\">\/<\/td>\n<td width=\"72\">\/<\/td>\n<\/tr>\n<tr>\n<td width=\"160\">OM3<\/td>\n<td width=\"131\">50\/125\u00b5m<\/td>\n<td width=\"121\">Aqua<\/td>\n<td width=\"127\">VSCEL<\/td>\n<td width=\"143\">2000MHz*km<\/td>\n<td width=\"134\">2000m<\/td>\n<td width=\"72\">\/<\/td>\n<td width=\"72\">300m<\/td>\n<td width=\"72\">100m<\/td>\n<td width=\"72\">70m<\/td>\n<\/tr>\n<tr>\n<td width=\"160\">OM4<\/td>\n<td width=\"131\">50\/125\u00b5m<\/td>\n<td width=\"121\">Fioletowy<\/td>\n<td width=\"127\">VSCEL<\/td>\n<td width=\"143\">4700MHz*km<\/td>\n<td width=\"134\">2000m<\/td>\n<td width=\"72\">\/<\/td>\n<td width=\"72\">550m<\/td>\n<td width=\"72\">150m<\/td>\n<td width=\"72\">150m<\/td>\n<\/tr>\n<\/tbody>\n<\/table>\n<h2 style=\"text-align: left; font-size: 18px;\"><strong>Najlepiej sprzedaj\u0105ce si\u0119 wielomodowe kable \u015bwiat\u0142owodowe LC SC Duplex w Bonelinks<\/strong><\/h2>\n<p>&nbsp;<\/p>\n<table>\n<tbody>\n<tr>\n<th class=\"header\"><strong>Wielomodowe kable \u015bwiat\u0142owodowe LC SC Duplex<\/strong><\/th>\n<th class=\"header\">OM2 \u015awiat\u0142ow\u00f3d LC do SC<\/th>\n<th class=\"header\">OM3 \u015awiat\u0142ow\u00f3d LC do SC<\/th>\n<th class=\"header\">OM4 \u015awiat\u0142ow\u00f3d LC do SC<\/th>\n<\/tr>\n<tr>\n<td>Liczba w\u0142\u00f3kien<\/td>\n<td>Dupleks<\/td>\n<td>Dupleks<\/td>\n<td>Dupleks<\/td>\n<\/tr>\n<tr>\n<td>Tryb \u015bwiat\u0142owodowy<\/td>\n<td>Wielomodowy<\/td>\n<td>Wielomodowy<\/td>\n<td>Wielomodowy<\/td>\n<\/tr>\n<tr>\n<td>Szybko\u015b\u0107 transmisji danych<\/td>\n<td>1G\/10GB<\/td>\n<td>10G\/40G\/100GB<\/td>\n<td>10G\/40G\/100GB<\/td>\n<\/tr>\n<tr>\n<td>Z\u0142\u0105cze<\/td>\n<td>LC UPC do SC UPC<\/td>\n<td>LC UPC do SC UPC<\/td>\n<td>LC UPC do SC UPC<\/td>\n<\/tr>\n<tr>\n<td>Strata wtr\u0105ceniowa<\/td>\n<td>\u22640,3dB<\/td>\n<td>\u22640,3dB<\/td>\n<td>\u22640,3dB<\/td>\n<\/tr>\n<tr>\n<td>Straty odbiciowe<\/td>\n<td>\u226530dB<\/td>\n<td>\u226530dB<\/td>\n<td>\u226530dB<\/td>\n<\/tr>\n<tr>\n<td>D\u0142ugo\u015b\u0107<\/td>\n<td>1m, 2m, 3m, 5m, 10m lub niestandardowe<\/td>\n<td>1m, 2m, 3m, 5m, 10m lub niestandardowe<\/td>\n<td>1m, 2m, 3m, 5m, 10m lub niestandardowe<\/td>\n<\/tr>\n<tr>\n<td>Kurtka<\/td>\n<td>LSZH, OFNR, PVC<\/td>\n<td>LSZH, OFNR, PVC<\/td>\n<td>LSZH, OFNR, PVC<\/td>\n<\/tr>\n<\/tbody>\n<\/table>\n<h2 style=\"text-align: left; font-size: 18px;\"><strong>Cechy wielomodowych kabli \u015bwiat\u0142owodowych LC SC Duplex<\/strong><\/h2>\n<ul>\n<li>Z\u0142\u0105cza dupleksowe<\/li>\n<li>Z\u0142\u0105cza LC-SC zapewniaj\u0105ce bezproblemow\u0105 \u0142\u0105czno\u015b\u0107<\/li>\n<li>Niskie straty wtr\u0105ceniowe dla wydajnej transmisji danych<\/li>\n<li>Wysoka utrata odbicia wstecznego dla lepszej integralno\u015bci sygna\u0142u<\/li>\n<li>Stabilne mo\u017cliwo\u015bci i wysoka niezawodno\u015b\u0107 zapewniaj\u0105ce d\u0142ugotrwa\u0142\u0105 wydajno\u015b\u0107<\/li>\n<li>Doskona\u0142e w\u0142a\u015bciwo\u015bci mechaniczne zapewniaj\u0105ce trwa\u0142o\u015b\u0107 i elastyczno\u015b\u0107<\/li>\n<li>Raport z test\u00f3w dla kompleksowego zapewnienia jako\u015bci<\/li>\n<\/ul>\n<h2 style=\"text-align: left; font-size: 18px;\"><strong>Zastosowania wielomodowych dupleksowych kabli \u015bwiat\u0142owodowych LC SC<\/strong><\/h2>\n<ul>\n<li>Telekomunikacja<\/li>\n<li>Datacom (centra danych)<\/li>\n<li>\u0141\u0105czno\u015b\u0107 nadajnika-odbiornika<\/li>\n<\/ul>\n<h2 style=\"text-align: left; font-size: 18px;\"><strong>Szukasz wi\u0119cej opcji kabli \u015bwiat\u0142owodowych?<\/strong><\/h2>\n<p>Potrzebujesz wi\u0119cej opcji kabli \u015bwiat\u0142owodowych? Zapoznaj si\u0119 z nasz\u0105 ofert\u0105 <span style=\"color: #0054a6;\"><strong><a style=\"color: #0054a6;\" href=\"https:\/\/www.bonelinks.com\/pl\/lc-fibre-patch-leads\/\" target=\"_blank\" rel=\"noopener\">Kable krosowe \u015bwiat\u0142owodowe LC,<\/a> <\/strong><br \/>\n<\/span><a title=\"Kable \u015bwiat\u0142owodowe SC\" href=\"https:\/\/www.bonelinks.com\/pl\/sc-fibre-patch-leads\/\" target=\"_blank\" rel=\"noopener\"><strong><span style=\"color: #0054a6;\">Kable krosowe \u015bwiat\u0142owodowe SC,<\/span><\/strong> <\/a><strong><span style=\"color: #0054a6;\"><a style=\"color: #0054a6;\" href=\"https:\/\/www.bonelinks.com\/pl\/lc-to-sc-fiber-cables\/\" target=\"_blank\" rel=\"noopener\">Kable krosowe \u015bwiat\u0142owodowe SC LC,<\/a><\/span> <span style=\"color: #0054a6;\"><a style=\"color: #0054a6;\" href=\"https:\/\/www.bonelinks.com\/pl\/multimode-fibre-patch-leads\/\" target=\"_blank\" rel=\"noopener\">Kable \u015bwiat\u0142owodowe wielomodowe<\/a> <\/span><\/strong>zapewniaj\u0105ce p\u0142ynn\u0105 prac\u0119 w sieci.<\/p>\n<p>Szukasz niestandardowych i specjalnie zaprojektowanych kabli \u015bwiat\u0142owodowych? Zapoznaj si\u0119 z nasz\u0105 dedykowan\u0105 sekcj\u0105<a href=\"https:\/\/www.bonelinks.com\/pl\/custom-fiber-optic-cables\/\" target=\"_blank\" rel=\"noopener\"><span style=\"color: #0054a6;\"><strong> Niestandardowe kable \u015bwiat\u0142owodowe <\/strong><\/span><\/a>w celu uzyskania dopasowanych rozwi\u0105za\u0144 w zakresie \u0142\u0105czno\u015bci.<\/p>\n<ul>\n<li>Sprzeda\u017c detaliczna lub hurtowa &#8211; mamy wszystko pod kontrol\u0105!<\/li>\n<li>Nie wiesz co kupi\u0107? Oferujemy porady ekspert\u00f3w.<\/li>\n<li>Ma\u0142e MOQ: Nie musisz kupowa\u0107 wi\u0119cej ni\u017c chcesz.<\/li>\n<li>Konkurencyjne ceny: Uzyskaj \u015bwietn\u0105 warto\u015b\u0107 za ka\u017cdym razem.<\/li>\n<li>Szybka dostawa: Twoja szybko\u015b\u0107, nasz priorytet.<\/li>\n<li>Zorientowanie na klienta: Dostosowujemy nasze us\u0142ugi do Twoich potrzeb.<\/li>\n<\/ul>\n<p><strong>Po\u0142\u0105cz si\u0119 z nami!<\/strong><br \/>\nJe\u015bli masz problem ze znalezieniem odpowiedniego <span style=\"color: #0054a6;\"><strong><a style=\"color: #0054a6;\" href=\"https:\/\/www.bonelinks.com\/pl\/fiber-optic-patch-cord-supplier\/\" target=\"_blank\" rel=\"noopener\">\u015bwiat\u0142owodowego kabla krosowego <\/a><\/strong><\/span>do swoich potrzeb lub potrzebujesz porady eksperta, wystarczy jedno klikni\u0119cie i mo\u017cesz<a href=\"https:\/\/www.bonelinks.com\/pl\/contact-us\/\" target=\"_blank\" rel=\"noopener\"><strong><span style=\"color: #0054a6;\"> porozmawia\u0107 z nami <\/span><\/strong><\/a>w kilka sekund. Twoje zadowolenie jest naszym priorytetem. Jeste\u015bmy gotowi pom\u00f3c Ci pod ka\u017cdym wzgl\u0119dem. <strong>Nie martw si\u0119, nadmierne my\u015blenie nie jest wymagane. Jeste\u015bmy tutaj, gotowi do pomocy.<\/strong><\/p>\n","protected":false},"excerpt":{"rendered":"<p>Nasze wysokiej jako\u015bci kable \u015bwiat\u0142owodowe LC SC Multimode Duplex Fibre Patch Leads posiadaj\u0105 zewn\u0119trzne os\u0142ony OFNR\/LSZH\/PVC i s\u0105 dost\u0119pne w wersjach 62,5\/125 (OM1), 50\/125 (OM2), Enhanced 50\/125 (OM3) i 50\/125 (OM4). Te dupleksowe kable krosowe, idealne do stela\u017cy w centrach danych i po\u0142\u0105cze\u0144 sieciowych, zapewniaj\u0105 zoptymalizowan\u0105 wydajno\u015b\u0107 Gigabit i 10 Gb\/s.<\/p>\n<ul>\n<li>Funkcja Zip Cord zapewnia wi\u0119ksz\u0105 niezawodno\u015b\u0107 i maksymaln\u0105 wydajno\u015b\u0107<\/li>\n<li>Z\u0142\u0105cza LC-SC zapewniaj\u0105ce bezproblemow\u0105 kompatybilno\u015b\u0107<\/li>\n<li>Dost\u0119pne w wersjach OM1, OM2, OM3 i OM4 Multimode o r\u00f3\u017cnych d\u0142ugo\u015bciach.<\/li>\n<li>Raport z test\u00f3w dla zapewnienia jako\u015bci<\/li>\n<\/ul>\n","protected":false},"featured_media":16467,"template":"","meta":{"site-sidebar-layout":"default","site-content-layout":"default","ast-site-content-layout":"default","site-content-style":"default","site-sidebar-style":"default","ast-global-header-display":"","ast-banner-title-visibility":"","ast-main-header-display":"","ast-hfb-above-header-display":"","ast-hfb-below-header-display":"","ast-hfb-mobile-header-display":"","site-post-title":"","ast-breadcrumbs-content":"","ast-featured-img":"","footer-sml-layout":"","ast-disable-related-posts":"","theme-transparent-header-meta":"default","adv-header-id-meta":"","stick-header-meta":"default","header-above-stick-meta":"","header-main-stick-meta":"","header-below-stick-meta":"","astra-migrate-meta-layouts":"set","ast-page-background-enabled":"default","ast-page-background-meta":{"desktop":{"background-color":"","background-image":"","background-repeat":"repeat","background-position":"center center","background-size":"auto","background-attachment":"scroll","background-type":"","background-media":"","overlay-type":"","overlay-color":"","overlay-opacity":"","overlay-gradient":""},"tablet":{"background-color":"","background-image":"","background-repeat":"repeat","background-position":"center center","background-size":"auto","background-attachment":"scroll","background-type":"","background-media":"","overlay-type":"","overlay-color":"","overlay-opacity":"","overlay-gradient":""},"mobile":{"background-color":"","background-image":"","background-repeat":"repeat","background-position":"center center","background-size":"auto","background-attachment":"scroll","background-type":"","background-media":"","overlay-type":"","overlay-color":"","overlay-opacity":"","overlay-gradient":""}},"ast-content-background-meta":{"desktop":{"background-color":"var(--ast-global-color-5)","background-image":"","background-repeat":"repeat","background-position":"center center","background-size":"auto","background-attachment":"scroll","background-type":"","background-media":"","overlay-type":"","overlay-color":"","overlay-opacity":"","overlay-gradient":""},"tablet":{"background-color":"var(--ast-global-color-5)","background-image":"","background-repeat":"repeat","background-position":"center center","background-size":"auto","background-attachment":"scroll","background-type":"","background-media":"","overlay-type":"","overlay-color":"","overlay-opacity":"","overlay-gradient":""},"mobile":{"background-color":"var(--ast-global-color-5)","background-image":"","background-repeat":"repeat","background-position":"center center","background-size":"auto","background-attachment":"scroll","background-type":"","background-media":"","overlay-type":"","overlay-color":"","overlay-opacity":"","overlay-gradient":""}}},"product_brand":[],"product_cat":[236,243,269,238],"product_tag":[],"class_list":{"0":"post-21341","1":"product","2":"type-product","3":"status-publish","4":"has-post-thumbnail","6":"product_cat-fiber-patch-cord-pl","7":"product_cat-lc-fiber-patch-cord-pl","8":"product_cat-sc-fiber-patch-cord-pl-2","9":"product_cat-multimode-fiber-patch-cord-pl","10":"pa_connector-type-lc-sc-pl","11":"pa_fiber-type-wielomodowy","12":"desktop-align-left","13":"tablet-align-left","14":"mobile-align-left","15":"ast-product-gallery-layout-vertical","16":"ast-product-gallery-with-no-image","17":"ast-product-tabs-layout-vertical","18":"ast-qv-on-image","20":"first","21":"instock","22":"shipping-taxable","23":"product-type-simple"},"_links":{"self":[{"href":"https:\/\/www.bonelinks.com\/pl\/wp-json\/wp\/v2\/product\/21341","targetHints":{"allow":["GET"]}}],"collection":[{"href":"https:\/\/www.bonelinks.com\/pl\/wp-json\/wp\/v2\/product"}],"about":[{"href":"https:\/\/www.bonelinks.com\/pl\/wp-json\/wp\/v2\/types\/product"}],"version-history":[{"count":3,"href":"https:\/\/www.bonelinks.com\/pl\/wp-json\/wp\/v2\/product\/21341\/revisions"}],"predecessor-version":[{"id":25842,"href":"https:\/\/www.bonelinks.com\/pl\/wp-json\/wp\/v2\/product\/21341\/revisions\/25842"}],"wp:featuredmedia":[{"embeddable":true,"href":"https:\/\/www.bonelinks.com\/pl\/wp-json\/wp\/v2\/media\/16467"}],"wp:attachment":[{"href":"https:\/\/www.bonelinks.com\/pl\/wp-json\/wp\/v2\/media?parent=21341"}],"wp:term":[{"taxonomy":"product_brand","embeddable":true,"href":"https:\/\/www.bonelinks.com\/pl\/wp-json\/wp\/v2\/product_brand?post=21341"},{"taxonomy":"product_cat","embeddable":true,"href":"https:\/\/www.bonelinks.com\/pl\/wp-json\/wp\/v2\/product_cat?post=21341"},{"taxonomy":"product_tag","embeddable":true,"href":"https:\/\/www.bonelinks.com\/pl\/wp-json\/wp\/v2\/product_tag?post=21341"}],"curies":[{"name":"wp","href":"https:\/\/api.w.org\/{rel}","templated":true}]}}