{"id":21340,"date":"2023-07-03T19:06:08","date_gmt":"2023-07-04T03:06:08","guid":{"rendered":"https:\/\/www.bonelinks.com\/product\/wielomodowe-podwojne-kable-swiatlowodowe-sc-sc\/"},"modified":"2024-02-08T18:32:29","modified_gmt":"2024-02-09T02:32:29","slug":"sc-sc-multimode-duplex-fibre-patch-leads","status":"publish","type":"product","link":"https:\/\/www.bonelinks.com\/pl\/product\/sc-sc-multimode-duplex-fibre-patch-leads\/","title":{"rendered":"Wielomodowe podw\u00f3jne kable \u015bwiat\u0142owodowe SC SC"},"content":{"rendered":"<h1 style=\"text-align: left; font-size: 18px;\"><strong>Wielomodowe, dupleksowe \u015bwiat\u0142owodowe przewody krosowe SC dla przysz\u0142o\u015bciowych wymaga\u0144 przepustowo\u015bci<\/strong><\/h1>\n<p>Stale rosn\u0105ce zapotrzebowanie na przepustowo\u015b\u0107 stanowi wyzwanie dla nowoczesnych sieci lokalnych (LAN). Bonelinks rozwi\u0105zuje ten problem za pomoc\u0105 wielomodowych kabli \u015bwiat\u0142owodowych SC SC Duplex Fibre Patch Leads. Te kable krosowe s\u0105 wyposa\u017cone w z\u0142\u0105cza SC na obu ko\u0144cach, u\u0142atwiaj\u0105c po\u0142\u0105czenia o wysokiej przepustowo\u015bci mi\u0119dzy \u015bwiat\u0142owodowymi urz\u0105dzeniami sieciowymi. Zapewniaj\u0105c minimalne straty \u015bwiat\u0142a, te dupleksowe kable \u015bwiat\u0142owodowe s\u0105 idealne do zasilania transceiver\u00f3w 100\/1000BASE-SX, szybkich sieci ethernet, gigabitowych sieci ethernet i aplikacji \u015bwiat\u0142owodowych.<\/p>\n<p>Ka\u017cdy zesp\u00f3\u0142 kabla krosowego jest starannie wykonany z wysokiej jako\u015bci w\u0142\u00f3kien i ceramicznych z\u0142\u0105czy ferrulowych, polerowanych maszynowo w celu uzyskania maksymalnej wydajno\u015bci. Nasze wielomodowe kable \u015bwiat\u0142owodowe SC-SC posiadaj\u0105 zewn\u0119trzn\u0105 os\u0142on\u0119 wykonan\u0105 z PVC\/LSZH\/OFNR. Do wyboru s\u0105 kable klasy 62,5\/125 (OM1), 50\/125 (OM2), Enhanced 50\/125 (OM3) i 50\/125 (OM4).<\/p>\n<table width=\"1104\">\n<tbody>\n<tr>\n<td width=\"160\"><strong>Typy wielomodowych kabli \u015bwiat\u0142owodowych SC SC Duplex<\/strong><\/td>\n<td width=\"131\"><strong>\u015arednica<\/strong><\/td>\n<td width=\"121\"><strong>Kolor kurtki<\/strong><\/td>\n<td width=\"127\"><strong>\u0179r\u00f3d\u0142o optyczne<\/strong><\/td>\n<td width=\"143\"><strong>Przepustowo\u015b\u0107<\/strong><\/td>\n<td width=\"134\"><strong>Fast Ethernet<\/strong><\/td>\n<td width=\"72\"><strong>1GbE<\/strong><\/td>\n<td width=\"72\"><strong>10GbE<\/strong><\/td>\n<td width=\"72\"><strong>40GbE<\/strong><\/td>\n<td width=\"72\"><strong>100GbE<\/strong><\/td>\n<\/tr>\n<tr>\n<td width=\"160\">OM1<\/td>\n<td width=\"131\">62,5\/125 \u00b5m<\/td>\n<td width=\"121\">Pomara\u0144czowy<\/td>\n<td width=\"127\">LED<\/td>\n<td width=\"143\">200MHz*km<\/td>\n<td width=\"134\">2000m<\/td>\n<td width=\"72\">275m<\/td>\n<td width=\"72\">33m<\/td>\n<td width=\"72\">\/<\/td>\n<td width=\"72\">\/<\/td>\n<\/tr>\n<tr>\n<td width=\"160\">OM2<\/td>\n<td width=\"131\">50\/125\u00b5m<\/td>\n<td width=\"121\">Pomara\u0144czowy<\/td>\n<td width=\"127\">LED<\/td>\n<td width=\"143\">500MHz*km<\/td>\n<td width=\"134\">2000m<\/td>\n<td width=\"72\">550m<\/td>\n<td width=\"72\">82m<\/td>\n<td width=\"72\">\/<\/td>\n<td width=\"72\">\/<\/td>\n<\/tr>\n<tr>\n<td width=\"160\">OM3<\/td>\n<td width=\"131\">50\/125\u00b5m<\/td>\n<td width=\"121\">Aqua<\/td>\n<td width=\"127\">VSCEL<\/td>\n<td width=\"143\">2000MHz*km<\/td>\n<td width=\"134\">2000m<\/td>\n<td width=\"72\">\/<\/td>\n<td width=\"72\">300m<\/td>\n<td width=\"72\">100m<\/td>\n<td width=\"72\">70m<\/td>\n<\/tr>\n<tr>\n<td width=\"160\">OM4<\/td>\n<td width=\"131\">50\/125\u00b5m<\/td>\n<td width=\"121\">Fioletowy<\/td>\n<td width=\"127\">VSCEL<\/td>\n<td width=\"143\">4700MHz*km<\/td>\n<td width=\"134\">2000m<\/td>\n<td width=\"72\">\/<\/td>\n<td width=\"72\">550m<\/td>\n<td width=\"72\">150m<\/td>\n<td width=\"72\">150m<\/td>\n<\/tr>\n<\/tbody>\n<\/table>\n<p>Aby zagwarantowa\u0107 optymaln\u0105 wydajno\u015b\u0107, ka\u017cdy wielomodowy \u015bwiat\u0142owodowy kabel dupleksowy jest indywidualnie testowany i certyfikowany pod k\u0105tem zgodno\u015bci z dopuszczalnymi limitami strat wtr\u0105ceniowych. Zapewnia to kompatybilno\u015b\u0107 i 100% niezawodno\u015b\u0107. Dzi\u0119ki niemal nieograniczonej przepustowo\u015bci, wielomodowy dupleksowy kabel \u015bwiat\u0142owodowy Bonelinks stanowi doskona\u0142e rozwi\u0105zanie, kt\u00f3re mo\u017ce sprosta\u0107 i wspiera\u0107 stale rosn\u0105ce wymagania technologiczne w przysz\u0142o\u015bci.<\/p>\n<h2 style=\"text-align: left; font-size: 18px;\"><strong>Najlepiej sprzedaj\u0105ce si\u0119 wielomodowe kable \u015bwiat\u0142owodowe SC SC Duplex w Bonelinks<\/strong><\/h2>\n<table>\n<tbody>\n<tr>\n<th class=\"header\">Wielomodowe podw\u00f3jne kable \u015bwiat\u0142owodowe SC SC<\/th>\n<th class=\"header\">OM2 \u015awiat\u0142ow\u00f3d SC do SC<\/th>\n<th class=\"header\">OM3 \u015awiat\u0142ow\u00f3d SC do SC<\/th>\n<th class=\"header\">OM4 \u015awiat\u0142ow\u00f3d SC do SC<\/th>\n<\/tr>\n<tr>\n<td>Liczba w\u0142\u00f3kien<\/td>\n<td>Dupleks<\/td>\n<td>Dupleks<\/td>\n<td>Dupleks<\/td>\n<\/tr>\n<tr>\n<td>Tryb \u015bwiat\u0142owodowy<\/td>\n<td>Wielomodowy<\/td>\n<td>Wielomodowy<\/td>\n<td>Wielomodowy<\/td>\n<\/tr>\n<tr>\n<td>Szybko\u015b\u0107 transmisji danych<\/td>\n<td>1G\/10GB<\/td>\n<td>10G\/40G\/100GB<\/td>\n<td>10G\/40G\/100GB<\/td>\n<\/tr>\n<tr>\n<td>Z\u0142\u0105cze<\/td>\n<td>SC UPC do SC UPC<\/td>\n<td>SC UPC do SC UPC<\/td>\n<td>SC UPC do SC UPC<\/td>\n<\/tr>\n<tr>\n<td>Strata wtr\u0105ceniowa<\/td>\n<td>\u22640,3dB<\/td>\n<td>\u22640,3dB<\/td>\n<td>\u22640,3dB<\/td>\n<\/tr>\n<tr>\n<td>Straty odbiciowe<\/td>\n<td>\u226530dB<\/td>\n<td>\u226530dB<\/td>\n<td>\u226530dB<\/td>\n<\/tr>\n<tr>\n<td>D\u0142ugo\u015b\u0107<\/td>\n<td>1m, 2m, 3m, 5m, 10m lub niestandardowe<\/td>\n<td>1m, 2m, 3m, 5m, 10m lub niestandardowe<\/td>\n<td>1m, 2m, 3m, 5m, 10m lub niestandardowe<\/td>\n<\/tr>\n<tr>\n<td>Kurtka<\/td>\n<td>LSZH, OFNR, PVC<\/td>\n<td>LSZH, OFNR, PVC<\/td>\n<td>LSZH, OFNR, PVC<\/td>\n<\/tr>\n<\/tbody>\n<\/table>\n<h2 style=\"text-align: left; font-size: 18px;\"><strong>Cechy wielomodowych dupleksowych \u015bwiat\u0142owodowych przewod\u00f3w krosowych SC SC<\/strong><\/h2>\n<ul>\n<li>Z\u0142\u0105cze typu SC na SC z polerowanym w\u0142\u00f3knem Ultra Physical Contact (UPC) dla optymalnej wydajno\u015bci<\/li>\n<li>Z\u0142\u0105cza dupleksowe zapewniaj\u0105 dwa w\u0142\u00f3kna do jednoczesnego przesy\u0142ania i odbierania danych<\/li>\n<li>Konstrukcja Zip Cord zapewnia wi\u0119ksz\u0105 niezawodno\u015b\u0107 i maksymaln\u0105 produktywno\u015b\u0107<\/li>\n<li>Oferowane w wariantach wielomodowych OM1, OM2, OM3 i OM4, spe\u0142niaj\u0105cych r\u00f3\u017cne wymagania sieciowe.<\/li>\n<li>Ka\u017cdy patch lead przed wysy\u0142k\u0105 przechodzi dok\u0142adn\u0105 kontrol\u0119 w\u0142a\u015bciwo\u015bci optycznych, zapewniaj\u0105c najwy\u017csz\u0105 wydajno\u015b\u0107<\/li>\n<\/ul>\n<h2 style=\"text-align: left; font-size: 18px;\"><strong>Zastosowania wielomodowych dupleksowych \u015bwiat\u0142owodowych przewod\u00f3w krosowych SC SC<\/strong><\/h2>\n<ul>\n<li>Sieci d\u0142ugodystansowe<\/li>\n<li>Telekomunikacja\/komunikacja danych<\/li>\n<li>Systemy szerokopasmowe<\/li>\n<li>Aplikacje danych<\/li>\n<\/ul>\n<h2 style=\"text-align: left; font-size: 18px;\"><strong>Szukasz wi\u0119cej opcji kabli \u015bwiat\u0142owodowych?<\/strong><\/h2>\n<p>Potrzebujesz wi\u0119cej opcji kabli \u015bwiat\u0142owodowych? Zapoznaj si\u0119 z nasz\u0105 ofert\u0105 <a title=\"Kable \u015bwiat\u0142owodowe SC\" href=\"https:\/\/www.bonelinks.com\/pl\/sc-fibre-patch-leads\/\" target=\"_blank\" rel=\"noopener\"><strong><span style=\"color: #0054a6;\">Kable \u015bwiat\u0142owodowe SC, <\/span><\/strong><\/a><strong><span style=\"color: #0054a6;\"><a style=\"color: #0054a6;\" href=\"https:\/\/www.bonelinks.com\/pl\/multimode-fibre-patch-leads\/\" target=\"_blank\" rel=\"noopener\">Kable \u015bwiat\u0142owodowe wielomodowe <\/a><\/span><\/strong>dla bezproblemowej pracy w sieci.<\/p>\n<p>Szukasz niestandardowych i specjalnie zaprojektowanych kabli \u015bwiat\u0142owodowych? Zapoznaj si\u0119 z nasz\u0105 dedykowan\u0105 sekcj\u0105<a href=\"https:\/\/www.bonelinks.com\/pl\/custom-fiber-optic-cables\/\" target=\"_blank\" rel=\"noopener\"><span style=\"color: #0054a6;\"><strong> Niestandardowe kable \u015bwiat\u0142owodowe <\/strong><\/span><\/a>w celu uzyskania dopasowanych rozwi\u0105za\u0144 w zakresie \u0142\u0105czno\u015bci.<\/p>\n<ul>\n<li>Sprzeda\u017c detaliczna lub hurtowa &#8211; mamy wszystko pod kontrol\u0105!<\/li>\n<li>Nie wiesz co kupi\u0107? Oferujemy porady ekspert\u00f3w.<\/li>\n<li>Ma\u0142e MOQ: Nie musisz kupowa\u0107 wi\u0119cej ni\u017c chcesz.<\/li>\n<li>Konkurencyjne ceny: Uzyskaj \u015bwietn\u0105 warto\u015b\u0107 za ka\u017cdym razem.<\/li>\n<li>Szybka dostawa: Twoja szybko\u015b\u0107, nasz priorytet.<\/li>\n<li>Zorientowanie na klienta: Dostosowujemy nasze us\u0142ugi do Twoich potrzeb.<\/li>\n<\/ul>\n<p><strong>Po\u0142\u0105cz si\u0119 z nami!<\/strong><br \/>\nJe\u015bli masz problem ze znalezieniem odpowiedniego <span style=\"color: #0054a6;\"><strong><a style=\"color: #0054a6;\" href=\"https:\/\/www.bonelinks.com\/pl\/fiber-optic-patch-cord-supplier\/\" target=\"_blank\" rel=\"noopener\">\u015bwiat\u0142owodowego kabla krosowego <\/a><\/strong><\/span>do swoich potrzeb lub potrzebujesz porady eksperta, wystarczy jedno klikni\u0119cie i mo\u017cesz<a href=\"https:\/\/www.bonelinks.com\/pl\/contact-us\/\" target=\"_blank\" rel=\"noopener\"><strong><span style=\"color: #0054a6;\"> porozmawia\u0107 z nami <\/span><\/strong><\/a>w kilka sekund. Twoje zadowolenie jest naszym priorytetem. Jeste\u015bmy gotowi pom\u00f3c Ci pod ka\u017cdym wzgl\u0119dem. <strong>Nie martw si\u0119, nadmierne my\u015blenie nie jest wymagane. Jeste\u015bmy tutaj, gotowi do pomocy.<\/strong><\/p>\n","protected":false},"excerpt":{"rendered":"<p>Wielomodowe kable \u015bwiat\u0142owodowe SC SC Duplex Fibre Patch Leads zapewniaj\u0105 szybk\u0105 \u0142\u0105czno\u015b\u0107 dla \u015bwiat\u0142owodowych urz\u0105dze\u0144 sieciowych, zapewniaj\u0105c minimalne straty \u015bwiat\u0142a i oferuj\u0105c wiele opcji kabli.<\/p>\n<ul>\n<li>Dost\u0119pne w wersjach OM1, OM2, OM3 i OM4 Multimode w r\u00f3\u017cnych d\u0142ugo\u015bciach<\/li>\n<li>Pe\u0142na kompatybilno\u015b\u0107 z urz\u0105dzeniami sieciowymi zapewnia p\u0142ynn\u0105 integracj\u0119<\/li>\n<li>100% kontrola w\u0142a\u015bciwo\u015bci optycznych przed wysy\u0142k\u0105<\/li>\n<\/ul>\n","protected":false},"featured_media":17822,"template":"","meta":{"site-sidebar-layout":"default","site-content-layout":"default","ast-site-content-layout":"default","site-content-style":"default","site-sidebar-style":"default","ast-global-header-display":"","ast-banner-title-visibility":"","ast-main-header-display":"","ast-hfb-above-header-display":"","ast-hfb-below-header-display":"","ast-hfb-mobile-header-display":"","site-post-title":"","ast-breadcrumbs-content":"","ast-featured-img":"","footer-sml-layout":"","ast-disable-related-posts":"","theme-transparent-header-meta":"default","adv-header-id-meta":"","stick-header-meta":"default","header-above-stick-meta":"","header-main-stick-meta":"","header-below-stick-meta":"","astra-migrate-meta-layouts":"set","ast-page-background-enabled":"default","ast-page-background-meta":{"desktop":{"background-color":"","background-image":"","background-repeat":"repeat","background-position":"center center","background-size":"auto","background-attachment":"scroll","background-type":"","background-media":"","overlay-type":"","overlay-color":"","overlay-opacity":"","overlay-gradient":""},"tablet":{"background-color":"","background-image":"","background-repeat":"repeat","background-position":"center center","background-size":"auto","background-attachment":"scroll","background-type":"","background-media":"","overlay-type":"","overlay-color":"","overlay-opacity":"","overlay-gradient":""},"mobile":{"background-color":"","background-image":"","background-repeat":"repeat","background-position":"center center","background-size":"auto","background-attachment":"scroll","background-type":"","background-media":"","overlay-type":"","overlay-color":"","overlay-opacity":"","overlay-gradient":""}},"ast-content-background-meta":{"desktop":{"background-color":"var(--ast-global-color-5)","background-image":"","background-repeat":"repeat","background-position":"center center","background-size":"auto","background-attachment":"scroll","background-type":"","background-media":"","overlay-type":"","overlay-color":"","overlay-opacity":"","overlay-gradient":""},"tablet":{"background-color":"var(--ast-global-color-5)","background-image":"","background-repeat":"repeat","background-position":"center center","background-size":"auto","background-attachment":"scroll","background-type":"","background-media":"","overlay-type":"","overlay-color":"","overlay-opacity":"","overlay-gradient":""},"mobile":{"background-color":"var(--ast-global-color-5)","background-image":"","background-repeat":"repeat","background-position":"center center","background-size":"auto","background-attachment":"scroll","background-type":"","background-media":"","overlay-type":"","overlay-color":"","overlay-opacity":"","overlay-gradient":""}}},"product_brand":[],"product_cat":[236,269,238],"product_tag":[],"class_list":{"0":"post-21340","1":"product","2":"type-product","3":"status-publish","4":"has-post-thumbnail","6":"product_cat-fiber-patch-cord-pl","7":"product_cat-sc-fiber-patch-cord-pl-2","8":"product_cat-multimode-fiber-patch-cord-pl","9":"pa_connector-type-sc-sc-pl","10":"pa_fiber-type-wielomodowy","11":"desktop-align-left","12":"tablet-align-left","13":"mobile-align-left","14":"ast-product-gallery-layout-vertical","15":"ast-product-gallery-with-no-image","16":"ast-product-tabs-layout-vertical","17":"ast-qv-on-image","19":"first","20":"instock","21":"shipping-taxable","22":"product-type-simple"},"_links":{"self":[{"href":"https:\/\/www.bonelinks.com\/pl\/wp-json\/wp\/v2\/product\/21340","targetHints":{"allow":["GET"]}}],"collection":[{"href":"https:\/\/www.bonelinks.com\/pl\/wp-json\/wp\/v2\/product"}],"about":[{"href":"https:\/\/www.bonelinks.com\/pl\/wp-json\/wp\/v2\/types\/product"}],"version-history":[{"count":3,"href":"https:\/\/www.bonelinks.com\/pl\/wp-json\/wp\/v2\/product\/21340\/revisions"}],"predecessor-version":[{"id":25840,"href":"https:\/\/www.bonelinks.com\/pl\/wp-json\/wp\/v2\/product\/21340\/revisions\/25840"}],"wp:featuredmedia":[{"embeddable":true,"href":"https:\/\/www.bonelinks.com\/pl\/wp-json\/wp\/v2\/media\/17822"}],"wp:attachment":[{"href":"https:\/\/www.bonelinks.com\/pl\/wp-json\/wp\/v2\/media?parent=21340"}],"wp:term":[{"taxonomy":"product_brand","embeddable":true,"href":"https:\/\/www.bonelinks.com\/pl\/wp-json\/wp\/v2\/product_brand?post=21340"},{"taxonomy":"product_cat","embeddable":true,"href":"https:\/\/www.bonelinks.com\/pl\/wp-json\/wp\/v2\/product_cat?post=21340"},{"taxonomy":"product_tag","embeddable":true,"href":"https:\/\/www.bonelinks.com\/pl\/wp-json\/wp\/v2\/product_tag?post=21340"}],"curies":[{"name":"wp","href":"https:\/\/api.w.org\/{rel}","templated":true}]}}